{"id":14905,"date":"2023-12-08T11:16:30","date_gmt":"2023-12-08T10:16:30","guid":{"rendered":"https:\/\/b37i6suw.myrdbx.io\/?page_id=14905"},"modified":"2026-02-02T14:10:21","modified_gmt":"2026-02-02T13:10:21","slug":"verhaltenskodex-bansbach-easylift-gmbh","status":"publish","type":"page","link":"https:\/\/www.bansbach.com\/de\/unternehmen\/umwelt-und-nachhaltigkeit\/verhaltenskodex-bansbach-easylift-gmbh\/","title":{"rendered":"Verhaltenskodex Bansbach easylift GmbH"},"content":{"rendered":"\n<div class=\"wp-block-trk17-bansbach-theme-common-columns\"><div class=\"container sm:flex sm:justify-between relative\">\n<div class=\"sm:w-[calc(25%-30px)]\"><div class=\"mx-[-15px] w-[calc(100%+30px)]\"><\/div><\/div>\n\n\n\n<div class=\"sm:w-[calc(50%-30px)]\"><div class=\"mx-[-15px] w-[calc(100%+30px)]\">\n<div class=\"wp-block-trk17-bansbach-theme-common-text\"><div class=\"container py-[10px] md:py-[15px] text-dark\"><h2  class=\"md:pb-[10px] text-h5 small-headline uppercase text-blue value-smallHeadline\">Verhaltenskodex<\/h2><div  class=\"headline headline font-bold text-h2 mb-[30px] value-headline\">Bansbach easylift GmbH<\/div><div class=\"text-block-content md:pb-[20px]\"><\/div><div class=\"flex flex-wrap\"><\/div><\/div><\/div>\n\n\n\n<div class=\"wp-block-trk17-bansbach-theme-common-text\"><div class=\"container py-[10px] md:py-[15px] text-dark\"><div  class=\"headline headline font-bold text-h4 mb-[7px] value-headline\"><strong>Pr\u00e4ambel<\/strong> <\/div><div class=\"text-block-content md:pb-[20px]\">\n<p>Bansbach easylift entwickelt und produziert seit mehr als 50 Jahren Gasdruckfedern unterschiedlichster Art. Als international agierendes Familienunternehmen genie\u00dfen wir weltweit einen sehr guten Ruf, welcher nicht nur auf die hohe Qualit\u00e4t unserer Produkte oder auf unsere Innovationskraft, sondern auch auf den Umgang mit unseren Kunden, Gesch\u00e4ftspartnern und Mitarbeitern zur\u00fcckzuf\u00fchren ist. Wir legen h\u00f6chsten Wert auf Integrit\u00e4t, Ehrlichkeit, ethisch einwandfreies und faires Verhalten sowie die Einhaltung der geltenden Gesetze.<\/p><p><\/p>\n<\/div><div class=\"flex flex-wrap\"><\/div><\/div><\/div>\n\n\n\n<div class=\"wp-block-trk17-bansbach-theme-common-text\"><div class=\"container py-[10px] md:py-[15px] text-dark\"><div  class=\"headline headline font-bold text-h4 mb-[7px] value-headline\"><strong>1. Unternehmensethik<\/strong><br><strong>1.1 Allgemeine Hinweise<\/strong><\/div><div class=\"text-block-content md:pb-[20px]\">\n<p>Wir respektieren die Gesetze und Vorschriften der L\u00e4nder, in denen wir t\u00e4tig sind und erwarten von unseren Gesch\u00e4ftspartnern dasselbe. Korruption wird von Bansbach easylift GmbH in keiner Form toleriert. Das gilt insbesondere f\u00fcr Bestechung, Interessenkonflikte, Betrug, Erpressung, Veruntreuung und rechtswidrige Provisionen.<\/p><p><\/p>\n<\/div><div class=\"flex flex-wrap\"><\/div><\/div><\/div>\n\n\n\n<div class=\"wp-block-trk17-bansbach-theme-common-text\"><div class=\"container py-[10px] md:py-[15px] text-dark\"><div  class=\"headline headline font-bold text-h4 mb-[7px] value-headline\"><strong>1.2 Kartell- und Wettbewerbsrecht<\/strong><\/div><div class=\"text-block-content md:pb-[20px]\">\n<p>Geltende wettbewerbs- und kartellrechtlichen Gesetze und Vorschriften werden befolgt.<\/p><p><\/p>\n<\/div><div class=\"flex flex-wrap\"><\/div><\/div><\/div>\n\n\n\n<div class=\"wp-block-trk17-bansbach-theme-common-text\"><div class=\"container py-[10px] md:py-[15px] text-dark\"><div  class=\"headline headline font-bold text-h4 mb-[7px] value-headline\"><strong>2. Menschenrechte und soziale Verantwortung<\/strong><br><strong>2.1 Kinderarbeit und Zwangsarbeit<\/strong><\/div><div class=\"text-block-content md:pb-[20px]\">\n<p>Bansbach easylift GmbH erkennt das Recht eines jeden Kindes auf Schutz vor wirtschaftlicher Ausbeutung und vor T\u00e4tigkeiten an, die seine k\u00f6rperliche, geistige oder seelische Gesundheit gef\u00e4hrden, seine moralische oder soziale Entwicklung beeintr\u00e4chtigen oder die Bildung bzw. Ausbildung behindern k\u00f6nnen. Bansbach easylift GmbH toleriert keine Kinderarbeit und keine Form der Zwangsarbeit und verlangt dies auch von seinen Gesch\u00e4ftspartnern.<\/p><p><\/p>\n<\/div><div class=\"flex flex-wrap\"><\/div><\/div><\/div>\n\n\n\n<div class=\"wp-block-trk17-bansbach-theme-common-text\"><div class=\"container py-[10px] md:py-[15px] text-dark\"><div  class=\"headline headline font-bold text-h4 mb-[7px] value-headline\"><strong>2.3 Arbeitsvertr\u00e4ge, Arbeitszeiten und Verg\u00fctung<\/strong><\/div><div class=\"text-block-content md:pb-[20px]\">\n<p>In Bezug auf Arbeitsvertr\u00e4ge und Arbeitszeiten einschlie\u00dflich \u00dcberstunden und \u00dcberstundenverg\u00fctung befolgen wir die lokalen Gesetze und Vorschriften. L\u00f6hne und Geh\u00e4lter werden regelm\u00e4\u00dfig ausgezahlt und entsprechen den geltenden Gesetzen sowie den markt\u00fcblichen Gegebenheiten. Besch\u00e4ftigte haben das Recht auf mindestens einen freien Tag alle sieben Tage sowie auf arbeitsfreie nationale und lokale Feiertage, sofern diese allgemein anerkannt sind.<\/p><p><\/p>\n<\/div><div class=\"flex flex-wrap\"><\/div><\/div><\/div>\n\n\n\n<div class=\"wp-block-trk17-bansbach-theme-common-text\"><div class=\"container py-[10px] md:py-[15px] text-dark\"><div  class=\"headline headline font-bold text-h4 mb-[7px] value-headline\"><strong>2.4 Diskriminierung, Bel\u00e4stigung und Vielfalt<\/strong><\/div><div class=\"text-block-content md:pb-[20px]\">\n<p>Wir bieten ein Arbeitsklima, in dem alle Besch\u00e4ftigten mit Respekt und W\u00fcrde behandelt werden und die gleichen fairen Entwicklungsm\u00f6glichkeiten haben. Bansbach easylift toleriert keinerlei Diskriminierung oder Bel\u00e4stigung aufgrund von Abstammung, sexueller Orientierung, Geschlecht, Religion, Alter, Behinderung, politischer \u00dcberzeugung, Nationalit\u00e4t oder sonstiger potenziell diskriminierender Faktoren.<\/p><p><\/p>\n<\/div><div class=\"flex flex-wrap\"><\/div><\/div><\/div>\n\n\n\n<div class=\"wp-block-trk17-bansbach-theme-common-text\"><div class=\"container py-[10px] md:py-[15px] text-dark\"><div  class=\"headline headline font-bold text-h4 mb-[7px] value-headline\"><strong>2.5 Verbraucherinteressen<\/strong><\/div><div class=\"text-block-content md:pb-[20px]\">\n<p>Geltende Arbeitsschutzvorschriften werden eingehalten.<\/p><p><\/p>\n<\/div><div class=\"flex flex-wrap\"><\/div><\/div><\/div>\n\n\n\n<div class=\"wp-block-trk17-bansbach-theme-common-text\"><div class=\"container py-[10px] md:py-[15px] text-dark\"><div  class=\"headline headline font-bold text-h4 mb-[7px] value-headline\"><strong>2.6 Verantwortungsbewusste Beschaffung von Mineralstoffen<\/strong><\/div><div class=\"text-block-content md:pb-[20px]\">\n<p>Die geltenden Gesetze und Vorschriften zur Offenlegung der Verwendung von Konfliktmineralien werden befolgt. Lieferungen an Bansbach easylift GmbH erfolgen unter Einhaltung geltender Gesetze und Vorschriften zum Umgang mit Konfliktmineralien.<\/p><p><\/p>\n<\/div><div class=\"flex flex-wrap\"><\/div><\/div><\/div>\n\n\n\n<div class=\"wp-block-trk17-bansbach-theme-common-text\"><div class=\"container py-[10px] md:py-[15px] text-dark\"><div  class=\"headline headline font-bold text-h4 mb-[7px] value-headline\"><strong>3. Umweltschutz<\/strong><br><strong>3.1 Umweltschutz und Nachhaltigkeit<\/strong><\/div><div class=\"text-block-content md:pb-[20px]\">\n<p>Bansbach easylift GmbH erf\u00fcllt alle gesetzlichen Umweltschutzauflagen und erwartet dies auch von Gesch\u00e4ftspartnern. Auch dass Gesch\u00e4ftspartner \u00fcber alle erforderlichen Betriebsgenehmigungen verf\u00fcgen und diese auf dem aktuellen Stand halten. Bansbach easylift GmbH f\u00f6rdert die Entwicklung und Verbreitung umweltfreundlicher Technologien.<\/p><p><\/p><p><\/p>\n<\/div><div class=\"flex flex-wrap\"><\/div><\/div><\/div>\n\n\n\n<div class=\"wp-block-trk17-bansbach-theme-common-text\"><div class=\"container py-[10px] md:py-[15px] text-dark\"><div  class=\"headline headline font-bold text-h4 mb-[7px] value-headline\"><strong>4. Arbeitsschutz<\/strong><br><strong>4.1 Arbeitsplatz<\/strong><\/div><div class=\"text-block-content md:pb-[20px]\">\n<p>Bansbach easylift GmbH setzt sich systematisch f\u00fcr sichere Arbeitsbedingungen ein und erwartet dies auch von seinen Gesch\u00e4ftspartnern. Geltenden Vorschriften zur Arbeitssicherheit, Geb\u00e4udesicherheit, Brandschutz und Erste Hilfe werden eingehalten.<\/p><p><\/p>\n<\/div><div class=\"flex flex-wrap\"><\/div><\/div><\/div>\n\n\n\n<div class=\"wp-block-trk17-bansbach-theme-common-text\"><div class=\"container py-[10px] md:py-[15px] text-dark\"><div class=\"text-block-content md:pb-[20px]\"><\/div><div class=\"flex flex-wrap\"><\/div><\/div><\/div>\n<\/div><\/div>\n\n\n\n<div class=\"sm:w-[calc(25%-30px)]\"><div class=\"mx-[-15px] w-[calc(100%+30px)]\"><\/div><\/div>\n<\/div><\/div>\n\n\n\n<div class=\"wp-block-trk17-bansbach-theme-common-columns\"><div class=\"container sm:flex sm:justify-between relative\">\n<div class=\"wp-block-trk17-bansbach-theme-common-download\"><div class=\"container mb-[50px] text-dark\"><\/div><\/div>\n\n\n\n<div class=\"wp-block-trk17-bansbach-theme-common-download\"><div class=\"container mb-[50px] text-dark\"><div class=\"md:flex\">\n\t\t\t\t\t<div class=\"w-full md:w-auto mb-[25px] md:mb-0 md:basis-2\/5 aspect-[3\/4]\">\n\t\t\t\t\t\t<img decoding=\"async\" src=\"https:\/\/www.bansbach.com\/wp-content\/uploads\/2023\/12\/Titelbild-1-57x80.jpg\" srcset=\"https:\/\/www.bansbach.com\/wp-content\/uploads\/2023\/12\/Titelbild-1-57x80.jpg 57w, https:\/\/www.bansbach.com\/wp-content\/uploads\/2023\/12\/Titelbild-1-129x180.jpg 129w, https:\/\/www.bansbach.com\/wp-content\/uploads\/2023\/12\/Titelbild-1-215x300.jpg 215w, https:\/\/www.bansbach.com\/wp-content\/uploads\/2023\/12\/Titelbild-1-215x300.jpg 215w, https:\/\/www.bansbach.com\/wp-content\/uploads\/2023\/12\/Titelbild-1-416x580.jpg 416w, https:\/\/www.bansbach.com\/wp-content\/uploads\/2023\/12\/Titelbild-1-480x670.jpg 480w, https:\/\/www.bansbach.com\/wp-content\/uploads\/2023\/12\/Titelbild-1-720x1005.jpg 720w, https:\/\/www.bansbach.com\/wp-content\/uploads\/2023\/12\/Titelbild-1-917x1280.jpg 917w, https:\/\/www.bansbach.com\/wp-content\/uploads\/2023\/12\/Titelbild-1-917x1280.jpg 917w, https:\/\/www.bansbach.com\/wp-content\/uploads\/2023\/12\/Titelbild-1-959x1338.jpg 959w\" sizes=\"(min-width: 1240px) 10vw, (min-width: 1024px) 20vw, 40vw\" alt=\"Titelbild f\u00fcr den Verhaltenskodex\" loading=\"lazy\" class=\"!h-full object-contain object-top\">\n\t\t\t\t\t<\/div>\n\t\t\t\t\t<div class=\"w-full md:w-auto md:basis-3\/5 pl-4 flex flex-col justify-between\">\n\t\t\t\t\t\t<div>\n\t\t\t\t\t\t\t<div class=\"font-bold mb-1\">Verhaltenscodex Bansbach easylift<\/div>\n\t\t\t\t\t\t\t<div><\/div>\n\t\t\t\t\t\t<\/div>\n\t\t\t\t\t\t<div class=\"mt-[20px]\">\n\t\t\t\t\t\t\t<a class=\"btn\" data-download=\"816915189\" href=\"#\" title=\"Download\" target=\"_blank\">\n\t\t\t\t\t\t\t\tDownload\n\t\t\t\t\t\t\t<\/a>\n\t\t\t\t\t\t<\/div>\n\t\t\t\t\t<\/div>\n\t\t\t\t<\/div><\/div><\/div>\n\n\n\n<div class=\"sm:w-[calc(25%-30px)]\"><div class=\"mx-[-15px] w-[calc(100%+30px)]\"><\/div><\/div>\n<\/div><\/div>\n","protected":false},"excerpt":{"rendered":"","protected":false},"author":4,"featured_media":0,"parent":15049,"menu_order":140,"comment_status":"closed","ping_status":"closed","template":"","meta":{"_seopress_robots_primary_cat":"","_seopress_titles_title":"","_seopress_titles_desc":"","_seopress_robots_index":"","footnotes":""},"class_list":["post-14905","page","type-page","status-publish","hentry"],"_links":{"self":[{"href":"https:\/\/www.bansbach.com\/de\/wp-json\/wp\/v2\/pages\/14905","targetHints":{"allow":["GET"]}}],"collection":[{"href":"https:\/\/www.bansbach.com\/de\/wp-json\/wp\/v2\/pages"}],"about":[{"href":"https:\/\/www.bansbach.com\/de\/wp-json\/wp\/v2\/types\/page"}],"author":[{"embeddable":true,"href":"https:\/\/www.bansbach.com\/de\/wp-json\/wp\/v2\/users\/4"}],"replies":[{"embeddable":true,"href":"https:\/\/www.bansbach.com\/de\/wp-json\/wp\/v2\/comments?post=14905"}],"version-history":[{"count":6,"href":"https:\/\/www.bansbach.com\/de\/wp-json\/wp\/v2\/pages\/14905\/revisions"}],"predecessor-version":[{"id":24808,"href":"https:\/\/www.bansbach.com\/de\/wp-json\/wp\/v2\/pages\/14905\/revisions\/24808"}],"up":[{"embeddable":true,"href":"https:\/\/www.bansbach.com\/de\/wp-json\/wp\/v2\/pages\/15049"}],"wp:attachment":[{"href":"https:\/\/www.bansbach.com\/de\/wp-json\/wp\/v2\/media?parent=14905"}],"curies":[{"name":"wp","href":"https:\/\/api.w.org\/{rel}","templated":true}]}}