{"id":155,"date":"2022-06-14T11:06:38","date_gmt":"2022-06-14T09:06:38","guid":{"rendered":"https:\/\/bansbach.staging.trk17.de\/?page_id=155"},"modified":"2026-01-29T12:04:06","modified_gmt":"2026-01-29T11:04:06","slug":"impressum","status":"publish","type":"page","link":"https:\/\/www.bansbach.com\/de\/impressum\/","title":{"rendered":"Impressum"},"content":{"rendered":"\n<div class=\"wp-block-trk17-bansbach-theme-common-columns\"><div class=\"container sm:flex sm:justify-between relative\">\n<div class=\"sm:w-[calc(25%-30px)]\"><div class=\"mx-[-15px] w-[calc(100%+30px)]\"><\/div><\/div>\n\n\n\n<div class=\"sm:w-[calc(50%-30px)]\"><div class=\"mx-[-15px] w-[calc(100%+30px)]\">\n<div class=\"wp-block-trk17-bansbach-theme-common-text\"><div class=\"container py-[10px] md:py-[15px] text-dark\"><div class=\"headline headline font-bold value-headline text-h2 mb-[30px]\">IMPRESSUM<\/div><div class=\"text-block-content md:pb-[20px]\"><\/div><div class=\"flex flex-wrap\"><\/div><\/div><\/div>\n\n\n\n<div class=\"wp-block-trk17-bansbach-theme-common-text\"><div class=\"container py-[10px] md:py-[15px] text-dark\"><div class=\"headline headline font-bold value-headline text-h4 mb-[7px]\">Anbieter dieser Website<\/div><div class=\"text-block-content md:pb-[20px]\">\n<p>Bansbach easylift GmbH<br>Barbarossastr. 8<br>D-73547 Lorch<\/p><p><\/p><p>Telefon 07172 &#8211; 9107-0<br>Telefax 07172 &#8211; 9107-44<br>e-mail: <a href=\"mailto:info@bansbach.de\">info@bansbach.de<\/a><\/p><p><\/p><p>HRB-Nr: HRB 70 1405, Amtsgericht Ulm<\/p><p><\/p><p>Verantwortlicher im Sinne des \u00a76 TDG:<br>Bansbach easylift GmbH<br>Thomas Wei\u00df<br>(Tel: 07172\/9107-0)<\/p>\n<\/div><div class=\"flex flex-wrap\"><\/div><\/div><\/div>\n\n\n\n<div class=\"wp-block-trk17-bansbach-theme-common-text\"><div class=\"container py-[10px] md:py-[15px] text-dark\"><div class=\"headline headline font-bold value-headline text-h4 mb-[7px]\">Haftungsausschluss<\/div><div class=\"text-block-content md:pb-[20px]\">\n<p><\/p>\n\n\n\t\t<li class=\"mb-[15px] flex\" data-list-id=\"1\">\n\t\t\t\t\t\t\t<span class=\"inline-block mr-[10px] w-[29px] h-[29px] rounded-full bg-blue text-white text-center leading-[29px] flex-none\">\n                    1                <\/span>\n\t\t\t\t\t\t\t<span class=\"inline-block pl-[10px]\">\n                Der Herausgeber \u00fcbernimmt keinerlei Gew\u00e4hr f\u00fcr die Aktualit\u00e4t, Korrektheit, Vollst\u00e4ndigkeit oder Qualit\u00e4t der bereitgestellten Informationen. Haftungsanspr\u00fcche gegen den Herausgeber, die sich auf Sch\u00e4den materieller oder ideeller Art beziehen, welche durch die Nutzung oder Nichtnutzung der dargebotenen Informationen bzw. durch die Nutzung fehlerhafter und unvollst\u00e4ndiger Informationen verursacht wurden sind grunds\u00e4tzlich ausgeschlossen, sofern seitens des Herausgebers kein nachweislich vors\u00e4tzliches oder grob fahrl\u00e4ssiges Verschulden vorliegt. Alle Angebote sind freibleibend und unverbindlich. Der Herausgeber beh\u00e4lt es sich ausdr\u00fccklich vor, Teile der Seiten oder das gesamte Angebot ohne gesonderte Ank\u00fcndigung zu ver\u00e4ndern, zu erg\u00e4nzen, zu l\u00f6schen oder die Ver\u00f6ffentlichung zeitweise oder endg\u00fcltig einzustellen.            <\/span>\n\t\t<\/li>\n\t\t\t\t<li class=\"mb-[15px] flex\" data-list-id=\"2\">\n\t\t\t\t\t\t\t<span class=\"inline-block mr-[10px] w-[29px] h-[29px] rounded-full bg-blue text-white text-center leading-[29px] flex-none\">\n                    2                <\/span>\n\t\t\t\t\t\t\t<span class=\"inline-block pl-[10px]\">\n                Verweise und Links. Der Herausgeber stellt in einem speziellen Bereich Links zu Fremdangeboten zur Verf\u00fcgung. F\u00fcr Inhalte und insbesondere f\u00fcr Sch\u00e4den, die aus der Nutzung oder Nichtnutzung solcherart dargebotener Informationen entstehen, haftet allein der Anbieter dieser Seiten. Der Herausgeber \u00fcberpr\u00fcft Seiten lediglich zum Zeitpunkt der Linksetzung. Alle sp\u00e4teren Ver\u00e4nderungen unterliegen der Verantwortung des Anbieters.            <\/span>\n\t\t<\/li>\n\t\t\t\t<li class=\"mb-[15px] flex\" data-list-id=\"3\">\n\t\t\t\t\t\t\t<span class=\"inline-block mr-[10px] w-[29px] h-[29px] rounded-full bg-blue text-white text-center leading-[29px] flex-none\">\n                    3                <\/span>\n\t\t\t\t\t\t\t<span class=\"inline-block pl-[10px]\">\n                Rechtswirksamkeit dieses Haftungsausschlusse. Dieser Haftungsausschluss ist als Teil des Internetangebotes zu betrachten, von dem aus auf diese Seite verwiesen wurde. Sofern Teile oder einzelne Formulierungen dieses Textes der geltenden Rechtslage nicht, nicht mehr oder nicht vollst\u00e4ndig entsprechen sollten, bleiben die \u00fcbrigen Teile des Dokumentes in ihrem Inhalt und ihrer G\u00fcltigkeit davon unber\u00fchrt.            <\/span>\n\t\t<\/li>\n\t\t<\/div><div class=\"flex flex-wrap\"><\/div><\/div><\/div>\n\n\n\n<div class=\"wp-block-trk17-bansbach-theme-common-text\"><div class=\"container py-[10px] md:py-[15px] text-dark\"><div class=\"headline headline font-bold value-headline text-h4 mb-[7px]\">Urheberrecht<\/div><div class=\"text-block-content md:pb-[20px]\">\n<p>Copyright 2006 \u00a9 Alle Rechte vorbehalten. S\u00e4mtliche Bilder, Graphiken, Texte, Ton-, Video- und Animationsdateien dieser Webseite unterliegen dem Urheberrecht bzw. anderen Gesetzen zum Schutz geistigen Eigentums. Eine Vervielf\u00e4ltigung, Ver\u00e4nderung oder Verwendung in anderen elektronischen oder gedruckten Publikationen ist ohne ausdr\u00fcckliche Zustimmung des Urhebers nicht gestattet.<\/p>\n<\/div><div class=\"flex flex-wrap\"><\/div><\/div><\/div>\n<\/div><\/div>\n\n\n\n<div class=\"sm:w-[calc(25%-30px)]\"><div class=\"mx-[-15px] w-[calc(100%+30px)]\"><\/div><\/div>\n<\/div><\/div>\n","protected":false},"excerpt":{"rendered":"","protected":false},"author":1,"featured_media":0,"parent":0,"menu_order":130,"comment_status":"closed","ping_status":"closed","template":"","meta":{"_seopress_robots_primary_cat":"","_seopress_titles_title":"","_seopress_titles_desc":"","_seopress_robots_index":"","footnotes":""},"class_list":["post-155","page","type-page","status-publish","hentry"],"_links":{"self":[{"href":"https:\/\/www.bansbach.com\/de\/wp-json\/wp\/v2\/pages\/155","targetHints":{"allow":["GET"]}}],"collection":[{"href":"https:\/\/www.bansbach.com\/de\/wp-json\/wp\/v2\/pages"}],"about":[{"href":"https:\/\/www.bansbach.com\/de\/wp-json\/wp\/v2\/types\/page"}],"author":[{"embeddable":true,"href":"https:\/\/www.bansbach.com\/de\/wp-json\/wp\/v2\/users\/1"}],"replies":[{"embeddable":true,"href":"https:\/\/www.bansbach.com\/de\/wp-json\/wp\/v2\/comments?post=155"}],"version-history":[{"count":12,"href":"https:\/\/www.bansbach.com\/de\/wp-json\/wp\/v2\/pages\/155\/revisions"}],"predecessor-version":[{"id":23539,"href":"https:\/\/www.bansbach.com\/de\/wp-json\/wp\/v2\/pages\/155\/revisions\/23539"}],"wp:attachment":[{"href":"https:\/\/www.bansbach.com\/de\/wp-json\/wp\/v2\/media?parent=155"}],"curies":[{"name":"wp","href":"https:\/\/api.w.org\/{rel}","templated":true}]}}