{"id":159,"date":"2022-06-14T11:07:28","date_gmt":"2022-06-14T09:07:28","guid":{"rendered":"https:\/\/bansbach.staging.trk17.de\/?page_id=159"},"modified":"2026-02-02T10:18:36","modified_gmt":"2026-02-02T09:18:36","slug":"entsorgungsvorschriften","status":"publish","type":"page","link":"https:\/\/www.bansbach.com\/de\/entsorgungsvorschriften\/","title":{"rendered":"Entsorgungsvorschriften"},"content":{"rendered":"\n<div class=\"wp-block-trk17-bansbach-theme-common-columns\"><div class=\"container sm:flex sm:justify-between relative\">\n<div class=\"sm:w-[calc(25%-30px)]\"><div class=\"mx-[-15px] w-[calc(100%+30px)]\"><\/div><\/div>\n\n\n\n<div class=\"sm:w-[calc(50%-30px)]\"><div class=\"mx-[-15px] w-[calc(100%+30px)]\">\n<div class=\"wp-block-trk17-bansbach-theme-common-text\"><div class=\"container py-[10px] md:py-[15px] text-dark\"><h2  class=\"md:pb-[10px] text-h5 small-headline uppercase text-blue value-smallHeadline\">f\u00fcr gasfedern<\/h2><div  class=\"headline headline font-bold text-h2 mb-[30px] value-headline\">Entsorgungsvorschriften<\/div><div class=\"text-block-content md:pb-[20px]\">\n<p>Bansbach-Gasfedern bestehen vorwiegend aus Metall und k\u00f6nnen der stofflichen Wiederverwertung zugef\u00fchrt werden. Gasfedern m\u00fcssen vorher drucklos sein. Das enthaltene \u00d6l muss gegebenenfalls abgelassen und separat entsorgt werden.<br><br>Bei der Entsorgung von Bansbach-Gasfedern bitten wir Sie stets zu beachten, dass diese unter hohem Druck stehen.<\/p>\n<\/div><div class=\"flex flex-wrap\"><\/div><\/div><\/div>\n\n\n\n<div class=\"wp-block-trk17-bansbach-theme-common-text\"><div class=\"container py-[10px] md:py-[15px] text-dark\"><div  class=\"headline headline font-bold text-h4 mb-[7px] value-headline\">1.1 Vorgehensweise<\/div><div class=\"text-block-content md:pb-[20px]\">\n<p>Im Falle der Entsorgung der Gasfedern m\u00fcssen nachstehende Punkte unbedingt ber\u00fccksichtigt werden:<br><br>a) Grundlegendes: Im Bereich der verl\u00e4ngerten Ger\u00e4teachse darf keine Person stehen. Die Kolbenstange der Gasfeder darf somit beim Druckablassen nicht auf Personen zeigen. Enden der Gasfeder nicht abtrennen. Keinesfalls eine Drehbank ben\u00fctzen!<br><br>b) Abkl\u00e4ren, welcher Bauart die vorliegende Gasfeder zugeh\u00f6rig ist. Details zu den Gasfedr-Bauarten finden Sie untenstehend. Bei nicht eindeutiger Zuordnungsm\u00f6glichkeit beraten wir Sie gerne!<br><br>c) Ausgefahrene Gasfeder am Punkt X1 langsam anbohren (Bohrer Durchmesser 2-3 mm). Bedingt durch den hohen Innendruck k\u00f6nnen Sp\u00e4ne und \u00d6l wegspritzen. Zum Schutz der Person geeignete Ma\u00dfnahmen treffen (Augen- und Gesichtsschutz, Abdeckung des Bohrlochs).<br><br>d) Soweit gekennzeichnet, Punkt X2 ebenfalls anbohren (wie unter c) beschrieben).<br><br>e) Durch leichtes Bewegen der Kolbenstange wird festgestellt, ob der Zylinder drucklos ist.<br><br>f) Bei Bedarf kann der Zylinder jetzt durchges\u00e4gt werden.<\/p>\n<\/div><div class=\"flex flex-wrap\"><\/div><\/div><\/div>\n\n\n\n<div class=\"wp-block-trk17-bansbach-theme-common-text\"><div class=\"container py-[10px] md:py-[15px] text-dark\"><div  class=\"headline headline font-bold text-h4 mb-[7px] value-headline\">1.2 Entsorgung der Gasfeder-Komponenten<\/div><div class=\"text-block-content md:pb-[20px]\">\n<ul class=\"list-double-arrow text-sm\"><ul class=\"list-double-arrow text-sm\"><li>Alt\u00f6l nach \u00f6rtlicher Vorschrift entsorgen.<\/li><li>Nicht ins Erdreich oder Gew\u00e4sser sch\u00fctten.<\/li><li>Entleerte Gasfeder mit Eisenschrott entsorgen.<\/li><\/ul><\/ul>\n\n\n\n<p>Sollte dieser Vorschrift nicht entsprochen werden k\u00f6nnen, empfehlen wir &#8211; nach R\u00fccksprache &#8211; die frachtfreie R\u00fccksendung der Gasfeder an das Lieferwerk. Die Entsorgung Ihrer Gasfeder bieten wir zum Selbstkostenpreis an. Gegebenfalls bitten wir darum, die Entsorgungskosten anzufragen.<\/p>\n<\/div><div class=\"flex flex-wrap\"><\/div><\/div><\/div>\n\n\n\n<div class=\"wp-block-trk17-bansbach-theme-common-text\"><div class=\"container py-[10px] md:py-[15px] text-dark\"><div  class=\"headline headline font-bold text-h4 mb-[7px] value-headline\">1.3 Gasfeder-Bauarten<\/div><div class=\"text-block-content md:pb-[20px]\">\n<p><\/p>\n<\/div><div class=\"flex flex-wrap\"><\/div><\/div><\/div>\n\n\n\n<div class=\"wp-block-trk17-bansbach-theme-common-image-text\"><div class=\"relative z-[1] overflow-hidden mb-[40px] md:mb-[90px]\"><div class=\"container text-dark \"><div class=\"inline-block align-middle w-full \"><img decoding=\"async\" src=\"https:\/\/www.bansbach.com\/wp-content\/uploads\/2022\/07\/entsorgung-1.3.1-gasfeder-standard-80x50.png\" srcset=\"https:\/\/www.bansbach.com\/wp-content\/uploads\/2022\/07\/entsorgung-1.3.1-gasfeder-standard-80x50.png 80w, https:\/\/www.bansbach.com\/wp-content\/uploads\/2022\/07\/entsorgung-1.3.1-gasfeder-standard-250x156.png 250w, https:\/\/www.bansbach.com\/wp-content\/uploads\/2022\/07\/entsorgung-1.3.1-gasfeder-standard-400x249.png 400w, https:\/\/www.bansbach.com\/wp-content\/uploads\/2022\/07\/entsorgung-1.3.1-gasfeder-standard-400x249.png 400w, https:\/\/www.bansbach.com\/wp-content\/uploads\/2022\/07\/entsorgung-1.3.1-gasfeder-standard-480x299.png 480w, https:\/\/www.bansbach.com\/wp-content\/uploads\/2022\/07\/entsorgung-1.3.1-gasfeder-standard-500x311.png 500w, https:\/\/www.bansbach.com\/wp-content\/uploads\/2022\/07\/entsorgung-1.3.1-gasfeder-standard-500x311.png 500w, https:\/\/www.bansbach.com\/wp-content\/uploads\/2022\/07\/entsorgung-1.3.1-gasfeder-standard-500x311.png 500w, https:\/\/www.bansbach.com\/wp-content\/uploads\/2022\/07\/entsorgung-1.3.1-gasfeder-standard-500x311.png 500w, https:\/\/www.bansbach.com\/wp-content\/uploads\/2022\/07\/entsorgung-1.3.1-gasfeder-standard-500x311.png 500w\" sizes=\"95vw\" alt=\"\" loading=\"lazy\"><\/div><div class=\"inline-block align-middle pt-[32px] md:pt-0 w-full \">\n<div class=\"wp-block-trk17-bansbach-theme-common-text\"><div class=\"container py-[10px] md:py-[15px] text-dark\"><div  class=\"headline headline font-bold text-h4 mb-[7px] value-headline\">1.3.1 Standard Gasfeder<\/div><div class=\"text-block-content md:pb-[20px]\"><\/div><div class=\"flex flex-wrap\"><\/div><\/div><\/div>\n<\/div><\/div><\/div><\/div>\n\n\n\n<div class=\"wp-block-trk17-bansbach-theme-common-image-text\"><div class=\"relative z-[1] overflow-hidden mb-[40px] md:mb-[90px]\"><div class=\"container text-dark \"><div class=\"inline-block align-middle w-full \"><img decoding=\"async\" src=\"https:\/\/www.bansbach.com\/wp-content\/uploads\/2022\/07\/entsorgung-1.3.2-gasfeder-mit-trennkolben-80x50.png\" srcset=\"https:\/\/www.bansbach.com\/wp-content\/uploads\/2022\/07\/entsorgung-1.3.2-gasfeder-mit-trennkolben-80x50.png 80w, https:\/\/www.bansbach.com\/wp-content\/uploads\/2022\/07\/entsorgung-1.3.2-gasfeder-mit-trennkolben-250x156.png 250w, https:\/\/www.bansbach.com\/wp-content\/uploads\/2022\/07\/entsorgung-1.3.2-gasfeder-mit-trennkolben-400x249.png 400w, https:\/\/www.bansbach.com\/wp-content\/uploads\/2022\/07\/entsorgung-1.3.2-gasfeder-mit-trennkolben-400x249.png 400w, https:\/\/www.bansbach.com\/wp-content\/uploads\/2022\/07\/entsorgung-1.3.2-gasfeder-mit-trennkolben-480x299.png 480w, https:\/\/www.bansbach.com\/wp-content\/uploads\/2022\/07\/entsorgung-1.3.2-gasfeder-mit-trennkolben-500x311.png 500w, https:\/\/www.bansbach.com\/wp-content\/uploads\/2022\/07\/entsorgung-1.3.2-gasfeder-mit-trennkolben-500x311.png 500w, https:\/\/www.bansbach.com\/wp-content\/uploads\/2022\/07\/entsorgung-1.3.2-gasfeder-mit-trennkolben-500x311.png 500w, https:\/\/www.bansbach.com\/wp-content\/uploads\/2022\/07\/entsorgung-1.3.2-gasfeder-mit-trennkolben-500x311.png 500w, https:\/\/www.bansbach.com\/wp-content\/uploads\/2022\/07\/entsorgung-1.3.2-gasfeder-mit-trennkolben-500x311.png 500w\" sizes=\"95vw\" alt=\"Gasdruckfeder mit zwei Schutzbrillen und einer Tabelle.\" loading=\"lazy\"><\/div><div class=\"inline-block align-middle pt-[32px] md:pt-0 w-full \">\n<div class=\"wp-block-trk17-bansbach-theme-common-text\"><div class=\"container py-[10px] md:py-[15px] text-dark\"><div  class=\"headline headline font-bold text-h4 mb-[7px] value-headline\">1.3.2 Gasfeder mit Trennkolben<\/div><div class=\"text-block-content md:pb-[20px]\"><\/div><div class=\"flex flex-wrap\"><\/div><\/div><\/div>\n<\/div><\/div><\/div><\/div>\n\n\n\n<div class=\"wp-block-trk17-bansbach-theme-common-image-text\"><div class=\"relative z-[1] overflow-hidden mb-[40px] md:mb-[90px]\"><div class=\"container text-dark \"><div class=\"inline-block align-middle w-full \"><img decoding=\"async\" src=\"https:\/\/www.bansbach.com\/wp-content\/uploads\/2022\/07\/entsorgung-1.3.3-block-gasfeder-80x50.png\" srcset=\"https:\/\/www.bansbach.com\/wp-content\/uploads\/2022\/07\/entsorgung-1.3.3-block-gasfeder-80x50.png 80w, https:\/\/www.bansbach.com\/wp-content\/uploads\/2022\/07\/entsorgung-1.3.3-block-gasfeder-250x156.png 250w, https:\/\/www.bansbach.com\/wp-content\/uploads\/2022\/07\/entsorgung-1.3.3-block-gasfeder-400x249.png 400w, https:\/\/www.bansbach.com\/wp-content\/uploads\/2022\/07\/entsorgung-1.3.3-block-gasfeder-400x249.png 400w, https:\/\/www.bansbach.com\/wp-content\/uploads\/2022\/07\/entsorgung-1.3.3-block-gasfeder-480x299.png 480w, https:\/\/www.bansbach.com\/wp-content\/uploads\/2022\/07\/entsorgung-1.3.3-block-gasfeder-500x311.png 500w, https:\/\/www.bansbach.com\/wp-content\/uploads\/2022\/07\/entsorgung-1.3.3-block-gasfeder-500x311.png 500w, https:\/\/www.bansbach.com\/wp-content\/uploads\/2022\/07\/entsorgung-1.3.3-block-gasfeder-500x311.png 500w, https:\/\/www.bansbach.com\/wp-content\/uploads\/2022\/07\/entsorgung-1.3.3-block-gasfeder-500x311.png 500w, https:\/\/www.bansbach.com\/wp-content\/uploads\/2022\/07\/entsorgung-1.3.3-block-gasfeder-500x311.png 500w\" sizes=\"95vw\" alt=\"Gasdruckfeder mit zwei Schutzbrillen und einer Tabelle.\" loading=\"lazy\"><\/div><div class=\"inline-block align-middle pt-[32px] md:pt-0 w-full \">\n<div class=\"wp-block-trk17-bansbach-theme-common-text\"><div class=\"container py-[10px] md:py-[15px] text-dark\"><div  class=\"headline headline font-bold text-h4 mb-[7px] value-headline\">1.3.3 Starr blockierbare Gasfeder (K- und KX-Type)<\/div><div class=\"text-block-content md:pb-[20px]\"><\/div><div class=\"flex flex-wrap\"><\/div><\/div><\/div>\n<\/div><\/div><\/div><\/div>\n\n\n\n<div class=\"wp-block-trk17-bansbach-theme-common-image-text\"><div class=\"relative z-[1] overflow-hidden mb-[40px] md:mb-[90px]\"><div class=\"container text-dark \"><div class=\"inline-block align-middle w-full \"><img decoding=\"async\" src=\"https:\/\/www.bansbach.com\/wp-content\/uploads\/2022\/07\/entsorgung-1.3.4-federnd-block-gasfeder-80x50.png\" srcset=\"https:\/\/www.bansbach.com\/wp-content\/uploads\/2022\/07\/entsorgung-1.3.4-federnd-block-gasfeder-80x50.png 80w, https:\/\/www.bansbach.com\/wp-content\/uploads\/2022\/07\/entsorgung-1.3.4-federnd-block-gasfeder-250x156.png 250w, https:\/\/www.bansbach.com\/wp-content\/uploads\/2022\/07\/entsorgung-1.3.4-federnd-block-gasfeder-400x249.png 400w, https:\/\/www.bansbach.com\/wp-content\/uploads\/2022\/07\/entsorgung-1.3.4-federnd-block-gasfeder-400x249.png 400w, https:\/\/www.bansbach.com\/wp-content\/uploads\/2022\/07\/entsorgung-1.3.4-federnd-block-gasfeder-480x299.png 480w, https:\/\/www.bansbach.com\/wp-content\/uploads\/2022\/07\/entsorgung-1.3.4-federnd-block-gasfeder-500x311.png 500w, https:\/\/www.bansbach.com\/wp-content\/uploads\/2022\/07\/entsorgung-1.3.4-federnd-block-gasfeder-500x311.png 500w, https:\/\/www.bansbach.com\/wp-content\/uploads\/2022\/07\/entsorgung-1.3.4-federnd-block-gasfeder-500x311.png 500w, https:\/\/www.bansbach.com\/wp-content\/uploads\/2022\/07\/entsorgung-1.3.4-federnd-block-gasfeder-500x311.png 500w, https:\/\/www.bansbach.com\/wp-content\/uploads\/2022\/07\/entsorgung-1.3.4-federnd-block-gasfeder-500x311.png 500w\" sizes=\"95vw\" alt=\"\" loading=\"lazy\"><\/div><div class=\"inline-block align-middle pt-[32px] md:pt-0 w-full \">\n<div class=\"wp-block-trk17-bansbach-theme-common-text\"><div class=\"container py-[10px] md:py-[15px] text-dark\"><div  class=\"headline headline font-bold text-h4 mb-[7px] value-headline\">1.3.4 Federnd blockierbare Gasfeder (B-Type)<\/div><div class=\"text-block-content md:pb-[20px]\"><\/div><div class=\"flex flex-wrap\"><\/div><\/div><\/div>\n<\/div><\/div><\/div><\/div>\n\n\n\n<div class=\"wp-block-trk17-bansbach-theme-common-image-text\"><div class=\"relative z-[1] overflow-hidden mb-[40px] md:mb-[90px]\"><div class=\"container text-dark \"><div class=\"inline-block align-middle w-full \"><img decoding=\"async\" src=\"https:\/\/www.bansbach.com\/wp-content\/uploads\/2022\/07\/entsorgung-1.3.5-starr-block-gasfeder-80x50.png\" srcset=\"https:\/\/www.bansbach.com\/wp-content\/uploads\/2022\/07\/entsorgung-1.3.5-starr-block-gasfeder-80x50.png 80w, https:\/\/www.bansbach.com\/wp-content\/uploads\/2022\/07\/entsorgung-1.3.5-starr-block-gasfeder-250x156.png 250w, https:\/\/www.bansbach.com\/wp-content\/uploads\/2022\/07\/entsorgung-1.3.5-starr-block-gasfeder-400x249.png 400w, https:\/\/www.bansbach.com\/wp-content\/uploads\/2022\/07\/entsorgung-1.3.5-starr-block-gasfeder-400x249.png 400w, https:\/\/www.bansbach.com\/wp-content\/uploads\/2022\/07\/entsorgung-1.3.5-starr-block-gasfeder-480x299.png 480w, https:\/\/www.bansbach.com\/wp-content\/uploads\/2022\/07\/entsorgung-1.3.5-starr-block-gasfeder-500x311.png 500w, https:\/\/www.bansbach.com\/wp-content\/uploads\/2022\/07\/entsorgung-1.3.5-starr-block-gasfeder-500x311.png 500w, https:\/\/www.bansbach.com\/wp-content\/uploads\/2022\/07\/entsorgung-1.3.5-starr-block-gasfeder-500x311.png 500w, https:\/\/www.bansbach.com\/wp-content\/uploads\/2022\/07\/entsorgung-1.3.5-starr-block-gasfeder-500x311.png 500w, https:\/\/www.bansbach.com\/wp-content\/uploads\/2022\/07\/entsorgung-1.3.5-starr-block-gasfeder-500x311.png 500w\" sizes=\"95vw\" alt=\"Gasdruckfeder mit zwei Schutzbrillen und einer Tabelle.\" loading=\"lazy\"><\/div><div class=\"inline-block align-middle pt-[32px] md:pt-0 w-full \">\n<div class=\"wp-block-trk17-bansbach-theme-common-text\"><div class=\"container py-[10px] md:py-[15px] text-dark\"><div  class=\"headline headline font-bold text-h4 mb-[7px] value-headline\">1.3.5 Starr blockierbare Gasfeder (P-Type)<\/div><div class=\"text-block-content md:pb-[20px]\"><\/div><div class=\"flex flex-wrap\"><\/div><\/div><\/div>\n<\/div><\/div><\/div><\/div>\n\n\n\n<div class=\"wp-block-trk17-bansbach-theme-common-image-text\"><div class=\"relative z-[1] overflow-hidden mb-[40px] md:mb-[90px]\"><div class=\"container text-dark \"><div class=\"inline-block align-middle w-full \"><img decoding=\"async\" src=\"https:\/\/www.bansbach.com\/wp-content\/uploads\/2022\/07\/entsorgung-1.3.6-starr-block-gasfeder.828-1028-80x50.png\" srcset=\"https:\/\/www.bansbach.com\/wp-content\/uploads\/2022\/07\/entsorgung-1.3.6-starr-block-gasfeder.828-1028-80x50.png 80w, https:\/\/www.bansbach.com\/wp-content\/uploads\/2022\/07\/entsorgung-1.3.6-starr-block-gasfeder.828-1028-250x156.png 250w, https:\/\/www.bansbach.com\/wp-content\/uploads\/2022\/07\/entsorgung-1.3.6-starr-block-gasfeder.828-1028-400x249.png 400w, https:\/\/www.bansbach.com\/wp-content\/uploads\/2022\/07\/entsorgung-1.3.6-starr-block-gasfeder.828-1028-400x249.png 400w, https:\/\/www.bansbach.com\/wp-content\/uploads\/2022\/07\/entsorgung-1.3.6-starr-block-gasfeder.828-1028-480x299.png 480w, https:\/\/www.bansbach.com\/wp-content\/uploads\/2022\/07\/entsorgung-1.3.6-starr-block-gasfeder.828-1028-500x311.png 500w, https:\/\/www.bansbach.com\/wp-content\/uploads\/2022\/07\/entsorgung-1.3.6-starr-block-gasfeder.828-1028-500x311.png 500w, https:\/\/www.bansbach.com\/wp-content\/uploads\/2022\/07\/entsorgung-1.3.6-starr-block-gasfeder.828-1028-500x311.png 500w, https:\/\/www.bansbach.com\/wp-content\/uploads\/2022\/07\/entsorgung-1.3.6-starr-block-gasfeder.828-1028-500x311.png 500w, https:\/\/www.bansbach.com\/wp-content\/uploads\/2022\/07\/entsorgung-1.3.6-starr-block-gasfeder.828-1028-500x311.png 500w\" sizes=\"95vw\" alt=\"Gasdruckfeder mit zwei Schutzbrillen und einer Tabelle.\" loading=\"lazy\"><\/div><div class=\"inline-block align-middle pt-[32px] md:pt-0 w-full \">\n<div class=\"wp-block-trk17-bansbach-theme-common-text\"><div class=\"container py-[10px] md:py-[15px] text-dark\"><div  class=\"headline headline font-bold text-h4 mb-[7px] value-headline\">1.3.6 Starr blockierbare Gasfeder (T-Type) Baugr\u00f6\u00dfe 8\/28 und 10\/28<\/div><div class=\"text-block-content md:pb-[20px]\"><\/div><div class=\"flex flex-wrap\"><\/div><\/div><\/div>\n<\/div><\/div><\/div><\/div>\n\n\n\n<div class=\"wp-block-trk17-bansbach-theme-common-image-text\"><div class=\"relative z-[1] overflow-hidden mb-[40px] md:mb-[90px]\"><div class=\"container text-dark \"><div class=\"inline-block align-middle w-full \"><img decoding=\"async\" src=\"https:\/\/www.bansbach.com\/wp-content\/uploads\/2022\/07\/entsorgung-1.3.7-gaszugfeder-lange-bauart-80x50.png\" srcset=\"https:\/\/www.bansbach.com\/wp-content\/uploads\/2022\/07\/entsorgung-1.3.7-gaszugfeder-lange-bauart-80x50.png 80w, https:\/\/www.bansbach.com\/wp-content\/uploads\/2022\/07\/entsorgung-1.3.7-gaszugfeder-lange-bauart-250x156.png 250w, https:\/\/www.bansbach.com\/wp-content\/uploads\/2022\/07\/entsorgung-1.3.7-gaszugfeder-lange-bauart-400x249.png 400w, https:\/\/www.bansbach.com\/wp-content\/uploads\/2022\/07\/entsorgung-1.3.7-gaszugfeder-lange-bauart-400x249.png 400w, https:\/\/www.bansbach.com\/wp-content\/uploads\/2022\/07\/entsorgung-1.3.7-gaszugfeder-lange-bauart-480x299.png 480w, https:\/\/www.bansbach.com\/wp-content\/uploads\/2022\/07\/entsorgung-1.3.7-gaszugfeder-lange-bauart-500x311.png 500w, https:\/\/www.bansbach.com\/wp-content\/uploads\/2022\/07\/entsorgung-1.3.7-gaszugfeder-lange-bauart-500x311.png 500w, https:\/\/www.bansbach.com\/wp-content\/uploads\/2022\/07\/entsorgung-1.3.7-gaszugfeder-lange-bauart-500x311.png 500w, https:\/\/www.bansbach.com\/wp-content\/uploads\/2022\/07\/entsorgung-1.3.7-gaszugfeder-lange-bauart-500x311.png 500w, https:\/\/www.bansbach.com\/wp-content\/uploads\/2022\/07\/entsorgung-1.3.7-gaszugfeder-lange-bauart-500x311.png 500w\" sizes=\"95vw\" alt=\"Gasdruckfeder mit zwei Schutzbrillen und einer Tabelle.\" loading=\"lazy\"><\/div><div class=\"inline-block align-middle pt-[32px] md:pt-0 w-full \">\n<div class=\"wp-block-trk17-bansbach-theme-common-text\"><div class=\"container py-[10px] md:py-[15px] text-dark\"><div  class=\"headline headline font-bold text-h4 mb-[7px] value-headline\">1.3.7 Gaszugfeder lange Bauart (auch mit Endd\u00e4mpfung)<\/div><div class=\"text-block-content md:pb-[20px]\"><\/div><div class=\"flex flex-wrap\"><\/div><\/div><\/div>\n<\/div><\/div><\/div><\/div>\n\n\n\n<div class=\"wp-block-trk17-bansbach-theme-common-image-text\"><div class=\"relative z-[1] overflow-hidden mb-[40px] md:mb-[90px]\"><div class=\"container text-dark \"><div class=\"inline-block align-middle w-full \"><img decoding=\"async\" src=\"https:\/\/www.bansbach.com\/wp-content\/uploads\/2022\/07\/entsorgung-1.3.8-gaszugfeder-kurze-bauart-80x50.png\" srcset=\"https:\/\/www.bansbach.com\/wp-content\/uploads\/2022\/07\/entsorgung-1.3.8-gaszugfeder-kurze-bauart-80x50.png 80w, https:\/\/www.bansbach.com\/wp-content\/uploads\/2022\/07\/entsorgung-1.3.8-gaszugfeder-kurze-bauart-250x156.png 250w, https:\/\/www.bansbach.com\/wp-content\/uploads\/2022\/07\/entsorgung-1.3.8-gaszugfeder-kurze-bauart-400x249.png 400w, https:\/\/www.bansbach.com\/wp-content\/uploads\/2022\/07\/entsorgung-1.3.8-gaszugfeder-kurze-bauart-400x249.png 400w, https:\/\/www.bansbach.com\/wp-content\/uploads\/2022\/07\/entsorgung-1.3.8-gaszugfeder-kurze-bauart-480x299.png 480w, https:\/\/www.bansbach.com\/wp-content\/uploads\/2022\/07\/entsorgung-1.3.8-gaszugfeder-kurze-bauart-500x311.png 500w, https:\/\/www.bansbach.com\/wp-content\/uploads\/2022\/07\/entsorgung-1.3.8-gaszugfeder-kurze-bauart-500x311.png 500w, https:\/\/www.bansbach.com\/wp-content\/uploads\/2022\/07\/entsorgung-1.3.8-gaszugfeder-kurze-bauart-500x311.png 500w, https:\/\/www.bansbach.com\/wp-content\/uploads\/2022\/07\/entsorgung-1.3.8-gaszugfeder-kurze-bauart-500x311.png 500w, https:\/\/www.bansbach.com\/wp-content\/uploads\/2022\/07\/entsorgung-1.3.8-gaszugfeder-kurze-bauart-500x311.png 500w\" sizes=\"95vw\" alt=\"Gasdruckfeder mit zwei Schutzbrillen und einer Tabelle.\" loading=\"lazy\"><\/div><div class=\"inline-block align-middle pt-[32px] md:pt-0 w-full \">\n<div class=\"wp-block-trk17-bansbach-theme-common-text\"><div class=\"container py-[10px] md:py-[15px] text-dark\"><div  class=\"headline headline font-bold text-h4 mb-[7px] value-headline\">1.3.8 Gaszugfeder kurze Bauart (auch mit Endd\u00e4mpfung)<\/div><div class=\"text-block-content md:pb-[20px]\"><\/div><div class=\"flex flex-wrap\"><\/div><\/div><\/div>\n<\/div><\/div><\/div><\/div>\n\n\n\n<div class=\"wp-block-trk17-bansbach-theme-common-image-text\"><div class=\"relative z-[1] overflow-hidden mb-[40px] md:mb-[90px]\"><div class=\"container text-dark \"><div class=\"inline-block align-middle w-full \"><img decoding=\"async\" src=\"https:\/\/www.bansbach.com\/wp-content\/uploads\/2022\/07\/entsorgung-1.3.9-block-gaszugfeder-80x50.png\" srcset=\"https:\/\/www.bansbach.com\/wp-content\/uploads\/2022\/07\/entsorgung-1.3.9-block-gaszugfeder-80x50.png 80w, https:\/\/www.bansbach.com\/wp-content\/uploads\/2022\/07\/entsorgung-1.3.9-block-gaszugfeder-250x156.png 250w, https:\/\/www.bansbach.com\/wp-content\/uploads\/2022\/07\/entsorgung-1.3.9-block-gaszugfeder-400x249.png 400w, https:\/\/www.bansbach.com\/wp-content\/uploads\/2022\/07\/entsorgung-1.3.9-block-gaszugfeder-400x249.png 400w, https:\/\/www.bansbach.com\/wp-content\/uploads\/2022\/07\/entsorgung-1.3.9-block-gaszugfeder-480x299.png 480w, https:\/\/www.bansbach.com\/wp-content\/uploads\/2022\/07\/entsorgung-1.3.9-block-gaszugfeder-500x311.png 500w, https:\/\/www.bansbach.com\/wp-content\/uploads\/2022\/07\/entsorgung-1.3.9-block-gaszugfeder-500x311.png 500w, https:\/\/www.bansbach.com\/wp-content\/uploads\/2022\/07\/entsorgung-1.3.9-block-gaszugfeder-500x311.png 500w, https:\/\/www.bansbach.com\/wp-content\/uploads\/2022\/07\/entsorgung-1.3.9-block-gaszugfeder-500x311.png 500w, https:\/\/www.bansbach.com\/wp-content\/uploads\/2022\/07\/entsorgung-1.3.9-block-gaszugfeder-500x311.png 500w\" sizes=\"95vw\" alt=\"Gasdruckfeder mit zwei Schutzbrillen und einer Tabelle.\" loading=\"lazy\"><\/div><div class=\"inline-block align-middle pt-[32px] md:pt-0 w-full \">\n<div class=\"wp-block-trk17-bansbach-theme-common-text\"><div class=\"container py-[10px] md:py-[15px] text-dark\"><div  class=\"headline headline font-bold text-h4 mb-[7px] value-headline\">1.3.9 Blockierbare Gaszugfeder<\/div><div class=\"text-block-content md:pb-[20px]\"><\/div><div class=\"flex flex-wrap\"><\/div><\/div><\/div>\n<\/div><\/div><\/div><\/div>\n\n\n\n<div class=\"wp-block-trk17-bansbach-theme-common-image-text\"><div class=\"relative z-[1] overflow-hidden mb-[40px] md:mb-[90px]\"><div class=\"container text-dark \"><div class=\"inline-block align-middle w-full \"><img decoding=\"async\" src=\"https:\/\/www.bansbach.com\/wp-content\/uploads\/2022\/07\/entsorgung-1.3.10-gasfeder-3070-80x50.png\" srcset=\"https:\/\/www.bansbach.com\/wp-content\/uploads\/2022\/07\/entsorgung-1.3.10-gasfeder-3070-80x50.png 80w, https:\/\/www.bansbach.com\/wp-content\/uploads\/2022\/07\/entsorgung-1.3.10-gasfeder-3070-250x156.png 250w, https:\/\/www.bansbach.com\/wp-content\/uploads\/2022\/07\/entsorgung-1.3.10-gasfeder-3070-400x249.png 400w, https:\/\/www.bansbach.com\/wp-content\/uploads\/2022\/07\/entsorgung-1.3.10-gasfeder-3070-400x249.png 400w, https:\/\/www.bansbach.com\/wp-content\/uploads\/2022\/07\/entsorgung-1.3.10-gasfeder-3070-480x299.png 480w, https:\/\/www.bansbach.com\/wp-content\/uploads\/2022\/07\/entsorgung-1.3.10-gasfeder-3070-500x311.png 500w, https:\/\/www.bansbach.com\/wp-content\/uploads\/2022\/07\/entsorgung-1.3.10-gasfeder-3070-500x311.png 500w, https:\/\/www.bansbach.com\/wp-content\/uploads\/2022\/07\/entsorgung-1.3.10-gasfeder-3070-500x311.png 500w, https:\/\/www.bansbach.com\/wp-content\/uploads\/2022\/07\/entsorgung-1.3.10-gasfeder-3070-500x311.png 500w, https:\/\/www.bansbach.com\/wp-content\/uploads\/2022\/07\/entsorgung-1.3.10-gasfeder-3070-500x311.png 500w\" sizes=\"95vw\" alt=\"Gasdruckfeder mit einer Schutzbrille und einer Tabelle.\" loading=\"lazy\"><\/div><div class=\"inline-block align-middle pt-[32px] md:pt-0 w-full \">\n<div class=\"wp-block-trk17-bansbach-theme-common-text\"><div class=\"container py-[10px] md:py-[15px] text-dark\"><div  class=\"headline headline font-bold text-h4 mb-[7px] value-headline\">1.3.10 Gasfeder 30\/70<\/div><div class=\"text-block-content md:pb-[20px]\"><\/div><div class=\"flex flex-wrap\"><\/div><\/div><\/div>\n<\/div><\/div><\/div><\/div>\n<\/div><\/div>\n\n\n\n<div class=\"sm:w-[calc(25%-30px)]\"><div class=\"mx-[-15px] w-[calc(100%+30px)]\"><\/div><\/div>\n<\/div><\/div>\n","protected":false},"excerpt":{"rendered":"","protected":false},"author":1,"featured_media":0,"parent":0,"menu_order":150,"comment_status":"closed","ping_status":"closed","template":"","meta":{"_seopress_robots_primary_cat":"","_seopress_titles_title":"","_seopress_titles_desc":"","_seopress_robots_index":"","footnotes":""},"class_list":["post-159","page","type-page","status-publish","hentry"],"_links":{"self":[{"href":"https:\/\/www.bansbach.com\/de\/wp-json\/wp\/v2\/pages\/159","targetHints":{"allow":["GET"]}}],"collection":[{"href":"https:\/\/www.bansbach.com\/de\/wp-json\/wp\/v2\/pages"}],"about":[{"href":"https:\/\/www.bansbach.com\/de\/wp-json\/wp\/v2\/types\/page"}],"author":[{"embeddable":true,"href":"https:\/\/www.bansbach.com\/de\/wp-json\/wp\/v2\/users\/1"}],"replies":[{"embeddable":true,"href":"https:\/\/www.bansbach.com\/de\/wp-json\/wp\/v2\/comments?post=159"}],"version-history":[{"count":10,"href":"https:\/\/www.bansbach.com\/de\/wp-json\/wp\/v2\/pages\/159\/revisions"}],"predecessor-version":[{"id":24757,"href":"https:\/\/www.bansbach.com\/de\/wp-json\/wp\/v2\/pages\/159\/revisions\/24757"}],"wp:attachment":[{"href":"https:\/\/www.bansbach.com\/de\/wp-json\/wp\/v2\/media?parent=159"}],"curies":[{"name":"wp","href":"https:\/\/api.w.org\/{rel}","templated":true}]}}