{"id":4009,"date":"2022-08-25T13:52:42","date_gmt":"2022-08-25T11:52:42","guid":{"rendered":"https:\/\/bansbach.staging.trk17.de\/?page_id=4009"},"modified":"2026-01-29T12:03:56","modified_gmt":"2026-01-29T11:03:56","slug":"anna-bansbach","status":"publish","type":"page","link":"https:\/\/www.bansbach.com\/de\/unternehmen\/portraits\/anna-bansbach\/","title":{"rendered":"Anna Bansbach"},"content":{"rendered":"\n<div class=\"wp-block-trk17-bansbach-theme-common-headline\"><div class=\"container mt-[50px] md:mt-[80px] mb-[50px] text-dark text-left\"><h2 class=\"pb-[10px] text-h5 small-headline uppercase text-blue\">2002 bis jetzt<\/h2><div class=\"headline headline text-h2 md:text-h2-40 font-bold\">Anna Bansbach<\/div><\/div><\/div>\n\n\n\n<div class=\"wp-block-trk17-bansbach-theme-common-columns\"><div class=\"container sm:flex sm:justify-between relative\">\n<div class=\"sm:w-[calc(25%-30px)]\"><div class=\"mx-[-15px] w-[calc(100%+30px)]\">\n<div class=\"wp-block-trk17-bansbach-theme-common-image-text\"><div class=\"relative z-[1] overflow-hidden mb-[50px] md:mb-[100px]\"><div class=\"container text-dark \"><div class=\"inline-block align-middle w-full \"><img decoding=\"async\" src=\"https:\/\/www.bansbach.com\/wp-content\/uploads\/2022\/08\/portrait-anna-bansbach-60x80.jpg\" srcset=\"https:\/\/www.bansbach.com\/wp-content\/uploads\/2022\/08\/portrait-anna-bansbach-60x80.jpg 60w, https:\/\/www.bansbach.com\/wp-content\/uploads\/2022\/08\/portrait-anna-bansbach-135x180.jpg 135w, https:\/\/www.bansbach.com\/wp-content\/uploads\/2022\/08\/portrait-anna-bansbach-225x300.jpg 225w, https:\/\/www.bansbach.com\/wp-content\/uploads\/2022\/08\/portrait-anna-bansbach-225x300.jpg 225w, https:\/\/www.bansbach.com\/wp-content\/uploads\/2022\/08\/portrait-anna-bansbach-435x580.jpg 435w, https:\/\/www.bansbach.com\/wp-content\/uploads\/2022\/08\/portrait-anna-bansbach-480x640.jpg 480w, https:\/\/www.bansbach.com\/wp-content\/uploads\/2022\/08\/portrait-anna-bansbach-600x800.jpg 600w, https:\/\/www.bansbach.com\/wp-content\/uploads\/2022\/08\/portrait-anna-bansbach-600x800.jpg 600w, https:\/\/www.bansbach.com\/wp-content\/uploads\/2022\/08\/portrait-anna-bansbach-600x800.jpg 600w, https:\/\/www.bansbach.com\/wp-content\/uploads\/2022\/08\/portrait-anna-bansbach-600x800.jpg 600w\" sizes=\"95vw\" alt=\"Portrait von Anna Bansbach.\" loading=\"lazy\"><\/div><\/div><\/div><\/div>\n<\/div><\/div>\n\n\n\n<div class=\"sm:w-[calc(75%-30px)]\"><div class=\"mx-[-15px] w-[calc(100%+30px)]\">\n<div class=\"wp-block-trk17-bansbach-theme-common-text\"><div class=\"container py-[10px] md:py-[15px] text-dark\"><div class=\"text-block-content md:pb-[20px]\">\n<p>Anna Bansbach wuchs als Tochter von Silke Bansbach und Edgar Hahn-Bansbach im Unternehmen auf und war daher von Kindesbeinen an involviert. Schon fr\u00fch wurde dadurch ihr Interesse an der Technik geweckt. Es war schnell klar, dass sie als \u00e4ltestes der drei Kinder in die Fu\u00dfstapfen ihrer Eltern treten wird. Die Karriere von Anna Bansbach begann 2002 im elterlichen Betrieb mit der Ausbildung zur Industriemechanikerin. Sie entschied sich damals bewusst gegen den weiteren Weg auf dem Gymnasium. Es galt, in einem ersten Schritt, die komplexe und sehr spezielle Fertigung der Bansbach-Gasfeder von der Pike auf zu erlernen.<\/p><p>Nach Abschluss der handwerklichen Ausbildung wurde das Abitur nachgeholt. Damit war ihr weiterer Weg vorgezeichnet. So verlie\u00df Anna Bansbach 2005 das Unternehmen nochmals, um in Aalen ein Ingenieur-Studium zu beginnen. Nach erfolgreichem Abschluss stieg sie 2010 wieder in das Unternehmen ein. Als Assistentin der Gesch\u00e4ftsleitung \u00fcbernahm sie Verantwortung. Das Hauptaugenmerk galt dabei am Anfang den Bereichen der Produktion sowie der Technik und Entwicklung.Ende 2011 stieg Anna Bansbach in die Gesch\u00e4ftsf\u00fchrung ein und erhielt Prokura. Parallel dazu absolvierte sie ein Studium zum Master of Business Administration (MBA) in Deggendorf mit dem Schwerpunkt \u201eLeadership von Mittelst\u00e4ndischen Unternehmen\u201c. 2014 schloss sie das Studium erfolgreich ab. Damit wurden die betriebswirtschaftlichen Grundlagen nochmals vertieft und das vorhandene technische Know-how ideal erg\u00e4nzt.<\/p><p>Die Voraussetzungen f\u00fcr den weiteren Weg waren geschaffen. Anna Bansbachs Verantwortung wuchs weiter. Am 1. Januar 2015 wurde sie zur Gesch\u00e4ftsf\u00fchrerin bei Bansbach easylift ernannt. Seither leitet sie, zusammen mit ihrem Vater Edgar Hahn-Bansbach, die Geschicke der Firma und f\u00fchrt das Unternehmen in eine erfolgreiche Zukunft. Der Weg der vergangenen Jahrzehnte wird damit fortgesetzt und die Werte des inhabergef\u00fchrten Familienunternehmens nachhaltig gesichert.<\/p>\n<\/div><div class=\"flex flex-wrap\"><a  class=\"w-full md:w-auto btn value-buttonTitle1\" href=\"\/unternehmen\/portraits\/\" title=\"Zur\u00fcck zur \u00dcbersicht\" rel=\"noopener\">Zur\u00fcck zur \u00dcbersicht<\/a><\/div><\/div><\/div>\n<\/div><\/div>\n<\/div><\/div>\n","protected":false},"excerpt":{"rendered":"","protected":false},"author":1,"featured_media":0,"parent":4273,"menu_order":60,"comment_status":"closed","ping_status":"closed","template":"","meta":{"_seopress_robots_primary_cat":"","_seopress_titles_title":"","_seopress_titles_desc":"","_seopress_robots_index":"","footnotes":""},"class_list":["post-4009","page","type-page","status-publish","hentry"],"_links":{"self":[{"href":"https:\/\/www.bansbach.com\/de\/wp-json\/wp\/v2\/pages\/4009","targetHints":{"allow":["GET"]}}],"collection":[{"href":"https:\/\/www.bansbach.com\/de\/wp-json\/wp\/v2\/pages"}],"about":[{"href":"https:\/\/www.bansbach.com\/de\/wp-json\/wp\/v2\/types\/page"}],"author":[{"embeddable":true,"href":"https:\/\/www.bansbach.com\/de\/wp-json\/wp\/v2\/users\/1"}],"replies":[{"embeddable":true,"href":"https:\/\/www.bansbach.com\/de\/wp-json\/wp\/v2\/comments?post=4009"}],"version-history":[{"count":13,"href":"https:\/\/www.bansbach.com\/de\/wp-json\/wp\/v2\/pages\/4009\/revisions"}],"predecessor-version":[{"id":4315,"href":"https:\/\/www.bansbach.com\/de\/wp-json\/wp\/v2\/pages\/4009\/revisions\/4315"}],"up":[{"embeddable":true,"href":"https:\/\/www.bansbach.com\/de\/wp-json\/wp\/v2\/pages\/4273"}],"wp:attachment":[{"href":"https:\/\/www.bansbach.com\/de\/wp-json\/wp\/v2\/media?parent=4009"}],"curies":[{"name":"wp","href":"https:\/\/api.w.org\/{rel}","templated":true}]}}