{"id":4296,"date":"2022-10-19T15:19:44","date_gmt":"2022-10-19T13:19:44","guid":{"rendered":"https:\/\/bansbach.staging.trk17.de\/?page_id=4296"},"modified":"2026-01-29T12:03:56","modified_gmt":"2026-01-29T11:03:56","slug":"edgar-hahn-bansbach","status":"publish","type":"page","link":"https:\/\/www.bansbach.com\/de\/unternehmen\/portraits\/edgar-hahn-bansbach\/","title":{"rendered":"Edgar Hahn-Bansbach"},"content":{"rendered":"\n<div class=\"wp-block-trk17-bansbach-theme-common-headline\"><div class=\"container mt-[50px] md:mt-[80px] mb-[50px] text-dark text-left\"><h2 class=\"pb-[10px] text-h5 small-headline uppercase text-blue\">1984 bis jetzt<\/h2><div class=\"headline headline text-h2 md:text-h2-40 font-bold\">Edgar Hahn-Bansbach<\/div><\/div><\/div>\n\n\n\n<div class=\"wp-block-trk17-bansbach-theme-common-columns\"><div class=\"container sm:flex sm:justify-between relative\">\n<div class=\"sm:w-[calc(25%-30px)]\"><div class=\"mx-[-15px] w-[calc(100%+30px)]\">\n<div class=\"wp-block-trk17-bansbach-theme-common-image-text\"><div class=\"relative z-[1] overflow-hidden mb-[50px] md:mb-[100px]\"><div class=\"container text-dark \"><div class=\"inline-block align-middle w-full \"><img decoding=\"async\" src=\"https:\/\/www.bansbach.com\/wp-content\/uploads\/2022\/08\/portrait-hahn-bansbach-60x80.jpg\" srcset=\"https:\/\/www.bansbach.com\/wp-content\/uploads\/2022\/08\/portrait-hahn-bansbach-60x80.jpg 60w, https:\/\/www.bansbach.com\/wp-content\/uploads\/2022\/08\/portrait-hahn-bansbach-135x180.jpg 135w, https:\/\/www.bansbach.com\/wp-content\/uploads\/2022\/08\/portrait-hahn-bansbach-225x300.jpg 225w, https:\/\/www.bansbach.com\/wp-content\/uploads\/2022\/08\/portrait-hahn-bansbach-225x300.jpg 225w, https:\/\/www.bansbach.com\/wp-content\/uploads\/2022\/08\/portrait-hahn-bansbach-435x580.jpg 435w, https:\/\/www.bansbach.com\/wp-content\/uploads\/2022\/08\/portrait-hahn-bansbach-480x640.jpg 480w, https:\/\/www.bansbach.com\/wp-content\/uploads\/2022\/08\/portrait-hahn-bansbach-600x800.jpg 600w, https:\/\/www.bansbach.com\/wp-content\/uploads\/2022\/08\/portrait-hahn-bansbach-600x800.jpg 600w, https:\/\/www.bansbach.com\/wp-content\/uploads\/2022\/08\/portrait-hahn-bansbach-600x800.jpg 600w, https:\/\/www.bansbach.com\/wp-content\/uploads\/2022\/08\/portrait-hahn-bansbach-600x800.jpg 600w\" sizes=\"95vw\" alt=\"Portrait von Edgar Hahn-Bansbach.\" loading=\"lazy\"><\/div><\/div><\/div><\/div>\n<\/div><\/div>\n\n\n\n<div class=\"sm:w-[calc(75%-30px)]\"><div class=\"mx-[-15px] w-[calc(100%+30px)]\">\n<div class=\"wp-block-trk17-bansbach-theme-common-text\"><div class=\"container py-[10px] md:py-[15px] text-dark\"><div class=\"text-block-content md:pb-[20px]\">\n<p>Edgar Hahn-Bansbach stieg 1984 als zuk\u00fcnftiger Schwiegersohn des damaligen Firmenchefs bei Bansbach easylift ein, bis er das Unternehmen 1994, zusammen mit seiner Frau Silke Bansbach, komplett erwarb. Der Einstieg erfolgte alles andere als geplant. Nach dem Studium zum Wirtschaftsingenieur in Esslingen war der Start bei einer Unternehmensberatung eigentlich beschlossene Sache. Es sollte allerdings anders kommen: Edgar Hahn-Bansbach pr\u00e4gte das Unternehmen in den darauffolgenden Jahren und Jahrzehnten und verhalf ihm zu einem enormen Wachstum.<\/p><p>Entscheidend f\u00fcr dieses enorme Wachstum war die konsequente internationale Ausrichtung in Verbindung mit der Konzentration und Ausbau der Unternehmensst\u00e4rken wie Kundenorientierung, Qualit\u00e4t und Flexibilit\u00e4t. So wurden unter Edgar Hahn-Bansbach alle M\u00e4rkte der Welt erschlossen. Und bei jeder Expansion stellte der Firmenchef selbst vor Ort die Weichen. In der Zwischenzeit sind die Bansbach-Gasfedern auf der ganzen Welt bekannt und werden in allen L\u00e4ndern angeboten.<\/p><p>Ein weiterer wichtiger Punkt im Schaffen von Edgar Hahn-Bansbach ist und war, das Unternehmen unabh\u00e4ngig zu f\u00fchren: unabh\u00e4ngig von einzelnen M\u00e4rkten und Branchen, vor allem aber unabh\u00e4ngig von Investoren und sonstigen Geldgebern.<\/p><p>Somit ist der von Edgar Hahn-Bansbach gef\u00fchrte mittelst\u00e4ndische Betrieb auch stets ein verl\u00e4sslicher Arbeitgeber f\u00fcr seine Mitarbeiter. Produktionsverlagerungen ins billige Ausland, Kurzarbeit oder gar Entlassungen standen f\u00fcr Edgar Hahn-Bansbach niemals zur Debatte. Oberstes Unternehmensziel war und ist, seinen Mitarbeitern einen sicheren Arbeitsplatz zu bieten.<\/p><p>Unter Edgar Hahn-Bansbach ist der kleine mittelst\u00e4ndische Betrieb zu einem Global Player und zum Weltmarktf\u00fchrer in den Nischenm\u00e4rkten f\u00fcr kundenspezifische Gasfedern herangewachsen. Die Mitarbeiterzahl konnte in diesem Zeitraum von 39 (1984) auf \u00fcber 400 (heute) gesteigert werden. Der Umsatz wurde um mehr als den Faktor Zwanzig gesteigert. Unter der Leitung von Edgar Hahn-Bansbach hat sich das schw\u00e4bische Vorzeigeunternehmen zum weltweit f\u00fchrenden Anbieter von kundenspezifischen Gasfedern entwickelt.<\/p>\n<\/div><div class=\"flex flex-wrap\"><a  class=\"w-full md:w-auto btn value-buttonTitle1\" href=\"\/unternehmen\/portraits\/\" title=\"Zur\u00fcck zur \u00dcbersicht\" rel=\"noopener\">Zur\u00fcck zur \u00dcbersicht<\/a><\/div><\/div><\/div>\n<\/div><\/div>\n<\/div><\/div>\n","protected":false},"excerpt":{"rendered":"","protected":false},"author":1,"featured_media":0,"parent":4273,"menu_order":40,"comment_status":"closed","ping_status":"closed","template":"","meta":{"_seopress_robots_primary_cat":"","_seopress_titles_title":"","_seopress_titles_desc":"","_seopress_robots_index":"","footnotes":""},"class_list":["post-4296","page","type-page","status-publish","hentry"],"_links":{"self":[{"href":"https:\/\/www.bansbach.com\/de\/wp-json\/wp\/v2\/pages\/4296","targetHints":{"allow":["GET"]}}],"collection":[{"href":"https:\/\/www.bansbach.com\/de\/wp-json\/wp\/v2\/pages"}],"about":[{"href":"https:\/\/www.bansbach.com\/de\/wp-json\/wp\/v2\/types\/page"}],"author":[{"embeddable":true,"href":"https:\/\/www.bansbach.com\/de\/wp-json\/wp\/v2\/users\/1"}],"replies":[{"embeddable":true,"href":"https:\/\/www.bansbach.com\/de\/wp-json\/wp\/v2\/comments?post=4296"}],"version-history":[{"count":3,"href":"https:\/\/www.bansbach.com\/de\/wp-json\/wp\/v2\/pages\/4296\/revisions"}],"predecessor-version":[{"id":4313,"href":"https:\/\/www.bansbach.com\/de\/wp-json\/wp\/v2\/pages\/4296\/revisions\/4313"}],"up":[{"embeddable":true,"href":"https:\/\/www.bansbach.com\/de\/wp-json\/wp\/v2\/pages\/4273"}],"wp:attachment":[{"href":"https:\/\/www.bansbach.com\/de\/wp-json\/wp\/v2\/media?parent=4296"}],"curies":[{"name":"wp","href":"https:\/\/api.w.org\/{rel}","templated":true}]}}