{"id":4302,"date":"2022-10-19T15:27:50","date_gmt":"2022-10-19T13:27:50","guid":{"rendered":"https:\/\/bansbach.staging.trk17.de\/?page_id=4302"},"modified":"2026-01-29T12:03:57","modified_gmt":"2026-01-29T11:03:57","slug":"hermann-bansbach-junior","status":"publish","type":"page","link":"https:\/\/www.bansbach.com\/de\/unternehmen\/portraits\/hermann-bansbach-junior\/","title":{"rendered":"Hermann Bansbach (Junior)"},"content":{"rendered":"\n<div class=\"wp-block-trk17-bansbach-theme-common-headline\"><div class=\"container mt-[50px] md:mt-[80px] mb-[50px] text-dark text-left\"><h2 class=\"pb-[10px] text-h5 small-headline uppercase text-blue\">1954 \u2013 1994<\/h2><div class=\"headline headline text-h2 md:text-h2-40 font-bold\">Hermann Bansbach (Junior)<\/div><\/div><\/div>\n\n\n\n<div class=\"wp-block-trk17-bansbach-theme-common-columns\"><div class=\"container sm:flex sm:justify-between relative\">\n<div class=\"sm:w-[calc(25%-30px)]\"><div class=\"mx-[-15px] w-[calc(100%+30px)]\">\n<div class=\"wp-block-trk17-bansbach-theme-common-image-text\"><div class=\"relative z-[1] overflow-hidden mb-[50px] md:mb-[100px]\"><div class=\"container text-dark \"><div class=\"inline-block align-middle w-full \"><img decoding=\"async\" src=\"https:\/\/www.bansbach.com\/wp-content\/uploads\/2022\/08\/portrait-hermann-bansbach-jr-60x80.jpg\" srcset=\"https:\/\/www.bansbach.com\/wp-content\/uploads\/2022\/08\/portrait-hermann-bansbach-jr-60x80.jpg 60w, https:\/\/www.bansbach.com\/wp-content\/uploads\/2022\/08\/portrait-hermann-bansbach-jr-135x180.jpg 135w, https:\/\/www.bansbach.com\/wp-content\/uploads\/2022\/08\/portrait-hermann-bansbach-jr-225x300.jpg 225w, https:\/\/www.bansbach.com\/wp-content\/uploads\/2022\/08\/portrait-hermann-bansbach-jr-225x300.jpg 225w, https:\/\/www.bansbach.com\/wp-content\/uploads\/2022\/08\/portrait-hermann-bansbach-jr-435x580.jpg 435w, https:\/\/www.bansbach.com\/wp-content\/uploads\/2022\/08\/portrait-hermann-bansbach-jr-480x640.jpg 480w, https:\/\/www.bansbach.com\/wp-content\/uploads\/2022\/08\/portrait-hermann-bansbach-jr-600x800.jpg 600w, https:\/\/www.bansbach.com\/wp-content\/uploads\/2022\/08\/portrait-hermann-bansbach-jr-600x800.jpg 600w, https:\/\/www.bansbach.com\/wp-content\/uploads\/2022\/08\/portrait-hermann-bansbach-jr-600x800.jpg 600w, https:\/\/www.bansbach.com\/wp-content\/uploads\/2022\/08\/portrait-hermann-bansbach-jr-600x800.jpg 600w\" sizes=\"95vw\" alt=\"Portrait von Hermann Bansbach.\" loading=\"lazy\"><\/div><\/div><\/div><\/div>\n<\/div><\/div>\n\n\n\n<div class=\"sm:w-[calc(75%-30px)]\"><div class=\"mx-[-15px] w-[calc(100%+30px)]\">\n<div class=\"wp-block-trk17-bansbach-theme-common-text\"><div class=\"container py-[10px] md:py-[15px] text-dark\"><div class=\"text-block-content md:pb-[20px]\">\n<p>Hermann Bansbach (jun.), der Sohn von Gr\u00fcnder Hermann Bansbach (sen.), wurde am 30.10.1930 in Bad Cannstatt geboren. Schon fr\u00fch war klar, dass er das elterliche Unternehmen in die Zukunft f\u00fchren sollte. Nach erfolgreichem Abschluss des Maschinenbaustudiums 1953 in Esslingen sammelte Hermann Bansbach (jun.) die ersten Berufserfahrungen als Diplom-Ingenieur bei Carl Zeiss. 1954 stieg er ins elterliche Unternehmen ein. In den 40 Jahren an der Spitze seines Unternehmens traf Hermann Bansbach (jun.) zwei ganz bedeutende und wegweisende Entscheidungen: Er verlegte den Standort der Firma nach Lorch, was dem Unternehmen ein langfristiges Wachstum erm\u00f6glichte.<\/p><p>Durch die 1966 von Hermann Bansbach (jun.) eingef\u00fchrte Gasfeder wurde die Firma ma\u00dfgeblich gepr\u00e4gt und z\u00e4hlte zu den ersten Gasfederherstellern \u00fcberhaupt. Das Unternehmen entwickelte sich schnell vom Lohnfertiger von Mengendrehteilen zu einem Komplettanbieter von kundenspezifischen Gasfedern. Oberingenieur Hermann Bansbach (jun.) war von 1954 bis 1994 als Eigent\u00fcmer und Gesch\u00e4ftsf\u00fchrer an der Spitze des Unternehmens t\u00e4tig und pr\u00e4gte es nachhaltig. Der Betrieb wuchs in den Jahren von einer kleinen Werkstatt zu einem mittelst\u00e4ndischen Unternehmen mit enormem Entwicklungspotential.<\/p>\n<\/div><div class=\"flex flex-wrap\"><a  class=\"w-full md:w-auto btn value-buttonTitle1\" href=\"\/unternehmen\/portraits\/\" title=\"Zur\u00fcck zur \u00dcbersicht\" rel=\"noopener\">Zur\u00fcck zur \u00dcbersicht<\/a><\/div><\/div><\/div>\n<\/div><\/div>\n<\/div><\/div>\n","protected":false},"excerpt":{"rendered":"","protected":false},"author":1,"featured_media":0,"parent":4273,"menu_order":20,"comment_status":"closed","ping_status":"closed","template":"","meta":{"_seopress_robots_primary_cat":"","_seopress_titles_title":"","_seopress_titles_desc":"","_seopress_robots_index":"","footnotes":""},"class_list":["post-4302","page","type-page","status-publish","hentry"],"_links":{"self":[{"href":"https:\/\/www.bansbach.com\/de\/wp-json\/wp\/v2\/pages\/4302","targetHints":{"allow":["GET"]}}],"collection":[{"href":"https:\/\/www.bansbach.com\/de\/wp-json\/wp\/v2\/pages"}],"about":[{"href":"https:\/\/www.bansbach.com\/de\/wp-json\/wp\/v2\/types\/page"}],"author":[{"embeddable":true,"href":"https:\/\/www.bansbach.com\/de\/wp-json\/wp\/v2\/users\/1"}],"replies":[{"embeddable":true,"href":"https:\/\/www.bansbach.com\/de\/wp-json\/wp\/v2\/comments?post=4302"}],"version-history":[{"count":3,"href":"https:\/\/www.bansbach.com\/de\/wp-json\/wp\/v2\/pages\/4302\/revisions"}],"predecessor-version":[{"id":4311,"href":"https:\/\/www.bansbach.com\/de\/wp-json\/wp\/v2\/pages\/4302\/revisions\/4311"}],"up":[{"embeddable":true,"href":"https:\/\/www.bansbach.com\/de\/wp-json\/wp\/v2\/pages\/4273"}],"wp:attachment":[{"href":"https:\/\/www.bansbach.com\/de\/wp-json\/wp\/v2\/media?parent=4302"}],"curies":[{"name":"wp","href":"https:\/\/api.w.org\/{rel}","templated":true}]}}