{"id":10383,"date":"2022-08-25T13:52:42","date_gmt":"2022-08-25T11:52:42","guid":{"rendered":"https:\/\/b37i6suw.myrdbx.io\/?page_id=10383"},"modified":"2026-02-09T12:55:51","modified_gmt":"2026-02-09T11:55:51","slug":"anna-bansbach","status":"publish","type":"page","link":"https:\/\/www.bansbach.com\/es\/unternehmen\/portraits\/anna-bansbach\/","title":{"rendered":"Anna Bansbach"},"content":{"rendered":"\n<div class=\"wp-block-trk17-bansbach-theme-common-headline\"><div class=\"container mt-[50px] md:mt-[80px] mb-[50px] text-dark text-left\"><h2 class=\"pb-[10px] text-h5 small-headline uppercase text-blue\">2002 Hasta hoy<\/h2><div class=\"headline headline text-h2 md:text-h2-40 font-bold\">Anna Bansbach<\/div><\/div><\/div>\n\n\n\n<div class=\"wp-block-trk17-bansbach-theme-common-columns\"><div class=\"container sm:flex sm:justify-between relative\">\n<div class=\"sm:w-[calc(25%-30px)]\"><div class=\"mx-[-15px] w-[calc(100%+30px)]\">\n<div class=\"wp-block-trk17-bansbach-theme-common-image-text\"><div class=\"relative z-[1] overflow-hidden mb-[50px] md:mb-[100px]\"><div class=\"container text-dark \"><div class=\"inline-block align-middle w-full \"><img decoding=\"async\" src=\"https:\/\/www.bansbach.com\/wp-content\/uploads\/2022\/08\/portrait-anna-bansbach-60x80.jpg\" srcset=\"https:\/\/www.bansbach.com\/wp-content\/uploads\/2022\/08\/portrait-anna-bansbach-60x80.jpg 60w, https:\/\/www.bansbach.com\/wp-content\/uploads\/2022\/08\/portrait-anna-bansbach-135x180.jpg 135w, https:\/\/www.bansbach.com\/wp-content\/uploads\/2022\/08\/portrait-anna-bansbach-225x300.jpg 225w, https:\/\/www.bansbach.com\/wp-content\/uploads\/2022\/08\/portrait-anna-bansbach-225x300.jpg 225w, https:\/\/www.bansbach.com\/wp-content\/uploads\/2022\/08\/portrait-anna-bansbach-435x580.jpg 435w, https:\/\/www.bansbach.com\/wp-content\/uploads\/2022\/08\/portrait-anna-bansbach-480x640.jpg 480w, https:\/\/www.bansbach.com\/wp-content\/uploads\/2022\/08\/portrait-anna-bansbach-600x800.jpg 600w, https:\/\/www.bansbach.com\/wp-content\/uploads\/2022\/08\/portrait-anna-bansbach-600x800.jpg 600w, https:\/\/www.bansbach.com\/wp-content\/uploads\/2022\/08\/portrait-anna-bansbach-600x800.jpg 600w, https:\/\/www.bansbach.com\/wp-content\/uploads\/2022\/08\/portrait-anna-bansbach-600x800.jpg 600w\" sizes=\"95vw\" alt=\"Portrait von Anna Bansbach.\" loading=\"lazy\"><\/div><\/div><\/div><\/div>\n<\/div><\/div>\n\n\n\n<div class=\"sm:w-[calc(75%-30px)]\"><div class=\"mx-[-15px] w-[calc(100%+30px)]\">\n<div class=\"wp-block-trk17-bansbach-theme-common-text\"><div class=\"container py-[10px] md:py-[15px] text-dark\"><div class=\"text-block-content md:pb-[20px]\">\n<p>Anna Bansbach creci\u00f3 como hija de Silke Bansbach y Edgar Hahn-Bansbach en la compa\u00f1\u00eda y estuvo involucrada en el negocio desde una edad temprana. Esto signific\u00f3 que en la tecnolog\u00eda se despert\u00f3 desde el principio. Habr\u00eda llegado a ser bastante dif\u00edcil que ella siguiera los pasos de los padres como el mayor de tres hijos. La carrera de Anna Bansbach comenz\u00f3 en 2002 en la compa\u00f1\u00eda de sus padres con la formaci\u00f3n profesional para convertirse en un mec\u00e1nico industrial. Fue la decisi\u00f3n consciente de no continuar su educaci\u00f3n escolar. M\u00e1s bien, ella primero quer\u00eda aprender la producci\u00f3n compleja y muy especial del resorte de gas Bansbach de abajo hacia arriba.<br><br>Una vez finalizado el entrenamiento artesanal, el Abitur fue inventado. Esto marc\u00f3 su camino. En 2005, Anna Bansbach abandon\u00f3 la compa\u00f1\u00eda nuevamente para comenzar una licenciatura en ingenier\u00eda en Aalen. Despu\u00e9s de graduarse, regres\u00f3 a la compa\u00f1\u00eda en 2010. Como asistente de gesti\u00f3n asumi\u00f3 la responsabilidad. Al principio, el enfoque principal era la producci\u00f3n, la tecnolog\u00eda y el desarrollo. A finales de 2011, Anna Bansbach se uni\u00f3 a la junta directiva y recibi\u00f3 un poder notarial. Al mismo tiempo, complet\u00f3 su Maestr\u00eda en Administraci\u00f3n de Empresas (MBA) en Deggendorf con un enfoque en \u00abLiderazgo de empresas medianas\u00bb. En 2014 complet\u00f3 con \u00e9xito sus estudios. Por lo tanto, los conceptos b\u00e1sicos de negocios se profundizaron y los conocimientos t\u00e9cnicos existentes se complementaron de manera ideal.<\/p><p>Se crearon las condiciones para el camino a seguir. Las responsabilidades de Anna Bansbach siguieron creciendo. El 1 de enero de 2015, fue nombrada Directora General de Bansbach easylift. Desde entonces, junto con su padre Edgar Hahn-Bansbach, ella administra las fortunas de la compa\u00f1\u00eda y lleva a la compa\u00f1\u00eda a un futuro exitoso. El camino de las \u00faltimas d\u00e9cadas continuar\u00e1 y los valores de la empresa familiar administrada por el propietario se asegurar\u00e1n de manera sostenible.<\/p>\n<\/div><div class=\"flex flex-wrap\"><a class=\"w-full md:w-auto btn\" href=\"https:\/\/www.bansbach.com\/es\/unternehmen\/portraits\/\" title=\"Volver a la visi\u00f3n general\" rel=\"noopener\">Volver a la visi\u00f3n general<\/a><\/div><\/div><\/div>\n<\/div><\/div>\n<\/div><\/div>\n","protected":false},"excerpt":{"rendered":"","protected":false},"author":4,"featured_media":0,"parent":10369,"menu_order":60,"comment_status":"closed","ping_status":"closed","template":"","meta":{"_seopress_robots_primary_cat":"","_seopress_titles_title":"","_seopress_titles_desc":"","_seopress_robots_index":"","footnotes":""},"class_list":["post-10383","page","type-page","status-publish","hentry"],"_links":{"self":[{"href":"https:\/\/www.bansbach.com\/es\/wp-json\/wp\/v2\/pages\/10383","targetHints":{"allow":["GET"]}}],"collection":[{"href":"https:\/\/www.bansbach.com\/es\/wp-json\/wp\/v2\/pages"}],"about":[{"href":"https:\/\/www.bansbach.com\/es\/wp-json\/wp\/v2\/types\/page"}],"author":[{"embeddable":true,"href":"https:\/\/www.bansbach.com\/es\/wp-json\/wp\/v2\/users\/4"}],"replies":[{"embeddable":true,"href":"https:\/\/www.bansbach.com\/es\/wp-json\/wp\/v2\/comments?post=10383"}],"version-history":[{"count":6,"href":"https:\/\/www.bansbach.com\/es\/wp-json\/wp\/v2\/pages\/10383\/revisions"}],"predecessor-version":[{"id":25385,"href":"https:\/\/www.bansbach.com\/es\/wp-json\/wp\/v2\/pages\/10383\/revisions\/25385"}],"up":[{"embeddable":true,"href":"https:\/\/www.bansbach.com\/es\/wp-json\/wp\/v2\/pages\/10369"}],"wp:attachment":[{"href":"https:\/\/www.bansbach.com\/es\/wp-json\/wp\/v2\/media?parent=10383"}],"curies":[{"name":"wp","href":"https:\/\/api.w.org\/{rel}","templated":true}]}}