{"id":11319,"date":"2022-06-14T11:07:28","date_gmt":"2022-06-14T09:07:28","guid":{"rendered":"https:\/\/b37i6suw.myrdbx.io\/?page_id=11319"},"modified":"2026-02-09T12:55:53","modified_gmt":"2026-02-09T11:55:53","slug":"entsorgungsvorschriften","status":"publish","type":"page","link":"https:\/\/www.bansbach.com\/es\/entsorgungsvorschriften\/","title":{"rendered":"Instrucciones de desecho y reciclaje"},"content":{"rendered":"\n<div class=\"wp-block-trk17-bansbach-theme-common-columns\"><div class=\"container sm:flex sm:justify-between relative\">\n<div class=\"sm:w-[calc(25%-30px)]\"><div class=\"mx-[-15px] w-[calc(100%+30px)]\"><\/div><\/div>\n\n\n\n<div class=\"sm:w-[calc(50%-30px)]\"><div class=\"mx-[-15px] w-[calc(100%+30px)]\">\n<div class=\"wp-block-trk17-bansbach-theme-common-text\"><div class=\"container py-[10px] md:py-[15px] text-dark\"><h2 class=\"md:pb-[10px] text-h5 small-headline uppercase text-blue\">Para resortes de gas <\/h2><div class=\"headline headline font-bold text-h2 mb-[30px]\">INSTRUCCIONES DE DESECHO Y RECICLAJE<\/div><div class=\"text-block-content md:pb-[20px]\">\n<p>Resortes de gas consisten en mayor\u00eda de metal y pueden ser reciclados, pero primero el resorte de gas debe ser despresurizado, el aceite drenado y desecho separado del resorte.<\/p><p><br>Debido a que el resorte tiene alta presi\u00f3n es necesario que sea desecho apropiadamente.<\/p>\n<\/div><div class=\"flex flex-wrap\"><\/div><\/div><\/div>\n\n\n\n<div class=\"wp-block-trk17-bansbach-theme-common-text\"><div class=\"container py-[10px] md:py-[15px] text-dark\"><div class=\"headline headline font-bold text-h4 mb-[7px]\"><br>1.1 Procedimiento<\/div><div class=\"text-block-content md:pb-[20px]\">\n<p>Los siguientes puntos son esenciales en hacerlo correctamente:<br><br>a) Determine que tipo de resorte es el que tiene enfrente de usted.<br><br>b) Con un resorte de gas extendido completamente suavemente taladre o serruche punto X1. Debido a la alta presi\u00f3n interna, debe tener cuidado ya que migajas o aceite puede saltar. Para proteger se, precauciones deben tomarse (mascara par ojos y cara, cobertor de \u00e1rea de taladro o serrucho, etc.)<br><br>c) Si hay un \u00e1rea con X2, siga los mismos procedimientos.<br><br>d) Definitivamente, no se pare delate o detr\u00e1s del eje de corrido del v\u00e1stago. No permita que el v\u00e1stago este apuntando a alguien mientras se libera la presi\u00f3n. No despegue las dos puntas. De ninguna manera use un torno.<br><br>e) Puede determinar que tanta presi\u00f3n tiene el resorte con la facilidad que toma comprimir y extender el v\u00e1stago.<\/p><p><br><br>f) Deseche el aceite localmente y siguiendo las instrucciones. No tire el aceite al suelo, ya sea cerca de un cuerpo de agua, ni tampoco lo deseche con pedazos de metal.<\/p><p><\/p>\n<\/div><div class=\"flex flex-wrap\"><\/div><\/div><\/div>\n\n\n\n<div class=\"wp-block-trk17-bansbach-theme-common-text\"><div class=\"container py-[10px] md:py-[15px] text-dark\"><div class=\"headline headline font-bold text-h4 mb-[7px]\">1.2 LA ELIMINACI\u00d3N DE LOS COMPONENTES DE MUELLE DE GAS<\/div><div class=\"text-block-content md:pb-[20px]\">\n<ul class=\"list-double-arrow text-sm\"><li>Elimine el aceite usado de acuerdo con las normativas locales.<\/li><li>Evitar que penetre en el suelo o cursos de agua.<\/li><li>Disponer de resorte de gas vac\u00eda con chatarra de hierro.<\/li><\/ul>\n\n\n\n<p>Si no es capaz de realizar lo mencionado, recomendamos \u2013 despu\u00e9s de consultar \u2013 que regrese los resortes a la fabrica, con el env\u00edo pagado. Si su desecho resulta muy costoso, pregunte sobre el costo de nuestro desecho.<\/p><p><\/p>\n<\/div><div class=\"flex flex-wrap\"><\/div><\/div><\/div>\n\n\n\n<div class=\"wp-block-trk17-bansbach-theme-common-text\"><div class=\"container py-[10px] md:py-[15px] text-dark\"><div class=\"headline headline font-bold text-h4 mb-[7px]\">1.3 Resorte de gas tipos de construcci\u00f3n<\/div><div class=\"text-block-content md:pb-[20px]\">\n<p><\/p>\n<\/div><div class=\"flex flex-wrap\"><\/div><\/div><\/div>\n\n\n\n<div class=\"wp-block-trk17-bansbach-theme-common-image-text\"><div class=\"relative z-[1] overflow-hidden mb-[40px] md:mb-[90px]\"><div class=\"container text-dark \"><div class=\"inline-block align-middle w-full \"><img decoding=\"async\" src=\"https:\/\/www.bansbach.com\/wp-content\/uploads\/2022\/07\/entsorgung-1.3.1-gasfeder-standard-80x50.png\" srcset=\"https:\/\/www.bansbach.com\/wp-content\/uploads\/2022\/07\/entsorgung-1.3.1-gasfeder-standard-80x50.png 80w, https:\/\/www.bansbach.com\/wp-content\/uploads\/2022\/07\/entsorgung-1.3.1-gasfeder-standard-250x156.png 250w, https:\/\/www.bansbach.com\/wp-content\/uploads\/2022\/07\/entsorgung-1.3.1-gasfeder-standard-400x249.png 400w, https:\/\/www.bansbach.com\/wp-content\/uploads\/2022\/07\/entsorgung-1.3.1-gasfeder-standard-400x249.png 400w, https:\/\/www.bansbach.com\/wp-content\/uploads\/2022\/07\/entsorgung-1.3.1-gasfeder-standard-480x299.png 480w, https:\/\/www.bansbach.com\/wp-content\/uploads\/2022\/07\/entsorgung-1.3.1-gasfeder-standard-500x311.png 500w, https:\/\/www.bansbach.com\/wp-content\/uploads\/2022\/07\/entsorgung-1.3.1-gasfeder-standard-500x311.png 500w, https:\/\/www.bansbach.com\/wp-content\/uploads\/2022\/07\/entsorgung-1.3.1-gasfeder-standard-500x311.png 500w, https:\/\/www.bansbach.com\/wp-content\/uploads\/2022\/07\/entsorgung-1.3.1-gasfeder-standard-500x311.png 500w, https:\/\/www.bansbach.com\/wp-content\/uploads\/2022\/07\/entsorgung-1.3.1-gasfeder-standard-500x311.png 500w\" sizes=\"95vw\" alt=\"\" loading=\"lazy\"><\/div><div class=\"inline-block align-middle pt-[32px] md:pt-0 w-full \">\n<div class=\"wp-block-trk17-bansbach-theme-common-text\"><div class=\"container py-[10px] md:py-[15px] text-dark\"><div class=\"headline headline font-bold text-h4 mb-[7px]\"><h3 class=\"uk-panel-title uk-margin-bottom-remove\" style=\"margin-top: 0px; margin-right: 0px; margin-bottom: 0px !important; margin-left: 0px; font-family: Montserrat, Helvetica, Arial, sans-serif; font-weight: 300; line-height: 20px; color: rgb(34, 34, 34); text-rendering: auto; font-size: 18px; text-transform: uppercase; font-style: normal; font-variant-ligatures: normal; font-variant-caps: normal; letter-spacing: normal; orphans: 2; text-align: left; text-indent: 0px; widows: 2; word-spacing: 0px; -webkit-text-stroke-width: 0px; white-space: normal; background-color: rgb(255, 255, 255); text-decoration-thickness: initial; text-decoration-style: initial; text-decoration-color: initial;\"><\/h3>1.3.1 RESORTE DE GAS EST\u00c1NDAR<\/div><div class=\"text-block-content md:pb-[20px]\"><\/div><div class=\"flex flex-wrap\"><\/div><\/div><\/div>\n<\/div><\/div><\/div><\/div>\n\n\n\n<div class=\"wp-block-trk17-bansbach-theme-common-image-text\"><div class=\"relative z-[1] overflow-hidden mb-[40px] md:mb-[90px]\"><div class=\"container text-dark \"><div class=\"inline-block align-middle w-full \"><img decoding=\"async\" src=\"https:\/\/www.bansbach.com\/wp-content\/uploads\/2022\/07\/entsorgung-1.3.2-gasfeder-mit-trennkolben-80x50.png\" srcset=\"https:\/\/www.bansbach.com\/wp-content\/uploads\/2022\/07\/entsorgung-1.3.2-gasfeder-mit-trennkolben-80x50.png 80w, https:\/\/www.bansbach.com\/wp-content\/uploads\/2022\/07\/entsorgung-1.3.2-gasfeder-mit-trennkolben-250x156.png 250w, https:\/\/www.bansbach.com\/wp-content\/uploads\/2022\/07\/entsorgung-1.3.2-gasfeder-mit-trennkolben-400x249.png 400w, https:\/\/www.bansbach.com\/wp-content\/uploads\/2022\/07\/entsorgung-1.3.2-gasfeder-mit-trennkolben-400x249.png 400w, https:\/\/www.bansbach.com\/wp-content\/uploads\/2022\/07\/entsorgung-1.3.2-gasfeder-mit-trennkolben-480x299.png 480w, https:\/\/www.bansbach.com\/wp-content\/uploads\/2022\/07\/entsorgung-1.3.2-gasfeder-mit-trennkolben-500x311.png 500w, https:\/\/www.bansbach.com\/wp-content\/uploads\/2022\/07\/entsorgung-1.3.2-gasfeder-mit-trennkolben-500x311.png 500w, https:\/\/www.bansbach.com\/wp-content\/uploads\/2022\/07\/entsorgung-1.3.2-gasfeder-mit-trennkolben-500x311.png 500w, https:\/\/www.bansbach.com\/wp-content\/uploads\/2022\/07\/entsorgung-1.3.2-gasfeder-mit-trennkolben-500x311.png 500w, https:\/\/www.bansbach.com\/wp-content\/uploads\/2022\/07\/entsorgung-1.3.2-gasfeder-mit-trennkolben-500x311.png 500w\" sizes=\"95vw\" alt=\"Gasdruckfeder mit zwei Schutzbrillen und einer Tabelle.\" loading=\"lazy\"><\/div><div class=\"inline-block align-middle pt-[32px] md:pt-0 w-full \">\n<div class=\"wp-block-trk17-bansbach-theme-common-text\"><div class=\"container py-[10px] md:py-[15px] text-dark\"><div class=\"headline headline font-bold text-h4 mb-[7px]\">1.3.2 RESORTE DE GAS CON SEPARADOS (ACEITE Y GAS)<\/div><div class=\"text-block-content md:pb-[20px]\"><\/div><div class=\"flex flex-wrap\"><\/div><\/div><\/div>\n<\/div><\/div><\/div><\/div>\n\n\n\n<div class=\"wp-block-trk17-bansbach-theme-common-image-text\"><div class=\"relative z-[1] overflow-hidden mb-[40px] md:mb-[90px]\"><div class=\"container text-dark \"><div class=\"inline-block align-middle w-full \"><img decoding=\"async\" src=\"https:\/\/www.bansbach.com\/wp-content\/uploads\/2022\/07\/entsorgung-1.3.3-block-gasfeder-80x50.png\" srcset=\"https:\/\/www.bansbach.com\/wp-content\/uploads\/2022\/07\/entsorgung-1.3.3-block-gasfeder-80x50.png 80w, https:\/\/www.bansbach.com\/wp-content\/uploads\/2022\/07\/entsorgung-1.3.3-block-gasfeder-250x156.png 250w, https:\/\/www.bansbach.com\/wp-content\/uploads\/2022\/07\/entsorgung-1.3.3-block-gasfeder-400x249.png 400w, https:\/\/www.bansbach.com\/wp-content\/uploads\/2022\/07\/entsorgung-1.3.3-block-gasfeder-400x249.png 400w, https:\/\/www.bansbach.com\/wp-content\/uploads\/2022\/07\/entsorgung-1.3.3-block-gasfeder-480x299.png 480w, https:\/\/www.bansbach.com\/wp-content\/uploads\/2022\/07\/entsorgung-1.3.3-block-gasfeder-500x311.png 500w, https:\/\/www.bansbach.com\/wp-content\/uploads\/2022\/07\/entsorgung-1.3.3-block-gasfeder-500x311.png 500w, https:\/\/www.bansbach.com\/wp-content\/uploads\/2022\/07\/entsorgung-1.3.3-block-gasfeder-500x311.png 500w, https:\/\/www.bansbach.com\/wp-content\/uploads\/2022\/07\/entsorgung-1.3.3-block-gasfeder-500x311.png 500w, https:\/\/www.bansbach.com\/wp-content\/uploads\/2022\/07\/entsorgung-1.3.3-block-gasfeder-500x311.png 500w\" sizes=\"95vw\" alt=\"Gasdruckfeder mit zwei Schutzbrillen und einer Tabelle.\" loading=\"lazy\"><\/div><div class=\"inline-block align-middle pt-[32px] md:pt-0 w-full \">\n<div class=\"wp-block-trk17-bansbach-theme-common-text\"><div class=\"container py-[10px] md:py-[15px] text-dark\"><div class=\"headline headline font-bold text-h4 mb-[7px]\">1.3.3 MUELLE DE GAS DE BLOQUEO R\u00cdGIDO (K- Y KX-TIPO)<\/div><div class=\"text-block-content md:pb-[20px]\"><\/div><div class=\"flex flex-wrap\"><\/div><\/div><\/div>\n<\/div><\/div><\/div><\/div>\n\n\n\n<div class=\"wp-block-trk17-bansbach-theme-common-image-text\"><div class=\"relative z-[1] overflow-hidden mb-[40px] md:mb-[90px]\"><div class=\"container text-dark \"><div class=\"inline-block align-middle w-full \"><img decoding=\"async\" src=\"https:\/\/www.bansbach.com\/wp-content\/uploads\/2022\/07\/entsorgung-1.3.4-federnd-block-gasfeder-80x50.png\" srcset=\"https:\/\/www.bansbach.com\/wp-content\/uploads\/2022\/07\/entsorgung-1.3.4-federnd-block-gasfeder-80x50.png 80w, https:\/\/www.bansbach.com\/wp-content\/uploads\/2022\/07\/entsorgung-1.3.4-federnd-block-gasfeder-250x156.png 250w, https:\/\/www.bansbach.com\/wp-content\/uploads\/2022\/07\/entsorgung-1.3.4-federnd-block-gasfeder-400x249.png 400w, https:\/\/www.bansbach.com\/wp-content\/uploads\/2022\/07\/entsorgung-1.3.4-federnd-block-gasfeder-400x249.png 400w, https:\/\/www.bansbach.com\/wp-content\/uploads\/2022\/07\/entsorgung-1.3.4-federnd-block-gasfeder-480x299.png 480w, https:\/\/www.bansbach.com\/wp-content\/uploads\/2022\/07\/entsorgung-1.3.4-federnd-block-gasfeder-500x311.png 500w, https:\/\/www.bansbach.com\/wp-content\/uploads\/2022\/07\/entsorgung-1.3.4-federnd-block-gasfeder-500x311.png 500w, https:\/\/www.bansbach.com\/wp-content\/uploads\/2022\/07\/entsorgung-1.3.4-federnd-block-gasfeder-500x311.png 500w, https:\/\/www.bansbach.com\/wp-content\/uploads\/2022\/07\/entsorgung-1.3.4-federnd-block-gasfeder-500x311.png 500w, https:\/\/www.bansbach.com\/wp-content\/uploads\/2022\/07\/entsorgung-1.3.4-federnd-block-gasfeder-500x311.png 500w\" sizes=\"95vw\" alt=\"\" loading=\"lazy\"><\/div><div class=\"inline-block align-middle pt-[32px] md:pt-0 w-full \">\n<div class=\"wp-block-trk17-bansbach-theme-common-text\"><div class=\"container py-[10px] md:py-[15px] text-dark\"><div class=\"headline headline font-bold text-h4 mb-[7px]\">1.3.4 RESORTE DE GAS BLOQUEABLE (B-TIPO)<br><\/div><div class=\"text-block-content md:pb-[20px]\"><\/div><div class=\"flex flex-wrap\"><\/div><\/div><\/div>\n<\/div><\/div><\/div><\/div>\n\n\n\n<div class=\"wp-block-trk17-bansbach-theme-common-image-text\"><div class=\"relative z-[1] overflow-hidden mb-[40px] md:mb-[90px]\"><div class=\"container text-dark \"><div class=\"inline-block align-middle w-full \"><img decoding=\"async\" src=\"https:\/\/www.bansbach.com\/wp-content\/uploads\/2022\/07\/entsorgung-1.3.5-starr-block-gasfeder-80x50.png\" srcset=\"https:\/\/www.bansbach.com\/wp-content\/uploads\/2022\/07\/entsorgung-1.3.5-starr-block-gasfeder-80x50.png 80w, https:\/\/www.bansbach.com\/wp-content\/uploads\/2022\/07\/entsorgung-1.3.5-starr-block-gasfeder-250x156.png 250w, https:\/\/www.bansbach.com\/wp-content\/uploads\/2022\/07\/entsorgung-1.3.5-starr-block-gasfeder-400x249.png 400w, https:\/\/www.bansbach.com\/wp-content\/uploads\/2022\/07\/entsorgung-1.3.5-starr-block-gasfeder-400x249.png 400w, https:\/\/www.bansbach.com\/wp-content\/uploads\/2022\/07\/entsorgung-1.3.5-starr-block-gasfeder-480x299.png 480w, https:\/\/www.bansbach.com\/wp-content\/uploads\/2022\/07\/entsorgung-1.3.5-starr-block-gasfeder-500x311.png 500w, https:\/\/www.bansbach.com\/wp-content\/uploads\/2022\/07\/entsorgung-1.3.5-starr-block-gasfeder-500x311.png 500w, https:\/\/www.bansbach.com\/wp-content\/uploads\/2022\/07\/entsorgung-1.3.5-starr-block-gasfeder-500x311.png 500w, https:\/\/www.bansbach.com\/wp-content\/uploads\/2022\/07\/entsorgung-1.3.5-starr-block-gasfeder-500x311.png 500w, https:\/\/www.bansbach.com\/wp-content\/uploads\/2022\/07\/entsorgung-1.3.5-starr-block-gasfeder-500x311.png 500w\" sizes=\"95vw\" alt=\"Gasdruckfeder mit zwei Schutzbrillen und einer Tabelle.\" loading=\"lazy\"><\/div><div class=\"inline-block align-middle pt-[32px] md:pt-0 w-full \">\n<div class=\"wp-block-trk17-bansbach-theme-common-text\"><div class=\"container py-[10px] md:py-[15px] text-dark\"><div class=\"headline headline font-bold text-h4 mb-[7px]\">1.3.5 RESORTE DE GAS BLOQUEABLE (P-TIPO)<\/div><div class=\"text-block-content md:pb-[20px]\"><\/div><div class=\"flex flex-wrap\"><\/div><\/div><\/div>\n<\/div><\/div><\/div><\/div>\n\n\n\n<div class=\"wp-block-trk17-bansbach-theme-common-image-text\"><div class=\"relative z-[1] overflow-hidden mb-[40px] md:mb-[90px]\"><div class=\"container text-dark \"><div class=\"inline-block align-middle w-full \"><img decoding=\"async\" src=\"https:\/\/www.bansbach.com\/wp-content\/uploads\/2022\/07\/entsorgung-1.3.6-starr-block-gasfeder.828-1028-80x50.png\" srcset=\"https:\/\/www.bansbach.com\/wp-content\/uploads\/2022\/07\/entsorgung-1.3.6-starr-block-gasfeder.828-1028-80x50.png 80w, https:\/\/www.bansbach.com\/wp-content\/uploads\/2022\/07\/entsorgung-1.3.6-starr-block-gasfeder.828-1028-250x156.png 250w, https:\/\/www.bansbach.com\/wp-content\/uploads\/2022\/07\/entsorgung-1.3.6-starr-block-gasfeder.828-1028-400x249.png 400w, https:\/\/www.bansbach.com\/wp-content\/uploads\/2022\/07\/entsorgung-1.3.6-starr-block-gasfeder.828-1028-400x249.png 400w, https:\/\/www.bansbach.com\/wp-content\/uploads\/2022\/07\/entsorgung-1.3.6-starr-block-gasfeder.828-1028-480x299.png 480w, https:\/\/www.bansbach.com\/wp-content\/uploads\/2022\/07\/entsorgung-1.3.6-starr-block-gasfeder.828-1028-500x311.png 500w, https:\/\/www.bansbach.com\/wp-content\/uploads\/2022\/07\/entsorgung-1.3.6-starr-block-gasfeder.828-1028-500x311.png 500w, https:\/\/www.bansbach.com\/wp-content\/uploads\/2022\/07\/entsorgung-1.3.6-starr-block-gasfeder.828-1028-500x311.png 500w, https:\/\/www.bansbach.com\/wp-content\/uploads\/2022\/07\/entsorgung-1.3.6-starr-block-gasfeder.828-1028-500x311.png 500w, https:\/\/www.bansbach.com\/wp-content\/uploads\/2022\/07\/entsorgung-1.3.6-starr-block-gasfeder.828-1028-500x311.png 500w\" sizes=\"95vw\" alt=\"Gasdruckfeder mit zwei Schutzbrillen und einer Tabelle.\" loading=\"lazy\"><\/div><div class=\"inline-block align-middle pt-[32px] md:pt-0 w-full \">\n<div class=\"wp-block-trk17-bansbach-theme-common-text\"><div class=\"container py-[10px] md:py-[15px] text-dark\"><div class=\"headline headline font-bold text-h4 mb-[7px]\">1.3.6 RESORTE DE GAS BLOQUEABLE (T-TIPO) TAMA\u00d1OS 8\/28 Y 10\/28<\/div><div class=\"text-block-content md:pb-[20px]\"><\/div><div class=\"flex flex-wrap\"><\/div><\/div><\/div>\n<\/div><\/div><\/div><\/div>\n\n\n\n<div class=\"wp-block-trk17-bansbach-theme-common-image-text\"><div class=\"relative z-[1] overflow-hidden mb-[40px] md:mb-[90px]\"><div class=\"container text-dark \"><div class=\"inline-block align-middle w-full \"><img decoding=\"async\" src=\"https:\/\/www.bansbach.com\/wp-content\/uploads\/2022\/07\/entsorgung-1.3.7-gaszugfeder-lange-bauart-80x50.png\" srcset=\"https:\/\/www.bansbach.com\/wp-content\/uploads\/2022\/07\/entsorgung-1.3.7-gaszugfeder-lange-bauart-80x50.png 80w, https:\/\/www.bansbach.com\/wp-content\/uploads\/2022\/07\/entsorgung-1.3.7-gaszugfeder-lange-bauart-250x156.png 250w, https:\/\/www.bansbach.com\/wp-content\/uploads\/2022\/07\/entsorgung-1.3.7-gaszugfeder-lange-bauart-400x249.png 400w, https:\/\/www.bansbach.com\/wp-content\/uploads\/2022\/07\/entsorgung-1.3.7-gaszugfeder-lange-bauart-400x249.png 400w, https:\/\/www.bansbach.com\/wp-content\/uploads\/2022\/07\/entsorgung-1.3.7-gaszugfeder-lange-bauart-480x299.png 480w, https:\/\/www.bansbach.com\/wp-content\/uploads\/2022\/07\/entsorgung-1.3.7-gaszugfeder-lange-bauart-500x311.png 500w, https:\/\/www.bansbach.com\/wp-content\/uploads\/2022\/07\/entsorgung-1.3.7-gaszugfeder-lange-bauart-500x311.png 500w, https:\/\/www.bansbach.com\/wp-content\/uploads\/2022\/07\/entsorgung-1.3.7-gaszugfeder-lange-bauart-500x311.png 500w, https:\/\/www.bansbach.com\/wp-content\/uploads\/2022\/07\/entsorgung-1.3.7-gaszugfeder-lange-bauart-500x311.png 500w, https:\/\/www.bansbach.com\/wp-content\/uploads\/2022\/07\/entsorgung-1.3.7-gaszugfeder-lange-bauart-500x311.png 500w\" sizes=\"95vw\" alt=\"Gasdruckfeder mit zwei Schutzbrillen und einer Tabelle.\" loading=\"lazy\"><\/div><div class=\"inline-block align-middle pt-[32px] md:pt-0 w-full \">\n<div class=\"wp-block-trk17-bansbach-theme-common-text\"><div class=\"container py-[10px] md:py-[15px] text-dark\"><div class=\"headline headline font-bold text-h4 mb-[7px]\">1.3.7 RESORTE DE GAS DE TRACCI\u00d3N (SERIES 8-19)<\/div><div class=\"text-block-content md:pb-[20px]\"><\/div><div class=\"flex flex-wrap\"><\/div><\/div><\/div>\n<\/div><\/div><\/div><\/div>\n\n\n\n<div class=\"wp-block-trk17-bansbach-theme-common-image-text\"><div class=\"relative z-[1] overflow-hidden mb-[40px] md:mb-[90px]\"><div class=\"container text-dark \"><div class=\"inline-block align-middle w-full \"><img decoding=\"async\" src=\"https:\/\/www.bansbach.com\/wp-content\/uploads\/2022\/07\/entsorgung-1.3.8-gaszugfeder-kurze-bauart-80x50.png\" srcset=\"https:\/\/www.bansbach.com\/wp-content\/uploads\/2022\/07\/entsorgung-1.3.8-gaszugfeder-kurze-bauart-80x50.png 80w, https:\/\/www.bansbach.com\/wp-content\/uploads\/2022\/07\/entsorgung-1.3.8-gaszugfeder-kurze-bauart-250x156.png 250w, https:\/\/www.bansbach.com\/wp-content\/uploads\/2022\/07\/entsorgung-1.3.8-gaszugfeder-kurze-bauart-400x249.png 400w, https:\/\/www.bansbach.com\/wp-content\/uploads\/2022\/07\/entsorgung-1.3.8-gaszugfeder-kurze-bauart-400x249.png 400w, https:\/\/www.bansbach.com\/wp-content\/uploads\/2022\/07\/entsorgung-1.3.8-gaszugfeder-kurze-bauart-480x299.png 480w, https:\/\/www.bansbach.com\/wp-content\/uploads\/2022\/07\/entsorgung-1.3.8-gaszugfeder-kurze-bauart-500x311.png 500w, https:\/\/www.bansbach.com\/wp-content\/uploads\/2022\/07\/entsorgung-1.3.8-gaszugfeder-kurze-bauart-500x311.png 500w, https:\/\/www.bansbach.com\/wp-content\/uploads\/2022\/07\/entsorgung-1.3.8-gaszugfeder-kurze-bauart-500x311.png 500w, https:\/\/www.bansbach.com\/wp-content\/uploads\/2022\/07\/entsorgung-1.3.8-gaszugfeder-kurze-bauart-500x311.png 500w, https:\/\/www.bansbach.com\/wp-content\/uploads\/2022\/07\/entsorgung-1.3.8-gaszugfeder-kurze-bauart-500x311.png 500w\" sizes=\"95vw\" alt=\"Gasdruckfeder mit zwei Schutzbrillen und einer Tabelle.\" loading=\"lazy\"><\/div><div class=\"inline-block align-middle pt-[32px] md:pt-0 w-full \">\n<div class=\"wp-block-trk17-bansbach-theme-common-text\"><div class=\"container py-[10px] md:py-[15px] text-dark\"><div class=\"headline headline font-bold text-h4 mb-[7px]\">1.3.8 RESORTE DE GAS DE TRACCI\u00d3N CON AMORTIGUADO AL FINAL<\/div><div class=\"text-block-content md:pb-[20px]\"><\/div><div class=\"flex flex-wrap\"><\/div><\/div><\/div>\n<\/div><\/div><\/div><\/div>\n\n\n\n<div class=\"wp-block-trk17-bansbach-theme-common-image-text\"><div class=\"relative z-[1] overflow-hidden mb-[40px] md:mb-[90px]\"><div class=\"container text-dark \"><div class=\"inline-block align-middle w-full \"><img decoding=\"async\" src=\"https:\/\/www.bansbach.com\/wp-content\/uploads\/2022\/07\/entsorgung-1.3.9-block-gaszugfeder-80x50.png\" srcset=\"https:\/\/www.bansbach.com\/wp-content\/uploads\/2022\/07\/entsorgung-1.3.9-block-gaszugfeder-80x50.png 80w, https:\/\/www.bansbach.com\/wp-content\/uploads\/2022\/07\/entsorgung-1.3.9-block-gaszugfeder-250x156.png 250w, https:\/\/www.bansbach.com\/wp-content\/uploads\/2022\/07\/entsorgung-1.3.9-block-gaszugfeder-400x249.png 400w, https:\/\/www.bansbach.com\/wp-content\/uploads\/2022\/07\/entsorgung-1.3.9-block-gaszugfeder-400x249.png 400w, https:\/\/www.bansbach.com\/wp-content\/uploads\/2022\/07\/entsorgung-1.3.9-block-gaszugfeder-480x299.png 480w, https:\/\/www.bansbach.com\/wp-content\/uploads\/2022\/07\/entsorgung-1.3.9-block-gaszugfeder-500x311.png 500w, https:\/\/www.bansbach.com\/wp-content\/uploads\/2022\/07\/entsorgung-1.3.9-block-gaszugfeder-500x311.png 500w, https:\/\/www.bansbach.com\/wp-content\/uploads\/2022\/07\/entsorgung-1.3.9-block-gaszugfeder-500x311.png 500w, https:\/\/www.bansbach.com\/wp-content\/uploads\/2022\/07\/entsorgung-1.3.9-block-gaszugfeder-500x311.png 500w, https:\/\/www.bansbach.com\/wp-content\/uploads\/2022\/07\/entsorgung-1.3.9-block-gaszugfeder-500x311.png 500w\" sizes=\"95vw\" alt=\"Gasdruckfeder mit zwei Schutzbrillen und einer Tabelle.\" loading=\"lazy\"><\/div><div class=\"inline-block align-middle pt-[32px] md:pt-0 w-full \">\n<div class=\"wp-block-trk17-bansbach-theme-common-text\"><div class=\"container py-[10px] md:py-[15px] text-dark\"><div class=\"headline headline font-bold text-h4 mb-[7px]\">1.3.9 RESORTE DE GAS DE TRACCI\u00d3N<\/div><div class=\"text-block-content md:pb-[20px]\"><\/div><div class=\"flex flex-wrap\"><\/div><\/div><\/div>\n<\/div><\/div><\/div><\/div>\n\n\n\n<div class=\"wp-block-trk17-bansbach-theme-common-image-text\"><div class=\"relative z-[1] overflow-hidden mb-[40px] md:mb-[90px]\"><div class=\"container text-dark \"><div class=\"inline-block align-middle w-full \"><img decoding=\"async\" src=\"https:\/\/www.bansbach.com\/wp-content\/uploads\/2022\/07\/entsorgung-1.3.10-gasfeder-3070-80x50.png\" srcset=\"https:\/\/www.bansbach.com\/wp-content\/uploads\/2022\/07\/entsorgung-1.3.10-gasfeder-3070-80x50.png 80w, https:\/\/www.bansbach.com\/wp-content\/uploads\/2022\/07\/entsorgung-1.3.10-gasfeder-3070-250x156.png 250w, https:\/\/www.bansbach.com\/wp-content\/uploads\/2022\/07\/entsorgung-1.3.10-gasfeder-3070-400x249.png 400w, https:\/\/www.bansbach.com\/wp-content\/uploads\/2022\/07\/entsorgung-1.3.10-gasfeder-3070-400x249.png 400w, https:\/\/www.bansbach.com\/wp-content\/uploads\/2022\/07\/entsorgung-1.3.10-gasfeder-3070-480x299.png 480w, https:\/\/www.bansbach.com\/wp-content\/uploads\/2022\/07\/entsorgung-1.3.10-gasfeder-3070-500x311.png 500w, https:\/\/www.bansbach.com\/wp-content\/uploads\/2022\/07\/entsorgung-1.3.10-gasfeder-3070-500x311.png 500w, https:\/\/www.bansbach.com\/wp-content\/uploads\/2022\/07\/entsorgung-1.3.10-gasfeder-3070-500x311.png 500w, https:\/\/www.bansbach.com\/wp-content\/uploads\/2022\/07\/entsorgung-1.3.10-gasfeder-3070-500x311.png 500w, https:\/\/www.bansbach.com\/wp-content\/uploads\/2022\/07\/entsorgung-1.3.10-gasfeder-3070-500x311.png 500w\" sizes=\"95vw\" alt=\"Gasdruckfeder mit einer Schutzbrille und einer Tabelle.\" loading=\"lazy\"><\/div><div class=\"inline-block align-middle pt-[32px] md:pt-0 w-full \">\n<div class=\"wp-block-trk17-bansbach-theme-common-text\"><div class=\"container py-[10px] md:py-[15px] text-dark\"><div class=\"headline headline font-bold text-h4 mb-[7px]\">1.3.10 RESORTE DE GAS 30\/70<\/div><div class=\"text-block-content md:pb-[20px]\"><\/div><div class=\"flex flex-wrap\"><\/div><\/div><\/div>\n<\/div><\/div><\/div><\/div>\n<\/div><\/div>\n\n\n\n<div class=\"sm:w-[calc(25%-30px)]\"><div class=\"mx-[-15px] w-[calc(100%+30px)]\"><\/div><\/div>\n<\/div><\/div>\n","protected":false},"excerpt":{"rendered":"","protected":false},"author":4,"featured_media":0,"parent":0,"menu_order":150,"comment_status":"closed","ping_status":"closed","template":"","meta":{"_seopress_robots_primary_cat":"","_seopress_titles_title":"","_seopress_titles_desc":"","_seopress_robots_index":"","footnotes":""},"class_list":["post-11319","page","type-page","status-publish","hentry"],"_links":{"self":[{"href":"https:\/\/www.bansbach.com\/es\/wp-json\/wp\/v2\/pages\/11319","targetHints":{"allow":["GET"]}}],"collection":[{"href":"https:\/\/www.bansbach.com\/es\/wp-json\/wp\/v2\/pages"}],"about":[{"href":"https:\/\/www.bansbach.com\/es\/wp-json\/wp\/v2\/types\/page"}],"author":[{"embeddable":true,"href":"https:\/\/www.bansbach.com\/es\/wp-json\/wp\/v2\/users\/4"}],"replies":[{"embeddable":true,"href":"https:\/\/www.bansbach.com\/es\/wp-json\/wp\/v2\/comments?post=11319"}],"version-history":[{"count":10,"href":"https:\/\/www.bansbach.com\/es\/wp-json\/wp\/v2\/pages\/11319\/revisions"}],"predecessor-version":[{"id":25401,"href":"https:\/\/www.bansbach.com\/es\/wp-json\/wp\/v2\/pages\/11319\/revisions\/25401"}],"wp:attachment":[{"href":"https:\/\/www.bansbach.com\/es\/wp-json\/wp\/v2\/media?parent=11319"}],"curies":[{"name":"wp","href":"https:\/\/api.w.org\/{rel}","templated":true}]}}