{"id":13859,"date":"2022-06-14T11:06:38","date_gmt":"2022-06-14T09:06:38","guid":{"rendered":"https:\/\/b37i6suw.myrdbx.io\/?page_id=13859"},"modified":"2026-02-09T12:55:55","modified_gmt":"2026-02-09T11:55:55","slug":"imprint","status":"publish","type":"page","link":"https:\/\/www.bansbach.com\/es\/imprint\/","title":{"rendered":"Imprint"},"content":{"rendered":"\n<div class=\"wp-block-trk17-bansbach-theme-common-columns\"><div class=\"container sm:flex sm:justify-between relative\">\n<div class=\"sm:w-[calc(25%-30px)]\"><div class=\"mx-[-15px] w-[calc(100%+30px)]\"><\/div><\/div>\n\n\n\n<div class=\"sm:w-[calc(50%-30px)]\"><div class=\"mx-[-15px] w-[calc(100%+30px)]\">\n<div class=\"wp-block-trk17-bansbach-theme-common-text\"><div class=\"container py-[10px] md:py-[15px] text-dark\"><div class=\"headline headline font-bold text-h2 mb-[30px]\">IMPRIMIR<\/div><div class=\"text-block-content md:pb-[20px]\"><\/div><div class=\"flex flex-wrap\"><\/div><\/div><\/div>\n\n\n\n<div class=\"wp-block-trk17-bansbach-theme-common-text\"><div class=\"container py-[10px] md:py-[15px] text-dark\"><div class=\"headline headline font-bold text-h4 mb-[7px]\">EDITOR DE ESTE SITIO WEB<\/div><div class=\"text-block-content md:pb-[20px]\">\n<p>Bansbach easylift GmbH<\/p><p>Barbarossastr. 8<\/p><p>D-73547 Lorch<\/p><p>Fon 07172 &#8211; 9107-0<\/p><p>Fax 07172 &#8211; 9107-44<\/p><p>e-mail:&nbsp;<a href=\"mailto:info@bansbach.de\">info@bansbach.de<\/a><\/p><p>HRB-Nr: HRB 70 1405<\/p><p>Responsible in the sense of&nbsp;\u00a76 TDG:&nbsp;<\/p><p>Bansbach easylift GmbH<\/p><p>Thomas Wei\u00df<\/p><p>(Tel: 07172\/9107-0)<\/p><p><\/p>\n<\/div><div class=\"flex flex-wrap\"><\/div><\/div><\/div>\n\n\n\n<div class=\"wp-block-trk17-bansbach-theme-common-text\"><div class=\"container py-[10px] md:py-[15px] text-dark\"><div class=\"headline headline font-bold text-h4 mb-[7px]\">NO RESPONSABILIDAD<\/div><div class=\"text-block-content md:pb-[20px]\">\n<p><\/p>\n\n\n\t\t<li class=\"mb-[15px] flex\" data-list-id=\"1\">\n\t\t\t\t\t\t<span class=\"inline-block pl-[10px]\">\n                1. CONTENIDO DE LA P\u00c1GINA WEB.u003cbru003eEl contenido de esta oferta de internet ha sido revisado cuidadosamente. Hacemos todo lo posible por modificar y actualizar regularmente esta oferta de informaci\u00f3n. Sin embargo, no podemos garantizar la integridad, exactitud y actualidad de la informaci\u00f3n. Bansbach easylift GmbH ofrece esta informaci\u00f3n sin ning\u00fan tipo de seguridad o garant\u00eda, ni expl\u00edcita ni impl\u00edcitamente. Bansbach easylift GmbH no asume ninguna responsabilidad por los da\u00f1os que se produzcan directa o indirectamente por el uso de este sitio web, a menos que estos da\u00f1os se produzcan deliberadamente o por negligencia grave de Bansbach easylift GmbH.            <\/span>\n\t\t<\/li>\n\t\t\t\t<li class=\"mb-[15px] flex\" data-list-id=\"3\">\n\t\t\t\t\t\t<span class=\"inline-block pl-[10px]\">\n                2. REFERENCIAS Y ENLACESu003cbru003eEn un \u00e1rea especial, este sitio web ofrece enlaces a otros sitios web. Bansbach easylift no se hace responsable de los contenidos de estas p\u00e1ginas web ni de los posibles da\u00f1os derivados del uso de estos enlaces. Bansbach easylift GmbH examina los sitios web enlazados \u00fanicamente en el momento de establecer el enlace. Todos los cambios posteriores est\u00e1n sujetos a la responsabilidad del editor de los sitios web. Al utilizar estos enlaces externos, abandona la oferta de informaci\u00f3n de Bansbach easylift GmbH.            <\/span>\n\t\t<\/li>\n\t\t<\/div><div class=\"flex flex-wrap\"><\/div><\/div><\/div>\n\n\n\n<div class=\"wp-block-trk17-bansbach-theme-common-text\"><div class=\"container py-[10px] md:py-[15px] text-dark\"><div class=\"headline headline font-bold text-h4 mb-[7px]\">COPYRIGHT<\/div><div class=\"text-block-content md:pb-[20px]\">\n<p>Copyright 2006. Todos los derechos reservados. Todos los contenidos (textos, im\u00e1genes, gr\u00e1ficos, archivos de audio, v\u00eddeo y animaci\u00f3n, as\u00ed como su configuraci\u00f3n, etc.) de la p\u00e1gina web de Bansbach easylift GmbH est\u00e1n protegidos por el derecho de autor y otras leyes de protecci\u00f3n. La protecci\u00f3n legal tambi\u00e9n se aplica a las bases de datos e instalaciones similares. Los contenidos est\u00e1n destinados exclusivamente a su consulta en Internet. M\u00e1s all\u00e1 de las limitaciones de este derecho de autor, el contenido de este sitio web no debe ser duplicado, distribuido, modificado o puesto a disposici\u00f3n de terceros en cualquier forma, a menos que Bansbach easylift GmbH haya dado su permiso por escrito. Varios informes de este sitio web contienen im\u00e1genes, que est\u00e1n sujetas a los derechos de autor de terceros. Si no se especifica lo contrario, todas las marcas de este sitio web est\u00e1n protegidas.<\/p>\n<\/div><div class=\"flex flex-wrap\"><\/div><\/div><\/div>\n<\/div><\/div>\n\n\n\n<div class=\"sm:w-[calc(25%-30px)]\"><div class=\"mx-[-15px] w-[calc(100%+30px)]\"><\/div><\/div>\n<\/div><\/div>\n","protected":false},"excerpt":{"rendered":"","protected":false},"author":4,"featured_media":0,"parent":0,"menu_order":130,"comment_status":"closed","ping_status":"closed","template":"","meta":{"_seopress_robots_primary_cat":"","_seopress_titles_title":"","_seopress_titles_desc":"","_seopress_robots_index":"","footnotes":""},"class_list":["post-13859","page","type-page","status-publish","hentry"],"_links":{"self":[{"href":"https:\/\/www.bansbach.com\/es\/wp-json\/wp\/v2\/pages\/13859","targetHints":{"allow":["GET"]}}],"collection":[{"href":"https:\/\/www.bansbach.com\/es\/wp-json\/wp\/v2\/pages"}],"about":[{"href":"https:\/\/www.bansbach.com\/es\/wp-json\/wp\/v2\/types\/page"}],"author":[{"embeddable":true,"href":"https:\/\/www.bansbach.com\/es\/wp-json\/wp\/v2\/users\/4"}],"replies":[{"embeddable":true,"href":"https:\/\/www.bansbach.com\/es\/wp-json\/wp\/v2\/comments?post=13859"}],"version-history":[{"count":5,"href":"https:\/\/www.bansbach.com\/es\/wp-json\/wp\/v2\/pages\/13859\/revisions"}],"predecessor-version":[{"id":25414,"href":"https:\/\/www.bansbach.com\/es\/wp-json\/wp\/v2\/pages\/13859\/revisions\/25414"}],"wp:attachment":[{"href":"https:\/\/www.bansbach.com\/es\/wp-json\/wp\/v2\/media?parent=13859"}],"curies":[{"name":"wp","href":"https:\/\/api.w.org\/{rel}","templated":true}]}}