{"id":14907,"date":"2023-12-08T11:16:30","date_gmt":"2023-12-08T10:16:30","guid":{"rendered":"https:\/\/b37i6suw.myrdbx.io\/?page_id=14907"},"modified":"2026-02-09T12:55:57","modified_gmt":"2026-02-09T11:55:57","slug":"verhaltenskodex-bansbach-easylift-gmbh","status":"publish","type":"page","link":"https:\/\/www.bansbach.com\/es\/unternehmen\/umwelt\/verhaltenskodex-bansbach-easylift-gmbh\/","title":{"rendered":"Normas de conducta Bansbach easylift"},"content":{"rendered":"\n<div class=\"wp-block-trk17-bansbach-theme-common-columns\"><div class=\"container sm:flex sm:justify-between relative\">\n<div class=\"sm:w-[calc(25%-30px)]\"><div class=\"mx-[-15px] w-[calc(100%+30px)]\"><\/div><\/div>\n\n\n\n<div class=\"sm:w-[calc(50%-30px)]\"><div class=\"mx-[-15px] w-[calc(100%+30px)]\">\n<div class=\"wp-block-trk17-bansbach-theme-common-text\"><div class=\"container py-[10px] md:py-[15px] text-dark\"><h2 class=\"md:pb-[10px] text-h5 small-headline uppercase text-blue\">Normas de conducta<\/h2><div class=\"headline headline font-bold text-h2 mb-[30px]\">Bansbach easylift GmbH<\/div><div class=\"text-block-content md:pb-[20px]\"><\/div><div class=\"flex flex-wrap\"><\/div><\/div><\/div>\n\n\n\n<div class=\"wp-block-trk17-bansbach-theme-common-text\"><div class=\"container py-[10px] md:py-[15px] text-dark\"><div class=\"headline headline font-bold text-h4 mb-[7px]\"><strong>Pre\u00e1mbulo<\/strong><\/div><div class=\"text-block-content md:pb-[20px]\">\n<p>Bansbach easylift lleva m\u00e1s de 50 a\u00f1os desarrollando y produciendo una amplia gama de resortes de gas. Como empresa familiar que opera a nivel internacional, gozamos de una muy buena reputaci\u00f3n en todo el mundo, que no s\u00f3lo se debe a la alta calidad de nuestros productos o a nuestra fuerza innovadora, sino tambi\u00e9n a la forma en que tratamos a nuestros clientes, socios comerciales y empleados. Concedemos el m\u00e1ximo valor a la integridad, la honradez, el comportamiento \u00e9tico y justo y el cumplimiento de la legislaci\u00f3n aplicable.<\/p><p><\/p>\n<\/div><div class=\"flex flex-wrap\"><\/div><\/div><\/div>\n\n\n\n<div class=\"wp-block-trk17-bansbach-theme-common-text\"><div class=\"container py-[10px] md:py-[15px] text-dark\"><div class=\"headline headline font-bold text-h4 mb-[7px]\"><strong>1. <\/strong>\u00c9tica empresarial<br><strong>1.1 Informaci\u00f3n general<\/strong><\/div><div class=\"text-block-content md:pb-[20px]\">\n<p>Respetamos las leyes y normativas de los pa\u00edses en los que operamos y esperamos lo mismo de nuestros socios comerciales. Bansbach easylift GmbH no tolera la corrupci\u00f3n en ninguna de sus formas. Esto se aplica en particular al soborno, los conflictos de intereses, el fraude, la extorsi\u00f3n, la malversaci\u00f3n y las comisiones ilegales.<\/p><p><\/p>\n<\/div><div class=\"flex flex-wrap\"><\/div><\/div><\/div>\n\n\n\n<div class=\"wp-block-trk17-bansbach-theme-common-text\"><div class=\"container py-[10px] md:py-[15px] text-dark\"><div class=\"headline headline font-bold text-h4 mb-[7px]\"><strong>1.2 <\/strong>Derecho antimonopolio y de la competencia<\/div><div class=\"text-block-content md:pb-[20px]\">\n<p>Se cumplen las leyes y reglamentos aplicables en materia de competencia y antimonopolio.<\/p><p><\/p>\n<\/div><div class=\"flex flex-wrap\"><\/div><\/div><\/div>\n\n\n\n<div class=\"wp-block-trk17-bansbach-theme-common-text\"><div class=\"container py-[10px] md:py-[15px] text-dark\"><div class=\"headline headline font-bold text-h4 mb-[7px]\"><strong>2. <\/strong>Derechos humanos y responsabilidad social<br><strong>2.1 <\/strong>Trabajo infantil y trabajo forzoso<\/div><div class=\"text-block-content md:pb-[20px]\">\n<p>Bansbach easylift GmbH reconoce el derecho de todo ni\u00f1o a ser protegido de la explotaci\u00f3n econ\u00f3mica y de actividades que puedan poner en peligro su salud f\u00edsica, mental o psicol\u00f3gica, perjudicar su desarrollo moral o social o dificultar su educaci\u00f3n o formaci\u00f3n. Bansbach easylift GmbH no tolera el trabajo infantil ni ninguna forma de trabajo forzado y exige lo mismo a sus socios comerciales.<\/p><p><\/p>\n<\/div><div class=\"flex flex-wrap\"><\/div><\/div><\/div>\n\n\n\n<div class=\"wp-block-trk17-bansbach-theme-common-text\"><div class=\"container py-[10px] md:py-[15px] text-dark\"><div class=\"headline headline font-bold text-h4 mb-[7px]\"><strong>2.3 <\/strong>Contratos de trabajo, jornada laboral y remuneraci\u00f3n<\/div><div class=\"text-block-content md:pb-[20px]\">\n<p>Cumplimos las leyes y normativas locales en materia de contratos de trabajo y jornada laboral, incluidas las horas extraordinarias y su remuneraci\u00f3n. Los sueldos y salarios se pagan regularmente y cumplen la legislaci\u00f3n aplicable y las condiciones del mercado. Los empleados tienen derecho al menos a un d\u00eda libre cada siete d\u00edas y a los d\u00edas festivos nacionales y locales, siempre que est\u00e9n generalmente reconocidos.<\/p><p><\/p>\n<\/div><div class=\"flex flex-wrap\"><\/div><\/div><\/div>\n\n\n\n<div class=\"wp-block-trk17-bansbach-theme-common-text\"><div class=\"container py-[10px] md:py-[15px] text-dark\"><div class=\"headline headline font-bold text-h4 mb-[7px]\"><strong>2.4 <\/strong>Discriminaci\u00f3n, acoso y diversidad<\/div><div class=\"text-block-content md:pb-[20px]\">\n<p>Ofrecemos un entorno de trabajo en el que todos los empleados son tratados con respeto y dignidad y tienen las mismas oportunidades justas de desarrollo. Bansbach easylift no tolera la discriminaci\u00f3n ni el acoso por motivos de raza, orientaci\u00f3n sexual, sexo, religi\u00f3n, edad, discapacidad, creencias pol\u00edticas, nacionalidad o cualquier otro factor potencialmente discriminatorio.<\/p>\n<\/div><div class=\"flex flex-wrap\"><\/div><\/div><\/div>\n\n\n\n<div class=\"wp-block-trk17-bansbach-theme-common-text\"><div class=\"container py-[10px] md:py-[15px] text-dark\"><div class=\"headline headline font-bold text-h4 mb-[7px]\"><strong>2.5 <\/strong>Intereses de los consumidores<\/div><div class=\"text-block-content md:pb-[20px]\">\n<p>Se cumple la normativa aplicable en materia de salud y seguridad.<\/p><p><\/p>\n<\/div><div class=\"flex flex-wrap\"><\/div><\/div><\/div>\n\n\n\n<div class=\"wp-block-trk17-bansbach-theme-common-text\"><div class=\"container py-[10px] md:py-[15px] text-dark\"><div class=\"headline headline font-bold text-h4 mb-[7px]\"><strong>2.6 <\/strong>Compra responsable de minerales<\/div><div class=\"text-block-content md:pb-[20px]\">\n<p>Se cumplen las leyes y reglamentos aplicables sobre la divulgaci\u00f3n del uso de minerales conflictivos. Las entregas a Bansbach easylift GmbH se realizan de conformidad con las leyes y reglamentos aplicables sobre la manipulaci\u00f3n de minerales conflictivos.<\/p><p><\/p>\n<\/div><div class=\"flex flex-wrap\"><\/div><\/div><\/div>\n\n\n\n<div class=\"wp-block-trk17-bansbach-theme-common-text\"><div class=\"container py-[10px] md:py-[15px] text-dark\"><div class=\"headline headline font-bold text-h4 mb-[7px]\"><strong>3. <\/strong>Protecci\u00f3n del medio ambiente<br><strong>3.1 <\/strong>Protecci\u00f3n del medio ambiente y sostenibilidad<\/div><div class=\"text-block-content md:pb-[20px]\">\n<p>Bansbach easylift GmbH cumple todos los requisitos legales de protecci\u00f3n del medio ambiente y espera lo mismo de sus socios comerciales. Los socios comerciales tambi\u00e9n deben disponer de todas las licencias de explotaci\u00f3n necesarias y mantenerlas al d\u00eda. Bansbach easylift GmbH promueve el desarrollo y la difusi\u00f3n de tecnolog\u00edas respetuosas con el medio ambiente.<\/p><p><\/p><p><\/p>\n<\/div><div class=\"flex flex-wrap\"><\/div><\/div><\/div>\n\n\n\n<div class=\"wp-block-trk17-bansbach-theme-common-text\"><div class=\"container py-[10px] md:py-[15px] text-dark\"><div class=\"headline headline font-bold text-h4 mb-[7px]\"><strong>4. <\/strong>Seguridad en el trabajo<br><strong>4.1 <\/strong>Lugar de trabajo<\/div><div class=\"text-block-content md:pb-[20px]\">\n<p>Bansbach easylift GmbH se compromete sistem\u00e1ticamente a garantizar unas condiciones de trabajo seguras y espera lo mismo de sus socios comerciales. Se cumplen las normativas aplicables en materia de seguridad laboral, seguridad en la construcci\u00f3n, protecci\u00f3n contra incendios y primeros auxilios.<\/p>\n<\/div><div class=\"flex flex-wrap\"><\/div><\/div><\/div>\n\n\n\n<div class=\"wp-block-trk17-bansbach-theme-common-text\"><div class=\"container py-[10px] md:py-[15px] text-dark\"><div class=\"text-block-content md:pb-[20px]\"><\/div><div class=\"flex flex-wrap\"><\/div><\/div><\/div>\n<\/div><\/div>\n\n\n\n<div class=\"sm:w-[calc(25%-30px)]\"><div class=\"mx-[-15px] w-[calc(100%+30px)]\"><\/div><\/div>\n<\/div><\/div>\n\n\n\n<div class=\"wp-block-trk17-bansbach-theme-common-columns\"><div class=\"container sm:flex sm:justify-between relative\">\n<div class=\"sm:w-[calc(33.3333%-30px)]\"><div class=\"mx-[-15px] w-[calc(100%+30px)]\">\n<div class=\"wp-block-trk17-bansbach-theme-common-download\"><div class=\"container mb-[50px] text-dark\"><\/div><\/div>\n<\/div><\/div>\n\n\n\n<div class=\"sm:w-[calc(33.3333%-30px)]\"><div class=\"mx-[-15px] w-[calc(100%+30px)]\">\n<div class=\"wp-block-trk17-bansbach-theme-common-download\"><div class=\"container mb-[50px] text-dark\"><div class=\"md:flex\">\n\t\t\t\t\t<div class=\"w-full md:w-auto mb-[25px] md:mb-0 md:basis-2\/5 aspect-[3\/4]\">\n\t\t\t\t\t\t<img decoding=\"async\" src=\"https:\/\/www.bansbach.com\/wp-content\/uploads\/2023\/12\/Titelbild-1-57x80.jpg\" srcset=\"https:\/\/www.bansbach.com\/wp-content\/uploads\/2023\/12\/Titelbild-1-57x80.jpg 57w, https:\/\/www.bansbach.com\/wp-content\/uploads\/2023\/12\/Titelbild-1-129x180.jpg 129w, https:\/\/www.bansbach.com\/wp-content\/uploads\/2023\/12\/Titelbild-1-215x300.jpg 215w, https:\/\/www.bansbach.com\/wp-content\/uploads\/2023\/12\/Titelbild-1-215x300.jpg 215w, https:\/\/www.bansbach.com\/wp-content\/uploads\/2023\/12\/Titelbild-1-416x580.jpg 416w, https:\/\/www.bansbach.com\/wp-content\/uploads\/2023\/12\/Titelbild-1-480x670.jpg 480w, https:\/\/www.bansbach.com\/wp-content\/uploads\/2023\/12\/Titelbild-1-720x1005.jpg 720w, https:\/\/www.bansbach.com\/wp-content\/uploads\/2023\/12\/Titelbild-1-917x1280.jpg 917w, https:\/\/www.bansbach.com\/wp-content\/uploads\/2023\/12\/Titelbild-1-917x1280.jpg 917w, https:\/\/www.bansbach.com\/wp-content\/uploads\/2023\/12\/Titelbild-1-959x1338.jpg 959w\" sizes=\"(min-width: 1240px) 10vw, (min-width: 1024px) 20vw, 40vw\" alt=\"Titelbild f\u00fcr den Verhaltenskodex\" loading=\"lazy\" class=\"!h-full object-contain object-top\">\n\t\t\t\t\t<\/div>\n\t\t\t\t\t<div class=\"w-full md:w-auto md:basis-3\/5 pl-4 flex flex-col justify-between\">\n\t\t\t\t\t\t<div>\n\t\t\t\t\t\t\t<div class=\"font-bold mb-1\">Normas de conducta Bansbach easylift<\/div>\n\t\t\t\t\t\t\t<div><\/div>\n\t\t\t\t\t\t<\/div>\n\t\t\t\t\t\t<div class=\"mt-[20px]\">\n\t\t\t\t\t\t\t<a class=\"btn\" data-download=\"386415200\" href=\"#\" title=\"Descargar\" target=\"_blank\">\n\t\t\t\t\t\t\t\tDescargar\n\t\t\t\t\t\t\t<\/a>\n\t\t\t\t\t\t<\/div>\n\t\t\t\t\t<\/div>\n\t\t\t\t<\/div><\/div><\/div>\n<\/div><\/div>\n\n\n\n<div class=\"sm:w-[calc(33.3333%-30px)]\"><div class=\"mx-[-15px] w-[calc(100%+30px)]\">\n<div class=\"wp-block-trk17-bansbach-theme-common-download\"><div class=\"container mb-[50px] text-dark\"><\/div><\/div>\n<\/div><\/div>\n<\/div><\/div>\n","protected":false},"excerpt":{"rendered":"","protected":false},"author":4,"featured_media":0,"parent":15051,"menu_order":140,"comment_status":"closed","ping_status":"closed","template":"","meta":{"_seopress_robots_primary_cat":"","_seopress_titles_title":"","_seopress_titles_desc":"","_seopress_robots_index":"","footnotes":""},"class_list":["post-14907","page","type-page","status-publish","hentry"],"_links":{"self":[{"href":"https:\/\/www.bansbach.com\/es\/wp-json\/wp\/v2\/pages\/14907","targetHints":{"allow":["GET"]}}],"collection":[{"href":"https:\/\/www.bansbach.com\/es\/wp-json\/wp\/v2\/pages"}],"about":[{"href":"https:\/\/www.bansbach.com\/es\/wp-json\/wp\/v2\/types\/page"}],"author":[{"embeddable":true,"href":"https:\/\/www.bansbach.com\/es\/wp-json\/wp\/v2\/users\/4"}],"replies":[{"embeddable":true,"href":"https:\/\/www.bansbach.com\/es\/wp-json\/wp\/v2\/comments?post=14907"}],"version-history":[{"count":12,"href":"https:\/\/www.bansbach.com\/es\/wp-json\/wp\/v2\/pages\/14907\/revisions"}],"predecessor-version":[{"id":25433,"href":"https:\/\/www.bansbach.com\/es\/wp-json\/wp\/v2\/pages\/14907\/revisions\/25433"}],"up":[{"embeddable":true,"href":"https:\/\/www.bansbach.com\/es\/wp-json\/wp\/v2\/pages\/15051"}],"wp:attachment":[{"href":"https:\/\/www.bansbach.com\/es\/wp-json\/wp\/v2\/media?parent=14907"}],"curies":[{"name":"wp","href":"https:\/\/api.w.org\/{rel}","templated":true}]}}