{"id":14929,"date":"2023-12-11T10:35:03","date_gmt":"2023-12-11T09:35:03","guid":{"rendered":"https:\/\/b37i6suw.myrdbx.io\/?page_id=14929"},"modified":"2026-02-09T12:55:58","modified_gmt":"2026-02-09T11:55:58","slug":"verhaltenskodex-fur-geschaftspartnerinnen","status":"publish","type":"page","link":"https:\/\/www.bansbach.com\/es\/unternehmen\/umwelt\/verhaltenskodex-fur-geschaftspartnerinnen\/","title":{"rendered":"C\u00f3digo de conducta Socio comercial"},"content":{"rendered":"\n<div class=\"wp-block-trk17-bansbach-theme-common-columns\"><div class=\"container sm:flex sm:justify-between relative\">\n<div class=\"sm:w-[calc(25%-30px)]\"><div class=\"mx-[-15px] w-[calc(100%+30px)]\"><\/div><\/div>\n\n\n\n<div class=\"sm:w-[calc(50%-30px)]\"><div class=\"mx-[-15px] w-[calc(100%+30px)]\">\n<div class=\"wp-block-trk17-bansbach-theme-common-text\"><div class=\"container py-[10px] md:py-[15px] text-dark\"><h2 class=\"md:pb-[10px] text-h5 small-headline uppercase text-blue\">C\u00f3digo de conducta<\/h2><div class=\"headline headline font-bold text-h2 mb-[30px]\">Bansbach easylift GmbH<\/div><div class=\"text-block-content md:pb-[20px]\"><\/div><div class=\"flex flex-wrap\"><\/div><\/div><\/div>\n\n\n\n<div class=\"wp-block-trk17-bansbach-theme-common-text\"><div class=\"container py-[10px] md:py-[15px] text-dark\"><div class=\"headline headline font-bold text-h4 mb-[7px]\">Pre\u00e1mbulo<\/div><div class=\"text-block-content md:pb-[20px]\">\n<p>Bansbach easylift ha estado desarrollando y produciendo una amplia gama de resortes de gas por m\u00e1s de 50 a\u00f1os. Como empresa familiar que opera a nivel internacional, gozamos de una muy buena reputaci\u00f3n en todo el mundo, lo cual no s\u00f3lo es. Esto se debe no s\u00f3lo a la alta calidad de nuestros productos y a nuestra fuerza innovadora, sino tambi\u00e9n a la forma en que tratamos a nuestros clientes, socios comerciales y empleados. Otorgamos el m\u00e1ximo valor a la integridad, la honradez, el comportamiento \u00e9tico y justo y el cumplimiento de la legislaci\u00f3n aplicable. Tenemos las mismas expectativas respecto a nuestros socios comerciales y esperamos que reconozcan su responsabilidad con este C\u00f3digo de Conducta.<\/p>\n<\/div><div class=\"flex flex-wrap\"><\/div><\/div><\/div>\n\n\n\n<div class=\"wp-block-trk17-bansbach-theme-common-text\"><div class=\"container py-[10px] md:py-[15px] text-dark\"><div class=\"headline headline font-bold text-h4 mb-[7px]\"><strong>1. <\/strong>\u00c9tica empresarial<br><strong>1.1 <\/strong>Informaci\u00f3n general<\/div><div class=\"text-block-content md:pb-[20px]\">\n<p>Respetamos las leyes y normativas de los pa\u00edses en los que operamos y esperamos lo mismo de nuestros socios comerciales. Bansbach easylift GmbH no tolera la corrupci\u00f3n en ninguna de sus formas. Esto se aplica en particular al soborno, los conflictos de intereses, el fraude, la extorsi\u00f3n, la malversaci\u00f3n y las comisiones ilegales.<\/p><p><\/p>\n<\/div><div class=\"flex flex-wrap\"><\/div><\/div><\/div>\n\n\n\n<div class=\"wp-block-trk17-bansbach-theme-common-text\"><div class=\"container py-[10px] md:py-[15px] text-dark\"><div class=\"headline headline font-bold text-h4 mb-[7px]\"><strong>1.2 <\/strong>Derecho antimonopolio y de la competencia<\/div><div class=\"text-block-content md:pb-[20px]\">\n<p>Cumplimos las leyes y reglamentos aplicables en materia de competencia y antimonopolio. En particular, no participamos en acuerdos de precios y suministros ni en medidas para repartirse mercados y clientes.<\/p>\n<\/div><div class=\"flex flex-wrap\"><\/div><\/div><\/div>\n\n\n\n<div class=\"wp-block-trk17-bansbach-theme-common-text\"><div class=\"container py-[10px] md:py-[15px] text-dark\"><div class=\"headline headline font-bold text-h4 mb-[7px]\"><strong>2. <\/strong>Derechos humanos y responsabilidad social<br><strong>2.1 <\/strong>Trabajo infantil y trabajo forzoso<\/div><div class=\"text-block-content md:pb-[20px]\">\n<p>Bansbach easylift GmbH reconoce el derecho de todo ni\u00f1o a ser protegido de la explotaci\u00f3n econ\u00f3mica y de actividades que puedan poner en peligro su salud f\u00edsica, mental o psicol\u00f3gica, perjudicar su desarrollo moral o social o dificultar su educaci\u00f3n o formaci\u00f3n. Bansbach easylift GmbH no tolera el trabajo infantil ni ninguna forma de trabajo forzado y exige lo mismo a sus socios comerciales.<\/p><p><\/p>\n<\/div><div class=\"flex flex-wrap\"><\/div><\/div><\/div>\n\n\n\n<div class=\"wp-block-trk17-bansbach-theme-common-text\"><div class=\"container py-[10px] md:py-[15px] text-dark\"><div class=\"headline headline font-bold text-h4 mb-[7px]\"><strong>2.3 <\/strong>Contratos de trabajo, jornada laboral y remuneraci\u00f3n<\/div><div class=\"text-block-content md:pb-[20px]\">\n<p>Cumplimos las leyes y normativas locales en materia de contratos de trabajo y jornada laboral, incluidas las horas extraordinarias y su remuneraci\u00f3n. Los sueldos y salarios se pagan regularmente y cumplen con las y cumplen la legislaci\u00f3n aplicable y las condiciones del mercado. Los empleados tienen derecho al menos a un d\u00eda libre cada siete d\u00edas y a los d\u00edas festivos nacionales y locales, siempre que est\u00e9n generalmente reconocidos est\u00e9n generalmente reconocidos.<\/p><p><\/p>\n<\/div><div class=\"flex flex-wrap\"><\/div><\/div><\/div>\n\n\n\n<div class=\"wp-block-trk17-bansbach-theme-common-text\"><div class=\"container py-[10px] md:py-[15px] text-dark\"><div class=\"headline headline font-bold text-h4 mb-[7px]\"><strong>2.4 <\/strong>Discriminaci\u00f3n, acoso y diversidad<\/div><div class=\"text-block-content md:pb-[20px]\">\n<p>Esperamos que nuestros socios comerciales proporcionen un entorno de trabajo en el que todos los empleados sean tratados con respeto y dignidad y tengan las mismas oportunidades justas de desarrollo. Bansbach easylift GmbH no tolera ning\u00fan tipo de discriminaci\u00f3n o acoso por parte de sus socios comerciales por motivos de origen, orientaci\u00f3n sexual, g\u00e9nero, religi\u00f3n, edad, discapacidad, creencias pol\u00edticas, nacionalidad u otros factores potencialmente discriminatorios.<\/p><p><\/p><p><\/p>\n<\/div><div class=\"flex flex-wrap\"><\/div><\/div><\/div>\n\n\n\n<div class=\"wp-block-trk17-bansbach-theme-common-text\"><div class=\"container py-[10px] md:py-[15px] text-dark\"><div class=\"headline headline font-bold text-h4 mb-[7px]\"><strong>2.5 <\/strong>Intereses de los consumidores<\/div><div class=\"text-block-content md:pb-[20px]\">\n<p>Exigimos que nuestros productos y servicios cumplan la normativa aplicable en materia de salud y seguridad. Esta expectativa debe ser tenida en cuenta por nuestros socios comerciales a la hora de fabricar bienes o prestar servicios para nosotros.<\/p><p><\/p>\n<\/div><div class=\"flex flex-wrap\"><\/div><\/div><\/div>\n\n\n\n<div class=\"wp-block-trk17-bansbach-theme-common-text\"><div class=\"container py-[10px] md:py-[15px] text-dark\"><div class=\"headline headline font-bold text-h4 mb-[7px]\"><strong>2.6 <\/strong>Compra responsable de minerales<\/div><div class=\"text-block-content md:pb-[20px]\">\n<p>Se cumplen las leyes y normativas aplicables sobre la divulgaci\u00f3n del uso de minerales conflictivos. Los minerales conflictivos son minerales procedentes de zonas de alto riesgo que contribuyen directa o indirectamente a la financiaci\u00f3n de grupos armados considerados responsables, al menos parcialmente, de graves violaciones de los derechos humanos. Las entregas a Bansbach easylift GmbH se realizan de conformidad con las leyes y normativas aplicables sobre la manipulaci\u00f3n de minerales conflictivos.<\/p><p><\/p>\n<\/div><div class=\"flex flex-wrap\"><\/div><\/div><\/div>\n\n\n\n<div class=\"wp-block-trk17-bansbach-theme-common-text\"><div class=\"container py-[10px] md:py-[15px] text-dark\"><div class=\"headline headline font-bold text-h4 mb-[7px]\"><strong>3. <\/strong>Protecci\u00f3n del medio ambiente<br><strong>3.1 <\/strong>Protecci\u00f3n del medio ambiente y sostenibilidad<\/div><div class=\"text-block-content md:pb-[20px]\">\n<p>Bansbach easylift GmbH cumple todos los requisitos legales de protecci\u00f3n del medio ambiente y espera lo mismo de sus socios comerciales. Los socios comerciales tambi\u00e9n deben disponer de todas las licencias de explotaci\u00f3n necesarias y mantenerlas al d\u00eda. Bansbach easylift GmbH promueve el desarrollo y la difusi\u00f3n de tecnolog\u00edas respetuosas con el medio ambiente. Bansbach easylift GmbH est\u00e1 comprometida con la reducci\u00f3n continua de las necesidades de recursos y espera lo mismo de sus socios comerciales. Tambi\u00e9n esperamos la prevenci\u00f3n de la contaminaci\u00f3n ambiental, la contaminaci\u00f3n ac\u00fastica dentro de l\u00edmites aceptables y la mejora de la compatibilidad ambiental relacionada con el producto y el proceso a lo largo de toda la cadena de valor. cadena de valor. Los productos qu\u00edmicos y materiales peligrosos deben etiquetarse correctamente y almacenarse, reciclarse, reutilizarse o eliminarse de forma segura. o eliminados.<\/p><p><\/p>\n<\/div><div class=\"flex flex-wrap\"><\/div><\/div><\/div>\n\n\n\n<div class=\"wp-block-trk17-bansbach-theme-common-text\"><div class=\"container py-[10px] md:py-[15px] text-dark\"><div class=\"headline headline font-bold text-h4 mb-[7px]\"><strong>4. <\/strong>Seguridad en el trabajo<br><strong>4.1 <\/strong>Lugar de trabajo<\/div><div class=\"text-block-content md:pb-[20px]\">\n<p>Bansbach easylift GmbH se compromete sistem\u00e1ticamente a garantizar unas condiciones de trabajo seguras y espera lo mismo de sus socios comerciales. Deben reducirse al m\u00ednimo los riesgos que puedan provocar accidentes o perjudicar el bienestar y la salud de las personas que trabajan para Bansbach easylift GmbH. Bansbach easylift GmbH espera que se cumplan las normas de seguridad en el trabajo, seguridad en los edificios, protecci\u00f3n contra incendios y primeros auxilios aplicables en el emplazamiento del socio comercial.<\/p><p><\/p>\n<\/div><div class=\"flex flex-wrap\"><\/div><\/div><\/div>\n\n\n\n<div class=\"wp-block-trk17-bansbach-theme-common-text\"><div class=\"container py-[10px] md:py-[15px] text-dark\"><div class=\"headline headline font-bold text-h4 mb-[7px]\">4.2 Seguridad de los edificios y protecci\u00f3n contra incendios<br><\/div><div class=\"text-block-content md:pb-[20px]\">\n<p>Las mercanc\u00edas peligrosas deben almacenarse de acuerdo con la normativa. Las salidas de emergencia deben estar claramente se\u00f1alizadas. Las salidas deben estar despejadas y bien iluminadas. Se debe informar a todos los empleados sobre las precauciones de seguridad, como las salidas de emergencia, extintores, botiquines de primeros auxilios, etc. Debe exponerse un plan de evacuaci\u00f3n en cada planta.<\/p><p><\/p>\n<\/div><div class=\"flex flex-wrap\"><\/div><\/div><\/div>\n\n\n\n<div class=\"wp-block-trk17-bansbach-theme-common-text\"><div class=\"container py-[10px] md:py-[15px] text-dark\"><div class=\"headline headline font-bold text-h4 mb-[7px]\">4.3 Normas especiales para empresas externas y visitantes en las instalaciones de Bansbach<br>easylift<br><\/div><div class=\"text-block-content md:pb-[20px]\">\n<p>Por razones de seguridad, deben respetarse las normas vigentes de Bansbach para empresas externas y visitantes. los visitantes deben ser respetados durante su estancia en las instalaciones de Bansbach. En consecuencia, el visitante se compromete, entre otras cosas, a permanecer en las instalaciones de la empresa \u00fanicamente con el correspondiente distintivo de visitante y a cumplir todas las normas de seguridad laboral aplicables. El equipo de trabajo utilizado por el visitante (herramientas el\u00e9ctricas, escaleras, etc.) deber\u00e1 cumplir las normas de seguridad aplicables a su \u00e1rea de actividad y estar debidamente mantenido e inspeccionado. Los equipos de protecci\u00f3n individual necesarios (calzado de seguridad, protecci\u00f3n contra ca\u00eddas, protecci\u00f3n auditiva, gafas de seguridad guantes de protecci\u00f3n, m\u00e1scara respiratoria, etc.). Durante todos los trabajos, la producci\u00f3n en Bansbach continuar\u00e1 en la medida de lo posible. Por lo tanto, deber\u00e1n tomarse todas las medidas de seguridad, avisos de advertencia, etc. pueden  er necesarios para nuestros empleados.<\/p><p>Estas, o una posible parada de producci\u00f3n, deben ser coordinadas con nuestro empleado responsable. Los gerentes y los especialistas en seguridad ocupacional de Bansbach est\u00e1n autorizados a dar instrucciones con respecto a en materia de medio ambiente y seguridad laboral. Bansbach easylift est\u00e1 autorizado a interrumpir el trabajo en la medida apropiada en caso de violaci\u00f3n de estas regulaciones. Los costes y retrasos resultantes correr\u00e1n a cargo del contratista \/ visitante.<\/p>\n<\/div><div class=\"flex flex-wrap\"><\/div><\/div><\/div>\n\n\n\n<div class=\"wp-block-trk17-bansbach-theme-common-text\"><div class=\"container py-[10px] md:py-[15px] text-dark\"><div class=\"headline headline font-bold text-h4 mb-[7px]\">Confirmaci\u00f3n<br><\/div><div class=\"text-block-content md:pb-[20px]\">\n<p>Bansbach easylift espera que el representante autorizado de su empresa tome nota del C\u00f3digo de conducta para socios comerciales de Bansbach easylift y confirme mediante firma y sello de la empresa (si dispone de \u00e9l) que ha comprendido y cumplir\u00e1 el C\u00f3digo de conducta para socios comerciales de Bansbach easylift. Como representante autorizado de la empresa, confirmo que la empresa ha tomado nota del C\u00f3digo de conducta para socios comerciales de Bansbach easylift GmbH y que lo cumplir\u00e1.<\/p>\n<\/div><div class=\"flex flex-wrap\"><\/div><\/div><\/div>\n<\/div><\/div>\n\n\n\n<div class=\"sm:w-[calc(25%-30px)]\"><div class=\"mx-[-15px] w-[calc(100%+30px)]\"><\/div><\/div>\n<\/div><\/div>\n\n\n\n<div class=\"wp-block-trk17-bansbach-theme-common-columns\"><div class=\"container sm:flex sm:justify-between relative\">\n<div class=\"wp-block-trk17-bansbach-theme-common-download\"><div class=\"container mb-[50px] text-dark\"><\/div><\/div>\n\n\n\n<div class=\"sm:w-[calc(33.3333%-30px)]\"><div class=\"mx-[-15px] w-[calc(100%+30px)]\">\n<div class=\"wp-block-trk17-bansbach-theme-common-download\"><div class=\"container mb-[50px] text-dark\"><div class=\"md:flex\">\n\t\t\t\t\t<div class=\"w-full md:w-auto mb-[25px] md:mb-0 md:basis-2\/5 aspect-[3\/4]\">\n\t\t\t\t\t\t<img decoding=\"async\" src=\"https:\/\/www.bansbach.com\/wp-content\/uploads\/2023\/12\/hintergrund-inkl-welle-65x80.jpg\" srcset=\"https:\/\/www.bansbach.com\/wp-content\/uploads\/2023\/12\/hintergrund-inkl-welle-65x80.jpg 65w, https:\/\/www.bansbach.com\/wp-content\/uploads\/2023\/12\/hintergrund-inkl-welle-147x180.jpg 147w, https:\/\/www.bansbach.com\/wp-content\/uploads\/2023\/12\/hintergrund-inkl-welle-245x300.jpg 245w, https:\/\/www.bansbach.com\/wp-content\/uploads\/2023\/12\/hintergrund-inkl-welle-245x300.jpg 245w, https:\/\/www.bansbach.com\/wp-content\/uploads\/2023\/12\/hintergrund-inkl-welle-473x580.jpg 473w, https:\/\/www.bansbach.com\/wp-content\/uploads\/2023\/12\/hintergrund-inkl-welle-480x589.jpg 480w, https:\/\/www.bansbach.com\/wp-content\/uploads\/2023\/12\/hintergrund-inkl-welle-720x883.jpg 720w, https:\/\/www.bansbach.com\/wp-content\/uploads\/2023\/12\/hintergrund-inkl-welle-959x1177.jpg 959w, https:\/\/www.bansbach.com\/wp-content\/uploads\/2023\/12\/hintergrund-inkl-welle-1043x1280.jpg 1043w, https:\/\/www.bansbach.com\/wp-content\/uploads\/2023\/12\/hintergrund-inkl-welle-1043x1280.jpg 1043w\" sizes=\"(min-width: 1240px) 10vw, (min-width: 1024px) 20vw, 40vw\" alt=\"Titelbild\" loading=\"lazy\" class=\"!h-full object-contain object-top\">\n\t\t\t\t\t<\/div>\n\t\t\t\t\t<div class=\"w-full md:w-auto md:basis-3\/5 pl-4 flex flex-col justify-between\">\n\t\t\t\t\t\t<div>\n\t\t\t\t\t\t\t<div class=\"font-bold mb-1\">C\u00f3digo de conducta Socio comercial<\/div>\n\t\t\t\t\t\t\t<div><\/div>\n\t\t\t\t\t\t<\/div>\n\t\t\t\t\t\t<div class=\"mt-[20px]\">\n\t\t\t\t\t\t\t<a class=\"btn\" data-download=\"895315208\" href=\"#\" title=\"Descargar\" target=\"_blank\">\n\t\t\t\t\t\t\t\tDescargar\n\t\t\t\t\t\t\t<\/a>\n\t\t\t\t\t\t<\/div>\n\t\t\t\t\t<\/div>\n\t\t\t\t<\/div><\/div><\/div>\n<\/div><\/div>\n\n\n\n<div class=\"sm:w-[calc(33.3333%-30px)]\"><div class=\"mx-[-15px] w-[calc(100%+30px)]\">\n<div class=\"wp-block-trk17-bansbach-theme-common-download\"><div class=\"container mb-[50px] text-dark\"><\/div><\/div>\n<\/div><\/div>\n<\/div><\/div>\n","protected":false},"excerpt":{"rendered":"","protected":false},"author":4,"featured_media":0,"parent":15051,"menu_order":140,"comment_status":"closed","ping_status":"closed","template":"","meta":{"_seopress_robots_primary_cat":"","_seopress_titles_title":"","_seopress_titles_desc":"","_seopress_robots_index":"","footnotes":""},"class_list":["post-14929","page","type-page","status-publish","hentry"],"_links":{"self":[{"href":"https:\/\/www.bansbach.com\/es\/wp-json\/wp\/v2\/pages\/14929","targetHints":{"allow":["GET"]}}],"collection":[{"href":"https:\/\/www.bansbach.com\/es\/wp-json\/wp\/v2\/pages"}],"about":[{"href":"https:\/\/www.bansbach.com\/es\/wp-json\/wp\/v2\/types\/page"}],"author":[{"embeddable":true,"href":"https:\/\/www.bansbach.com\/es\/wp-json\/wp\/v2\/users\/4"}],"replies":[{"embeddable":true,"href":"https:\/\/www.bansbach.com\/es\/wp-json\/wp\/v2\/comments?post=14929"}],"version-history":[{"count":18,"href":"https:\/\/www.bansbach.com\/es\/wp-json\/wp\/v2\/pages\/14929\/revisions"}],"predecessor-version":[{"id":25436,"href":"https:\/\/www.bansbach.com\/es\/wp-json\/wp\/v2\/pages\/14929\/revisions\/25436"}],"up":[{"embeddable":true,"href":"https:\/\/www.bansbach.com\/es\/wp-json\/wp\/v2\/pages\/15051"}],"wp:attachment":[{"href":"https:\/\/www.bansbach.com\/es\/wp-json\/wp\/v2\/media?parent=14929"}],"curies":[{"name":"wp","href":"https:\/\/api.w.org\/{rel}","templated":true}]}}