{"id":20634,"date":"2022-06-14T11:06:38","date_gmt":"2022-06-14T09:06:38","guid":{"rendered":"https:\/\/b37i6suw.myrdbx.io\/mentions-legales\/"},"modified":"2026-01-30T07:46:17","modified_gmt":"2026-01-30T06:46:17","slug":"mentions-legales","status":"publish","type":"page","link":"https:\/\/www.bansbach.com\/fr\/mentions-legales\/","title":{"rendered":"Mentions l\u00e9gales"},"content":{"rendered":"\n<div class=\"wp-block-trk17-bansbach-theme-common-columns\"><div class=\"container sm:flex sm:justify-between relative\">\n<div class=\"sm:w-[calc(25%-30px)]\"><div class=\"mx-[-15px] w-[calc(100%+30px)]\"><\/div><\/div>\n\n\n\n<div class=\"sm:w-[calc(50%-30px)]\"><div class=\"mx-[-15px] w-[calc(100%+30px)]\">\n<div class=\"wp-block-trk17-bansbach-theme-common-text\"><div class=\"container py-[10px] md:py-[15px] text-dark\"><div class=\"headline headline font-bold value-headline text-h2 mb-[30px]\">IMPRESSUM<\/div><div class=\"text-block-content md:pb-[20px]\"><\/div><div class=\"flex flex-wrap\"><\/div><\/div><\/div>\n\n\n\n<div class=\"wp-block-trk17-bansbach-theme-common-text\"><div class=\"container py-[10px] md:py-[15px] text-dark\"><div class=\"headline headline font-bold value-headline text-h4 mb-[7px]\">Fournisseur de ce site web<\/div><div class=\"text-block-content md:pb-[20px]\">\n<p>Bansbach easylift GmbH<br \/>Barbarossastr. 8<br \/>D-73547 Lorch<\/p><p><\/p><p>T\u00e9l\u00e9phone 07172 &#8211; 9107-0<br \/>T\u00e9l\u00e9copieur 07172 &#8211; 9107-44<br \/>e-mail : <a href=\"mailto:info@bansbach.de\">info@bansbach.de<\/a><\/p><p><\/p><p>N\u00b0 de registre du commerce : HRB 70 1405, Tribunal d&rsquo;instance d&rsquo;Ulm<\/p><p><\/p><p>Responsable au sens du \u00a76 TDG :<br \/>Bansbach easylift GmbH<br \/>Thomas Wei\u00df<br \/>(Tel : 07172\/9107-0)<\/p>\n<\/div><div class=\"flex flex-wrap\"><\/div><\/div><\/div>\n\n\n\n<div class=\"wp-block-trk17-bansbach-theme-common-text\"><div class=\"container py-[10px] md:py-[15px] text-dark\"><div class=\"headline headline font-bold value-headline text-h4 mb-[7px]\">Clause de non-responsabilit\u00e9<\/div><div class=\"text-block-content md:pb-[20px]\">\n<p><\/p>\n\n\n\t\t<li class=\"mb-[15px] flex\" data-list-id=\"1\">\n\t\t\t\t\t\t\t<span class=\"inline-block mr-[10px] w-[29px] h-[29px] rounded-full bg-blue text-white text-center leading-[29px] flex-none\">\n                    1                <\/span>\n\t\t\t\t\t\t\t<span class=\"inline-block pl-[10px]\">\n                L&rsquo;\u00e9diteur ne garantit pas l&rsquo;actualit\u00e9, l&rsquo;exactitude, l&rsquo;exhaustivit\u00e9 ou la qualit\u00e9 des informations fournies. L&rsquo;\u00e9diteur ne saurait \u00eatre tenu pour responsable des dommages mat\u00e9riels ou immat\u00e9riels r\u00e9sultant de l&rsquo;utilisation ou de la non-utilisation des informations pr\u00e9sent\u00e9es ou de l&rsquo;utilisation d&rsquo;informations erron\u00e9es ou incompl\u00e8tes, dans la mesure o\u00f9 il n&rsquo;est pas prouv\u00e9 que l&rsquo;\u00e9diteur a commis une faute intentionnelle ou une n\u00e9gligence grave. Toutes les offres sont sans engagement et non contractuelles. L&rsquo;\u00e9diteur se r\u00e9serve express\u00e9ment le droit de modifier, de compl\u00e9ter ou de supprimer des parties de pages ou l&rsquo;ensemble de l&rsquo;offre sans avis pr\u00e9alable, ou d&rsquo;en suspendre temporairement ou d\u00e9finitivement la publication.               <\/span>\n\t\t<\/li>\n\t\t\t\t<li class=\"mb-[15px] flex\" data-list-id=\"2\">\n\t\t\t\t\t\t\t<span class=\"inline-block mr-[10px] w-[29px] h-[29px] rounded-full bg-blue text-white text-center leading-[29px] flex-none\">\n                    2                <\/span>\n\t\t\t\t\t\t\t<span class=\"inline-block pl-[10px]\">\n                R\u00e9f\u00e9rences et liens. L&rsquo;\u00e9diteur met \u00e0 disposition des liens vers des offres de tiers dans une section sp\u00e9ciale. Seul le fournisseur de ces pages est responsable des contenus et en particulier des dommages r\u00e9sultant de l&rsquo;utilisation ou de la non-utilisation des informations ainsi pr\u00e9sent\u00e9es. L&rsquo;\u00e9diteur ne v\u00e9rifie les pages qu&rsquo;au moment de la cr\u00e9ation du lien. Toute modification ult\u00e9rieure rel\u00e8ve de la responsabilit\u00e9 de l&rsquo;\u00e9diteur.                <\/span>\n\t\t<\/li>\n\t\t\t\t<li class=\"mb-[15px] flex\" data-list-id=\"3\">\n\t\t\t\t\t\t\t<span class=\"inline-block mr-[10px] w-[29px] h-[29px] rounded-full bg-blue text-white text-center leading-[29px] flex-none\">\n                    3                <\/span>\n\t\t\t\t\t\t\t<span class=\"inline-block pl-[10px]\">\n                Validit\u00e9 juridique de cette clause de non-responsabilit\u00e9. Cette exclusion de responsabilit\u00e9 doit \u00eatre consid\u00e9r\u00e9e comme faisant partie de l&rsquo;offre Internet \u00e0 partir de laquelle il a \u00e9t\u00e9 fait r\u00e9f\u00e9rence \u00e0 cette page. Si des parties ou certaines formulations de ce texte ne devaient pas, plus ou pas enti\u00e8rement correspondre \u00e0 la situation juridique en vigueur, les autres parties du document n&rsquo;en seraient pas affect\u00e9es dans leur contenu et leur validit\u00e9.              <\/span>\n\t\t<\/li>\n\t\t<\/div><div class=\"flex flex-wrap\"><\/div><\/div><\/div>\n\n\n\n<div class=\"wp-block-trk17-bansbach-theme-common-text\"><div class=\"container py-[10px] md:py-[15px] text-dark\"><div class=\"headline headline font-bold value-headline text-h4 mb-[7px]\">Droit d&rsquo;auteur<\/div><div class=\"text-block-content md:pb-[20px]\">\n<p>Copyright 2006 \u00a9 Tous droits r\u00e9serv\u00e9s. Toutes les images, tous les graphiques, tous les textes, tous les fichiers audio, vid\u00e9o et d&rsquo;animation de ce site sont soumis au droit d&rsquo;auteur ou \u00e0 d&rsquo;autres lois sur la protection de la propri\u00e9t\u00e9 intellectuelle. Toute reproduction, modification ou utilisation dans d&rsquo;autres publications \u00e9lectroniques ou imprim\u00e9es est interdite sans l&rsquo;autorisation expresse de l&rsquo;auteur.  <\/p>\n<\/div><div class=\"flex flex-wrap\"><\/div><\/div><\/div>\n<\/div><\/div>\n\n\n\n<div class=\"sm:w-[calc(25%-30px)]\"><div class=\"mx-[-15px] w-[calc(100%+30px)]\"><\/div><\/div>\n<\/div><\/div>\n","protected":false},"excerpt":{"rendered":"","protected":false},"author":1,"featured_media":0,"parent":0,"menu_order":130,"comment_status":"closed","ping_status":"closed","template":"","meta":{"_seopress_robots_primary_cat":"","_seopress_titles_title":"","_seopress_titles_desc":"","_seopress_robots_index":"","footnotes":""},"class_list":["post-20634","page","type-page","status-publish","hentry"],"_links":{"self":[{"href":"https:\/\/www.bansbach.com\/fr\/wp-json\/wp\/v2\/pages\/20634","targetHints":{"allow":["GET"]}}],"collection":[{"href":"https:\/\/www.bansbach.com\/fr\/wp-json\/wp\/v2\/pages"}],"about":[{"href":"https:\/\/www.bansbach.com\/fr\/wp-json\/wp\/v2\/types\/page"}],"author":[{"embeddable":true,"href":"https:\/\/www.bansbach.com\/fr\/wp-json\/wp\/v2\/users\/1"}],"replies":[{"embeddable":true,"href":"https:\/\/www.bansbach.com\/fr\/wp-json\/wp\/v2\/comments?post=20634"}],"version-history":[{"count":3,"href":"https:\/\/www.bansbach.com\/fr\/wp-json\/wp\/v2\/pages\/20634\/revisions"}],"predecessor-version":[{"id":24403,"href":"https:\/\/www.bansbach.com\/fr\/wp-json\/wp\/v2\/pages\/20634\/revisions\/24403"}],"wp:attachment":[{"href":"https:\/\/www.bansbach.com\/fr\/wp-json\/wp\/v2\/media?parent=20634"}],"curies":[{"name":"wp","href":"https:\/\/api.w.org\/{rel}","templated":true}]}}