{"id":20636,"date":"2022-06-14T11:07:28","date_gmt":"2022-06-14T09:07:28","guid":{"rendered":"https:\/\/b37i6suw.myrdbx.io\/reglementation-sur-lelimination-des-dechets\/"},"modified":"2026-02-02T10:19:41","modified_gmt":"2026-02-02T09:19:41","slug":"reglementation-sur-lelimination-des-dechets","status":"publish","type":"page","link":"https:\/\/www.bansbach.com\/fr\/reglementation-sur-lelimination-des-dechets\/","title":{"rendered":"R\u00e9glementation sur l&rsquo;\u00e9limination des d\u00e9chets"},"content":{"rendered":"\n<div class=\"wp-block-trk17-bansbach-theme-common-columns\"><div class=\"container sm:flex sm:justify-between relative\">\n<div class=\"sm:w-[calc(25%-30px)]\"><div class=\"mx-[-15px] w-[calc(100%+30px)]\"><\/div><\/div>\n\n\n\n<div class=\"sm:w-[calc(50%-30px)]\"><div class=\"mx-[-15px] w-[calc(100%+30px)]\">\n<div class=\"wp-block-trk17-bansbach-theme-common-text\"><div class=\"container py-[10px] md:py-[15px] text-dark\"><h2  class=\"md:pb-[10px] text-h5 small-headline uppercase text-blue value-smallHeadline\">pour les ressorts \u00e0 gaz<\/h2><div  class=\"headline headline font-bold text-h2 mb-[30px] value-headline\">R\u00e9glementation sur l&rsquo;\u00e9limination des d\u00e9chets<\/div><div class=\"text-block-content md:pb-[20px]\">\n<p>Les ressorts \u00e0 gaz Bansbach sont principalement constitu\u00e9s de m\u00e9tal et peuvent \u00eatre recycl\u00e9s. Les ressorts \u00e0 gaz doivent \u00eatre pr\u00e9alablement d\u00e9pressuris\u00e9s. Le cas \u00e9ch\u00e9ant, l&rsquo;huile contenue doit \u00eatre vidang\u00e9e et \u00e9limin\u00e9e s\u00e9par\u00e9ment.  <br\/><br\/>Lors de l&rsquo;\u00e9limination des ressorts \u00e0 gaz Bansbach, nous vous prions de toujours tenir compte du fait qu&rsquo;ils sont soumis \u00e0 une forte pression.<\/p>\n<\/div><div class=\"flex flex-wrap\"><\/div><\/div><\/div>\n\n\n\n<div class=\"wp-block-trk17-bansbach-theme-common-text\"><div class=\"container py-[10px] md:py-[15px] text-dark\"><div  class=\"headline headline font-bold text-h4 mb-[7px] value-headline\">1.1 Proc\u00e9dure<\/div><div class=\"text-block-content md:pb-[20px]\">\n<p>En cas de mise au rebut des v\u00e9rins \u00e0 gaz, les points suivants doivent imp\u00e9rativement \u00eatre pris en compte :<br\/><br\/>a) Principes de base : Aucune personne ne doit se trouver dans la zone de l&rsquo;axe prolong\u00e9 de l&rsquo;appareil. La tige du piston du ressort \u00e0 gaz ne doit donc pas \u00eatre dirig\u00e9e vers des personnes lors de la d\u00e9compression. Ne coupez pas les extr\u00e9mit\u00e9s du ressort \u00e0 gaz. N&rsquo;utilisez en aucun cas un tour !   <br\/><br\/>b) D\u00e9terminer \u00e0 quel type de ressort \u00e0 gaz appartient le ressort \u00e0 gaz en question. Vous trouverez ci-dessous des d\u00e9tails sur les types de v\u00e9rins \u00e0 gaz. Si vous n&rsquo;\u00eates pas s\u00fbr du type de v\u00e9rin, n&rsquo;h\u00e9sitez pas \u00e0 nous contacter.  <br\/><br\/>c) Percez lentement le ressort \u00e0 gaz d\u00e9ploy\u00e9 au point X1 (m\u00e8che de 2-3 mm de diam\u00e8tre). En raison de la pression interne \u00e9lev\u00e9e, des copeaux et de l&rsquo;huile peuvent \u00eatre projet\u00e9s. Prenez les mesures appropri\u00e9es pour prot\u00e9ger votre personnel (protection des yeux et du visage, couverture du trou de forage).  <br\/><br\/>d) Si marqu\u00e9, percer \u00e9galement le point X2 (comme d\u00e9crit au point c)). <br\/><br\/>e) Un l\u00e9ger mouvement de la tige de piston permet de d\u00e9terminer si le v\u00e9rin n&rsquo;est pas sous pression.<br\/><br\/>f) Si n\u00e9cessaire, le cylindre peut maintenant \u00eatre sci\u00e9.<\/p>\n<\/div><div class=\"flex flex-wrap\"><\/div><\/div><\/div>\n\n\n\n<div class=\"wp-block-trk17-bansbach-theme-common-text\"><div class=\"container py-[10px] md:py-[15px] text-dark\"><div  class=\"headline headline font-bold text-h4 mb-[7px] value-headline\">1.2 Mise au rebut des composants du ressort \u00e0 gaz<\/div><div class=\"text-block-content md:pb-[20px]\">\n<ul class=\"list-double-arrow text-sm\"><ul class=\"list-double-arrow text-sm\"><li>\u00c9liminer l&rsquo;huile usag\u00e9e conform\u00e9ment aux r\u00e9glementations locales.<\/li><li>Ne pas d\u00e9verser dans le sol ou dans des cours d&rsquo;eau.<\/li><li>\u00c9liminer le ressort \u00e0 gaz d\u00e9gonfl\u00e9 avec la ferraille.<\/li><\/ul><\/ul>\n\n\n\n<p>Si vous ne pouvez pas satisfaire \u00e0 cette exigence, nous vous recommandons de retourner le ressort \u00e0 gaz \u00e0 l&rsquo;usine de livraison en port pay\u00e9, apr\u00e8s consultation. Nous proposons l&rsquo;\u00e9limination de votre ressort \u00e0 gaz au prix co\u00fbtant. Le cas \u00e9ch\u00e9ant, nous vous prions de nous demander les frais d&rsquo;\u00e9limination.  <\/p>\n<\/div><div class=\"flex flex-wrap\"><\/div><\/div><\/div>\n\n\n\n<div class=\"wp-block-trk17-bansbach-theme-common-text\"><div class=\"container py-[10px] md:py-[15px] text-dark\"><div  class=\"headline headline font-bold text-h4 mb-[7px] value-headline\">1.3 Types de v\u00e9rins \u00e0 gaz<\/div><div class=\"text-block-content md:pb-[20px]\">\n<p><\/p>\n<\/div><div class=\"flex flex-wrap\"><\/div><\/div><\/div>\n\n\n\n<div class=\"wp-block-trk17-bansbach-theme-common-image-text\"><div class=\"relative z-[1] overflow-hidden mb-[40px] md:mb-[90px]\"><div class=\"container text-dark \"><div class=\"inline-block align-middle w-full \"><img decoding=\"async\" src=\"https:\/\/www.bansbach.com\/wp-content\/uploads\/2022\/07\/entsorgung-1.3.1-gasfeder-standard-80x50.png\" srcset=\"https:\/\/www.bansbach.com\/wp-content\/uploads\/2022\/07\/entsorgung-1.3.1-gasfeder-standard-80x50.png 80w, https:\/\/www.bansbach.com\/wp-content\/uploads\/2022\/07\/entsorgung-1.3.1-gasfeder-standard-250x156.png 250w, https:\/\/www.bansbach.com\/wp-content\/uploads\/2022\/07\/entsorgung-1.3.1-gasfeder-standard-400x249.png 400w, https:\/\/www.bansbach.com\/wp-content\/uploads\/2022\/07\/entsorgung-1.3.1-gasfeder-standard-400x249.png 400w, https:\/\/www.bansbach.com\/wp-content\/uploads\/2022\/07\/entsorgung-1.3.1-gasfeder-standard-480x299.png 480w, https:\/\/www.bansbach.com\/wp-content\/uploads\/2022\/07\/entsorgung-1.3.1-gasfeder-standard-500x311.png 500w, https:\/\/www.bansbach.com\/wp-content\/uploads\/2022\/07\/entsorgung-1.3.1-gasfeder-standard-500x311.png 500w, https:\/\/www.bansbach.com\/wp-content\/uploads\/2022\/07\/entsorgung-1.3.1-gasfeder-standard-500x311.png 500w, https:\/\/www.bansbach.com\/wp-content\/uploads\/2022\/07\/entsorgung-1.3.1-gasfeder-standard-500x311.png 500w, https:\/\/www.bansbach.com\/wp-content\/uploads\/2022\/07\/entsorgung-1.3.1-gasfeder-standard-500x311.png 500w\" sizes=\"95vw\" alt=\"\" loading=\"lazy\"><\/div><div class=\"inline-block align-middle pt-[32px] md:pt-0 w-full \">\n<div class=\"wp-block-trk17-bansbach-theme-common-text\"><div class=\"container py-[10px] md:py-[15px] text-dark\"><div  class=\"headline headline font-bold text-h4 mb-[7px] value-headline\">1.3.1 Ressort \u00e0 gaz standard<\/div><div class=\"text-block-content md:pb-[20px]\"><\/div><div class=\"flex flex-wrap\"><\/div><\/div><\/div>\n<\/div><\/div><\/div><\/div>\n\n\n\n<div class=\"wp-block-trk17-bansbach-theme-common-image-text\"><div class=\"relative z-[1] overflow-hidden mb-[40px] md:mb-[90px]\"><div class=\"container text-dark \"><div class=\"inline-block align-middle w-full \"><img decoding=\"async\" src=\"https:\/\/www.bansbach.com\/wp-content\/uploads\/2022\/07\/entsorgung-1.3.2-gasfeder-mit-trennkolben-80x50.png\" srcset=\"https:\/\/www.bansbach.com\/wp-content\/uploads\/2022\/07\/entsorgung-1.3.2-gasfeder-mit-trennkolben-80x50.png 80w, https:\/\/www.bansbach.com\/wp-content\/uploads\/2022\/07\/entsorgung-1.3.2-gasfeder-mit-trennkolben-250x156.png 250w, https:\/\/www.bansbach.com\/wp-content\/uploads\/2022\/07\/entsorgung-1.3.2-gasfeder-mit-trennkolben-400x249.png 400w, https:\/\/www.bansbach.com\/wp-content\/uploads\/2022\/07\/entsorgung-1.3.2-gasfeder-mit-trennkolben-400x249.png 400w, https:\/\/www.bansbach.com\/wp-content\/uploads\/2022\/07\/entsorgung-1.3.2-gasfeder-mit-trennkolben-480x299.png 480w, https:\/\/www.bansbach.com\/wp-content\/uploads\/2022\/07\/entsorgung-1.3.2-gasfeder-mit-trennkolben-500x311.png 500w, https:\/\/www.bansbach.com\/wp-content\/uploads\/2022\/07\/entsorgung-1.3.2-gasfeder-mit-trennkolben-500x311.png 500w, https:\/\/www.bansbach.com\/wp-content\/uploads\/2022\/07\/entsorgung-1.3.2-gasfeder-mit-trennkolben-500x311.png 500w, https:\/\/www.bansbach.com\/wp-content\/uploads\/2022\/07\/entsorgung-1.3.2-gasfeder-mit-trennkolben-500x311.png 500w, https:\/\/www.bansbach.com\/wp-content\/uploads\/2022\/07\/entsorgung-1.3.2-gasfeder-mit-trennkolben-500x311.png 500w\" sizes=\"95vw\" alt=\"Gasdruckfeder mit zwei Schutzbrillen und einer Tabelle.\" loading=\"lazy\"><\/div><div class=\"inline-block align-middle pt-[32px] md:pt-0 w-full \">\n<div class=\"wp-block-trk17-bansbach-theme-common-text\"><div class=\"container py-[10px] md:py-[15px] text-dark\"><div  class=\"headline headline font-bold text-h4 mb-[7px] value-headline\">1.3.2 Ressort \u00e0 gaz avec piston de s\u00e9paration<\/div><div class=\"text-block-content md:pb-[20px]\"><\/div><div class=\"flex flex-wrap\"><\/div><\/div><\/div>\n<\/div><\/div><\/div><\/div>\n\n\n\n<div class=\"wp-block-trk17-bansbach-theme-common-image-text\"><div class=\"relative z-[1] overflow-hidden mb-[40px] md:mb-[90px]\"><div class=\"container text-dark \"><div class=\"inline-block align-middle w-full \"><img decoding=\"async\" src=\"https:\/\/www.bansbach.com\/wp-content\/uploads\/2022\/07\/entsorgung-1.3.3-block-gasfeder-80x50.png\" srcset=\"https:\/\/www.bansbach.com\/wp-content\/uploads\/2022\/07\/entsorgung-1.3.3-block-gasfeder-80x50.png 80w, https:\/\/www.bansbach.com\/wp-content\/uploads\/2022\/07\/entsorgung-1.3.3-block-gasfeder-250x156.png 250w, https:\/\/www.bansbach.com\/wp-content\/uploads\/2022\/07\/entsorgung-1.3.3-block-gasfeder-400x249.png 400w, https:\/\/www.bansbach.com\/wp-content\/uploads\/2022\/07\/entsorgung-1.3.3-block-gasfeder-400x249.png 400w, https:\/\/www.bansbach.com\/wp-content\/uploads\/2022\/07\/entsorgung-1.3.3-block-gasfeder-480x299.png 480w, https:\/\/www.bansbach.com\/wp-content\/uploads\/2022\/07\/entsorgung-1.3.3-block-gasfeder-500x311.png 500w, https:\/\/www.bansbach.com\/wp-content\/uploads\/2022\/07\/entsorgung-1.3.3-block-gasfeder-500x311.png 500w, https:\/\/www.bansbach.com\/wp-content\/uploads\/2022\/07\/entsorgung-1.3.3-block-gasfeder-500x311.png 500w, https:\/\/www.bansbach.com\/wp-content\/uploads\/2022\/07\/entsorgung-1.3.3-block-gasfeder-500x311.png 500w, https:\/\/www.bansbach.com\/wp-content\/uploads\/2022\/07\/entsorgung-1.3.3-block-gasfeder-500x311.png 500w\" sizes=\"95vw\" alt=\"Gasdruckfeder mit zwei Schutzbrillen und einer Tabelle.\" loading=\"lazy\"><\/div><div class=\"inline-block align-middle pt-[32px] md:pt-0 w-full \">\n<div class=\"wp-block-trk17-bansbach-theme-common-text\"><div class=\"container py-[10px] md:py-[15px] text-dark\"><div  class=\"headline headline font-bold text-h4 mb-[7px] value-headline\">1.3.3 Ressort \u00e0 gaz \u00e0 blocage rigide (types K et KX)<\/div><div class=\"text-block-content md:pb-[20px]\"><\/div><div class=\"flex flex-wrap\"><\/div><\/div><\/div>\n<\/div><\/div><\/div><\/div>\n\n\n\n<div class=\"wp-block-trk17-bansbach-theme-common-image-text\"><div class=\"relative z-[1] overflow-hidden mb-[40px] md:mb-[90px]\"><div class=\"container text-dark \"><div class=\"inline-block align-middle w-full \"><img decoding=\"async\" src=\"https:\/\/www.bansbach.com\/wp-content\/uploads\/2022\/07\/entsorgung-1.3.4-federnd-block-gasfeder-80x50.png\" srcset=\"https:\/\/www.bansbach.com\/wp-content\/uploads\/2022\/07\/entsorgung-1.3.4-federnd-block-gasfeder-80x50.png 80w, https:\/\/www.bansbach.com\/wp-content\/uploads\/2022\/07\/entsorgung-1.3.4-federnd-block-gasfeder-250x156.png 250w, https:\/\/www.bansbach.com\/wp-content\/uploads\/2022\/07\/entsorgung-1.3.4-federnd-block-gasfeder-400x249.png 400w, https:\/\/www.bansbach.com\/wp-content\/uploads\/2022\/07\/entsorgung-1.3.4-federnd-block-gasfeder-400x249.png 400w, https:\/\/www.bansbach.com\/wp-content\/uploads\/2022\/07\/entsorgung-1.3.4-federnd-block-gasfeder-480x299.png 480w, https:\/\/www.bansbach.com\/wp-content\/uploads\/2022\/07\/entsorgung-1.3.4-federnd-block-gasfeder-500x311.png 500w, https:\/\/www.bansbach.com\/wp-content\/uploads\/2022\/07\/entsorgung-1.3.4-federnd-block-gasfeder-500x311.png 500w, https:\/\/www.bansbach.com\/wp-content\/uploads\/2022\/07\/entsorgung-1.3.4-federnd-block-gasfeder-500x311.png 500w, https:\/\/www.bansbach.com\/wp-content\/uploads\/2022\/07\/entsorgung-1.3.4-federnd-block-gasfeder-500x311.png 500w, https:\/\/www.bansbach.com\/wp-content\/uploads\/2022\/07\/entsorgung-1.3.4-federnd-block-gasfeder-500x311.png 500w\" sizes=\"95vw\" alt=\"\" loading=\"lazy\"><\/div><div class=\"inline-block align-middle pt-[32px] md:pt-0 w-full \">\n<div class=\"wp-block-trk17-bansbach-theme-common-text\"><div class=\"container py-[10px] md:py-[15px] text-dark\"><div  class=\"headline headline font-bold text-h4 mb-[7px] value-headline\">1.3.4 Ressort \u00e0 gaz \u00e0 blocage \u00e9lastique (type B)<\/div><div class=\"text-block-content md:pb-[20px]\"><\/div><div class=\"flex flex-wrap\"><\/div><\/div><\/div>\n<\/div><\/div><\/div><\/div>\n\n\n\n<div class=\"wp-block-trk17-bansbach-theme-common-image-text\"><div class=\"relative z-[1] overflow-hidden mb-[40px] md:mb-[90px]\"><div class=\"container text-dark \"><div class=\"inline-block align-middle w-full \"><img decoding=\"async\" src=\"https:\/\/www.bansbach.com\/wp-content\/uploads\/2022\/07\/entsorgung-1.3.5-starr-block-gasfeder-80x50.png\" srcset=\"https:\/\/www.bansbach.com\/wp-content\/uploads\/2022\/07\/entsorgung-1.3.5-starr-block-gasfeder-80x50.png 80w, https:\/\/www.bansbach.com\/wp-content\/uploads\/2022\/07\/entsorgung-1.3.5-starr-block-gasfeder-250x156.png 250w, https:\/\/www.bansbach.com\/wp-content\/uploads\/2022\/07\/entsorgung-1.3.5-starr-block-gasfeder-400x249.png 400w, https:\/\/www.bansbach.com\/wp-content\/uploads\/2022\/07\/entsorgung-1.3.5-starr-block-gasfeder-400x249.png 400w, https:\/\/www.bansbach.com\/wp-content\/uploads\/2022\/07\/entsorgung-1.3.5-starr-block-gasfeder-480x299.png 480w, https:\/\/www.bansbach.com\/wp-content\/uploads\/2022\/07\/entsorgung-1.3.5-starr-block-gasfeder-500x311.png 500w, https:\/\/www.bansbach.com\/wp-content\/uploads\/2022\/07\/entsorgung-1.3.5-starr-block-gasfeder-500x311.png 500w, https:\/\/www.bansbach.com\/wp-content\/uploads\/2022\/07\/entsorgung-1.3.5-starr-block-gasfeder-500x311.png 500w, https:\/\/www.bansbach.com\/wp-content\/uploads\/2022\/07\/entsorgung-1.3.5-starr-block-gasfeder-500x311.png 500w, https:\/\/www.bansbach.com\/wp-content\/uploads\/2022\/07\/entsorgung-1.3.5-starr-block-gasfeder-500x311.png 500w\" sizes=\"95vw\" alt=\"Gasdruckfeder mit zwei Schutzbrillen und einer Tabelle.\" loading=\"lazy\"><\/div><div class=\"inline-block align-middle pt-[32px] md:pt-0 w-full \">\n<div class=\"wp-block-trk17-bansbach-theme-common-text\"><div class=\"container py-[10px] md:py-[15px] text-dark\"><div  class=\"headline headline font-bold text-h4 mb-[7px] value-headline\">1.3.5 Ressort \u00e0 gaz \u00e0 blocage rigide (type P)<\/div><div class=\"text-block-content md:pb-[20px]\"><\/div><div class=\"flex flex-wrap\"><\/div><\/div><\/div>\n<\/div><\/div><\/div><\/div>\n\n\n\n<div class=\"wp-block-trk17-bansbach-theme-common-image-text\"><div class=\"relative z-[1] overflow-hidden mb-[40px] md:mb-[90px]\"><div class=\"container text-dark \"><div class=\"inline-block align-middle w-full \"><img decoding=\"async\" src=\"https:\/\/www.bansbach.com\/wp-content\/uploads\/2022\/07\/entsorgung-1.3.6-starr-block-gasfeder.828-1028-80x50.png\" srcset=\"https:\/\/www.bansbach.com\/wp-content\/uploads\/2022\/07\/entsorgung-1.3.6-starr-block-gasfeder.828-1028-80x50.png 80w, https:\/\/www.bansbach.com\/wp-content\/uploads\/2022\/07\/entsorgung-1.3.6-starr-block-gasfeder.828-1028-250x156.png 250w, https:\/\/www.bansbach.com\/wp-content\/uploads\/2022\/07\/entsorgung-1.3.6-starr-block-gasfeder.828-1028-400x249.png 400w, https:\/\/www.bansbach.com\/wp-content\/uploads\/2022\/07\/entsorgung-1.3.6-starr-block-gasfeder.828-1028-400x249.png 400w, https:\/\/www.bansbach.com\/wp-content\/uploads\/2022\/07\/entsorgung-1.3.6-starr-block-gasfeder.828-1028-480x299.png 480w, https:\/\/www.bansbach.com\/wp-content\/uploads\/2022\/07\/entsorgung-1.3.6-starr-block-gasfeder.828-1028-500x311.png 500w, https:\/\/www.bansbach.com\/wp-content\/uploads\/2022\/07\/entsorgung-1.3.6-starr-block-gasfeder.828-1028-500x311.png 500w, https:\/\/www.bansbach.com\/wp-content\/uploads\/2022\/07\/entsorgung-1.3.6-starr-block-gasfeder.828-1028-500x311.png 500w, https:\/\/www.bansbach.com\/wp-content\/uploads\/2022\/07\/entsorgung-1.3.6-starr-block-gasfeder.828-1028-500x311.png 500w, https:\/\/www.bansbach.com\/wp-content\/uploads\/2022\/07\/entsorgung-1.3.6-starr-block-gasfeder.828-1028-500x311.png 500w\" sizes=\"95vw\" alt=\"Gasdruckfeder mit zwei Schutzbrillen und einer Tabelle.\" loading=\"lazy\"><\/div><div class=\"inline-block align-middle pt-[32px] md:pt-0 w-full \">\n<div class=\"wp-block-trk17-bansbach-theme-common-text\"><div class=\"container py-[10px] md:py-[15px] text-dark\"><div  class=\"headline headline font-bold text-h4 mb-[7px] value-headline\">1.3.6 Ressort \u00e0 gaz \u00e0 blocage rigide (type T) tailles 8\/28 et 10\/28<\/div><div class=\"text-block-content md:pb-[20px]\"><\/div><div class=\"flex flex-wrap\"><\/div><\/div><\/div>\n<\/div><\/div><\/div><\/div>\n\n\n\n<div class=\"wp-block-trk17-bansbach-theme-common-image-text\"><div class=\"relative z-[1] overflow-hidden mb-[40px] md:mb-[90px]\"><div class=\"container text-dark \"><div class=\"inline-block align-middle w-full \"><img decoding=\"async\" src=\"https:\/\/www.bansbach.com\/wp-content\/uploads\/2022\/07\/entsorgung-1.3.7-gaszugfeder-lange-bauart-80x50.png\" srcset=\"https:\/\/www.bansbach.com\/wp-content\/uploads\/2022\/07\/entsorgung-1.3.7-gaszugfeder-lange-bauart-80x50.png 80w, https:\/\/www.bansbach.com\/wp-content\/uploads\/2022\/07\/entsorgung-1.3.7-gaszugfeder-lange-bauart-250x156.png 250w, https:\/\/www.bansbach.com\/wp-content\/uploads\/2022\/07\/entsorgung-1.3.7-gaszugfeder-lange-bauart-400x249.png 400w, https:\/\/www.bansbach.com\/wp-content\/uploads\/2022\/07\/entsorgung-1.3.7-gaszugfeder-lange-bauart-400x249.png 400w, https:\/\/www.bansbach.com\/wp-content\/uploads\/2022\/07\/entsorgung-1.3.7-gaszugfeder-lange-bauart-480x299.png 480w, https:\/\/www.bansbach.com\/wp-content\/uploads\/2022\/07\/entsorgung-1.3.7-gaszugfeder-lange-bauart-500x311.png 500w, https:\/\/www.bansbach.com\/wp-content\/uploads\/2022\/07\/entsorgung-1.3.7-gaszugfeder-lange-bauart-500x311.png 500w, https:\/\/www.bansbach.com\/wp-content\/uploads\/2022\/07\/entsorgung-1.3.7-gaszugfeder-lange-bauart-500x311.png 500w, https:\/\/www.bansbach.com\/wp-content\/uploads\/2022\/07\/entsorgung-1.3.7-gaszugfeder-lange-bauart-500x311.png 500w, https:\/\/www.bansbach.com\/wp-content\/uploads\/2022\/07\/entsorgung-1.3.7-gaszugfeder-lange-bauart-500x311.png 500w\" sizes=\"95vw\" alt=\"Gasdruckfeder mit zwei Schutzbrillen und einer Tabelle.\" loading=\"lazy\"><\/div><div class=\"inline-block align-middle pt-[32px] md:pt-0 w-full \">\n<div class=\"wp-block-trk17-bansbach-theme-common-text\"><div class=\"container py-[10px] md:py-[15px] text-dark\"><div  class=\"headline headline font-bold text-h4 mb-[7px] value-headline\">1.3.7 Ressort de traction \u00e0 gaz de type long (\u00e9galement avec amortisseur de fin de course)<\/div><div class=\"text-block-content md:pb-[20px]\"><\/div><div class=\"flex flex-wrap\"><\/div><\/div><\/div>\n<\/div><\/div><\/div><\/div>\n\n\n\n<div class=\"wp-block-trk17-bansbach-theme-common-image-text\"><div class=\"relative z-[1] overflow-hidden mb-[40px] md:mb-[90px]\"><div class=\"container text-dark \"><div class=\"inline-block align-middle w-full \"><img decoding=\"async\" src=\"https:\/\/www.bansbach.com\/wp-content\/uploads\/2022\/07\/entsorgung-1.3.8-gaszugfeder-kurze-bauart-80x50.png\" srcset=\"https:\/\/www.bansbach.com\/wp-content\/uploads\/2022\/07\/entsorgung-1.3.8-gaszugfeder-kurze-bauart-80x50.png 80w, https:\/\/www.bansbach.com\/wp-content\/uploads\/2022\/07\/entsorgung-1.3.8-gaszugfeder-kurze-bauart-250x156.png 250w, https:\/\/www.bansbach.com\/wp-content\/uploads\/2022\/07\/entsorgung-1.3.8-gaszugfeder-kurze-bauart-400x249.png 400w, https:\/\/www.bansbach.com\/wp-content\/uploads\/2022\/07\/entsorgung-1.3.8-gaszugfeder-kurze-bauart-400x249.png 400w, https:\/\/www.bansbach.com\/wp-content\/uploads\/2022\/07\/entsorgung-1.3.8-gaszugfeder-kurze-bauart-480x299.png 480w, https:\/\/www.bansbach.com\/wp-content\/uploads\/2022\/07\/entsorgung-1.3.8-gaszugfeder-kurze-bauart-500x311.png 500w, https:\/\/www.bansbach.com\/wp-content\/uploads\/2022\/07\/entsorgung-1.3.8-gaszugfeder-kurze-bauart-500x311.png 500w, https:\/\/www.bansbach.com\/wp-content\/uploads\/2022\/07\/entsorgung-1.3.8-gaszugfeder-kurze-bauart-500x311.png 500w, https:\/\/www.bansbach.com\/wp-content\/uploads\/2022\/07\/entsorgung-1.3.8-gaszugfeder-kurze-bauart-500x311.png 500w, https:\/\/www.bansbach.com\/wp-content\/uploads\/2022\/07\/entsorgung-1.3.8-gaszugfeder-kurze-bauart-500x311.png 500w\" sizes=\"95vw\" alt=\"Gasdruckfeder mit zwei Schutzbrillen und einer Tabelle.\" loading=\"lazy\"><\/div><div class=\"inline-block align-middle pt-[32px] md:pt-0 w-full \">\n<div class=\"wp-block-trk17-bansbach-theme-common-text\"><div class=\"container py-[10px] md:py-[15px] text-dark\"><div  class=\"headline headline font-bold text-h4 mb-[7px] value-headline\">1.3.8 Ressort de traction \u00e0 gaz de type court (\u00e9galement avec amortisseur de fin de course)<\/div><div class=\"text-block-content md:pb-[20px]\"><\/div><div class=\"flex flex-wrap\"><\/div><\/div><\/div>\n<\/div><\/div><\/div><\/div>\n\n\n\n<div class=\"wp-block-trk17-bansbach-theme-common-image-text\"><div class=\"relative z-[1] overflow-hidden mb-[40px] md:mb-[90px]\"><div class=\"container text-dark \"><div class=\"inline-block align-middle w-full \"><img decoding=\"async\" src=\"https:\/\/www.bansbach.com\/wp-content\/uploads\/2022\/07\/entsorgung-1.3.9-block-gaszugfeder-80x50.png\" srcset=\"https:\/\/www.bansbach.com\/wp-content\/uploads\/2022\/07\/entsorgung-1.3.9-block-gaszugfeder-80x50.png 80w, https:\/\/www.bansbach.com\/wp-content\/uploads\/2022\/07\/entsorgung-1.3.9-block-gaszugfeder-250x156.png 250w, https:\/\/www.bansbach.com\/wp-content\/uploads\/2022\/07\/entsorgung-1.3.9-block-gaszugfeder-400x249.png 400w, https:\/\/www.bansbach.com\/wp-content\/uploads\/2022\/07\/entsorgung-1.3.9-block-gaszugfeder-400x249.png 400w, https:\/\/www.bansbach.com\/wp-content\/uploads\/2022\/07\/entsorgung-1.3.9-block-gaszugfeder-480x299.png 480w, https:\/\/www.bansbach.com\/wp-content\/uploads\/2022\/07\/entsorgung-1.3.9-block-gaszugfeder-500x311.png 500w, https:\/\/www.bansbach.com\/wp-content\/uploads\/2022\/07\/entsorgung-1.3.9-block-gaszugfeder-500x311.png 500w, https:\/\/www.bansbach.com\/wp-content\/uploads\/2022\/07\/entsorgung-1.3.9-block-gaszugfeder-500x311.png 500w, https:\/\/www.bansbach.com\/wp-content\/uploads\/2022\/07\/entsorgung-1.3.9-block-gaszugfeder-500x311.png 500w, https:\/\/www.bansbach.com\/wp-content\/uploads\/2022\/07\/entsorgung-1.3.9-block-gaszugfeder-500x311.png 500w\" sizes=\"95vw\" alt=\"Gasdruckfeder mit zwei Schutzbrillen und einer Tabelle.\" loading=\"lazy\"><\/div><div class=\"inline-block align-middle pt-[32px] md:pt-0 w-full \">\n<div class=\"wp-block-trk17-bansbach-theme-common-text\"><div class=\"container py-[10px] md:py-[15px] text-dark\"><div  class=\"headline headline font-bold text-h4 mb-[7px] value-headline\">1.3.9 Ressort de traction \u00e0 gaz blocable<\/div><div class=\"text-block-content md:pb-[20px]\"><\/div><div class=\"flex flex-wrap\"><\/div><\/div><\/div>\n<\/div><\/div><\/div><\/div>\n\n\n\n<div class=\"wp-block-trk17-bansbach-theme-common-image-text\"><div class=\"relative z-[1] overflow-hidden mb-[40px] md:mb-[90px]\"><div class=\"container text-dark \"><div class=\"inline-block align-middle w-full \"><img decoding=\"async\" src=\"https:\/\/www.bansbach.com\/wp-content\/uploads\/2022\/07\/entsorgung-1.3.10-gasfeder-3070-80x50.png\" srcset=\"https:\/\/www.bansbach.com\/wp-content\/uploads\/2022\/07\/entsorgung-1.3.10-gasfeder-3070-80x50.png 80w, https:\/\/www.bansbach.com\/wp-content\/uploads\/2022\/07\/entsorgung-1.3.10-gasfeder-3070-250x156.png 250w, https:\/\/www.bansbach.com\/wp-content\/uploads\/2022\/07\/entsorgung-1.3.10-gasfeder-3070-400x249.png 400w, https:\/\/www.bansbach.com\/wp-content\/uploads\/2022\/07\/entsorgung-1.3.10-gasfeder-3070-400x249.png 400w, https:\/\/www.bansbach.com\/wp-content\/uploads\/2022\/07\/entsorgung-1.3.10-gasfeder-3070-480x299.png 480w, https:\/\/www.bansbach.com\/wp-content\/uploads\/2022\/07\/entsorgung-1.3.10-gasfeder-3070-500x311.png 500w, https:\/\/www.bansbach.com\/wp-content\/uploads\/2022\/07\/entsorgung-1.3.10-gasfeder-3070-500x311.png 500w, https:\/\/www.bansbach.com\/wp-content\/uploads\/2022\/07\/entsorgung-1.3.10-gasfeder-3070-500x311.png 500w, https:\/\/www.bansbach.com\/wp-content\/uploads\/2022\/07\/entsorgung-1.3.10-gasfeder-3070-500x311.png 500w, https:\/\/www.bansbach.com\/wp-content\/uploads\/2022\/07\/entsorgung-1.3.10-gasfeder-3070-500x311.png 500w\" sizes=\"95vw\" alt=\"Gasdruckfeder mit einer Schutzbrille und einer Tabelle.\" loading=\"lazy\"><\/div><div class=\"inline-block align-middle pt-[32px] md:pt-0 w-full \">\n<div class=\"wp-block-trk17-bansbach-theme-common-text\"><div class=\"container py-[10px] md:py-[15px] text-dark\"><div  class=\"headline headline font-bold text-h4 mb-[7px] value-headline\">1.3.10 V\u00e9rin \u00e0 gaz 30\/70<\/div><div class=\"text-block-content md:pb-[20px]\"><\/div><div class=\"flex flex-wrap\"><\/div><\/div><\/div>\n<\/div><\/div><\/div><\/div>\n<\/div><\/div>\n\n\n\n<div class=\"sm:w-[calc(25%-30px)]\"><div class=\"mx-[-15px] w-[calc(100%+30px)]\"><\/div><\/div>\n<\/div><\/div>\n","protected":false},"excerpt":{"rendered":"","protected":false},"author":1,"featured_media":0,"parent":0,"menu_order":150,"comment_status":"closed","ping_status":"closed","template":"","meta":{"_seopress_robots_primary_cat":"","_seopress_titles_title":"","_seopress_titles_desc":"","_seopress_robots_index":"","footnotes":""},"class_list":["post-20636","page","type-page","status-publish","hentry"],"_links":{"self":[{"href":"https:\/\/www.bansbach.com\/fr\/wp-json\/wp\/v2\/pages\/20636","targetHints":{"allow":["GET"]}}],"collection":[{"href":"https:\/\/www.bansbach.com\/fr\/wp-json\/wp\/v2\/pages"}],"about":[{"href":"https:\/\/www.bansbach.com\/fr\/wp-json\/wp\/v2\/types\/page"}],"author":[{"embeddable":true,"href":"https:\/\/www.bansbach.com\/fr\/wp-json\/wp\/v2\/users\/1"}],"replies":[{"embeddable":true,"href":"https:\/\/www.bansbach.com\/fr\/wp-json\/wp\/v2\/comments?post=20636"}],"version-history":[{"count":3,"href":"https:\/\/www.bansbach.com\/fr\/wp-json\/wp\/v2\/pages\/20636\/revisions"}],"predecessor-version":[{"id":24759,"href":"https:\/\/www.bansbach.com\/fr\/wp-json\/wp\/v2\/pages\/20636\/revisions\/24759"}],"wp:attachment":[{"href":"https:\/\/www.bansbach.com\/fr\/wp-json\/wp\/v2\/media?parent=20636"}],"curies":[{"name":"wp","href":"https:\/\/api.w.org\/{rel}","templated":true}]}}