{"id":20923,"date":"2022-08-01T15:13:01","date_gmt":"2022-08-01T13:13:01","guid":{"rendered":"https:\/\/b37i6suw.myrdbx.io\/pieces-de-raccordement-des-actionneurs-en-ligne\/"},"modified":"2026-01-29T12:04:12","modified_gmt":"2026-01-29T11:04:12","slug":"pieces-de-raccordement-des-actionneurs-en-ligne","status":"publish","type":"page","link":"https:\/\/www.bansbach.com\/fr\/pieces-de-raccordement-des-actionneurs-en-ligne\/","title":{"rendered":"Pi\u00e8ces de raccordement des actionneurs en ligne"},"content":{"rendered":"\n<div class=\"wp-block-trk17-bansbach-theme-common-headline\"><div class=\"container mt-[50px] md:mt-[80px] mb-[50px] text-dark text-left\"><h2 class=\"pb-[10px] text-h5 small-headline uppercase text-blue\">Pi\u00e8ces de connexion<\/h2><div class=\"headline headline text-h2 md:text-h2-40 font-bold\">Actionneurs en ligne<\/div><\/div><\/div>\n\n<div class=\"wp-block-trk17-bansbach-theme-common-columns\"><div class=\"container sm:flex sm:justify-between relative\">\n<div class=\"sm:w-[calc(25%-30px)]\"><div class=\"mx-[-15px] w-[calc(100%+30px)]\">\n<div class=\"wp-block-trk17-bansbach-theme-common-image-text\"><div class=\"relative z-[1] overflow-hidden mb-[40px] md:mb-[90px]\"><div class=\"container text-dark \"><div class=\"inline-block align-middle w-full \"><img decoding=\"async\" src=\"https:\/\/www.bansbach.com\/wp-content\/uploads\/2023\/09\/Gelenkauge_KS-1-80x80.jpg\" srcset=\"https:\/\/www.bansbach.com\/wp-content\/uploads\/2023\/09\/Gelenkauge_KS-1-80x80.jpg 80w, https:\/\/www.bansbach.com\/wp-content\/uploads\/2023\/09\/Gelenkauge_KS-1-180x180.jpg 180w, https:\/\/www.bansbach.com\/wp-content\/uploads\/2023\/09\/Gelenkauge_KS-1-300x300.jpg 300w, https:\/\/www.bansbach.com\/wp-content\/uploads\/2023\/09\/Gelenkauge_KS-1-300x300.jpg 300w, https:\/\/www.bansbach.com\/wp-content\/uploads\/2023\/09\/Gelenkauge_KS-1-480x480.jpg 480w, https:\/\/www.bansbach.com\/wp-content\/uploads\/2023\/09\/Gelenkauge_KS-1-580x580.jpg 580w, https:\/\/www.bansbach.com\/wp-content\/uploads\/2023\/09\/Gelenkauge_KS-1-720x720.jpg 720w, https:\/\/www.bansbach.com\/wp-content\/uploads\/2023\/09\/Gelenkauge_KS-1-959x959.jpg 959w, https:\/\/www.bansbach.com\/wp-content\/uploads\/2023\/09\/Gelenkauge_KS-1-1280x1280.jpg 1280w, https:\/\/www.bansbach.com\/wp-content\/uploads\/2023\/09\/Gelenkauge_KS-1-1280x1280.jpg 1280w\" sizes=\"95vw\" alt=\"Gelenkauge_Kolbenstangenseite\" loading=\"lazy\"><\/div><div class=\"inline-block align-middle pt-[32px] md:pt-0 w-full \">\n<div class=\"wp-block-trk17-bansbach-theme-common-text\"><div class=\"container py-[10px] md:py-[15px] text-dark\"><div class=\"headline headline font-bold text-h4 mb-[7px] value-headline\">Gelenkauge Kolbenseite<\/div><div class=\"text-block-content md:pb-[20px]\">\n<p><br \/><br \/><br \/><\/p>\n<\/div><div class=\"flex flex-wrap\"><a class=\"w-full md:w-auto btn value-buttonTitle1\" href=\"https:\/\/www.bansbach.com\/anschlussteile-in-line-aktuatoren\/gelenkauge-kolbenseite\/\" title=\"Mehr erfahren\" rel=\"noopener\">Mehr erfahren<\/a><\/div><\/div><\/div>\n<\/div><\/div><\/div><\/div>\n<\/div><\/div>\n\n\n\n<div class=\"sm:w-[calc(25%-30px)]\"><div class=\"mx-[-15px] w-[calc(100%+30px)]\">\n<div class=\"wp-block-trk17-bansbach-theme-common-image-text\"><div class=\"relative z-[1] overflow-hidden mb-[40px] md:mb-[90px]\"><div class=\"container text-dark \"><div class=\"inline-block align-middle w-full \"><img decoding=\"async\" src=\"https:\/\/www.bansbach.com\/wp-content\/uploads\/2023\/09\/Gelenkauge_Motorseite-3-80x80.jpg\" srcset=\"https:\/\/www.bansbach.com\/wp-content\/uploads\/2023\/09\/Gelenkauge_Motorseite-3-80x80.jpg 80w, https:\/\/www.bansbach.com\/wp-content\/uploads\/2023\/09\/Gelenkauge_Motorseite-3-180x180.jpg 180w, https:\/\/www.bansbach.com\/wp-content\/uploads\/2023\/09\/Gelenkauge_Motorseite-3-300x300.jpg 300w, https:\/\/www.bansbach.com\/wp-content\/uploads\/2023\/09\/Gelenkauge_Motorseite-3-300x300.jpg 300w, https:\/\/www.bansbach.com\/wp-content\/uploads\/2023\/09\/Gelenkauge_Motorseite-3-480x480.jpg 480w, https:\/\/www.bansbach.com\/wp-content\/uploads\/2023\/09\/Gelenkauge_Motorseite-3-580x580.jpg 580w, https:\/\/www.bansbach.com\/wp-content\/uploads\/2023\/09\/Gelenkauge_Motorseite-3-720x720.jpg 720w, https:\/\/www.bansbach.com\/wp-content\/uploads\/2023\/09\/Gelenkauge_Motorseite-3-959x959.jpg 959w, https:\/\/www.bansbach.com\/wp-content\/uploads\/2023\/09\/Gelenkauge_Motorseite-3-1280x1280.jpg 1280w, https:\/\/www.bansbach.com\/wp-content\/uploads\/2023\/09\/Gelenkauge_Motorseite-3-1280x1280.jpg 1280w\" sizes=\"95vw\" alt=\"Gelenkauge_Motorseite\" loading=\"lazy\"><\/div><div class=\"inline-block align-middle pt-[32px] md:pt-0 w-full \">\n<div class=\"wp-block-trk17-bansbach-theme-common-text\"><div class=\"container py-[10px] md:py-[15px] text-dark\"><div class=\"headline headline font-bold text-h4 mb-[7px] value-headline\">Gelenkauge Motorseite<\/div><div class=\"text-block-content md:pb-[20px]\">\n<p><br \/><br \/><br \/><\/p>\n<\/div><div class=\"flex flex-wrap\"><a class=\"w-full md:w-auto btn value-buttonTitle1\" href=\"https:\/\/www.bansbach.com\/anschlussteile-in-line-aktuatoren\/gelenkauge-motorseite\/\" title=\"Mehr erfahren\" rel=\"noopener\">Mehr erfahren<\/a><\/div><\/div><\/div>\n<\/div><\/div><\/div><\/div>\n<\/div><\/div>\n\n\n\n<div class=\"sm:w-[calc(25%-30px)]\"><div class=\"mx-[-15px] w-[calc(100%+30px)]\">\n<div class=\"wp-block-trk17-bansbach-theme-common-image-text\"><div class=\"relative z-[1] overflow-hidden mb-[40px] md:mb-[90px]\"><div class=\"container text-dark \"><div class=\"inline-block align-middle w-full \"><img decoding=\"async\" src=\"https:\/\/www.bansbach.com\/wp-content\/uploads\/2023\/09\/Gelenkauge_mit_Gelenklager_KS-1-80x80.jpg\" srcset=\"https:\/\/www.bansbach.com\/wp-content\/uploads\/2023\/09\/Gelenkauge_mit_Gelenklager_KS-1-80x80.jpg 80w, https:\/\/www.bansbach.com\/wp-content\/uploads\/2023\/09\/Gelenkauge_mit_Gelenklager_KS-1-180x180.jpg 180w, https:\/\/www.bansbach.com\/wp-content\/uploads\/2023\/09\/Gelenkauge_mit_Gelenklager_KS-1-300x300.jpg 300w, https:\/\/www.bansbach.com\/wp-content\/uploads\/2023\/09\/Gelenkauge_mit_Gelenklager_KS-1-300x300.jpg 300w, https:\/\/www.bansbach.com\/wp-content\/uploads\/2023\/09\/Gelenkauge_mit_Gelenklager_KS-1-480x480.jpg 480w, https:\/\/www.bansbach.com\/wp-content\/uploads\/2023\/09\/Gelenkauge_mit_Gelenklager_KS-1-580x580.jpg 580w, https:\/\/www.bansbach.com\/wp-content\/uploads\/2023\/09\/Gelenkauge_mit_Gelenklager_KS-1-720x720.jpg 720w, https:\/\/www.bansbach.com\/wp-content\/uploads\/2023\/09\/Gelenkauge_mit_Gelenklager_KS-1-959x959.jpg 959w, https:\/\/www.bansbach.com\/wp-content\/uploads\/2023\/09\/Gelenkauge_mit_Gelenklager_KS-1-1280x1280.jpg 1280w, https:\/\/www.bansbach.com\/wp-content\/uploads\/2023\/09\/Gelenkauge_mit_Gelenklager_KS-1-1280x1280.jpg 1280w\" sizes=\"95vw\" alt=\"Gelenkauge_mit_Gelenklager_Kolbenstangenseite\" loading=\"lazy\"><\/div><div class=\"inline-block align-middle pt-[32px] md:pt-0 w-full \">\n<div class=\"wp-block-trk17-bansbach-theme-common-text\"><div class=\"container py-[10px] md:py-[15px] text-dark\"><div class=\"headline headline font-bold text-h4 mb-[7px] value-headline\">Gelenkauge mit Gelenklager Kolbenseite<\/div><div class=\"text-block-content md:pb-[20px]\">\n<p><\/p>\n<\/div><div class=\"flex flex-wrap\"><a class=\"w-full md:w-auto btn value-buttonTitle1\" href=\"https:\/\/www.bansbach.com\/anschlussteile-in-line-aktuatoren\/gelenkauge-gelenklager-kolbenseite\/\" title=\"Mehr erfahren\" rel=\"noopener\">Mehr erfahren<\/a><\/div><\/div><\/div>\n<\/div><\/div><\/div><\/div>\n<\/div><\/div>\n\n\n\n<div class=\"sm:w-[calc(25%-30px)]\"><div class=\"mx-[-15px] w-[calc(100%+30px)]\">\n<div class=\"wp-block-trk17-bansbach-theme-common-image-text\"><div class=\"relative z-[1] overflow-hidden mb-[40px] md:mb-[90px]\"><div class=\"container text-dark \"><div class=\"inline-block align-middle w-full \"><img decoding=\"async\" src=\"https:\/\/www.bansbach.com\/wp-content\/uploads\/2022\/07\/Gelenkauge-mit-Gelenklager_Motor-80x80.jpg\" srcset=\"https:\/\/www.bansbach.com\/wp-content\/uploads\/2022\/07\/Gelenkauge-mit-Gelenklager_Motor-80x80.jpg 80w, https:\/\/www.bansbach.com\/wp-content\/uploads\/2022\/07\/Gelenkauge-mit-Gelenklager_Motor-180x180.jpg 180w, https:\/\/www.bansbach.com\/wp-content\/uploads\/2022\/07\/Gelenkauge-mit-Gelenklager_Motor-300x300.jpg 300w, https:\/\/www.bansbach.com\/wp-content\/uploads\/2022\/07\/Gelenkauge-mit-Gelenklager_Motor-300x300.jpg 300w, https:\/\/www.bansbach.com\/wp-content\/uploads\/2022\/07\/Gelenkauge-mit-Gelenklager_Motor-480x480.jpg 480w, https:\/\/www.bansbach.com\/wp-content\/uploads\/2022\/07\/Gelenkauge-mit-Gelenklager_Motor-580x580.jpg 580w, https:\/\/www.bansbach.com\/wp-content\/uploads\/2022\/07\/Gelenkauge-mit-Gelenklager_Motor-720x720.jpg 720w, https:\/\/www.bansbach.com\/wp-content\/uploads\/2022\/07\/Gelenkauge-mit-Gelenklager_Motor-959x959.jpg 959w, https:\/\/www.bansbach.com\/wp-content\/uploads\/2022\/07\/Gelenkauge-mit-Gelenklager_Motor-1280x1280.jpg 1280w, https:\/\/www.bansbach.com\/wp-content\/uploads\/2022\/07\/Gelenkauge-mit-Gelenklager_Motor-1280x1280.jpg 1280w\" sizes=\"95vw\" alt=\"Gelenkauge mit Gelenklager_Motor\" loading=\"lazy\"><\/div><div class=\"inline-block align-middle pt-[32px] md:pt-0 w-full \">\n<div class=\"wp-block-trk17-bansbach-theme-common-text\"><div class=\"container py-[10px] md:py-[15px] text-dark\"><div class=\"headline headline font-bold text-h4 mb-[7px] value-headline\">Gelenkauge mit Gelenklager Motorseite<\/div><div class=\"text-block-content md:pb-[20px]\">\n<p><\/p>\n<\/div><div class=\"flex flex-wrap\"><a class=\"w-full md:w-auto btn value-buttonTitle1\" href=\"https:\/\/www.bansbach.com\/anschlussteile-in-line-aktuatoren\/gelenkauge-gelenklager-motorseite\/\" title=\"Mehr erfahren\" rel=\"noopener\">Mehr erfahren<\/a><\/div><\/div><\/div>\n<\/div><\/div><\/div><\/div>\n<\/div><\/div>\n<\/div><\/div>\n\n<div class=\"wp-block-trk17-bansbach-theme-common-columns\"><div class=\"container sm:flex sm:justify-between relative\">\n<div class=\"sm:w-[calc(25%-30px)]\"><div class=\"mx-[-15px] w-[calc(100%+30px)]\">\n<div class=\"wp-block-trk17-bansbach-theme-common-image-text\"><div class=\"relative z-[1] overflow-hidden mb-[40px] md:mb-[90px]\"><div class=\"container text-dark \"><div class=\"inline-block align-middle w-full \"><img decoding=\"async\" src=\"https:\/\/www.bansbach.com\/wp-content\/uploads\/2023\/09\/Gabelkopf_KS-80x80.jpg\" srcset=\"https:\/\/www.bansbach.com\/wp-content\/uploads\/2023\/09\/Gabelkopf_KS-80x80.jpg 80w, https:\/\/www.bansbach.com\/wp-content\/uploads\/2023\/09\/Gabelkopf_KS-180x180.jpg 180w, https:\/\/www.bansbach.com\/wp-content\/uploads\/2023\/09\/Gabelkopf_KS-300x300.jpg 300w, https:\/\/www.bansbach.com\/wp-content\/uploads\/2023\/09\/Gabelkopf_KS-300x300.jpg 300w, https:\/\/www.bansbach.com\/wp-content\/uploads\/2023\/09\/Gabelkopf_KS-480x480.jpg 480w, https:\/\/www.bansbach.com\/wp-content\/uploads\/2023\/09\/Gabelkopf_KS-580x580.jpg 580w, https:\/\/www.bansbach.com\/wp-content\/uploads\/2023\/09\/Gabelkopf_KS-720x720.jpg 720w, https:\/\/www.bansbach.com\/wp-content\/uploads\/2023\/09\/Gabelkopf_KS-959x959.jpg 959w, https:\/\/www.bansbach.com\/wp-content\/uploads\/2023\/09\/Gabelkopf_KS-1280x1280.jpg 1280w, https:\/\/www.bansbach.com\/wp-content\/uploads\/2023\/09\/Gabelkopf_KS-1280x1280.jpg 1280w\" sizes=\"95vw\" alt=\"Gelenkauge_Kolbenstangenseite\" loading=\"lazy\"><\/div><div class=\"inline-block align-middle pt-[32px] md:pt-0 w-full \">\n<div class=\"wp-block-trk17-bansbach-theme-common-text\"><div class=\"container py-[10px] md:py-[15px] text-dark\"><div class=\"headline headline font-bold text-h4 mb-[7px] value-headline\">Gabelkopf Kolbenseite<\/div><div class=\"text-block-content md:pb-[20px]\">\n<p><\/p>\n<\/div><div class=\"flex flex-wrap\"><a class=\"w-full md:w-auto btn value-buttonTitle1\" href=\"https:\/\/www.bansbach.com\/anschlussteile-in-line-aktuatoren\/gabelkopf-kolbenseite\/\" title=\"Mehr erfahren\" rel=\"noopener\">Mehr erfahren<\/a><\/div><\/div><\/div>\n<\/div><\/div><\/div><\/div>\n<\/div><\/div>\n\n\n\n<div class=\"sm:w-[calc(25%-30px)]\"><div class=\"mx-[-15px] w-[calc(100%+30px)]\">\n<div class=\"wp-block-trk17-bansbach-theme-common-image-text\"><div class=\"relative z-[1] overflow-hidden mb-[40px] md:mb-[90px]\"><div class=\"container text-dark \"><div class=\"inline-block align-middle w-full \"><img decoding=\"async\" src=\"https:\/\/www.bansbach.com\/wp-content\/uploads\/2023\/09\/Gabelkopf_Motor-1-80x80.jpg\" srcset=\"https:\/\/www.bansbach.com\/wp-content\/uploads\/2023\/09\/Gabelkopf_Motor-1-80x80.jpg 80w, https:\/\/www.bansbach.com\/wp-content\/uploads\/2023\/09\/Gabelkopf_Motor-1-180x180.jpg 180w, https:\/\/www.bansbach.com\/wp-content\/uploads\/2023\/09\/Gabelkopf_Motor-1-300x300.jpg 300w, https:\/\/www.bansbach.com\/wp-content\/uploads\/2023\/09\/Gabelkopf_Motor-1-300x300.jpg 300w, https:\/\/www.bansbach.com\/wp-content\/uploads\/2023\/09\/Gabelkopf_Motor-1-480x480.jpg 480w, https:\/\/www.bansbach.com\/wp-content\/uploads\/2023\/09\/Gabelkopf_Motor-1-580x580.jpg 580w, https:\/\/www.bansbach.com\/wp-content\/uploads\/2023\/09\/Gabelkopf_Motor-1-720x720.jpg 720w, https:\/\/www.bansbach.com\/wp-content\/uploads\/2023\/09\/Gabelkopf_Motor-1-959x959.jpg 959w, https:\/\/www.bansbach.com\/wp-content\/uploads\/2023\/09\/Gabelkopf_Motor-1-1280x1280.jpg 1280w, https:\/\/www.bansbach.com\/wp-content\/uploads\/2023\/09\/Gabelkopf_Motor-1-1280x1280.jpg 1280w\" sizes=\"95vw\" alt=\"Gabelkopf_Motor\" loading=\"lazy\"><\/div><div class=\"inline-block align-middle pt-[32px] md:pt-0 w-full \">\n<div class=\"wp-block-trk17-bansbach-theme-common-text\"><div class=\"container py-[10px] md:py-[15px] text-dark\"><div class=\"headline headline font-bold text-h4 mb-[7px] value-headline\">Gabelkopf Motorseite<\/div><div class=\"text-block-content md:pb-[20px]\">\n<p>.<\/p>\n<\/div><div class=\"flex flex-wrap\"><a class=\"w-full md:w-auto btn value-buttonTitle1\" href=\"https:\/\/www.bansbach.com\/anschlussteile-in-line-aktuatoren\/gabelkopf-motorseite\/\" title=\"Mehr erfahren\" rel=\"noopener\">Mehr erfahren<\/a><\/div><\/div><\/div>\n<\/div><\/div><\/div><\/div>\n<\/div><\/div>\n\n\n\n<div class=\"sm:w-[calc(25%-30px)]\"><div class=\"mx-[-15px] w-[calc(100%+30px)]\"><\/div><\/div>\n\n\n\n<div class=\"sm:w-[calc(25%-30px)]\"><div class=\"mx-[-15px] w-[calc(100%+30px)]\"><\/div><\/div>\n<\/div><\/div>\n\r\n<div class=\"wp-block-trk17-bansbach-theme-common-image-text\"><div class=\"relative z-[1] overflow-hidden md:pb-[100px] md:min-h-[766px] md:flex md:items-end\"><div class=\"h-[auto] md:absolute md:top-0 md:left-0 w-full md:h-full md:z-[-1]\"><img decoding=\"async\" src=\"https:\/\/www.bansbach.com\/wp-content\/uploads\/2022\/06\/bansbach-luftaufnahme-80x28.png\" srcset=\"https:\/\/www.bansbach.com\/wp-content\/uploads\/2022\/06\/bansbach-luftaufnahme-80x28.png 80w, https:\/\/www.bansbach.com\/wp-content\/uploads\/2022\/06\/bansbach-luftaufnahme-250x88.png 250w, https:\/\/www.bansbach.com\/wp-content\/uploads\/2022\/06\/bansbach-luftaufnahme-400x141.png 400w, https:\/\/www.bansbach.com\/wp-content\/uploads\/2022\/06\/bansbach-luftaufnahme-400x141.png 400w, https:\/\/www.bansbach.com\/wp-content\/uploads\/2022\/06\/bansbach-luftaufnahme-480x169.png 480w, https:\/\/www.bansbach.com\/wp-content\/uploads\/2022\/06\/bansbach-luftaufnahme-720x254.png 720w, https:\/\/www.bansbach.com\/wp-content\/uploads\/2022\/06\/bansbach-luftaufnahme-800x282.png 800w, https:\/\/www.bansbach.com\/wp-content\/uploads\/2022\/06\/bansbach-luftaufnahme-959x338.png 959w, https:\/\/www.bansbach.com\/wp-content\/uploads\/2022\/06\/bansbach-luftaufnahme-1280x451.png 1280w, https:\/\/www.bansbach.com\/wp-content\/uploads\/2022\/06\/bansbach-luftaufnahme-1920x677.png 1920w\" sizes=\"100vw\" alt=\"\" loading=\"lazy\" class=\"w-full h-full object-cover\"><\/div><div class=\"container text-dark \"><div class=\"inline-block align-middle pt-[32px] md:pt-0 w-full  md:max-w-[520px] \">\r\n<div class=\"wp-block-trk17-bansbach-theme-common-text\"><div class=\"container py-[10px] md:py-[15px] text-dark\"><div class=\"text-block-content md:pb-[20px]\"><\/div><div class=\"flex flex-wrap\"><\/div><\/div><\/div>\r\n<\/div><\/div><\/div><\/div>\r\n\r\n\r\n\r\n<div class=\"wp-block-trk17-bansbach-theme-common-contactperson\"><div class=\"container text-dark md:mt-[30px] mb-[20px] md:mb-[80px]\"><div class=\"md:flex md:justify-between\"><div class=\"w-full md:w-[calc(33.333333%-15px)]\"><div class=\"wp-block-trk17-bansbach-theme-common-headline\"><div class=\"container mt-[50px] md:mt-[80px] mb-[50px] text-dark text-left\"><h2 class=\"pb-[10px] text-h5 small-headline uppercase text-blue\">CONTACT<\/h2><div class=\"headline headline text-h2 md:text-h2-40 font-bold\">Nous sommes l\u00e0 pour vous aider.<\/div><\/div><\/div> <div class=\"container mb-[20px]\"><span class=\"inline-block w-[37px] h-[37px] rounded-full bg-blue text-white p-[9px] mr-[10px] align-[-12px]\"><svg xmlns=\"http:\/\/www.w3.org\/2000\/svg\" viewbox=\"0 0 48 48\"><path d=\"M43.3 32.74 34.56 29a1.87 1.87 0 0 0-2.18.54l-3.86 4.71a28.86 28.86 0 0 1-13.8-13.8l4.71-3.86a1.86 1.86 0 0 0 .54-2.18L16.24 5.7a1.88 1.88 0 0 0-2.13-1.07l-8.1 1.86a1.87 1.87 0 0 0-1.44 1.83 36.12 36.12 0 0 0 36.12 36.12 1.87 1.87 0 0 0 1.83-1.45l1.87-8.1a1.9 1.9 0 0 0-1.1-2.15Z\" fill=\"currentColor\"><\/path><\/svg><\/span><span class=\"text\">+49 (0)7172 \/ 9107-0<\/span><\/div> <div class=\"container mb-[20px]\"><span class=\"inline-block w-[37px] h-[37px] rounded-full bg-blue text-white p-[9px] mr-[10px] align-[-12px]\"><svg xmlns=\"http:\/\/www.w3.org\/2000\/svg\" viewbox=\"0 0 48 48\"><path d=\"M43.63 18.36a.47.47 0 0 1 .75.4v17.7a3.96 3.96 0 0 1-3.72 4.16H8.34a3.96 3.96 0 0 1-3.72-4.16V18.77a.46.46 0 0 1 .75-.4c1.74 1.5 4.04 3.41 11.97 9.83 1.64 1.33 4.4 4.13 7.16 4.12 2.77.02 5.6-2.84 7.17-4.12a492.22 492.22 0 0 0 11.96-9.84ZM24.5 29.54c1.8.03 4.4-2.53 5.7-3.58 10.3-8.34 11.1-9.07 13.47-11.14a2.16 2.16 0 0 0 .72-1.64v-1.64a3.96 3.96 0 0 0-3.73-4.16H8.34a3.96 3.96 0 0 0-3.72 4.16v1.64a2.18 2.18 0 0 0 .71 1.64c2.38 2.07 3.16 2.8 13.47 11.14 1.3 1.05 3.9 3.61 5.7 3.58Z\" fill=\"currentColor\"><\/path><\/svg><\/span><span class=\"text\"><a href=\"mailto:info@bansbach.de\">info@bansbach.de<\/a><\/span><\/div><\/div><div class=\"w-full md:w-[calc(66.666667%-15px)] md:pt-[124px]\"><div class=\"wp-block-trk17-bansbach-theme-common-text\"><div class=\"container py-[10px] md:py-[15px] text-dark\"><div class=\"text-block-content md:pb-[20px]\">\r\n<p>Avec notre \u00ab\u00a0support technique\u00a0\u00bb, vous avez un lien direct avec nos techniciens qui se feront un plaisir de vous aider de mani\u00e8re comp\u00e9tente. Si vous avez des questions sur les offres, la disponibilit\u00e9 ou les prix, notre service d&rsquo;assistance commerciale se fera un plaisir de vous aider. <\/p><p><\/p><p><\/p><p><\/p><p><\/p>\r\n<\/div><div class=\"flex flex-wrap\"><a class=\"md:max-w-1\/2 mb-[30px] md:mb-[0] mr-[30px] w-full md:w-auto btn value-buttonTitle1\" href=\"https:\/\/www.bansbach.com\/fr\/societe\/\" title=\"En savoir plus sur Bansbach\" rel=\"noopener\">En savoir plus sur Bansbach<\/a><a class=\"md:max-w-1\/2 w-full md:w-auto btn btn-secondary value-buttonTitle2\" href=\"https:\/\/www.bansbach.com\/fr\/contact\/formulaire-de-contact\/\" title=\"Vers le formulaire de contact\" rel=\"noopener\">Vers le formulaire de contact<\/a><\/div><\/div><\/div><\/div><\/div><\/div><\/div>\r\n","protected":false},"excerpt":{"rendered":"","protected":false},"author":1,"featured_media":0,"parent":0,"menu_order":80,"comment_status":"closed","ping_status":"closed","template":"","meta":{"_seopress_robots_primary_cat":"","_seopress_titles_title":"","_seopress_titles_desc":"","_seopress_robots_index":"","footnotes":""},"class_list":["post-20923","page","type-page","status-publish","hentry"],"_links":{"self":[{"href":"https:\/\/www.bansbach.com\/fr\/wp-json\/wp\/v2\/pages\/20923","targetHints":{"allow":["GET"]}}],"collection":[{"href":"https:\/\/www.bansbach.com\/fr\/wp-json\/wp\/v2\/pages"}],"about":[{"href":"https:\/\/www.bansbach.com\/fr\/wp-json\/wp\/v2\/types\/page"}],"author":[{"embeddable":true,"href":"https:\/\/www.bansbach.com\/fr\/wp-json\/wp\/v2\/users\/1"}],"replies":[{"embeddable":true,"href":"https:\/\/www.bansbach.com\/fr\/wp-json\/wp\/v2\/comments?post=20923"}],"version-history":[{"count":2,"href":"https:\/\/www.bansbach.com\/fr\/wp-json\/wp\/v2\/pages\/20923\/revisions"}],"predecessor-version":[{"id":24294,"href":"https:\/\/www.bansbach.com\/fr\/wp-json\/wp\/v2\/pages\/20923\/revisions\/24294"}],"wp:attachment":[{"href":"https:\/\/www.bansbach.com\/fr\/wp-json\/wp\/v2\/media?parent=20923"}],"curies":[{"name":"wp","href":"https:\/\/api.w.org\/{rel}","templated":true}]}}