{"id":20937,"date":"2022-10-19T15:14:56","date_gmt":"2022-10-19T13:14:56","guid":{"rendered":"https:\/\/b37i6suw.myrdbx.io\/silke-bansbach\/"},"modified":"2026-01-29T12:01:52","modified_gmt":"2026-01-29T11:01:52","slug":"silke-bansbach","status":"publish","type":"page","link":"https:\/\/www.bansbach.com\/fr\/societe\/portraits\/silke-bansbach\/","title":{"rendered":"Silke Bansbach"},"content":{"rendered":"\n<div class=\"wp-block-trk17-bansbach-theme-common-headline\"><div class=\"container mt-[50px] md:mt-[80px] mb-[50px] text-dark text-left\"><h2 class=\"pb-[10px] text-h5 small-headline uppercase text-blue\">1984 jusqu&rsquo;\u00e0 pr\u00e9sent<\/h2><div class=\"headline headline text-h2 md:text-h2-40 font-bold\">Silke Bansbach<\/div><\/div><\/div>\n\n\n\n<div class=\"wp-block-trk17-bansbach-theme-common-columns\"><div class=\"container sm:flex sm:justify-between relative\">\n<div class=\"sm:w-[calc(25%-30px)]\"><div class=\"mx-[-15px] w-[calc(100%+30px)]\">\n<div class=\"wp-block-trk17-bansbach-theme-common-image-text\"><div class=\"relative z-[1] overflow-hidden mb-[50px] md:mb-[100px]\"><div class=\"container text-dark \"><div class=\"inline-block align-middle w-full \"><img decoding=\"async\" src=\"https:\/\/www.bansbach.com\/wp-content\/uploads\/2022\/08\/portrait-silke-bansbach-60x80.jpg\" srcset=\"https:\/\/www.bansbach.com\/wp-content\/uploads\/2022\/08\/portrait-silke-bansbach-60x80.jpg 60w, https:\/\/www.bansbach.com\/wp-content\/uploads\/2022\/08\/portrait-silke-bansbach-135x180.jpg 135w, https:\/\/www.bansbach.com\/wp-content\/uploads\/2022\/08\/portrait-silke-bansbach-225x300.jpg 225w, https:\/\/www.bansbach.com\/wp-content\/uploads\/2022\/08\/portrait-silke-bansbach-225x300.jpg 225w, https:\/\/www.bansbach.com\/wp-content\/uploads\/2022\/08\/portrait-silke-bansbach-435x580.jpg 435w, https:\/\/www.bansbach.com\/wp-content\/uploads\/2022\/08\/portrait-silke-bansbach-480x640.jpg 480w, https:\/\/www.bansbach.com\/wp-content\/uploads\/2022\/08\/portrait-silke-bansbach-600x800.jpg 600w, https:\/\/www.bansbach.com\/wp-content\/uploads\/2022\/08\/portrait-silke-bansbach-600x800.jpg 600w, https:\/\/www.bansbach.com\/wp-content\/uploads\/2022\/08\/portrait-silke-bansbach-600x800.jpg 600w, https:\/\/www.bansbach.com\/wp-content\/uploads\/2022\/08\/portrait-silke-bansbach-600x800.jpg 600w\" sizes=\"95vw\" alt=\"Portrait von Silke Bansbach.\" loading=\"lazy\"><\/div><\/div><\/div><\/div>\n<\/div><\/div>\n\n\n\n<div class=\"sm:w-[calc(75%-30px)]\"><div class=\"mx-[-15px] w-[calc(100%+30px)]\">\n<div class=\"wp-block-trk17-bansbach-theme-common-text\"><div class=\"container py-[10px] md:py-[15px] text-dark\"><div class=\"text-block-content md:pb-[20px]\">\n<p>L&rsquo;histoire de Bansbach easylift est indissociable de celle de Silke Bansbach. N\u00e9e \u00e0 Stuttgart, Silke Bansbach, fille d&rsquo;Annemarie et Hermann Bansbach (junior), a pratiquement grandi au sein de l&rsquo;entreprise et a \u00e9t\u00e9 pr\u00e9sente d\u00e8s le d\u00e9but dans de nombreux domaines : qu&rsquo;il s&rsquo;agisse de visites de salons professionnels avec ses parents ou d&rsquo;\u00e9v\u00e9nements clients auxquels elle a toujours assist\u00e9. Elle a donc appris d\u00e8s son plus jeune \u00e2ge ce que cela signifiait de diriger une entreprise. Si, dans les premi\u00e8res ann\u00e9es, l&rsquo;entreprise \u00e9tait encore un \u00ab\u00a0terrain de jeu\u00a0\u00bb pour Silke Bansbach, elle devait tr\u00e8s t\u00f4t prendre des responsabilit\u00e9s. Au d\u00e9but, elle \u00e9tait responsable de la comptabilit\u00e9 et de la gestion des salaires.    <\/p><p>En 1994, elle a repris l&rsquo;entreprise en tant qu&rsquo;actionnaire avec son mari Edgar Hahn-Bansbach et l&rsquo;a marqu\u00e9e de son empreinte durable et tr\u00e8s r\u00e9ussie. Comme sa m\u00e8re Annemarie, elle a d\u00fb concilier famille et entreprise. Pour elle, la famille et l&rsquo;entreprise \u00e9taient et sont toujours indissociables. M\u00e8re attentionn\u00e9e de trois filles, Anna, Franzisca et Caterina, elle a toujours soutenu son mari, qui dirige l&rsquo;entreprise en tant que directeur g\u00e9n\u00e9ral avec sa fille Anna Bansbach, et a jou\u00e9 un r\u00f4le d\u00e9terminant dans toutes les d\u00e9cisions importantes de l&rsquo;entreprise.   <\/p>\n<\/div><div class=\"flex flex-wrap\"><a class=\"w-full md:w-auto btn value-buttonTitle1\" href=\"https:\/\/www.bansbach.com\/fr\/societe\/portraits\/\" title=\"Retour \u00e0 l\u2019aper\u00e7u\" rel=\"noopener\">Retour \u00e0 l\u2019aper\u00e7u<\/a><\/div><\/div><\/div>\n<\/div><\/div>\n<\/div><\/div>\n","protected":false},"excerpt":{"rendered":"","protected":false},"author":1,"featured_media":0,"parent":20953,"menu_order":50,"comment_status":"closed","ping_status":"closed","template":"","meta":{"_seopress_robots_primary_cat":"","_seopress_titles_title":"","_seopress_titles_desc":"","_seopress_robots_index":"","footnotes":""},"class_list":["post-20937","page","type-page","status-publish","hentry"],"_links":{"self":[{"href":"https:\/\/www.bansbach.com\/fr\/wp-json\/wp\/v2\/pages\/20937","targetHints":{"allow":["GET"]}}],"collection":[{"href":"https:\/\/www.bansbach.com\/fr\/wp-json\/wp\/v2\/pages"}],"about":[{"href":"https:\/\/www.bansbach.com\/fr\/wp-json\/wp\/v2\/types\/page"}],"author":[{"embeddable":true,"href":"https:\/\/www.bansbach.com\/fr\/wp-json\/wp\/v2\/users\/1"}],"replies":[{"embeddable":true,"href":"https:\/\/www.bansbach.com\/fr\/wp-json\/wp\/v2\/comments?post=20937"}],"version-history":[{"count":2,"href":"https:\/\/www.bansbach.com\/fr\/wp-json\/wp\/v2\/pages\/20937\/revisions"}],"predecessor-version":[{"id":24181,"href":"https:\/\/www.bansbach.com\/fr\/wp-json\/wp\/v2\/pages\/20937\/revisions\/24181"}],"up":[{"embeddable":true,"href":"https:\/\/www.bansbach.com\/fr\/wp-json\/wp\/v2\/pages\/20953"}],"wp:attachment":[{"href":"https:\/\/www.bansbach.com\/fr\/wp-json\/wp\/v2\/media?parent=20937"}],"curies":[{"name":"wp","href":"https:\/\/api.w.org\/{rel}","templated":true}]}}