{"id":20945,"date":"2022-08-25T13:52:42","date_gmt":"2022-08-25T11:52:42","guid":{"rendered":"https:\/\/b37i6suw.myrdbx.io\/anna-bansbach\/"},"modified":"2026-01-29T12:01:52","modified_gmt":"2026-01-29T11:01:52","slug":"anna-bansbach","status":"publish","type":"page","link":"https:\/\/www.bansbach.com\/fr\/societe\/portraits\/anna-bansbach\/","title":{"rendered":"Anna Bansbach"},"content":{"rendered":"\n<div class=\"wp-block-trk17-bansbach-theme-common-headline\"><div class=\"container mt-[50px] md:mt-[80px] mb-[50px] text-dark text-left\"><h2 class=\"pb-[10px] text-h5 small-headline uppercase text-blue\">2002 jusqu&rsquo;\u00e0 maintenant<\/h2><div class=\"headline headline text-h2 md:text-h2-40 font-bold\">Anna Bansbach<\/div><\/div><\/div>\n\n\n\n<div class=\"wp-block-trk17-bansbach-theme-common-columns\"><div class=\"container sm:flex sm:justify-between relative\">\n<div class=\"sm:w-[calc(25%-30px)]\"><div class=\"mx-[-15px] w-[calc(100%+30px)]\">\n<div class=\"wp-block-trk17-bansbach-theme-common-image-text\"><div class=\"relative z-[1] overflow-hidden mb-[50px] md:mb-[100px]\"><div class=\"container text-dark \"><div class=\"inline-block align-middle w-full \"><img decoding=\"async\" src=\"https:\/\/www.bansbach.com\/wp-content\/uploads\/2022\/08\/portrait-anna-bansbach-60x80.jpg\" srcset=\"https:\/\/www.bansbach.com\/wp-content\/uploads\/2022\/08\/portrait-anna-bansbach-60x80.jpg 60w, https:\/\/www.bansbach.com\/wp-content\/uploads\/2022\/08\/portrait-anna-bansbach-135x180.jpg 135w, https:\/\/www.bansbach.com\/wp-content\/uploads\/2022\/08\/portrait-anna-bansbach-225x300.jpg 225w, https:\/\/www.bansbach.com\/wp-content\/uploads\/2022\/08\/portrait-anna-bansbach-225x300.jpg 225w, https:\/\/www.bansbach.com\/wp-content\/uploads\/2022\/08\/portrait-anna-bansbach-435x580.jpg 435w, https:\/\/www.bansbach.com\/wp-content\/uploads\/2022\/08\/portrait-anna-bansbach-480x640.jpg 480w, https:\/\/www.bansbach.com\/wp-content\/uploads\/2022\/08\/portrait-anna-bansbach-600x800.jpg 600w, https:\/\/www.bansbach.com\/wp-content\/uploads\/2022\/08\/portrait-anna-bansbach-600x800.jpg 600w, https:\/\/www.bansbach.com\/wp-content\/uploads\/2022\/08\/portrait-anna-bansbach-600x800.jpg 600w, https:\/\/www.bansbach.com\/wp-content\/uploads\/2022\/08\/portrait-anna-bansbach-600x800.jpg 600w\" sizes=\"95vw\" alt=\"Portrait von Anna Bansbach.\" loading=\"lazy\"><\/div><\/div><\/div><\/div>\n<\/div><\/div>\n\n\n\n<div class=\"sm:w-[calc(75%-30px)]\"><div class=\"mx-[-15px] w-[calc(100%+30px)]\">\n<div class=\"wp-block-trk17-bansbach-theme-common-text\"><div class=\"container py-[10px] md:py-[15px] text-dark\"><div class=\"text-block-content md:pb-[20px]\">\n<p>Fille de Silke Bansbach et d&rsquo;Edgar Hahn-Bansbach, Anna Bansbach a grandi dans l&rsquo;entreprise et a donc \u00e9t\u00e9 impliqu\u00e9e d\u00e8s son plus jeune \u00e2ge. Tr\u00e8s t\u00f4t, son int\u00e9r\u00eat pour la technologie a \u00e9t\u00e9 \u00e9veill\u00e9. Il est vite devenu \u00e9vident qu&rsquo;elle serait l&rsquo;a\u00een\u00e9e des trois enfants et qu&rsquo;elle suivrait les traces de ses parents. La carri\u00e8re d&rsquo;Anna Bansbach a commenc\u00e9 en 2002 dans l&rsquo;entreprise de ses parents avec une formation de m\u00e9canicienne industrielle. A l&rsquo;\u00e9poque, elle a d\u00e9lib\u00e9r\u00e9ment choisi de ne pas poursuivre ses \u00e9tudes au lyc\u00e9e. Il s&rsquo;agissait dans un premier temps d&rsquo;apprendre la fabrication complexe et tr\u00e8s sp\u00e9cifique des ressorts \u00e0 gaz Bansbach en partant de z\u00e9ro.     <\/p><p>Apr\u00e8s avoir termin\u00e9 sa formation artisanale, elle a obtenu son baccalaur\u00e9at. La suite de son parcours \u00e9tait ainsi trac\u00e9e. En 2005, Anna Bansbach a quitt\u00e9 une nouvelle fois l&rsquo;entreprise pour entamer des \u00e9tudes d&rsquo;ing\u00e9nieur \u00e0 Aalen. Apr\u00e8s avoir obtenu son dipl\u00f4me, elle a r\u00e9int\u00e9gr\u00e9 l&rsquo;entreprise en 2010. Elle a pris des responsabilit\u00e9s en tant qu&rsquo;assistante de direction. Au d\u00e9but, elle s&rsquo;est concentr\u00e9e sur les domaines de la production, de l&rsquo;ing\u00e9nierie et du d\u00e9veloppement. Fin 2011, Anna Bansbach a rejoint la direction de l&rsquo;entreprise et a obtenu une procuration. Parall\u00e8lement, elle a suivi des \u00e9tudes de Master of Business Administration (MBA) \u00e0 Deggendorf, avec pour sp\u00e9cialit\u00e9 \u00ab\u00a0Leadership des moyennes entreprises\u00a0\u00bb. En 2014, elle a termin\u00e9 ses \u00e9tudes avec succ\u00e8s. Cela lui a permis d&rsquo;approfondir encore les bases de la gestion d&rsquo;entreprise et de compl\u00e9ter id\u00e9alement le savoir-faire technique existant.        <\/p><p>Les conditions pour la suite \u00e9taient r\u00e9unies. Les responsabilit\u00e9s d&rsquo;Anna Bansbach n&rsquo;ont cess\u00e9 de cro\u00eetre. Le 1er janvier 2015, elle a \u00e9t\u00e9 nomm\u00e9e directrice g\u00e9n\u00e9rale de Bansbach easylift. Depuis lors, elle pr\u00e9side, avec son p\u00e8re Edgar Hahn-Bansbach, aux destin\u00e9es de l&rsquo;entreprise et la conduit vers un avenir prosp\u00e8re. Le chemin parcouru au cours des derni\u00e8res d\u00e9cennies est ainsi poursuivi et les valeurs de l&rsquo;entreprise familiale dirig\u00e9e par son propri\u00e9taire sont assur\u00e9es de mani\u00e8re durable.    <\/p>\n<\/div><div class=\"flex flex-wrap\"><a class=\"w-full md:w-auto btn value-buttonTitle1\" href=\"https:\/\/www.bansbach.com\/fr\/societe\/portraits\/\" title=\"Retour \u00e0 l\u2019aper\u00e7u\" rel=\"noopener\">Retour \u00e0 l\u2019aper\u00e7u<\/a><\/div><\/div><\/div>\n<\/div><\/div>\n<\/div><\/div>\n","protected":false},"excerpt":{"rendered":"","protected":false},"author":1,"featured_media":0,"parent":20953,"menu_order":60,"comment_status":"closed","ping_status":"closed","template":"","meta":{"_seopress_robots_primary_cat":"","_seopress_titles_title":"","_seopress_titles_desc":"","_seopress_robots_index":"","footnotes":""},"class_list":["post-20945","page","type-page","status-publish","hentry"],"_links":{"self":[{"href":"https:\/\/www.bansbach.com\/fr\/wp-json\/wp\/v2\/pages\/20945","targetHints":{"allow":["GET"]}}],"collection":[{"href":"https:\/\/www.bansbach.com\/fr\/wp-json\/wp\/v2\/pages"}],"about":[{"href":"https:\/\/www.bansbach.com\/fr\/wp-json\/wp\/v2\/types\/page"}],"author":[{"embeddable":true,"href":"https:\/\/www.bansbach.com\/fr\/wp-json\/wp\/v2\/users\/1"}],"replies":[{"embeddable":true,"href":"https:\/\/www.bansbach.com\/fr\/wp-json\/wp\/v2\/comments?post=20945"}],"version-history":[{"count":3,"href":"https:\/\/www.bansbach.com\/fr\/wp-json\/wp\/v2\/pages\/20945\/revisions"}],"predecessor-version":[{"id":24180,"href":"https:\/\/www.bansbach.com\/fr\/wp-json\/wp\/v2\/pages\/20945\/revisions\/24180"}],"up":[{"embeddable":true,"href":"https:\/\/www.bansbach.com\/fr\/wp-json\/wp\/v2\/pages\/20953"}],"wp:attachment":[{"href":"https:\/\/www.bansbach.com\/fr\/wp-json\/wp\/v2\/media?parent=20945"}],"curies":[{"name":"wp","href":"https:\/\/api.w.org\/{rel}","templated":true}]}}