{"id":20946,"date":"2022-10-19T15:19:44","date_gmt":"2022-10-19T13:19:44","guid":{"rendered":"https:\/\/b37i6suw.myrdbx.io\/edgar-hahn-bansbach\/"},"modified":"2026-01-29T12:01:53","modified_gmt":"2026-01-29T11:01:53","slug":"edgar-hahn-bansbach","status":"publish","type":"page","link":"https:\/\/www.bansbach.com\/fr\/societe\/portraits\/edgar-hahn-bansbach\/","title":{"rendered":"Edgar Hahn-Bansbach"},"content":{"rendered":"\n<div class=\"wp-block-trk17-bansbach-theme-common-headline\"><div class=\"container mt-[50px] md:mt-[80px] mb-[50px] text-dark text-left\"><h2 class=\"pb-[10px] text-h5 small-headline uppercase text-blue\">1984 jusqu&rsquo;\u00e0 pr\u00e9sent<\/h2><div class=\"headline headline text-h2 md:text-h2-40 font-bold\">Edgar Hahn-Bansbach<\/div><\/div><\/div>\n\n\n\n<div class=\"wp-block-trk17-bansbach-theme-common-columns\"><div class=\"container sm:flex sm:justify-between relative\">\n<div class=\"sm:w-[calc(25%-30px)]\"><div class=\"mx-[-15px] w-[calc(100%+30px)]\">\n<div class=\"wp-block-trk17-bansbach-theme-common-image-text\"><div class=\"relative z-[1] overflow-hidden mb-[50px] md:mb-[100px]\"><div class=\"container text-dark \"><div class=\"inline-block align-middle w-full \"><img decoding=\"async\" src=\"https:\/\/www.bansbach.com\/wp-content\/uploads\/2022\/08\/portrait-hahn-bansbach-60x80.jpg\" srcset=\"https:\/\/www.bansbach.com\/wp-content\/uploads\/2022\/08\/portrait-hahn-bansbach-60x80.jpg 60w, https:\/\/www.bansbach.com\/wp-content\/uploads\/2022\/08\/portrait-hahn-bansbach-135x180.jpg 135w, https:\/\/www.bansbach.com\/wp-content\/uploads\/2022\/08\/portrait-hahn-bansbach-225x300.jpg 225w, https:\/\/www.bansbach.com\/wp-content\/uploads\/2022\/08\/portrait-hahn-bansbach-225x300.jpg 225w, https:\/\/www.bansbach.com\/wp-content\/uploads\/2022\/08\/portrait-hahn-bansbach-435x580.jpg 435w, https:\/\/www.bansbach.com\/wp-content\/uploads\/2022\/08\/portrait-hahn-bansbach-480x640.jpg 480w, https:\/\/www.bansbach.com\/wp-content\/uploads\/2022\/08\/portrait-hahn-bansbach-600x800.jpg 600w, https:\/\/www.bansbach.com\/wp-content\/uploads\/2022\/08\/portrait-hahn-bansbach-600x800.jpg 600w, https:\/\/www.bansbach.com\/wp-content\/uploads\/2022\/08\/portrait-hahn-bansbach-600x800.jpg 600w, https:\/\/www.bansbach.com\/wp-content\/uploads\/2022\/08\/portrait-hahn-bansbach-600x800.jpg 600w\" sizes=\"95vw\" alt=\"Portrait von Edgar Hahn-Bansbach.\" loading=\"lazy\"><\/div><\/div><\/div><\/div>\n<\/div><\/div>\n\n\n\n<div class=\"sm:w-[calc(75%-30px)]\"><div class=\"mx-[-15px] w-[calc(100%+30px)]\">\n<div class=\"wp-block-trk17-bansbach-theme-common-text\"><div class=\"container py-[10px] md:py-[15px] text-dark\"><div class=\"text-block-content md:pb-[20px]\">\n<p>Edgar Hahn-Bansbach est entr\u00e9 chez Bansbach easylift en 1984 en tant que futur gendre du chef d&rsquo;entreprise de l&rsquo;\u00e9poque, jusqu&rsquo;\u00e0 ce qu&rsquo;il rach\u00e8te l&rsquo;int\u00e9gralit\u00e9 de l&rsquo;entreprise en 1994, avec son \u00e9pouse Silke Bansbach. L&rsquo;entr\u00e9e dans l&rsquo;entreprise n&rsquo;\u00e9tait pas du tout pr\u00e9vue. Apr\u00e8s des \u00e9tudes d&rsquo;ing\u00e9nieur en \u00e9conomie \u00e0 Esslingen, il avait d\u00e9cid\u00e9 de se lancer dans le conseil en gestion d&rsquo;entreprise. Mais il en a \u00e9t\u00e9 autrement : Edgar Hahn-Bansbach a marqu\u00e9 l&rsquo;entreprise de son empreinte au cours des ann\u00e9es et des d\u00e9cennies qui ont suivi et lui a permis de conna\u00eetre une croissance consid\u00e9rable.   <\/p><p>L&rsquo;orientation internationale cons\u00e9quente, associ\u00e9e \u00e0 la concentration et au d\u00e9veloppement des points forts de l&rsquo;entreprise tels que l&rsquo;orientation client, la qualit\u00e9 et la flexibilit\u00e9, a \u00e9t\u00e9 d\u00e9cisive pour cette \u00e9norme croissance. C&rsquo;est ainsi que tous les march\u00e9s du monde ont \u00e9t\u00e9 conquis sous la direction d&rsquo;Edgar Hahn-Bansbach. Et \u00e0 chaque expansion, le chef d&rsquo;entreprise posait lui-m\u00eame les jalons sur place. Entre-temps, les ressorts \u00e0 gaz Bansbach sont connus dans le monde entier et sont propos\u00e9s dans tous les pays.   <\/p><p>Un autre point important dans l&rsquo;\u0153uvre d&rsquo;Edgar Hahn-Bansbach est et a toujours \u00e9t\u00e9 de diriger l&rsquo;entreprise de mani\u00e8re ind\u00e9pendante : ind\u00e9pendamment des diff\u00e9rents march\u00e9s et secteurs, mais surtout ind\u00e9pendamment des investisseurs et autres bailleurs de fonds.<\/p><p>Ainsi, la PME dirig\u00e9e par Edgar Hahn-Bansbach a toujours \u00e9t\u00e9 un employeur fiable pour ses employ\u00e9s. Pour Edgar Hahn-Bansbach, il n&rsquo;a jamais \u00e9t\u00e9 question de d\u00e9localiser la production \u00e0 l&rsquo;\u00e9tranger, de recourir au ch\u00f4mage partiel ou m\u00eame de licencier. L&rsquo;objectif principal de l&rsquo;entreprise a toujours \u00e9t\u00e9 d&rsquo;offrir \u00e0 ses employ\u00e9s un emploi s\u00fbr.  <\/p><p>Sous la direction d&rsquo;Edgar Hahn-Bansbach, la petite entreprise de taille moyenne est devenue un acteur mondial et le leader mondial sur les march\u00e9s de niche des ressorts \u00e0 gaz sp\u00e9cifiques aux clients. Durant cette p\u00e9riode, le nombre d&#8217;employ\u00e9s est pass\u00e9 de 39 (1984) \u00e0 plus de 400 (aujourd&rsquo;hui). Le chiffre d&rsquo;affaires a \u00e9t\u00e9 multipli\u00e9 par plus de vingt. Sous la direction d&rsquo;Edgar Hahn-Bansbach, l&rsquo;entreprise phare de Souabe est devenue le premier fournisseur mondial de ressorts \u00e0 gaz sp\u00e9cifiques aux clients.   <\/p>\n<\/div><div class=\"flex flex-wrap\"><a class=\"w-full md:w-auto btn value-buttonTitle1\" href=\"https:\/\/www.bansbach.com\/fr\/societe\/portraits\/\" title=\"Retour \u00e0 l\u2019aper\u00e7u\" rel=\"noopener\">Retour \u00e0 l\u2019aper\u00e7u<\/a><\/div><\/div><\/div>\n<\/div><\/div>\n<\/div><\/div>\n","protected":false},"excerpt":{"rendered":"","protected":false},"author":1,"featured_media":0,"parent":20953,"menu_order":40,"comment_status":"closed","ping_status":"closed","template":"","meta":{"_seopress_robots_primary_cat":"","_seopress_titles_title":"","_seopress_titles_desc":"","_seopress_robots_index":"","footnotes":""},"class_list":["post-20946","page","type-page","status-publish","hentry"],"_links":{"self":[{"href":"https:\/\/www.bansbach.com\/fr\/wp-json\/wp\/v2\/pages\/20946","targetHints":{"allow":["GET"]}}],"collection":[{"href":"https:\/\/www.bansbach.com\/fr\/wp-json\/wp\/v2\/pages"}],"about":[{"href":"https:\/\/www.bansbach.com\/fr\/wp-json\/wp\/v2\/types\/page"}],"author":[{"embeddable":true,"href":"https:\/\/www.bansbach.com\/fr\/wp-json\/wp\/v2\/users\/1"}],"replies":[{"embeddable":true,"href":"https:\/\/www.bansbach.com\/fr\/wp-json\/wp\/v2\/comments?post=20946"}],"version-history":[{"count":2,"href":"https:\/\/www.bansbach.com\/fr\/wp-json\/wp\/v2\/pages\/20946\/revisions"}],"predecessor-version":[{"id":24182,"href":"https:\/\/www.bansbach.com\/fr\/wp-json\/wp\/v2\/pages\/20946\/revisions\/24182"}],"up":[{"embeddable":true,"href":"https:\/\/www.bansbach.com\/fr\/wp-json\/wp\/v2\/pages\/20953"}],"wp:attachment":[{"href":"https:\/\/www.bansbach.com\/fr\/wp-json\/wp\/v2\/media?parent=20946"}],"curies":[{"name":"wp","href":"https:\/\/api.w.org\/{rel}","templated":true}]}}