{"id":20955,"date":"2022-10-19T15:25:02","date_gmt":"2022-10-19T13:25:02","guid":{"rendered":"https:\/\/b37i6suw.myrdbx.io\/societe\/portraits\/annamarie-bansbach\/"},"modified":"2026-01-29T12:01:53","modified_gmt":"2026-01-29T11:01:53","slug":"annamarie-bansbach","status":"publish","type":"page","link":"https:\/\/www.bansbach.com\/fr\/societe\/portraits\/annamarie-bansbach\/","title":{"rendered":"Annamarie Bansbach"},"content":{"rendered":"\n<div class=\"wp-block-trk17-bansbach-theme-common-headline\"><div class=\"container mt-[50px] md:mt-[80px] mb-[50px] text-dark text-left\"><h2 class=\"pb-[10px] text-h5 small-headline uppercase text-blue\">1954 &#8211; 1994<\/h2><div class=\"headline headline text-h2 md:text-h2-40 font-bold\">Annemarie Bansbach<\/div><\/div><\/div>\n\n\n\n<div class=\"wp-block-trk17-bansbach-theme-common-columns\"><div class=\"container sm:flex sm:justify-between relative\">\n<div class=\"sm:w-[calc(25%-30px)]\"><div class=\"mx-[-15px] w-[calc(100%+30px)]\">\n<div class=\"wp-block-trk17-bansbach-theme-common-image-text\"><div class=\"relative z-[1] overflow-hidden mb-[50px] md:mb-[100px]\"><div class=\"container text-dark \"><div class=\"inline-block align-middle w-full \"><img decoding=\"async\" src=\"https:\/\/www.bansbach.com\/wp-content\/uploads\/2022\/08\/portrait-annemarie-bansbach-60x80.jpg\" srcset=\"https:\/\/www.bansbach.com\/wp-content\/uploads\/2022\/08\/portrait-annemarie-bansbach-60x80.jpg 60w, https:\/\/www.bansbach.com\/wp-content\/uploads\/2022\/08\/portrait-annemarie-bansbach-135x180.jpg 135w, https:\/\/www.bansbach.com\/wp-content\/uploads\/2022\/08\/portrait-annemarie-bansbach-225x300.jpg 225w, https:\/\/www.bansbach.com\/wp-content\/uploads\/2022\/08\/portrait-annemarie-bansbach-225x300.jpg 225w, https:\/\/www.bansbach.com\/wp-content\/uploads\/2022\/08\/portrait-annemarie-bansbach-435x580.jpg 435w, https:\/\/www.bansbach.com\/wp-content\/uploads\/2022\/08\/portrait-annemarie-bansbach-480x640.jpg 480w, https:\/\/www.bansbach.com\/wp-content\/uploads\/2022\/08\/portrait-annemarie-bansbach-600x800.jpg 600w, https:\/\/www.bansbach.com\/wp-content\/uploads\/2022\/08\/portrait-annemarie-bansbach-600x800.jpg 600w, https:\/\/www.bansbach.com\/wp-content\/uploads\/2022\/08\/portrait-annemarie-bansbach-600x800.jpg 600w, https:\/\/www.bansbach.com\/wp-content\/uploads\/2022\/08\/portrait-annemarie-bansbach-600x800.jpg 600w\" sizes=\"95vw\" alt=\"Portrait von Annemarie Bansbach.\" loading=\"lazy\"><\/div><\/div><\/div><\/div>\n<\/div><\/div>\n\n\n\n<div class=\"sm:w-[calc(75%-30px)]\"><div class=\"mx-[-15px] w-[calc(100%+30px)]\">\n<div class=\"wp-block-trk17-bansbach-theme-common-text\"><div class=\"container py-[10px] md:py-[15px] text-dark\"><div class=\"text-block-content md:pb-[20px]\">\n<p>Annemarie Bansbach est n\u00e9e \u00e0 Stuttgart et a grandi en tant que fille d&rsquo;entrepreneur. Enfant, elle \u00e9tait d\u00e9j\u00e0 impliqu\u00e9e dans l&rsquo;entreprise parentale Drohmann, qui est aujourd&rsquo;hui une soci\u00e9t\u00e9 s\u0153ur du groupe familial Bansbach. Elle savait donc ce que cela signifiait de diriger une entreprise et quels efforts et sacrifices cela impliquait. C&rsquo;est pr\u00e9cis\u00e9ment pour cette raison qu&rsquo;elle a toujours soutenu son mari Hermann Bansbach (junior) de toutes ses forces. En outre, c&rsquo;est gr\u00e2ce \u00e0 elle que l&rsquo;entreprise a aujourd&rsquo;hui son si\u00e8ge \u00e0 Lorch.    <br><\/p><p>Dans l&rsquo;entreprise, elle \u00e9tait le bras droit de son mari. Elle s&rsquo;occupait de la comptabilit\u00e9, des salaires et \u00e9tait toujours un interlocuteur fiable pour les employ\u00e9s. Mais surtout, elle a toujours couvert les arri\u00e8res de son mari et a \u00e9t\u00e9 une m\u00e8re attentionn\u00e9e pour ses trois filles. Aujourd&rsquo;hui encore, Annemarie Bansbach suit le destin de l&rsquo;entreprise avec beaucoup d&rsquo;int\u00e9r\u00eat et partage volontiers son exp\u00e9rience entrepreneuriale si n\u00e9cessaire. Pour Anna Bansbach, aujourd&rsquo;hui directrice de la quatri\u00e8me g\u00e9n\u00e9ration de Bansbach, cela repr\u00e9sente un \u00e9change d&rsquo;exp\u00e9riences tr\u00e8s important.    <\/p>\n<\/div><div class=\"flex flex-wrap\"><a class=\"w-full md:w-auto btn value-buttonTitle1\" href=\"https:\/\/www.bansbach.com\/fr\/societe\/portraits\/\" title=\"Retour \u00e0 l\u2019aper\u00e7u\" rel=\"noopener\">Retour \u00e0 l\u2019aper\u00e7u<\/a><\/div><\/div><\/div>\n<\/div><\/div>\n<\/div><\/div>\n","protected":false},"excerpt":{"rendered":"","protected":false},"author":1,"featured_media":0,"parent":20953,"menu_order":30,"comment_status":"closed","ping_status":"closed","template":"","meta":{"_seopress_robots_primary_cat":"","_seopress_titles_title":"","_seopress_titles_desc":"","_seopress_robots_index":"","footnotes":""},"class_list":["post-20955","page","type-page","status-publish","hentry"],"_links":{"self":[{"href":"https:\/\/www.bansbach.com\/fr\/wp-json\/wp\/v2\/pages\/20955","targetHints":{"allow":["GET"]}}],"collection":[{"href":"https:\/\/www.bansbach.com\/fr\/wp-json\/wp\/v2\/pages"}],"about":[{"href":"https:\/\/www.bansbach.com\/fr\/wp-json\/wp\/v2\/types\/page"}],"author":[{"embeddable":true,"href":"https:\/\/www.bansbach.com\/fr\/wp-json\/wp\/v2\/users\/1"}],"replies":[{"embeddable":true,"href":"https:\/\/www.bansbach.com\/fr\/wp-json\/wp\/v2\/comments?post=20955"}],"version-history":[{"count":2,"href":"https:\/\/www.bansbach.com\/fr\/wp-json\/wp\/v2\/pages\/20955\/revisions"}],"predecessor-version":[{"id":24183,"href":"https:\/\/www.bansbach.com\/fr\/wp-json\/wp\/v2\/pages\/20955\/revisions\/24183"}],"up":[{"embeddable":true,"href":"https:\/\/www.bansbach.com\/fr\/wp-json\/wp\/v2\/pages\/20953"}],"wp:attachment":[{"href":"https:\/\/www.bansbach.com\/fr\/wp-json\/wp\/v2\/media?parent=20955"}],"curies":[{"name":"wp","href":"https:\/\/api.w.org\/{rel}","templated":true}]}}