{"id":20966,"date":"2022-10-19T15:27:50","date_gmt":"2022-10-19T13:27:50","guid":{"rendered":"https:\/\/b37i6suw.myrdbx.io\/societe\/portraits\/hermann-bansbach-junior\/"},"modified":"2026-01-29T12:01:53","modified_gmt":"2026-01-29T11:01:53","slug":"hermann-bansbach-junior","status":"publish","type":"page","link":"https:\/\/www.bansbach.com\/fr\/societe\/portraits\/hermann-bansbach-junior\/","title":{"rendered":"Hermann Bansbach (Junior)"},"content":{"rendered":"\n<div class=\"wp-block-trk17-bansbach-theme-common-headline\"><div class=\"container mt-[50px] md:mt-[80px] mb-[50px] text-dark text-left\"><h2 class=\"pb-[10px] text-h5 small-headline uppercase text-blue\">1954 &#8211; 1994<\/h2><div class=\"headline headline text-h2 md:text-h2-40 font-bold\">Hermann Bansbach (Junior)<\/div><\/div><\/div>\n\n\n\n<div class=\"wp-block-trk17-bansbach-theme-common-columns\"><div class=\"container sm:flex sm:justify-between relative\">\n<div class=\"sm:w-[calc(25%-30px)]\"><div class=\"mx-[-15px] w-[calc(100%+30px)]\">\n<div class=\"wp-block-trk17-bansbach-theme-common-image-text\"><div class=\"relative z-[1] overflow-hidden mb-[50px] md:mb-[100px]\"><div class=\"container text-dark \"><div class=\"inline-block align-middle w-full \"><img decoding=\"async\" src=\"https:\/\/www.bansbach.com\/wp-content\/uploads\/2022\/08\/portrait-hermann-bansbach-jr-60x80.jpg\" srcset=\"https:\/\/www.bansbach.com\/wp-content\/uploads\/2022\/08\/portrait-hermann-bansbach-jr-60x80.jpg 60w, https:\/\/www.bansbach.com\/wp-content\/uploads\/2022\/08\/portrait-hermann-bansbach-jr-135x180.jpg 135w, https:\/\/www.bansbach.com\/wp-content\/uploads\/2022\/08\/portrait-hermann-bansbach-jr-225x300.jpg 225w, https:\/\/www.bansbach.com\/wp-content\/uploads\/2022\/08\/portrait-hermann-bansbach-jr-225x300.jpg 225w, https:\/\/www.bansbach.com\/wp-content\/uploads\/2022\/08\/portrait-hermann-bansbach-jr-435x580.jpg 435w, https:\/\/www.bansbach.com\/wp-content\/uploads\/2022\/08\/portrait-hermann-bansbach-jr-480x640.jpg 480w, https:\/\/www.bansbach.com\/wp-content\/uploads\/2022\/08\/portrait-hermann-bansbach-jr-600x800.jpg 600w, https:\/\/www.bansbach.com\/wp-content\/uploads\/2022\/08\/portrait-hermann-bansbach-jr-600x800.jpg 600w, https:\/\/www.bansbach.com\/wp-content\/uploads\/2022\/08\/portrait-hermann-bansbach-jr-600x800.jpg 600w, https:\/\/www.bansbach.com\/wp-content\/uploads\/2022\/08\/portrait-hermann-bansbach-jr-600x800.jpg 600w\" sizes=\"95vw\" alt=\"Portrait von Hermann Bansbach.\" loading=\"lazy\"><\/div><\/div><\/div><\/div>\n<\/div><\/div>\n\n\n\n<div class=\"sm:w-[calc(75%-30px)]\"><div class=\"mx-[-15px] w-[calc(100%+30px)]\">\n<div class=\"wp-block-trk17-bansbach-theme-common-text\"><div class=\"container py-[10px] md:py-[15px] text-dark\"><div class=\"text-block-content md:pb-[20px]\">\n<p>Hermann Bansbach (junior), le fils du fondateur Hermann Bansbach (senior), est n\u00e9 le 30.10.1930 \u00e0 Bad Cannstatt. Tr\u00e8s t\u00f4t, il a su qu&rsquo;il allait diriger l&rsquo;entreprise de ses parents vers l&rsquo;avenir. Apr\u00e8s avoir termin\u00e9 avec succ\u00e8s ses \u00e9tudes de g\u00e9nie m\u00e9canique en 1953 \u00e0 Esslingen, Hermann Bansbach (junior) a acquis sa premi\u00e8re exp\u00e9rience professionnelle en tant qu&rsquo;ing\u00e9nieur dipl\u00f4m\u00e9 chez Carl Zeiss. En 1954, il a rejoint l&rsquo;entreprise de ses parents. Au cours des 40 ann\u00e9es pass\u00e9es \u00e0 la t\u00eate de son entreprise, Hermann Bansbach (junior) a pris deux d\u00e9cisions tr\u00e8s importantes et novatrices : Il a transf\u00e9r\u00e9 le si\u00e8ge de l&rsquo;entreprise \u00e0 Lorch, ce qui a permis \u00e0 l&rsquo;entreprise de se d\u00e9velopper sur le long terme.    <\/p><p>Le ressort \u00e0 gaz introduit en 1966 par Hermann Bansbach (junior) a eu un impact consid\u00e9rable sur l&rsquo;entreprise, qui a \u00e9t\u00e9 l&rsquo;un des premiers fabricants de ressorts \u00e0 gaz. L&rsquo;entreprise s&rsquo;est rapidement d\u00e9velopp\u00e9e, passant du statut de sous-traitant de pi\u00e8ces tourn\u00e9es en quantit\u00e9 \u00e0 celui de fournisseur complet de ressorts \u00e0 gaz personnalis\u00e9s. L&rsquo;ing\u00e9nieur en chef Hermann Bansbach (junior) a dirig\u00e9 l&rsquo;entreprise de 1954 \u00e0 1994 en tant que propri\u00e9taire et directeur g\u00e9n\u00e9ral et l&rsquo;a marqu\u00e9e de mani\u00e8re durable. Au fil des ann\u00e9es, l&rsquo;entreprise est pass\u00e9e d&rsquo;un petit atelier \u00e0 une entreprise de taille moyenne dot\u00e9e d&rsquo;un \u00e9norme potentiel de d\u00e9veloppement.   <\/p>\n<\/div><div class=\"flex flex-wrap\"><a class=\"w-full md:w-auto btn value-buttonTitle1\" href=\"https:\/\/www.bansbach.com\/fr\/societe\/portraits\/\" title=\"Retour \u00e0 l\u2019aper\u00e7u\" rel=\"noopener\">Retour \u00e0 l\u2019aper\u00e7u<\/a><\/div><\/div><\/div>\n<\/div><\/div>\n<\/div><\/div>\n","protected":false},"excerpt":{"rendered":"","protected":false},"author":1,"featured_media":0,"parent":20953,"menu_order":20,"comment_status":"closed","ping_status":"closed","template":"","meta":{"_seopress_robots_primary_cat":"","_seopress_titles_title":"","_seopress_titles_desc":"","_seopress_robots_index":"","footnotes":""},"class_list":["post-20966","page","type-page","status-publish","hentry"],"_links":{"self":[{"href":"https:\/\/www.bansbach.com\/fr\/wp-json\/wp\/v2\/pages\/20966","targetHints":{"allow":["GET"]}}],"collection":[{"href":"https:\/\/www.bansbach.com\/fr\/wp-json\/wp\/v2\/pages"}],"about":[{"href":"https:\/\/www.bansbach.com\/fr\/wp-json\/wp\/v2\/types\/page"}],"author":[{"embeddable":true,"href":"https:\/\/www.bansbach.com\/fr\/wp-json\/wp\/v2\/users\/1"}],"replies":[{"embeddable":true,"href":"https:\/\/www.bansbach.com\/fr\/wp-json\/wp\/v2\/comments?post=20966"}],"version-history":[{"count":2,"href":"https:\/\/www.bansbach.com\/fr\/wp-json\/wp\/v2\/pages\/20966\/revisions"}],"predecessor-version":[{"id":24175,"href":"https:\/\/www.bansbach.com\/fr\/wp-json\/wp\/v2\/pages\/20966\/revisions\/24175"}],"up":[{"embeddable":true,"href":"https:\/\/www.bansbach.com\/fr\/wp-json\/wp\/v2\/pages\/20953"}],"wp:attachment":[{"href":"https:\/\/www.bansbach.com\/fr\/wp-json\/wp\/v2\/media?parent=20966"}],"curies":[{"name":"wp","href":"https:\/\/api.w.org\/{rel}","templated":true}]}}