{"id":20973,"date":"2022-10-19T15:29:39","date_gmt":"2022-10-19T13:29:39","guid":{"rendered":"https:\/\/b37i6suw.myrdbx.io\/societe\/portraits\/gottlieb-schramm-hermann-bansbach-senior\/"},"modified":"2026-01-29T12:01:54","modified_gmt":"2026-01-29T11:01:54","slug":"gottlieb-schramm-hermann-bansbach-senior","status":"publish","type":"page","link":"https:\/\/www.bansbach.com\/fr\/societe\/portraits\/gottlieb-schramm-hermann-bansbach-senior\/","title":{"rendered":"Gottlieb Schramm &amp; Hermann Bansbach (Senior)"},"content":{"rendered":"\n<div class=\"wp-block-trk17-bansbach-theme-common-headline\"><div class=\"container mt-[50px] md:mt-[80px] mb-[50px] text-dark text-left\"><h2 class=\"pb-[10px] text-h5 small-headline uppercase text-blue\">1919 &#8211; 1954<\/h2><div class=\"headline headline text-h2 md:text-h2-40 font-bold\">Gottlieb Schramm &amp; Hermann Bansbach (Senior)<\/div><\/div><\/div>\n\n\n\n<div class=\"wp-block-trk17-bansbach-theme-common-columns\"><div class=\"container sm:flex sm:justify-between relative\">\n<div class=\"sm:w-[calc(25%-30px)]\"><div class=\"mx-[-15px] w-[calc(100%+30px)]\">\n<div class=\"wp-block-trk17-bansbach-theme-common-image-text\"><div class=\"relative z-[1] overflow-hidden mb-[50px] md:mb-[100px]\"><div class=\"container text-dark \"><div class=\"inline-block align-middle w-full \"><img decoding=\"async\" src=\"https:\/\/www.bansbach.com\/wp-content\/uploads\/2022\/08\/portrait-hermann-bansbach-senior-junior-60x80.jpg\" srcset=\"https:\/\/www.bansbach.com\/wp-content\/uploads\/2022\/08\/portrait-hermann-bansbach-senior-junior-60x80.jpg 60w, https:\/\/www.bansbach.com\/wp-content\/uploads\/2022\/08\/portrait-hermann-bansbach-senior-junior-135x180.jpg 135w, https:\/\/www.bansbach.com\/wp-content\/uploads\/2022\/08\/portrait-hermann-bansbach-senior-junior-225x300.jpg 225w, https:\/\/www.bansbach.com\/wp-content\/uploads\/2022\/08\/portrait-hermann-bansbach-senior-junior-225x300.jpg 225w, https:\/\/www.bansbach.com\/wp-content\/uploads\/2022\/08\/portrait-hermann-bansbach-senior-junior-435x580.jpg 435w, https:\/\/www.bansbach.com\/wp-content\/uploads\/2022\/08\/portrait-hermann-bansbach-senior-junior-480x640.jpg 480w, https:\/\/www.bansbach.com\/wp-content\/uploads\/2022\/08\/portrait-hermann-bansbach-senior-junior-600x800.jpg 600w, https:\/\/www.bansbach.com\/wp-content\/uploads\/2022\/08\/portrait-hermann-bansbach-senior-junior-600x800.jpg 600w, https:\/\/www.bansbach.com\/wp-content\/uploads\/2022\/08\/portrait-hermann-bansbach-senior-junior-600x800.jpg 600w, https:\/\/www.bansbach.com\/wp-content\/uploads\/2022\/08\/portrait-hermann-bansbach-senior-junior-600x800.jpg 600w\" sizes=\"95vw\" alt=\"Portrait von Hermann Bansbach Senior und Junior.\" loading=\"lazy\"><\/div><\/div><\/div><\/div>\n<\/div><\/div>\n\n\n\n<div class=\"sm:w-[calc(75%-30px)]\"><div class=\"mx-[-15px] w-[calc(100%+30px)]\">\n<div class=\"wp-block-trk17-bansbach-theme-common-text\"><div class=\"container py-[10px] md:py-[15px] text-dark\"><div class=\"text-block-content md:pb-[20px]\">\n<p>Hermann Bansbach (senior) et son beau-p\u00e8re Gottlieb Schramm ont fond\u00e9 en 1919 \u00e0 Bad Cannstatt \u00ab\u00a0Schramm und Bansbach Apparatebau\u00a0\u00bb, une v\u00e9ritable entreprise familiale : A cette \u00e9poque difficile, il s&rsquo;agissait certainement d&rsquo;une grande aventure et d&rsquo;un pari risqu\u00e9. Pour la g\u00e9n\u00e9ration des fondateurs, il s&rsquo;agissait avant tout, dans les premi\u00e8res ann\u00e9es, de survivre et d&rsquo;assurer la p\u00e9rennit\u00e9 de l&rsquo;entreprise encore jeune. L&rsquo;inventivit\u00e9 et la flexibilit\u00e9 des deux fondateurs leur ont permis de surmonter les crises \u00e9conomiques mondiales de la R\u00e9publique de Weimar et de la Seconde Guerre mondiale.  <\/p><p>La gamme de produits a toujours \u00e9t\u00e9 adapt\u00e9e par Gottlieb Schramm et Hermann Bansbach (senior) aux exigences du march\u00e9. On produisait ce qui \u00e9tait demand\u00e9. L&rsquo;entr\u00e9e dans la production de pi\u00e8ces tourn\u00e9es en quantit\u00e9 \u00e9tait d\u00e9j\u00e0 la base de la production ult\u00e9rieure du ressort \u00e0 gaz Bansbach, m\u00eame si les fondateurs ne pouvaient pas encore s&rsquo;en douter \u00e0 ce moment-l\u00e0. En 1954, Hermann Bansbach (senior) a transmis \u00e0 son fils Hermann Bansbach (junior) une base stable sur laquelle il a pu s&rsquo;appuyer avec succ\u00e8s.   <\/p>\n<\/div><div class=\"flex flex-wrap\"><a class=\"w-full md:w-auto btn value-buttonTitle1\" href=\"https:\/\/www.bansbach.com\/fr\/societe\/portraits\/\" title=\"Retour \u00e0 l\u2019aper\u00e7u\" rel=\"noopener\">Retour \u00e0 l\u2019aper\u00e7u<\/a><\/div><\/div><\/div>\n<\/div><\/div>\n<\/div><\/div>\n","protected":false},"excerpt":{"rendered":"","protected":false},"author":1,"featured_media":0,"parent":20953,"menu_order":10,"comment_status":"closed","ping_status":"closed","template":"","meta":{"_seopress_robots_primary_cat":"","_seopress_titles_title":"","_seopress_titles_desc":"","_seopress_robots_index":"","footnotes":""},"class_list":["post-20973","page","type-page","status-publish","hentry"],"_links":{"self":[{"href":"https:\/\/www.bansbach.com\/fr\/wp-json\/wp\/v2\/pages\/20973","targetHints":{"allow":["GET"]}}],"collection":[{"href":"https:\/\/www.bansbach.com\/fr\/wp-json\/wp\/v2\/pages"}],"about":[{"href":"https:\/\/www.bansbach.com\/fr\/wp-json\/wp\/v2\/types\/page"}],"author":[{"embeddable":true,"href":"https:\/\/www.bansbach.com\/fr\/wp-json\/wp\/v2\/users\/1"}],"replies":[{"embeddable":true,"href":"https:\/\/www.bansbach.com\/fr\/wp-json\/wp\/v2\/comments?post=20973"}],"version-history":[{"count":2,"href":"https:\/\/www.bansbach.com\/fr\/wp-json\/wp\/v2\/pages\/20973\/revisions"}],"predecessor-version":[{"id":24176,"href":"https:\/\/www.bansbach.com\/fr\/wp-json\/wp\/v2\/pages\/20973\/revisions\/24176"}],"up":[{"embeddable":true,"href":"https:\/\/www.bansbach.com\/fr\/wp-json\/wp\/v2\/pages\/20953"}],"wp:attachment":[{"href":"https:\/\/www.bansbach.com\/fr\/wp-json\/wp\/v2\/media?parent=20973"}],"curies":[{"name":"wp","href":"https:\/\/api.w.org\/{rel}","templated":true}]}}