{"id":21127,"date":"2023-12-08T11:16:30","date_gmt":"2023-12-08T10:16:30","guid":{"rendered":"https:\/\/b37i6suw.myrdbx.io\/code-de-conduite-bansbach-easylift-gmbh\/"},"modified":"2026-02-02T14:12:30","modified_gmt":"2026-02-02T13:12:30","slug":"code-de-conduite-bansbach-easylift-gmbh","status":"publish","type":"page","link":"https:\/\/www.bansbach.com\/fr\/societe\/environnement-et-developpement-durable\/code-de-conduite-bansbach-easylift-gmbh\/","title":{"rendered":"Code de conduite Bansbach easylift GmbH"},"content":{"rendered":"\n<div class=\"wp-block-trk17-bansbach-theme-common-columns\"><div class=\"container sm:flex sm:justify-between relative\">\n<div class=\"sm:w-[calc(25%-30px)]\"><div class=\"mx-[-15px] w-[calc(100%+30px)]\"><\/div><\/div>\n\n\n\n<div class=\"sm:w-[calc(50%-30px)]\"><div class=\"mx-[-15px] w-[calc(100%+30px)]\">\n<div class=\"wp-block-trk17-bansbach-theme-common-text\"><div class=\"container py-[10px] md:py-[15px] text-dark\"><h2  class=\"md:pb-[10px] text-h5 small-headline uppercase text-blue value-smallHeadline\">Code de conduite<\/h2><div  class=\"headline headline font-bold text-h2 mb-[30px] value-headline\">Bansbach easylift GmbH<\/div><div class=\"text-block-content md:pb-[20px]\"><\/div><div class=\"flex flex-wrap\"><\/div><\/div><\/div>\n\n\n\n<div class=\"wp-block-trk17-bansbach-theme-common-text\"><div class=\"container py-[10px] md:py-[15px] text-dark\"><div  class=\"headline headline font-bold text-h4 mb-[7px] value-headline\"><strong>Pr\u00e9ambule<\/strong> <\/div><div class=\"text-block-content md:pb-[20px]\">\n<p>Bansbach easylift d\u00e9veloppe et produit depuis plus de 50 ans des ressorts \u00e0 gaz de diff\u00e9rents types. En tant qu&rsquo;entreprise familiale internationale, nous jouissons d&rsquo;une tr\u00e8s bonne r\u00e9putation dans le monde entier, qui n&rsquo;est pas seulement due \u00e0 la grande qualit\u00e9 de nos produits ou \u00e0 notre force d&rsquo;innovation, mais aussi \u00e0 la mani\u00e8re dont nous traitons nos clients, nos partenaires commerciaux et nos employ\u00e9s. Nous attachons la plus grande importance \u00e0 l&rsquo;int\u00e9grit\u00e9, \u00e0 l&rsquo;honn\u00eatet\u00e9, \u00e0 un comportement \u00e9thique et \u00e9quitable ainsi qu&rsquo;au respect des lois en vigueur. <\/p><p><\/p>\n<\/div><div class=\"flex flex-wrap\"><\/div><\/div><\/div>\n\n\n\n<div class=\"wp-block-trk17-bansbach-theme-common-text\"><div class=\"container py-[10px] md:py-[15px] text-dark\"><div  class=\"headline headline font-bold text-h4 mb-[7px] value-headline\"><strong>1. \u00e9thique de l&rsquo;entreprise<\/strong><br><strong>1.1 Remarques g\u00e9n\u00e9rales<\/strong><\/div><div class=\"text-block-content md:pb-[20px]\">\n<p>Nous respectons les lois et r\u00e9glementations des pays dans lesquels nous op\u00e9rons et attendons la m\u00eame chose de nos partenaires commerciaux. La corruption n&rsquo;est pas tol\u00e9r\u00e9e par Bansbach easylift GmbH sous quelque forme que ce soit. Cela s&rsquo;applique en particulier \u00e0 la corruption, aux conflits d&rsquo;int\u00e9r\u00eats, \u00e0 la fraude, \u00e0 l&rsquo;extorsion, au d\u00e9tournement de fonds et aux commissions ill\u00e9gales.  <\/p><p><\/p>\n<\/div><div class=\"flex flex-wrap\"><\/div><\/div><\/div>\n\n\n\n<div class=\"wp-block-trk17-bansbach-theme-common-text\"><div class=\"container py-[10px] md:py-[15px] text-dark\"><div  class=\"headline headline font-bold text-h4 mb-[7px] value-headline\"><strong>1.2 Droit des ententes et de la concurrence<\/strong><\/div><div class=\"text-block-content md:pb-[20px]\">\n<p>Les lois et r\u00e9glementations en vigueur en mati\u00e8re de concurrence et d&rsquo;antitrust sont respect\u00e9es.<\/p><p><\/p>\n<\/div><div class=\"flex flex-wrap\"><\/div><\/div><\/div>\n\n\n\n<div class=\"wp-block-trk17-bansbach-theme-common-text\"><div class=\"container py-[10px] md:py-[15px] text-dark\"><div  class=\"headline headline font-bold text-h4 mb-[7px] value-headline\"><strong>2. droits de l&rsquo;homme et responsabilit\u00e9 sociale<\/strong><br><strong>2.1 Travail des enfants et travail forc\u00e9<\/strong><\/div><div class=\"text-block-content md:pb-[20px]\">\n<p>Bansbach easylift GmbH reconna\u00eet le droit de chaque enfant \u00e0 \u00eatre prot\u00e9g\u00e9 contre l&rsquo;exploitation \u00e9conomique et contre les activit\u00e9s susceptibles de mettre en danger sa sant\u00e9 physique, mentale ou spirituelle, de nuire \u00e0 son d\u00e9veloppement moral ou social ou d&rsquo;entraver son \u00e9ducation ou sa formation. Bansbach easylift GmbH ne tol\u00e8re pas le travail des enfants ni aucune forme de travail forc\u00e9 et exige la m\u00eame chose de ses partenaires commerciaux. <\/p><p><\/p>\n<\/div><div class=\"flex flex-wrap\"><\/div><\/div><\/div>\n\n\n\n<div class=\"wp-block-trk17-bansbach-theme-common-text\"><div class=\"container py-[10px] md:py-[15px] text-dark\"><div  class=\"headline headline font-bold text-h4 mb-[7px] value-headline\"><strong>2.3 Contrats de travail, horaires de travail et r\u00e9mun\u00e9ration<\/strong><\/div><div class=\"text-block-content md:pb-[20px]\">\n<p>En ce qui concerne les contrats de travail et les horaires de travail, y compris les heures suppl\u00e9mentaires et leur r\u00e9mun\u00e9ration, nous respectons les lois et r\u00e9glementations locales. Les salaires sont vers\u00e9s r\u00e9guli\u00e8rement et sont conformes \u00e0 la l\u00e9gislation en vigueur et aux pratiques du march\u00e9. Les employ\u00e9s ont droit \u00e0 au moins un jour de cong\u00e9 tous les sept jours, ainsi qu&rsquo;\u00e0 des jours f\u00e9ri\u00e9s nationaux et locaux non travaill\u00e9s, dans la mesure o\u00f9 ils sont g\u00e9n\u00e9ralement reconnus.  <\/p><p><\/p>\n<\/div><div class=\"flex flex-wrap\"><\/div><\/div><\/div>\n\n\n\n<div class=\"wp-block-trk17-bansbach-theme-common-text\"><div class=\"container py-[10px] md:py-[15px] text-dark\"><div  class=\"headline headline font-bold text-h4 mb-[7px] value-headline\"><strong>2.4 Discrimination, harc\u00e8lement et diversit\u00e9<\/strong><\/div><div class=\"text-block-content md:pb-[20px]\">\n<p>Nous offrons un environnement de travail dans lequel tous les employ\u00e9s sont trait\u00e9s avec respect et dignit\u00e9 et b\u00e9n\u00e9ficient des m\u00eames opportunit\u00e9s de d\u00e9veloppement \u00e9quitables. Bansbach easylift ne tol\u00e8re aucune forme de discrimination ou de harc\u00e8lement fond\u00e9e sur l&rsquo;ascendance, l&rsquo;orientation sexuelle, le sexe, la religion, l&rsquo;\u00e2ge, le handicap, les opinions politiques, la nationalit\u00e9 ou tout autre facteur potentiellement discriminatoire. <\/p><p><\/p>\n<\/div><div class=\"flex flex-wrap\"><\/div><\/div><\/div>\n\n\n\n<div class=\"wp-block-trk17-bansbach-theme-common-text\"><div class=\"container py-[10px] md:py-[15px] text-dark\"><div  class=\"headline headline font-bold text-h4 mb-[7px] value-headline\"><strong>2.5 Int\u00e9r\u00eats des consommateurs<\/strong><\/div><div class=\"text-block-content md:pb-[20px]\">\n<p>Les r\u00e8gles de sant\u00e9 et de s\u00e9curit\u00e9 au travail sont respect\u00e9es.<\/p><p><\/p>\n<\/div><div class=\"flex flex-wrap\"><\/div><\/div><\/div>\n\n\n\n<div class=\"wp-block-trk17-bansbach-theme-common-text\"><div class=\"container py-[10px] md:py-[15px] text-dark\"><div  class=\"headline headline font-bold text-h4 mb-[7px] value-headline\"><strong>2.6 Approvisionnement responsable en min\u00e9raux<\/strong><\/div><div class=\"text-block-content md:pb-[20px]\">\n<p>Les lois et r\u00e9glementations en vigueur concernant la divulgation de l&rsquo;utilisation de min\u00e9raux de conflit sont respect\u00e9es. Les livraisons \u00e0 Bansbach easylift GmbH sont effectu\u00e9es dans le respect des lois et r\u00e9glementations en vigueur concernant l&rsquo;utilisation des min\u00e9raux de conflit. <\/p><p><\/p>\n<\/div><div class=\"flex flex-wrap\"><\/div><\/div><\/div>\n\n\n\n<div class=\"wp-block-trk17-bansbach-theme-common-text\"><div class=\"container py-[10px] md:py-[15px] text-dark\"><div  class=\"headline headline font-bold text-h4 mb-[7px] value-headline\"><strong>3. protection de l&rsquo;environnement<\/strong><br><strong>3.1 Protection de l&rsquo;environnement et d\u00e9veloppement durable<\/strong><\/div><div class=\"text-block-content md:pb-[20px]\">\n<p>Bansbach easylift GmbH respecte toutes les exigences l\u00e9gales en mati\u00e8re de protection de l&rsquo;environnement et attend de ses partenaires commerciaux qu&rsquo;ils fassent de m\u00eame. De m\u00eame, les partenaires commerciaux doivent disposer de toutes les autorisations d&rsquo;exploitation n\u00e9cessaires et les maintenir \u00e0 jour. Bansbach easylift GmbH encourage le d\u00e9veloppement et la diffusion de technologies respectueuses de l&rsquo;environnement.  <\/p><p><\/p><p><\/p>\n<\/div><div class=\"flex flex-wrap\"><\/div><\/div><\/div>\n\n\n\n<div class=\"wp-block-trk17-bansbach-theme-common-text\"><div class=\"container py-[10px] md:py-[15px] text-dark\"><div  class=\"headline headline font-bold text-h4 mb-[7px] value-headline\"><strong>4. sant\u00e9 et s\u00e9curit\u00e9 au travail<\/strong><br><strong>4.1 Lieu de travail<\/strong><\/div><div class=\"text-block-content md:pb-[20px]\">\n<p>Bansbach easylift GmbH s&rsquo;engage syst\u00e9matiquement pour des conditions de travail s\u00fbres et attend la m\u00eame chose de ses partenaires commerciaux. Les r\u00e8gles en vigueur en mati\u00e8re de s\u00e9curit\u00e9 du travail, de s\u00e9curit\u00e9 des b\u00e2timents, de protection contre l&rsquo;incendie et de premiers secours sont respect\u00e9es. <\/p><p><\/p>\n<\/div><div class=\"flex flex-wrap\"><\/div><\/div><\/div>\n\n\n\n<div class=\"wp-block-trk17-bansbach-theme-common-text\"><div class=\"container py-[10px] md:py-[15px] text-dark\"><div class=\"text-block-content md:pb-[20px]\"><\/div><div class=\"flex flex-wrap\"><\/div><\/div><\/div>\n<\/div><\/div>\n\n\n\n<div class=\"sm:w-[calc(25%-30px)]\"><div class=\"mx-[-15px] w-[calc(100%+30px)]\"><\/div><\/div>\n<\/div><\/div>\n\n<div class=\"wp-block-trk17-bansbach-theme-common-columns\"><div class=\"container sm:flex sm:justify-between relative\">\n<div class=\"wp-block-trk17-bansbach-theme-common-download\"><div class=\"container mb-[50px] text-dark\"><\/div><\/div>\n\n\n\n<div class=\"wp-block-trk17-bansbach-theme-common-download\"><div class=\"container mb-[50px] text-dark\"><div class=\"md:flex\">\n\t\t\t\t\t<div class=\"w-full md:w-auto mb-[25px] md:mb-0 md:basis-2\/5 aspect-[3\/4]\">\n\t\t\t\t\t\t<img decoding=\"async\" src=\"https:\/\/www.bansbach.com\/wp-content\/uploads\/2023\/12\/Titelbild-1-57x80.jpg\" srcset=\"https:\/\/www.bansbach.com\/wp-content\/uploads\/2023\/12\/Titelbild-1-57x80.jpg 57w, https:\/\/www.bansbach.com\/wp-content\/uploads\/2023\/12\/Titelbild-1-129x180.jpg 129w, https:\/\/www.bansbach.com\/wp-content\/uploads\/2023\/12\/Titelbild-1-215x300.jpg 215w, https:\/\/www.bansbach.com\/wp-content\/uploads\/2023\/12\/Titelbild-1-215x300.jpg 215w, https:\/\/www.bansbach.com\/wp-content\/uploads\/2023\/12\/Titelbild-1-416x580.jpg 416w, https:\/\/www.bansbach.com\/wp-content\/uploads\/2023\/12\/Titelbild-1-480x670.jpg 480w, https:\/\/www.bansbach.com\/wp-content\/uploads\/2023\/12\/Titelbild-1-720x1005.jpg 720w, https:\/\/www.bansbach.com\/wp-content\/uploads\/2023\/12\/Titelbild-1-917x1280.jpg 917w, https:\/\/www.bansbach.com\/wp-content\/uploads\/2023\/12\/Titelbild-1-917x1280.jpg 917w, https:\/\/www.bansbach.com\/wp-content\/uploads\/2023\/12\/Titelbild-1-959x1338.jpg 959w\" sizes=\"(min-width: 1240px) 10vw, (min-width: 1024px) 20vw, 40vw\" alt=\"Titelbild f\u00fcr den Verhaltenskodex\" loading=\"lazy\" class=\"!h-full object-contain object-top\">\n\t\t\t\t\t<\/div>\n\t\t\t\t\t<div class=\"w-full md:w-auto md:basis-3\/5 pl-4 flex flex-col justify-between\">\n\t\t\t\t\t\t<div>\n\t\t\t\t\t\t\t<div class=\"font-bold mb-1\">Code de conduite Bansbach easylift<\/div>\n\t\t\t\t\t\t\t<div><\/div>\n\t\t\t\t\t\t<\/div>\n\t\t\t\t\t\t<div class=\"mt-[20px]\">\n\t\t\t\t\t\t\t<a class=\"btn\" data-download=\"808715189\" href=\"#\" title=\"T\u00e9l\u00e9charger\" target=\"_blank\">\n\t\t\t\t\t\t\t\tT\u00e9l\u00e9charger\n\t\t\t\t\t\t\t<\/a>\n\t\t\t\t\t\t<\/div>\n\t\t\t\t\t<\/div>\n\t\t\t\t<\/div><\/div><\/div>\n\n\n\n<div class=\"sm:w-[calc(25%-30px)]\"><div class=\"mx-[-15px] w-[calc(100%+30px)]\"><\/div><\/div>\n<\/div><\/div>\n","protected":false},"excerpt":{"rendered":"","protected":false},"author":4,"featured_media":0,"parent":21151,"menu_order":140,"comment_status":"closed","ping_status":"closed","template":"","meta":{"_seopress_robots_primary_cat":"","_seopress_titles_title":"","_seopress_titles_desc":"","_seopress_robots_index":"","footnotes":""},"class_list":["post-21127","page","type-page","status-publish","hentry"],"_links":{"self":[{"href":"https:\/\/www.bansbach.com\/fr\/wp-json\/wp\/v2\/pages\/21127","targetHints":{"allow":["GET"]}}],"collection":[{"href":"https:\/\/www.bansbach.com\/fr\/wp-json\/wp\/v2\/pages"}],"about":[{"href":"https:\/\/www.bansbach.com\/fr\/wp-json\/wp\/v2\/types\/page"}],"author":[{"embeddable":true,"href":"https:\/\/www.bansbach.com\/fr\/wp-json\/wp\/v2\/users\/4"}],"replies":[{"embeddable":true,"href":"https:\/\/www.bansbach.com\/fr\/wp-json\/wp\/v2\/comments?post=21127"}],"version-history":[{"count":3,"href":"https:\/\/www.bansbach.com\/fr\/wp-json\/wp\/v2\/pages\/21127\/revisions"}],"predecessor-version":[{"id":24811,"href":"https:\/\/www.bansbach.com\/fr\/wp-json\/wp\/v2\/pages\/21127\/revisions\/24811"}],"up":[{"embeddable":true,"href":"https:\/\/www.bansbach.com\/fr\/wp-json\/wp\/v2\/pages\/21151"}],"wp:attachment":[{"href":"https:\/\/www.bansbach.com\/fr\/wp-json\/wp\/v2\/media?parent=21127"}],"curies":[{"name":"wp","href":"https:\/\/api.w.org\/{rel}","templated":true}]}}