{"id":21134,"date":"2023-12-11T10:35:03","date_gmt":"2023-12-11T09:35:03","guid":{"rendered":"https:\/\/b37i6suw.myrdbx.io\/code-de-conduite-pour-les-partenaires-commerciaux\/"},"modified":"2026-02-02T14:19:30","modified_gmt":"2026-02-02T13:19:30","slug":"code-de-conduite-pour-les-partenaires-commerciaux","status":"publish","type":"page","link":"https:\/\/www.bansbach.com\/fr\/societe\/environnement-et-developpement-durable\/code-de-conduite-pour-les-partenaires-commerciaux\/","title":{"rendered":"Code de conduite pour les partenaires commerciaux"},"content":{"rendered":"\n<div class=\"wp-block-trk17-bansbach-theme-common-columns\"><div class=\"container sm:flex sm:justify-between relative\">\n<div class=\"wp-block-trk17-bansbach-theme-common-download\"><div class=\"container mb-[50px] text-dark\"><\/div><\/div>\n\n\n\n<div class=\"sm:w-[calc(25%-30px)]\"><div class=\"mx-[-15px] w-[calc(100%+30px)]\"><\/div><\/div>\n\n\n\n<div class=\"sm:w-[calc(50%-30px)]\"><div class=\"mx-[-15px] w-[calc(100%+30px)]\">\n<div class=\"wp-block-trk17-bansbach-theme-common-text\"><div class=\"container py-[10px] md:py-[15px] text-dark\"><h2  class=\"md:pb-[10px] text-h5 small-headline uppercase text-blue value-smallHeadline\">Code de conduite<\/h2><div  class=\"headline headline font-bold text-h2 mb-[30px] value-headline\">Bansbach easylift GmbH<\/div><div class=\"text-block-content md:pb-[20px]\"><\/div><div class=\"flex flex-wrap\"><\/div><\/div><\/div>\n\n\n\n<div class=\"wp-block-trk17-bansbach-theme-common-text\"><div class=\"container py-[10px] md:py-[15px] text-dark\"><div  class=\"headline headline font-bold text-h4 mb-[7px] value-headline\"><strong>Pr\u00e9ambule<\/strong><\/div><div class=\"text-block-content md:pb-[20px]\">\n<p>Bansbach easylift d\u00e9veloppe et produit depuis plus de 50 ans des ressorts \u00e0 gaz de diff\u00e9rents types. En tant qu&rsquo;entreprise familiale internationale, nous jouissons d&rsquo;une tr\u00e8s bonne r\u00e9putation dans le monde entier, qui n&rsquo;est pas seulement due \u00e0 la grande qualit\u00e9 de nos produits ou \u00e0 notre force d&rsquo;innovation, mais aussi \u00e0 la mani\u00e8re dont nous traitons nos clients, nos partenaires commerciaux et nos employ\u00e9s. Nous attachons la plus grande importance \u00e0 l&rsquo;int\u00e9grit\u00e9, \u00e0 l&rsquo;honn\u00eatet\u00e9, \u00e0 un comportement \u00e9thique et \u00e9quitable ainsi qu&rsquo;au respect des lois en vigueur.  Nous attendons la m\u00eame chose de nos partenaires commerciaux et nous attendons d&rsquo;eux qu&rsquo;ils s&rsquo;engagent \u00e0 assumer leurs responsabilit\u00e9s par le biais de ce code de conduite.<\/p><p><\/p>\n<\/div><div class=\"flex flex-wrap\"><\/div><\/div><\/div>\n\n\n\n<div class=\"wp-block-trk17-bansbach-theme-common-text\"><div class=\"container py-[10px] md:py-[15px] text-dark\"><div  class=\"headline headline font-bold text-h4 mb-[7px] value-headline\"><strong>1. \u00e9thique de l&rsquo;entreprise<\/strong><br><strong>1.1 Remarques g\u00e9n\u00e9rales<\/strong><\/div><div class=\"text-block-content md:pb-[20px]\">\n<p>Nous respectons les lois et r\u00e9glementations des pays dans lesquels nous op\u00e9rons et attendons la m\u00eame chose de nos partenaires commerciaux. La corruption n&rsquo;est pas tol\u00e9r\u00e9e par Bansbach easylift GmbH sous quelque forme que ce soit. Cela s&rsquo;applique en particulier \u00e0 la corruption, aux conflits d&rsquo;int\u00e9r\u00eats, \u00e0 la fraude, \u00e0 l&rsquo;extorsion, au d\u00e9tournement de fonds et aux commissions ill\u00e9gales.  <\/p><p><\/p>\n<\/div><div class=\"flex flex-wrap\"><\/div><\/div><\/div>\n\n\n\n<div class=\"wp-block-trk17-bansbach-theme-common-text\"><div class=\"container py-[10px] md:py-[15px] text-dark\"><div  class=\"headline headline font-bold text-h4 mb-[7px] value-headline\"><strong>1.2 Droit des ententes et de la concurrence<\/strong><\/div><div class=\"text-block-content md:pb-[20px]\">\n<p>Nous respectons les lois et r\u00e9glementations en vigueur en mati\u00e8re de concurrence et d&rsquo;antitrust. En particulier, nous ne participons pas \u00e0 des accords sur les prix et les offres, ni \u00e0 des mesures de r\u00e9partition des march\u00e9s et des clients. <\/p>\n<\/div><div class=\"flex flex-wrap\"><\/div><\/div><\/div>\n\n\n\n<div class=\"wp-block-trk17-bansbach-theme-common-text\"><div class=\"container py-[10px] md:py-[15px] text-dark\"><div  class=\"headline headline font-bold text-h4 mb-[7px] value-headline\"><strong>2. droits de l&rsquo;homme et responsabilit\u00e9 sociale<\/strong><br><strong>2.1 Travail des enfants et travail forc\u00e9<\/strong><\/div><div class=\"text-block-content md:pb-[20px]\">\n<p>Bansbach easylift GmbH reconna\u00eet le droit de chaque enfant \u00e0 \u00eatre prot\u00e9g\u00e9 contre l&rsquo;exploitation \u00e9conomique et contre les activit\u00e9s susceptibles de mettre en danger sa sant\u00e9 physique, mentale ou spirituelle, de nuire \u00e0 son d\u00e9veloppement moral ou social ou d&rsquo;entraver son \u00e9ducation ou sa formation. Bansbach easylift GmbH ne tol\u00e8re pas le travail des enfants ni aucune forme de travail forc\u00e9 et exige la m\u00eame chose de ses partenaires commerciaux. <\/p><p><\/p>\n<\/div><div class=\"flex flex-wrap\"><\/div><\/div><\/div>\n\n\n\n<div class=\"wp-block-trk17-bansbach-theme-common-text\"><div class=\"container py-[10px] md:py-[15px] text-dark\"><div  class=\"headline headline font-bold text-h4 mb-[7px] value-headline\"><strong>2.3 Contrats de travail, horaires de travail et r\u00e9mun\u00e9ration<\/strong><\/div><div class=\"text-block-content md:pb-[20px]\">\n<p>En ce qui concerne les contrats de travail et les horaires de travail, y compris les heures suppl\u00e9mentaires et leur r\u00e9mun\u00e9ration, nous respectons les lois et r\u00e9glementations locales. Les salaires sont vers\u00e9s r\u00e9guli\u00e8rement et sont conformes \u00e0 la l\u00e9gislation en vigueur et aux pratiques du march\u00e9. Les employ\u00e9s ont droit \u00e0 au moins un jour de cong\u00e9 tous les sept jours, ainsi qu&rsquo;\u00e0 des jours f\u00e9ri\u00e9s nationaux et locaux ch\u00f4m\u00e9s, dans la mesure o\u00f9 ils sont g\u00e9n\u00e9ralement reconnus.  <\/p><p><\/p>\n<\/div><div class=\"flex flex-wrap\"><\/div><\/div><\/div>\n\n\n\n<div class=\"wp-block-trk17-bansbach-theme-common-text\"><div class=\"container py-[10px] md:py-[15px] text-dark\"><div  class=\"headline headline font-bold text-h4 mb-[7px] value-headline\"><strong>2.4 Discrimination, harc\u00e8lement et diversit\u00e9<\/strong><\/div><div class=\"text-block-content md:pb-[20px]\">\n<p>Nous attendons de nos partenaires commerciaux un climat de travail dans lequel tous les employ\u00e9s sont trait\u00e9s avec respect et dignit\u00e9 et b\u00e9n\u00e9ficient des m\u00eames possibilit\u00e9s de d\u00e9veloppement \u00e9quitable. Bansbach easylift GmbH ne tol\u00e8re aucune discrimination ou harc\u00e8lement de la part de ses partenaires commerciaux sur la base de l&rsquo;origine, de l&rsquo;orientation sexuelle, du sexe, de la religion, de l&rsquo;\u00e2ge, du handicap, des opinions politiques, de la nationalit\u00e9 ou de tout autre facteur potentiellement discriminatoire. <\/p><p><\/p>\n<\/div><div class=\"flex flex-wrap\"><\/div><\/div><\/div>\n\n\n\n<div class=\"wp-block-trk17-bansbach-theme-common-text\"><div class=\"container py-[10px] md:py-[15px] text-dark\"><div  class=\"headline headline font-bold text-h4 mb-[7px] value-headline\"><strong>2.5 Int\u00e9r\u00eats des consommateurs<\/strong><\/div><div class=\"text-block-content md:pb-[20px]\">\n<p>Nous exigeons que nos produits et services soient conformes \u00e0 la l\u00e9gislation en vigueur en mati\u00e8re de sant\u00e9 et de s\u00e9curit\u00e9. Cette attente doit \u00eatre prise en compte par nos partenaires commerciaux lorsqu&rsquo;ils produisent des biens ou nous fournissent des services. <\/p><p><\/p>\n<\/div><div class=\"flex flex-wrap\"><\/div><\/div><\/div>\n\n\n\n<div class=\"wp-block-trk17-bansbach-theme-common-text\"><div class=\"container py-[10px] md:py-[15px] text-dark\"><div  class=\"headline headline font-bold text-h4 mb-[7px] value-headline\"><strong>2.6 Approvisionnement responsable en min\u00e9raux<\/strong><\/div><div class=\"text-block-content md:pb-[20px]\">\n<p>Les lois et r\u00e9glementations en vigueur concernant la divulgation de l&rsquo;utilisation des minerais de conflit sont respect\u00e9es. Les minerais de conflit sont des min\u00e9raux provenant de zones \u00e0 risque qui contribuent directement ou indirectement au financement de groupes arm\u00e9s tenus pour responsables, au moins en partie, de graves violations des droits de l&rsquo;homme. Les livraisons \u00e0 Bansbach easylift GmbH sont effectu\u00e9es dans le respect des lois et r\u00e9glementations en vigueur concernant l&rsquo;utilisation des min\u00e9raux de conflit.  <\/p><p><\/p>\n<\/div><div class=\"flex flex-wrap\"><\/div><\/div><\/div>\n\n\n\n<div class=\"wp-block-trk17-bansbach-theme-common-text\"><div class=\"container py-[10px] md:py-[15px] text-dark\"><div  class=\"headline headline font-bold text-h4 mb-[7px] value-headline\"><strong>3. protection de l&rsquo;environnement<\/strong><br><strong>3.1 Protection de l&rsquo;environnement et d\u00e9veloppement durable<\/strong><\/div><div class=\"text-block-content md:pb-[20px]\">\n<p>Bansbach easylift GmbH respecte toutes les exigences l\u00e9gales en mati\u00e8re de protection de l&rsquo;environnement et attend de ses partenaires commerciaux qu&rsquo;ils fassent de m\u00eame. De m\u00eame, les partenaires commerciaux doivent disposer de toutes les autorisations d&rsquo;exploitation n\u00e9cessaires et les maintenir \u00e0 jour. Bansbach easylift GmbH encourage le d\u00e9veloppement et la diffusion de technologies respectueuses de l&rsquo;environnement.   Bansbach easylift GmbH s&rsquo;engage \u00e0 r\u00e9duire en permanence les besoins en ressources et attend de ses partenaires commerciaux qu&rsquo;ils fassent de m\u00eame. Nous attendons en outre la pr\u00e9vention de la pollution, une nuisance sonore dans des limites acceptables et l&rsquo;am\u00e9lioration de la compatibilit\u00e9 environnementale li\u00e9e aux produits et aux processus dans l&rsquo;ensemble de la cha\u00eene de valeur. Les produits chimiques et les mati\u00e8res dangereuses doivent \u00eatre correctement identifi\u00e9s et stock\u00e9s, recycl\u00e9s, r\u00e9utilis\u00e9s ou \u00e9limin\u00e9s en toute s\u00e9curit\u00e9.<\/p><p><\/p>\n<\/div><div class=\"flex flex-wrap\"><\/div><\/div><\/div>\n\n\n\n<div class=\"wp-block-trk17-bansbach-theme-common-text\"><div class=\"container py-[10px] md:py-[15px] text-dark\"><div  class=\"headline headline font-bold text-h4 mb-[7px] value-headline\"><strong>4. sant\u00e9 et s\u00e9curit\u00e9 au travail<\/strong><br><strong>4.1 Lieu de travail<\/strong><\/div><div class=\"text-block-content md:pb-[20px]\">\n<p>Bansbach easylift GmbH s&rsquo;engage syst\u00e9matiquement pour des conditions de travail s\u00fbres et attend la m\u00eame chose de ses partenaires commerciaux. Les risques susceptibles de provoquer des accidents ou de nuire au bien-\u00eatre et \u00e0 la sant\u00e9 des personnes travaillant pour Bansbach easylift GmbH doivent \u00eatre r\u00e9duits. Bansbach easylift GmbH attend de ses partenaires commerciaux qu&rsquo;ils respectent les r\u00e9glementations en vigueur sur leur site en mati\u00e8re de s\u00e9curit\u00e9 du travail, de s\u00e9curit\u00e9 des b\u00e2timents, de protection contre l&rsquo;incendie et de premiers secours.  <\/p><p><\/p>\n<\/div><div class=\"flex flex-wrap\"><\/div><\/div><\/div>\n\n\n\n<div class=\"wp-block-trk17-bansbach-theme-common-text\"><div class=\"container py-[10px] md:py-[15px] text-dark\"><div  class=\"headline headline font-bold text-h4 mb-[7px] value-headline\">4.2 S\u00e9curit\u00e9 des b\u00e2timents et protection contre l&rsquo;incendie<br><\/div><div class=\"text-block-content md:pb-[20px]\">\n<p>Les marchandises dangereuses doivent \u00eatre stock\u00e9es conform\u00e9ment aux instructions. Les sorties de secours doivent \u00eatre clairement indiqu\u00e9es. Les sorties doivent \u00eatre d\u00e9gag\u00e9es et bien \u00e9clair\u00e9es. Tous les employ\u00e9s doivent \u00eatre inform\u00e9s des mesures de s\u00e9curit\u00e9 telles que les sorties de secours, les extincteurs, les trousses de premiers secours, etc. Un plan d&rsquo;\u00e9vacuation doit \u00eatre affich\u00e9 \u00e0 chaque \u00e9tage.    <\/p>\n<\/div><div class=\"flex flex-wrap\"><\/div><\/div><\/div>\n\n\n\n<div class=\"wp-block-trk17-bansbach-theme-common-text\"><div class=\"container py-[10px] md:py-[15px] text-dark\"><div  class=\"headline headline font-bold text-h4 mb-[7px] value-headline\">4.3 Dispositions particuli\u00e8res pour les entreprises ext\u00e9rieures et les visiteurs sur le site de Bansbach easylift<br><\/div><div class=\"text-block-content md:pb-[20px]\">\n<p>Pour des raisons de s\u00e9curit\u00e9, les dispositions actuelles de Bansbach easylift pour les entreprises ext\u00e9rieures et les visiteurs doivent \u00eatre respect\u00e9es pendant leur s\u00e9jour sur le site de Bansbach. Le visiteur s&rsquo;engage donc, entre autres, \u00e0 ne se trouver sur le site qu&rsquo;avec le badge correspondant et \u00e0 respecter toutes les r\u00e8gles de s\u00e9curit\u00e9 au travail applicables. Les \u00e9quipements de travail utilis\u00e9s par le visiteur (outils \u00e9lectriques, \u00e9chelles,&#8230;) doivent \u00eatre conformes aux normes de s\u00e9curit\u00e9 en vigueur dans son domaine d&rsquo;activit\u00e9 et \u00eatre entretenus et contr\u00f4l\u00e9s conform\u00e9ment aux prescriptions. Les \u00e9quipements de protection individuelle n\u00e9cessaires (chaussures de s\u00e9curit\u00e9, protection contre les chutes, protections auditives, lunettes de protection, gants de protection, masque respiratoire, etc.) doivent \u00eatre apport\u00e9s par le visiteur. Pendant tous les travaux, la production continue dans la mesure du possible chez Bansbach. C&rsquo;est pourquoi des mesures de s\u00e9curit\u00e9, des avertissements, etc. sont \u00e9ventuellement n\u00e9cessaires pour nos collaborateurs. Celles-ci, ou un \u00e9ventuel arr\u00eat de la production, doivent \u00eatre convenues avec notre collaborateur responsable. Les cadres et les sp\u00e9cialistes de la s\u00e9curit\u00e9 au travail de la maison Bansbach sont autoris\u00e9s \u00e0 donner des instructions en mati\u00e8re d&rsquo;environnement et de s\u00e9curit\u00e9 au travail. En cas de non-respect de ces dispositions, Bansbach easylift est en droit d&rsquo;interrompre le travail dans une mesure raisonnable. Les frais et les d\u00e9calages horaires qui en r\u00e9sultent sont \u00e0 la charge du preneur d&rsquo;ordre \/ visiteur.<\/p>\n<\/div><div class=\"flex flex-wrap\"><\/div><\/div><\/div>\n\n\n\n<div class=\"wp-block-trk17-bansbach-theme-common-text\"><div class=\"container py-[10px] md:py-[15px] text-dark\"><div  class=\"headline headline font-bold text-h4 mb-[7px] value-headline\">Confirmation<br><\/div><div class=\"text-block-content md:pb-[20px]\">\n<p>Bansbach easylift attend du mandataire de votre entreprise qu&rsquo;il prenne connaissance du code de conduite Bansbach easylift pour partenaires commerciaux et qu&rsquo;il confirme par sa signature ainsi que par le cachet de l&rsquo;entreprise (si disponible) qu&rsquo;il a compris le code de conduite Bansbach easylift pour partenaires commerciaux et qu&rsquo;il le respectera. En tant que mandataire de l&rsquo;entreprise, je confirme que l&rsquo;entreprise a pris connaissance du code de conduite Bansbach easylift GmbH pour les partenaires commerciaux et qu&rsquo;elle le respectera. <\/p>\n<\/div><div class=\"flex flex-wrap\"><\/div><\/div><\/div>\n<\/div><\/div>\n\n\n\n<div class=\"sm:w-[calc(25%-30px)]\"><div class=\"mx-[-15px] w-[calc(100%+30px)]\"><\/div><\/div>\n<\/div><\/div>\n\n<div class=\"wp-block-trk17-bansbach-theme-common-columns\"><div class=\"container sm:flex sm:justify-between relative\">\n<div class=\"wp-block-trk17-bansbach-theme-common-download\"><div class=\"container mb-[50px] text-dark\"><\/div><\/div>\n\n\n\n<div class=\"sm:w-[calc(33.3333%-30px)]\"><div class=\"mx-[-15px] w-[calc(100%+30px)]\">\n<div class=\"wp-block-trk17-bansbach-theme-common-download\"><div class=\"container mb-[50px] text-dark\"><div class=\"md:flex\">\n\t\t\t\t\t<div class=\"w-full md:w-auto mb-[25px] md:mb-0 md:basis-2\/5 aspect-[3\/4]\">\n\t\t\t\t\t\t<img decoding=\"async\" src=\"https:\/\/www.bansbach.com\/wp-content\/uploads\/2023\/12\/hintergrund-inkl-welle-65x80.jpg\" srcset=\"https:\/\/www.bansbach.com\/wp-content\/uploads\/2023\/12\/hintergrund-inkl-welle-65x80.jpg 65w, https:\/\/www.bansbach.com\/wp-content\/uploads\/2023\/12\/hintergrund-inkl-welle-147x180.jpg 147w, https:\/\/www.bansbach.com\/wp-content\/uploads\/2023\/12\/hintergrund-inkl-welle-245x300.jpg 245w, https:\/\/www.bansbach.com\/wp-content\/uploads\/2023\/12\/hintergrund-inkl-welle-245x300.jpg 245w, https:\/\/www.bansbach.com\/wp-content\/uploads\/2023\/12\/hintergrund-inkl-welle-473x580.jpg 473w, https:\/\/www.bansbach.com\/wp-content\/uploads\/2023\/12\/hintergrund-inkl-welle-480x589.jpg 480w, https:\/\/www.bansbach.com\/wp-content\/uploads\/2023\/12\/hintergrund-inkl-welle-720x883.jpg 720w, https:\/\/www.bansbach.com\/wp-content\/uploads\/2023\/12\/hintergrund-inkl-welle-959x1177.jpg 959w, https:\/\/www.bansbach.com\/wp-content\/uploads\/2023\/12\/hintergrund-inkl-welle-1043x1280.jpg 1043w, https:\/\/www.bansbach.com\/wp-content\/uploads\/2023\/12\/hintergrund-inkl-welle-1043x1280.jpg 1043w\" sizes=\"(min-width: 1240px) 10vw, (min-width: 1024px) 20vw, 40vw\" alt=\"Titelbild\" loading=\"lazy\" class=\"!h-full object-contain object-top\">\n\t\t\t\t\t<\/div>\n\t\t\t\t\t<div class=\"w-full md:w-auto md:basis-3\/5 pl-4 flex flex-col justify-between\">\n\t\t\t\t\t\t<div>\n\t\t\t\t\t\t\t<div class=\"font-bold mb-1\">Code de conduite_Partenaires commerciaux:internes<\/div>\n\t\t\t\t\t\t\t<div><\/div>\n\t\t\t\t\t\t<\/div>\n\t\t\t\t\t\t<div class=\"mt-[20px]\">\n\t\t\t\t\t\t\t<a class=\"btn\" data-download=\"343415201\" href=\"#\" title=\"T\u00e9l\u00e9charger\" target=\"_blank\">\n\t\t\t\t\t\t\t\tT\u00e9l\u00e9charger\n\t\t\t\t\t\t\t<\/a>\n\t\t\t\t\t\t<\/div>\n\t\t\t\t\t<\/div>\n\t\t\t\t<\/div><\/div><\/div>\n<\/div><\/div>\n\n\n\n<div class=\"sm:w-[calc(33.3333%-30px)]\"><div class=\"mx-[-15px] w-[calc(100%+30px)]\">\n<div class=\"wp-block-trk17-bansbach-theme-common-download\"><div class=\"container mb-[50px] text-dark\"><\/div><\/div>\n<\/div><\/div>\n<\/div><\/div>\n","protected":false},"excerpt":{"rendered":"","protected":false},"author":4,"featured_media":0,"parent":21151,"menu_order":140,"comment_status":"closed","ping_status":"closed","template":"","meta":{"_seopress_robots_primary_cat":"","_seopress_titles_title":"","_seopress_titles_desc":"","_seopress_robots_index":"","footnotes":""},"class_list":["post-21134","page","type-page","status-publish","hentry"],"_links":{"self":[{"href":"https:\/\/www.bansbach.com\/fr\/wp-json\/wp\/v2\/pages\/21134","targetHints":{"allow":["GET"]}}],"collection":[{"href":"https:\/\/www.bansbach.com\/fr\/wp-json\/wp\/v2\/pages"}],"about":[{"href":"https:\/\/www.bansbach.com\/fr\/wp-json\/wp\/v2\/types\/page"}],"author":[{"embeddable":true,"href":"https:\/\/www.bansbach.com\/fr\/wp-json\/wp\/v2\/users\/4"}],"replies":[{"embeddable":true,"href":"https:\/\/www.bansbach.com\/fr\/wp-json\/wp\/v2\/comments?post=21134"}],"version-history":[{"count":3,"href":"https:\/\/www.bansbach.com\/fr\/wp-json\/wp\/v2\/pages\/21134\/revisions"}],"predecessor-version":[{"id":24819,"href":"https:\/\/www.bansbach.com\/fr\/wp-json\/wp\/v2\/pages\/21134\/revisions\/24819"}],"up":[{"embeddable":true,"href":"https:\/\/www.bansbach.com\/fr\/wp-json\/wp\/v2\/pages\/21151"}],"wp:attachment":[{"href":"https:\/\/www.bansbach.com\/fr\/wp-json\/wp\/v2\/media?parent=21134"}],"curies":[{"name":"wp","href":"https:\/\/api.w.org\/{rel}","templated":true}]}}