{"id":20630,"date":"2022-06-14T11:06:38","date_gmt":"2022-06-14T09:06:38","guid":{"rendered":"https:\/\/b37i6suw.myrdbx.io\/impressao\/"},"modified":"2026-01-30T07:46:18","modified_gmt":"2026-01-30T06:46:18","slug":"impressao","status":"publish","type":"page","link":"https:\/\/www.bansbach.com\/pt-pt\/impressao\/","title":{"rendered":"Impress\u00e3o"},"content":{"rendered":"\n<div class=\"wp-block-trk17-bansbach-theme-common-columns\"><div class=\"container sm:flex sm:justify-between relative\">\n<div class=\"sm:w-[calc(25%-30px)]\"><div class=\"mx-[-15px] w-[calc(100%+30px)]\"><\/div><\/div>\n\n\n\n<div class=\"sm:w-[calc(50%-30px)]\"><div class=\"mx-[-15px] w-[calc(100%+30px)]\">\n<div class=\"wp-block-trk17-bansbach-theme-common-text\"><div class=\"container py-[10px] md:py-[15px] text-dark\"><div class=\"headline headline font-bold value-headline text-h2 mb-[30px]\">IMPRESS\u00c3O<\/div><div class=\"text-block-content md:pb-[20px]\"><\/div><div class=\"flex flex-wrap\"><\/div><\/div><\/div>\n\n\n\n<div class=\"wp-block-trk17-bansbach-theme-common-text\"><div class=\"container py-[10px] md:py-[15px] text-dark\"><div class=\"headline headline font-bold value-headline text-h4 mb-[7px]\">Fornecedor deste s\u00edtio Web<\/div><div class=\"text-block-content md:pb-[20px]\">\n<p>Bansbach easylift GmbH<br \/>Barbarossastr. 8<br \/>D-73547 Lorch<\/p><p><\/p><p>Telefone 07172 &#8211; 9107-0<br \/>Fax 07172 &#8211; 9107-44<br \/>e-mail: <a href=\"mailto:info@bansbach.de\">info@bansbach.de<\/a><\/p><p><\/p><p>N.\u00ba HRB: HRB 70 1405, Tribunal de Ulm<\/p><p><\/p><p>Respons\u00e1vel na ace\u00e7\u00e3o do \u00a76 TDG:<br \/>Bansbach easylift GmbH<br \/>Thomas Wei\u00df<br \/>(Tel: 07172\/9107-0)<\/p>\n<\/div><div class=\"flex flex-wrap\"><\/div><\/div><\/div>\n\n\n\n<div class=\"wp-block-trk17-bansbach-theme-common-text\"><div class=\"container py-[10px] md:py-[15px] text-dark\"><div class=\"headline headline font-bold value-headline text-h4 mb-[7px]\">Isen\u00e7\u00e3o de responsabilidade<\/div><div class=\"text-block-content md:pb-[20px]\">\n<p><\/p>\n\n\n\t\t<li class=\"mb-[15px] flex\" data-list-id=\"1\">\n\t\t\t\t\t\t\t<span class=\"inline-block mr-[10px] w-[29px] h-[29px] rounded-full bg-blue text-white text-center leading-[29px] flex-none\">\n                    1                <\/span>\n\t\t\t\t\t\t\t<span class=\"inline-block pl-[10px]\">\n                O editor n\u00e3o assume qualquer responsabilidade pela atualidade, corre\u00e7\u00e3o, integridade ou qualidade das informa\u00e7\u00f5es fornecidas. Os pedidos de indemniza\u00e7\u00e3o contra o editor relativos a danos materiais ou morais causados pela utiliza\u00e7\u00e3o ou n\u00e3o utiliza\u00e7\u00e3o das informa\u00e7\u00f5es fornecidas ou pela utiliza\u00e7\u00e3o de informa\u00e7\u00f5es incorrectas ou incompletas est\u00e3o fundamentalmente exclu\u00eddos, a menos que se comprove a exist\u00eancia de dolo ou neglig\u00eancia grave por parte do editor. Todas as ofertas est\u00e3o sujeitas a altera\u00e7\u00f5es e n\u00e3o s\u00e3o vinculativas. O editor reserva-se expressamente o direito de alterar, completar ou suprimir partes das p\u00e1ginas ou a totalidade da oferta sem aviso pr\u00e9vio ou de suspender tempor\u00e1ria ou definitivamente a publica\u00e7\u00e3o.               <\/span>\n\t\t<\/li>\n\t\t\t\t<li class=\"mb-[15px] flex\" data-list-id=\"2\">\n\t\t\t\t\t\t\t<span class=\"inline-block mr-[10px] w-[29px] h-[29px] rounded-full bg-blue text-white text-center leading-[29px] flex-none\">\n                    2                <\/span>\n\t\t\t\t\t\t\t<span class=\"inline-block pl-[10px]\">\n                Refer\u00eancias e liga\u00e7\u00f5es. O editor disponibiliza links para ofertas externas numa \u00e1rea especial. O fornecedor destas p\u00e1ginas \u00e9 o \u00fanico respons\u00e1vel pelo conte\u00fado e, em particular, por danos resultantes da utiliza\u00e7\u00e3o ou n\u00e3o utiliza\u00e7\u00e3o de tais informa\u00e7\u00f5es. O editor s\u00f3 verifica as p\u00e1ginas no momento em que a liga\u00e7\u00e3o \u00e9 criada. Todas as altera\u00e7\u00f5es posteriores s\u00e3o da responsabilidade do fornecedor.                <\/span>\n\t\t<\/li>\n\t\t\t\t<li class=\"mb-[15px] flex\" data-list-id=\"3\">\n\t\t\t\t\t\t\t<span class=\"inline-block mr-[10px] w-[29px] h-[29px] rounded-full bg-blue text-white text-center leading-[29px] flex-none\">\n                    3                <\/span>\n\t\t\t\t\t\t\t<span class=\"inline-block pl-[10px]\">\n                Validade jur\u00eddica da presente declara\u00e7\u00e3o de exonera\u00e7\u00e3o de responsabilidade. Esta declara\u00e7\u00e3o de exonera\u00e7\u00e3o de responsabilidade deve ser considerada como parte da publica\u00e7\u00e3o na Internet para a qual foste remetido. Se sec\u00e7\u00f5es ou termos individuais desta declara\u00e7\u00e3o n\u00e3o forem legais ou corretos, o conte\u00fado ou a validade das outras partes n\u00e3o s\u00e3o influenciados por esse facto.              <\/span>\n\t\t<\/li>\n\t\t<\/div><div class=\"flex flex-wrap\"><\/div><\/div><\/div>\n\n\n\n<div class=\"wp-block-trk17-bansbach-theme-common-text\"><div class=\"container py-[10px] md:py-[15px] text-dark\"><div class=\"headline headline font-bold value-headline text-h4 mb-[7px]\">Direitos de autor<\/div><div class=\"text-block-content md:pb-[20px]\">\n<p>Copyright 2006 \u00a9 Todos os direitos reservados. Todas as imagens, gr\u00e1ficos, textos, som, v\u00eddeo e ficheiros de anima\u00e7\u00e3o deste s\u00edtio Web est\u00e3o sujeitos a direitos de autor e a outras leis de prote\u00e7\u00e3o da propriedade intelectual. A reprodu\u00e7\u00e3o, modifica\u00e7\u00e3o ou utiliza\u00e7\u00e3o noutras publica\u00e7\u00f5es electr\u00f3nicas ou impressas n\u00e3o \u00e9 permitida sem o consentimento expresso do autor.  <\/p>\n<\/div><div class=\"flex flex-wrap\"><\/div><\/div><\/div>\n<\/div><\/div>\n\n\n\n<div class=\"sm:w-[calc(25%-30px)]\"><div class=\"mx-[-15px] w-[calc(100%+30px)]\"><\/div><\/div>\n<\/div><\/div>\n","protected":false},"excerpt":{"rendered":"","protected":false},"author":1,"featured_media":0,"parent":0,"menu_order":130,"comment_status":"closed","ping_status":"closed","template":"","meta":{"_seopress_robots_primary_cat":"","_seopress_titles_title":"","_seopress_titles_desc":"","_seopress_robots_index":"","footnotes":""},"class_list":["post-20630","page","type-page","status-publish","hentry"],"_links":{"self":[{"href":"https:\/\/www.bansbach.com\/pt-pt\/wp-json\/wp\/v2\/pages\/20630","targetHints":{"allow":["GET"]}}],"collection":[{"href":"https:\/\/www.bansbach.com\/pt-pt\/wp-json\/wp\/v2\/pages"}],"about":[{"href":"https:\/\/www.bansbach.com\/pt-pt\/wp-json\/wp\/v2\/types\/page"}],"author":[{"embeddable":true,"href":"https:\/\/www.bansbach.com\/pt-pt\/wp-json\/wp\/v2\/users\/1"}],"replies":[{"embeddable":true,"href":"https:\/\/www.bansbach.com\/pt-pt\/wp-json\/wp\/v2\/comments?post=20630"}],"version-history":[{"count":3,"href":"https:\/\/www.bansbach.com\/pt-pt\/wp-json\/wp\/v2\/pages\/20630\/revisions"}],"predecessor-version":[{"id":24404,"href":"https:\/\/www.bansbach.com\/pt-pt\/wp-json\/wp\/v2\/pages\/20630\/revisions\/24404"}],"wp:attachment":[{"href":"https:\/\/www.bansbach.com\/pt-pt\/wp-json\/wp\/v2\/media?parent=20630"}],"curies":[{"name":"wp","href":"https:\/\/api.w.org\/{rel}","templated":true}]}}