{"id":20633,"date":"2022-06-14T11:07:28","date_gmt":"2022-06-14T09:07:28","guid":{"rendered":"https:\/\/b37i6suw.myrdbx.io\/regulamentos-de-eliminacao\/"},"modified":"2026-02-02T10:19:41","modified_gmt":"2026-02-02T09:19:41","slug":"regulamentos-de-eliminacao","status":"publish","type":"page","link":"https:\/\/www.bansbach.com\/pt-pt\/regulamentos-de-eliminacao\/","title":{"rendered":"Regulamentos de elimina\u00e7\u00e3o"},"content":{"rendered":"\n<div class=\"wp-block-trk17-bansbach-theme-common-columns\"><div class=\"container sm:flex sm:justify-between relative\">\n<div class=\"sm:w-[calc(25%-30px)]\"><div class=\"mx-[-15px] w-[calc(100%+30px)]\"><\/div><\/div>\n\n\n\n<div class=\"sm:w-[calc(50%-30px)]\"><div class=\"mx-[-15px] w-[calc(100%+30px)]\">\n<div class=\"wp-block-trk17-bansbach-theme-common-text\"><div class=\"container py-[10px] md:py-[15px] text-dark\"><h2  class=\"md:pb-[10px] text-h5 small-headline uppercase text-blue value-smallHeadline\">para molas a g\u00e1s<\/h2><div  class=\"headline headline font-bold text-h2 mb-[30px] value-headline\">Regulamentos de elimina\u00e7\u00e3o<\/div><div class=\"text-block-content md:pb-[20px]\">\n<p>As molas a g\u00e1s de Bansbach s\u00e3o principalmente feitas de metal e podem ser recicladas. As molas a g\u00e1s t\u00eam de ser despressurizadas. O \u00f3leo contido deve ser drenado e, se necess\u00e1rio, eliminado separadamente.  <br\/><br\/>Ao eliminar as molas a g\u00e1s Bansbach, tem sempre em conta que estas est\u00e3o sob alta press\u00e3o.<\/p>\n<\/div><div class=\"flex flex-wrap\"><\/div><\/div><\/div>\n\n\n\n<div class=\"wp-block-trk17-bansbach-theme-common-text\"><div class=\"container py-[10px] md:py-[15px] text-dark\"><div  class=\"headline headline font-bold text-h4 mb-[7px] value-headline\">1.1 Procedimento<\/div><div class=\"text-block-content md:pb-[20px]\">\n<p>Ao eliminar as molas de g\u00e1s, deves ter em conta os seguintes pontos:<br\/><br\/>a) Informa\u00e7\u00f5es b\u00e1sicas: N\u00e3o \u00e9 permitida a perman\u00eancia de pessoas na zona do eixo estendido do aparelho. A haste do pist\u00e3o da mola de g\u00e1s n\u00e3o deve, portanto, apontar para as pessoas durante a despressuriza\u00e7\u00e3o. N\u00e3o cortar as extremidades da mola de g\u00e1s. Nunca utilizes um torno!   <br\/><br\/>b) Esclarece a que tipo pertence a mola a g\u00e1s em quest\u00e3o. Encontra abaixo pormenores sobre os tipos de molas a g\u00e1s. Teremos todo o prazer em aconselh\u00e1-lo se a classifica\u00e7\u00e3o n\u00e3o for clara!  <br\/><br\/>c) Perfura lentamente a mola de g\u00e1s estendida no ponto X1 (di\u00e2metro da broca 2-3 mm). Devido \u00e0 elevada press\u00e3o interna, podem sair limalhas e \u00f3leo. Toma as medidas adequadas para proteger o pessoal (prote\u00e7\u00e3o dos olhos e da cara, tapa o orif\u00edcio de perfura\u00e7\u00e3o).  <br\/><br\/>d) Se estiver marcado, perfura tamb\u00e9m o ponto X2 (como descrito em c)). <br\/><br\/>e) Desloca ligeiramente a haste do pist\u00e3o para determinar se o cilindro est\u00e1 despressurizado.<br\/><br\/>f) Se necess\u00e1rio, o cilindro pode ser serrado.<\/p>\n<\/div><div class=\"flex flex-wrap\"><\/div><\/div><\/div>\n\n\n\n<div class=\"wp-block-trk17-bansbach-theme-common-text\"><div class=\"container py-[10px] md:py-[15px] text-dark\"><div  class=\"headline headline font-bold text-h4 mb-[7px] value-headline\">1.2 Elimina\u00e7\u00e3o dos componentes da mola de g\u00e1s<\/div><div class=\"text-block-content md:pb-[20px]\">\n<ul class=\"list-double-arrow text-sm\"><ul class=\"list-double-arrow text-sm\"><li>Elimina o \u00f3leo usado de acordo com os regulamentos locais.<\/li><li>N\u00e3o deites no solo ou na \u00e1gua.<\/li><li>Deita fora a mola de g\u00e1s esvaziada com ferro-velho.<\/li><\/ul><\/ul>\n\n\n\n<p>Se este regulamento n\u00e3o puder ser cumprido, recomendamos &#8211; ap\u00f3s consulta &#8211; que devolvas a mola a g\u00e1s ao fornecedor com o porte pago. Oferecemos a elimina\u00e7\u00e3o da tua mola de g\u00e1s a pre\u00e7o de custo. Se necess\u00e1rio, informa-te sobre os custos de elimina\u00e7\u00e3o.  <\/p>\n<\/div><div class=\"flex flex-wrap\"><\/div><\/div><\/div>\n\n\n\n<div class=\"wp-block-trk17-bansbach-theme-common-text\"><div class=\"container py-[10px] md:py-[15px] text-dark\"><div  class=\"headline headline font-bold text-h4 mb-[7px] value-headline\">1.3 Tipos de molas a g\u00e1s<\/div><div class=\"text-block-content md:pb-[20px]\">\n<p><\/p>\n<\/div><div class=\"flex flex-wrap\"><\/div><\/div><\/div>\n\n\n\n<div class=\"wp-block-trk17-bansbach-theme-common-image-text\"><div class=\"relative z-[1] overflow-hidden mb-[40px] md:mb-[90px]\"><div class=\"container text-dark \"><div class=\"inline-block align-middle w-full \"><img decoding=\"async\" src=\"https:\/\/www.bansbach.com\/wp-content\/uploads\/2022\/07\/entsorgung-1.3.1-gasfeder-standard-80x50.png\" srcset=\"https:\/\/www.bansbach.com\/wp-content\/uploads\/2022\/07\/entsorgung-1.3.1-gasfeder-standard-80x50.png 80w, https:\/\/www.bansbach.com\/wp-content\/uploads\/2022\/07\/entsorgung-1.3.1-gasfeder-standard-250x156.png 250w, https:\/\/www.bansbach.com\/wp-content\/uploads\/2022\/07\/entsorgung-1.3.1-gasfeder-standard-400x249.png 400w, https:\/\/www.bansbach.com\/wp-content\/uploads\/2022\/07\/entsorgung-1.3.1-gasfeder-standard-400x249.png 400w, https:\/\/www.bansbach.com\/wp-content\/uploads\/2022\/07\/entsorgung-1.3.1-gasfeder-standard-480x299.png 480w, https:\/\/www.bansbach.com\/wp-content\/uploads\/2022\/07\/entsorgung-1.3.1-gasfeder-standard-500x311.png 500w, https:\/\/www.bansbach.com\/wp-content\/uploads\/2022\/07\/entsorgung-1.3.1-gasfeder-standard-500x311.png 500w, https:\/\/www.bansbach.com\/wp-content\/uploads\/2022\/07\/entsorgung-1.3.1-gasfeder-standard-500x311.png 500w, https:\/\/www.bansbach.com\/wp-content\/uploads\/2022\/07\/entsorgung-1.3.1-gasfeder-standard-500x311.png 500w, https:\/\/www.bansbach.com\/wp-content\/uploads\/2022\/07\/entsorgung-1.3.1-gasfeder-standard-500x311.png 500w\" sizes=\"95vw\" alt=\"\" loading=\"lazy\"><\/div><div class=\"inline-block align-middle pt-[32px] md:pt-0 w-full \">\n<div class=\"wp-block-trk17-bansbach-theme-common-text\"><div class=\"container py-[10px] md:py-[15px] text-dark\"><div  class=\"headline headline font-bold text-h4 mb-[7px] value-headline\">1.3.1 Mola a g\u00e1s standard<\/div><div class=\"text-block-content md:pb-[20px]\"><\/div><div class=\"flex flex-wrap\"><\/div><\/div><\/div>\n<\/div><\/div><\/div><\/div>\n\n\n\n<div class=\"wp-block-trk17-bansbach-theme-common-image-text\"><div class=\"relative z-[1] overflow-hidden mb-[40px] md:mb-[90px]\"><div class=\"container text-dark \"><div class=\"inline-block align-middle w-full \"><img decoding=\"async\" src=\"https:\/\/www.bansbach.com\/wp-content\/uploads\/2022\/07\/entsorgung-1.3.2-gasfeder-mit-trennkolben-80x50.png\" srcset=\"https:\/\/www.bansbach.com\/wp-content\/uploads\/2022\/07\/entsorgung-1.3.2-gasfeder-mit-trennkolben-80x50.png 80w, https:\/\/www.bansbach.com\/wp-content\/uploads\/2022\/07\/entsorgung-1.3.2-gasfeder-mit-trennkolben-250x156.png 250w, https:\/\/www.bansbach.com\/wp-content\/uploads\/2022\/07\/entsorgung-1.3.2-gasfeder-mit-trennkolben-400x249.png 400w, https:\/\/www.bansbach.com\/wp-content\/uploads\/2022\/07\/entsorgung-1.3.2-gasfeder-mit-trennkolben-400x249.png 400w, https:\/\/www.bansbach.com\/wp-content\/uploads\/2022\/07\/entsorgung-1.3.2-gasfeder-mit-trennkolben-480x299.png 480w, https:\/\/www.bansbach.com\/wp-content\/uploads\/2022\/07\/entsorgung-1.3.2-gasfeder-mit-trennkolben-500x311.png 500w, https:\/\/www.bansbach.com\/wp-content\/uploads\/2022\/07\/entsorgung-1.3.2-gasfeder-mit-trennkolben-500x311.png 500w, https:\/\/www.bansbach.com\/wp-content\/uploads\/2022\/07\/entsorgung-1.3.2-gasfeder-mit-trennkolben-500x311.png 500w, https:\/\/www.bansbach.com\/wp-content\/uploads\/2022\/07\/entsorgung-1.3.2-gasfeder-mit-trennkolben-500x311.png 500w, https:\/\/www.bansbach.com\/wp-content\/uploads\/2022\/07\/entsorgung-1.3.2-gasfeder-mit-trennkolben-500x311.png 500w\" sizes=\"95vw\" alt=\"Gasdruckfeder mit zwei Schutzbrillen und einer Tabelle.\" loading=\"lazy\"><\/div><div class=\"inline-block align-middle pt-[32px] md:pt-0 w-full \">\n<div class=\"wp-block-trk17-bansbach-theme-common-text\"><div class=\"container py-[10px] md:py-[15px] text-dark\"><div  class=\"headline headline font-bold text-h4 mb-[7px] value-headline\">1.3.2 Mola de g\u00e1s com pist\u00e3o de separa\u00e7\u00e3o<\/div><div class=\"text-block-content md:pb-[20px]\"><\/div><div class=\"flex flex-wrap\"><\/div><\/div><\/div>\n<\/div><\/div><\/div><\/div>\n\n\n\n<div class=\"wp-block-trk17-bansbach-theme-common-image-text\"><div class=\"relative z-[1] overflow-hidden mb-[40px] md:mb-[90px]\"><div class=\"container text-dark \"><div class=\"inline-block align-middle w-full \"><img decoding=\"async\" src=\"https:\/\/www.bansbach.com\/wp-content\/uploads\/2022\/07\/entsorgung-1.3.3-block-gasfeder-80x50.png\" srcset=\"https:\/\/www.bansbach.com\/wp-content\/uploads\/2022\/07\/entsorgung-1.3.3-block-gasfeder-80x50.png 80w, https:\/\/www.bansbach.com\/wp-content\/uploads\/2022\/07\/entsorgung-1.3.3-block-gasfeder-250x156.png 250w, https:\/\/www.bansbach.com\/wp-content\/uploads\/2022\/07\/entsorgung-1.3.3-block-gasfeder-400x249.png 400w, https:\/\/www.bansbach.com\/wp-content\/uploads\/2022\/07\/entsorgung-1.3.3-block-gasfeder-400x249.png 400w, https:\/\/www.bansbach.com\/wp-content\/uploads\/2022\/07\/entsorgung-1.3.3-block-gasfeder-480x299.png 480w, https:\/\/www.bansbach.com\/wp-content\/uploads\/2022\/07\/entsorgung-1.3.3-block-gasfeder-500x311.png 500w, https:\/\/www.bansbach.com\/wp-content\/uploads\/2022\/07\/entsorgung-1.3.3-block-gasfeder-500x311.png 500w, https:\/\/www.bansbach.com\/wp-content\/uploads\/2022\/07\/entsorgung-1.3.3-block-gasfeder-500x311.png 500w, https:\/\/www.bansbach.com\/wp-content\/uploads\/2022\/07\/entsorgung-1.3.3-block-gasfeder-500x311.png 500w, https:\/\/www.bansbach.com\/wp-content\/uploads\/2022\/07\/entsorgung-1.3.3-block-gasfeder-500x311.png 500w\" sizes=\"95vw\" alt=\"Gasdruckfeder mit zwei Schutzbrillen und einer Tabelle.\" loading=\"lazy\"><\/div><div class=\"inline-block align-middle pt-[32px] md:pt-0 w-full \">\n<div class=\"wp-block-trk17-bansbach-theme-common-text\"><div class=\"container py-[10px] md:py-[15px] text-dark\"><div  class=\"headline headline font-bold text-h4 mb-[7px] value-headline\">1.3.3 Mola de g\u00e1s de bloqueio r\u00edgido (tipo K e KX)<\/div><div class=\"text-block-content md:pb-[20px]\"><\/div><div class=\"flex flex-wrap\"><\/div><\/div><\/div>\n<\/div><\/div><\/div><\/div>\n\n\n\n<div class=\"wp-block-trk17-bansbach-theme-common-image-text\"><div class=\"relative z-[1] overflow-hidden mb-[40px] md:mb-[90px]\"><div class=\"container text-dark \"><div class=\"inline-block align-middle w-full \"><img decoding=\"async\" src=\"https:\/\/www.bansbach.com\/wp-content\/uploads\/2022\/07\/entsorgung-1.3.4-federnd-block-gasfeder-80x50.png\" srcset=\"https:\/\/www.bansbach.com\/wp-content\/uploads\/2022\/07\/entsorgung-1.3.4-federnd-block-gasfeder-80x50.png 80w, https:\/\/www.bansbach.com\/wp-content\/uploads\/2022\/07\/entsorgung-1.3.4-federnd-block-gasfeder-250x156.png 250w, https:\/\/www.bansbach.com\/wp-content\/uploads\/2022\/07\/entsorgung-1.3.4-federnd-block-gasfeder-400x249.png 400w, https:\/\/www.bansbach.com\/wp-content\/uploads\/2022\/07\/entsorgung-1.3.4-federnd-block-gasfeder-400x249.png 400w, https:\/\/www.bansbach.com\/wp-content\/uploads\/2022\/07\/entsorgung-1.3.4-federnd-block-gasfeder-480x299.png 480w, https:\/\/www.bansbach.com\/wp-content\/uploads\/2022\/07\/entsorgung-1.3.4-federnd-block-gasfeder-500x311.png 500w, https:\/\/www.bansbach.com\/wp-content\/uploads\/2022\/07\/entsorgung-1.3.4-federnd-block-gasfeder-500x311.png 500w, https:\/\/www.bansbach.com\/wp-content\/uploads\/2022\/07\/entsorgung-1.3.4-federnd-block-gasfeder-500x311.png 500w, https:\/\/www.bansbach.com\/wp-content\/uploads\/2022\/07\/entsorgung-1.3.4-federnd-block-gasfeder-500x311.png 500w, https:\/\/www.bansbach.com\/wp-content\/uploads\/2022\/07\/entsorgung-1.3.4-federnd-block-gasfeder-500x311.png 500w\" sizes=\"95vw\" alt=\"\" loading=\"lazy\"><\/div><div class=\"inline-block align-middle pt-[32px] md:pt-0 w-full \">\n<div class=\"wp-block-trk17-bansbach-theme-common-text\"><div class=\"container py-[10px] md:py-[15px] text-dark\"><div  class=\"headline headline font-bold text-h4 mb-[7px] value-headline\">1.3.4 Mola de g\u00e1s de bloqueio com mola (tipo B)<\/div><div class=\"text-block-content md:pb-[20px]\"><\/div><div class=\"flex flex-wrap\"><\/div><\/div><\/div>\n<\/div><\/div><\/div><\/div>\n\n\n\n<div class=\"wp-block-trk17-bansbach-theme-common-image-text\"><div class=\"relative z-[1] overflow-hidden mb-[40px] md:mb-[90px]\"><div class=\"container text-dark \"><div class=\"inline-block align-middle w-full \"><img decoding=\"async\" src=\"https:\/\/www.bansbach.com\/wp-content\/uploads\/2022\/07\/entsorgung-1.3.5-starr-block-gasfeder-80x50.png\" srcset=\"https:\/\/www.bansbach.com\/wp-content\/uploads\/2022\/07\/entsorgung-1.3.5-starr-block-gasfeder-80x50.png 80w, https:\/\/www.bansbach.com\/wp-content\/uploads\/2022\/07\/entsorgung-1.3.5-starr-block-gasfeder-250x156.png 250w, https:\/\/www.bansbach.com\/wp-content\/uploads\/2022\/07\/entsorgung-1.3.5-starr-block-gasfeder-400x249.png 400w, https:\/\/www.bansbach.com\/wp-content\/uploads\/2022\/07\/entsorgung-1.3.5-starr-block-gasfeder-400x249.png 400w, https:\/\/www.bansbach.com\/wp-content\/uploads\/2022\/07\/entsorgung-1.3.5-starr-block-gasfeder-480x299.png 480w, https:\/\/www.bansbach.com\/wp-content\/uploads\/2022\/07\/entsorgung-1.3.5-starr-block-gasfeder-500x311.png 500w, https:\/\/www.bansbach.com\/wp-content\/uploads\/2022\/07\/entsorgung-1.3.5-starr-block-gasfeder-500x311.png 500w, https:\/\/www.bansbach.com\/wp-content\/uploads\/2022\/07\/entsorgung-1.3.5-starr-block-gasfeder-500x311.png 500w, https:\/\/www.bansbach.com\/wp-content\/uploads\/2022\/07\/entsorgung-1.3.5-starr-block-gasfeder-500x311.png 500w, https:\/\/www.bansbach.com\/wp-content\/uploads\/2022\/07\/entsorgung-1.3.5-starr-block-gasfeder-500x311.png 500w\" sizes=\"95vw\" alt=\"Gasdruckfeder mit zwei Schutzbrillen und einer Tabelle.\" loading=\"lazy\"><\/div><div class=\"inline-block align-middle pt-[32px] md:pt-0 w-full \">\n<div class=\"wp-block-trk17-bansbach-theme-common-text\"><div class=\"container py-[10px] md:py-[15px] text-dark\"><div  class=\"headline headline font-bold text-h4 mb-[7px] value-headline\">1.3.5 Mola de g\u00e1s de bloqueio r\u00edgido (tipo P)<\/div><div class=\"text-block-content md:pb-[20px]\"><\/div><div class=\"flex flex-wrap\"><\/div><\/div><\/div>\n<\/div><\/div><\/div><\/div>\n\n\n\n<div class=\"wp-block-trk17-bansbach-theme-common-image-text\"><div class=\"relative z-[1] overflow-hidden mb-[40px] md:mb-[90px]\"><div class=\"container text-dark \"><div class=\"inline-block align-middle w-full \"><img decoding=\"async\" src=\"https:\/\/www.bansbach.com\/wp-content\/uploads\/2022\/07\/entsorgung-1.3.6-starr-block-gasfeder.828-1028-80x50.png\" srcset=\"https:\/\/www.bansbach.com\/wp-content\/uploads\/2022\/07\/entsorgung-1.3.6-starr-block-gasfeder.828-1028-80x50.png 80w, https:\/\/www.bansbach.com\/wp-content\/uploads\/2022\/07\/entsorgung-1.3.6-starr-block-gasfeder.828-1028-250x156.png 250w, https:\/\/www.bansbach.com\/wp-content\/uploads\/2022\/07\/entsorgung-1.3.6-starr-block-gasfeder.828-1028-400x249.png 400w, https:\/\/www.bansbach.com\/wp-content\/uploads\/2022\/07\/entsorgung-1.3.6-starr-block-gasfeder.828-1028-400x249.png 400w, https:\/\/www.bansbach.com\/wp-content\/uploads\/2022\/07\/entsorgung-1.3.6-starr-block-gasfeder.828-1028-480x299.png 480w, https:\/\/www.bansbach.com\/wp-content\/uploads\/2022\/07\/entsorgung-1.3.6-starr-block-gasfeder.828-1028-500x311.png 500w, https:\/\/www.bansbach.com\/wp-content\/uploads\/2022\/07\/entsorgung-1.3.6-starr-block-gasfeder.828-1028-500x311.png 500w, https:\/\/www.bansbach.com\/wp-content\/uploads\/2022\/07\/entsorgung-1.3.6-starr-block-gasfeder.828-1028-500x311.png 500w, https:\/\/www.bansbach.com\/wp-content\/uploads\/2022\/07\/entsorgung-1.3.6-starr-block-gasfeder.828-1028-500x311.png 500w, https:\/\/www.bansbach.com\/wp-content\/uploads\/2022\/07\/entsorgung-1.3.6-starr-block-gasfeder.828-1028-500x311.png 500w\" sizes=\"95vw\" alt=\"Gasdruckfeder mit zwei Schutzbrillen und einer Tabelle.\" loading=\"lazy\"><\/div><div class=\"inline-block align-middle pt-[32px] md:pt-0 w-full \">\n<div class=\"wp-block-trk17-bansbach-theme-common-text\"><div class=\"container py-[10px] md:py-[15px] text-dark\"><div  class=\"headline headline font-bold text-h4 mb-[7px] value-headline\">1.3.6 Mola a g\u00e1s r\u00edgida bloque\u00e1vel (tipo T) tamanho 8\/28 e 10\/28<\/div><div class=\"text-block-content md:pb-[20px]\"><\/div><div class=\"flex flex-wrap\"><\/div><\/div><\/div>\n<\/div><\/div><\/div><\/div>\n\n\n\n<div class=\"wp-block-trk17-bansbach-theme-common-image-text\"><div class=\"relative z-[1] overflow-hidden mb-[40px] md:mb-[90px]\"><div class=\"container text-dark \"><div class=\"inline-block align-middle w-full \"><img decoding=\"async\" src=\"https:\/\/www.bansbach.com\/wp-content\/uploads\/2022\/07\/entsorgung-1.3.7-gaszugfeder-lange-bauart-80x50.png\" srcset=\"https:\/\/www.bansbach.com\/wp-content\/uploads\/2022\/07\/entsorgung-1.3.7-gaszugfeder-lange-bauart-80x50.png 80w, https:\/\/www.bansbach.com\/wp-content\/uploads\/2022\/07\/entsorgung-1.3.7-gaszugfeder-lange-bauart-250x156.png 250w, https:\/\/www.bansbach.com\/wp-content\/uploads\/2022\/07\/entsorgung-1.3.7-gaszugfeder-lange-bauart-400x249.png 400w, https:\/\/www.bansbach.com\/wp-content\/uploads\/2022\/07\/entsorgung-1.3.7-gaszugfeder-lange-bauart-400x249.png 400w, https:\/\/www.bansbach.com\/wp-content\/uploads\/2022\/07\/entsorgung-1.3.7-gaszugfeder-lange-bauart-480x299.png 480w, https:\/\/www.bansbach.com\/wp-content\/uploads\/2022\/07\/entsorgung-1.3.7-gaszugfeder-lange-bauart-500x311.png 500w, https:\/\/www.bansbach.com\/wp-content\/uploads\/2022\/07\/entsorgung-1.3.7-gaszugfeder-lange-bauart-500x311.png 500w, https:\/\/www.bansbach.com\/wp-content\/uploads\/2022\/07\/entsorgung-1.3.7-gaszugfeder-lange-bauart-500x311.png 500w, https:\/\/www.bansbach.com\/wp-content\/uploads\/2022\/07\/entsorgung-1.3.7-gaszugfeder-lange-bauart-500x311.png 500w, https:\/\/www.bansbach.com\/wp-content\/uploads\/2022\/07\/entsorgung-1.3.7-gaszugfeder-lange-bauart-500x311.png 500w\" sizes=\"95vw\" alt=\"Gasdruckfeder mit zwei Schutzbrillen und einer Tabelle.\" loading=\"lazy\"><\/div><div class=\"inline-block align-middle pt-[32px] md:pt-0 w-full \">\n<div class=\"wp-block-trk17-bansbach-theme-common-text\"><div class=\"container py-[10px] md:py-[15px] text-dark\"><div  class=\"headline headline font-bold text-h4 mb-[7px] value-headline\">1.3.7 Mola de cabo a g\u00e1s, tipo longo (tamb\u00e9m com amortecimento final)<\/div><div class=\"text-block-content md:pb-[20px]\"><\/div><div class=\"flex flex-wrap\"><\/div><\/div><\/div>\n<\/div><\/div><\/div><\/div>\n\n\n\n<div class=\"wp-block-trk17-bansbach-theme-common-image-text\"><div class=\"relative z-[1] overflow-hidden mb-[40px] md:mb-[90px]\"><div class=\"container text-dark \"><div class=\"inline-block align-middle w-full \"><img decoding=\"async\" src=\"https:\/\/www.bansbach.com\/wp-content\/uploads\/2022\/07\/entsorgung-1.3.8-gaszugfeder-kurze-bauart-80x50.png\" srcset=\"https:\/\/www.bansbach.com\/wp-content\/uploads\/2022\/07\/entsorgung-1.3.8-gaszugfeder-kurze-bauart-80x50.png 80w, https:\/\/www.bansbach.com\/wp-content\/uploads\/2022\/07\/entsorgung-1.3.8-gaszugfeder-kurze-bauart-250x156.png 250w, https:\/\/www.bansbach.com\/wp-content\/uploads\/2022\/07\/entsorgung-1.3.8-gaszugfeder-kurze-bauart-400x249.png 400w, https:\/\/www.bansbach.com\/wp-content\/uploads\/2022\/07\/entsorgung-1.3.8-gaszugfeder-kurze-bauart-400x249.png 400w, https:\/\/www.bansbach.com\/wp-content\/uploads\/2022\/07\/entsorgung-1.3.8-gaszugfeder-kurze-bauart-480x299.png 480w, https:\/\/www.bansbach.com\/wp-content\/uploads\/2022\/07\/entsorgung-1.3.8-gaszugfeder-kurze-bauart-500x311.png 500w, https:\/\/www.bansbach.com\/wp-content\/uploads\/2022\/07\/entsorgung-1.3.8-gaszugfeder-kurze-bauart-500x311.png 500w, https:\/\/www.bansbach.com\/wp-content\/uploads\/2022\/07\/entsorgung-1.3.8-gaszugfeder-kurze-bauart-500x311.png 500w, https:\/\/www.bansbach.com\/wp-content\/uploads\/2022\/07\/entsorgung-1.3.8-gaszugfeder-kurze-bauart-500x311.png 500w, https:\/\/www.bansbach.com\/wp-content\/uploads\/2022\/07\/entsorgung-1.3.8-gaszugfeder-kurze-bauart-500x311.png 500w\" sizes=\"95vw\" alt=\"Gasdruckfeder mit zwei Schutzbrillen und einer Tabelle.\" loading=\"lazy\"><\/div><div class=\"inline-block align-middle pt-[32px] md:pt-0 w-full \">\n<div class=\"wp-block-trk17-bansbach-theme-common-text\"><div class=\"container py-[10px] md:py-[15px] text-dark\"><div  class=\"headline headline font-bold text-h4 mb-[7px] value-headline\">1.3.8 Mola de cabo a g\u00e1s, modelo curto (tamb\u00e9m com amortecimento final)<\/div><div class=\"text-block-content md:pb-[20px]\"><\/div><div class=\"flex flex-wrap\"><\/div><\/div><\/div>\n<\/div><\/div><\/div><\/div>\n\n\n\n<div class=\"wp-block-trk17-bansbach-theme-common-image-text\"><div class=\"relative z-[1] overflow-hidden mb-[40px] md:mb-[90px]\"><div class=\"container text-dark \"><div class=\"inline-block align-middle w-full \"><img decoding=\"async\" src=\"https:\/\/www.bansbach.com\/wp-content\/uploads\/2022\/07\/entsorgung-1.3.9-block-gaszugfeder-80x50.png\" srcset=\"https:\/\/www.bansbach.com\/wp-content\/uploads\/2022\/07\/entsorgung-1.3.9-block-gaszugfeder-80x50.png 80w, https:\/\/www.bansbach.com\/wp-content\/uploads\/2022\/07\/entsorgung-1.3.9-block-gaszugfeder-250x156.png 250w, https:\/\/www.bansbach.com\/wp-content\/uploads\/2022\/07\/entsorgung-1.3.9-block-gaszugfeder-400x249.png 400w, https:\/\/www.bansbach.com\/wp-content\/uploads\/2022\/07\/entsorgung-1.3.9-block-gaszugfeder-400x249.png 400w, https:\/\/www.bansbach.com\/wp-content\/uploads\/2022\/07\/entsorgung-1.3.9-block-gaszugfeder-480x299.png 480w, https:\/\/www.bansbach.com\/wp-content\/uploads\/2022\/07\/entsorgung-1.3.9-block-gaszugfeder-500x311.png 500w, https:\/\/www.bansbach.com\/wp-content\/uploads\/2022\/07\/entsorgung-1.3.9-block-gaszugfeder-500x311.png 500w, https:\/\/www.bansbach.com\/wp-content\/uploads\/2022\/07\/entsorgung-1.3.9-block-gaszugfeder-500x311.png 500w, https:\/\/www.bansbach.com\/wp-content\/uploads\/2022\/07\/entsorgung-1.3.9-block-gaszugfeder-500x311.png 500w, https:\/\/www.bansbach.com\/wp-content\/uploads\/2022\/07\/entsorgung-1.3.9-block-gaszugfeder-500x311.png 500w\" sizes=\"95vw\" alt=\"Gasdruckfeder mit zwei Schutzbrillen und einer Tabelle.\" loading=\"lazy\"><\/div><div class=\"inline-block align-middle pt-[32px] md:pt-0 w-full \">\n<div class=\"wp-block-trk17-bansbach-theme-common-text\"><div class=\"container py-[10px] md:py-[15px] text-dark\"><div  class=\"headline headline font-bold text-h4 mb-[7px] value-headline\">1.3.9 Mola do cabo do acelerador bloque\u00e1vel<\/div><div class=\"text-block-content md:pb-[20px]\"><\/div><div class=\"flex flex-wrap\"><\/div><\/div><\/div>\n<\/div><\/div><\/div><\/div>\n\n\n\n<div class=\"wp-block-trk17-bansbach-theme-common-image-text\"><div class=\"relative z-[1] overflow-hidden mb-[40px] md:mb-[90px]\"><div class=\"container text-dark \"><div class=\"inline-block align-middle w-full \"><img decoding=\"async\" src=\"https:\/\/www.bansbach.com\/wp-content\/uploads\/2022\/07\/entsorgung-1.3.10-gasfeder-3070-80x50.png\" srcset=\"https:\/\/www.bansbach.com\/wp-content\/uploads\/2022\/07\/entsorgung-1.3.10-gasfeder-3070-80x50.png 80w, https:\/\/www.bansbach.com\/wp-content\/uploads\/2022\/07\/entsorgung-1.3.10-gasfeder-3070-250x156.png 250w, https:\/\/www.bansbach.com\/wp-content\/uploads\/2022\/07\/entsorgung-1.3.10-gasfeder-3070-400x249.png 400w, https:\/\/www.bansbach.com\/wp-content\/uploads\/2022\/07\/entsorgung-1.3.10-gasfeder-3070-400x249.png 400w, https:\/\/www.bansbach.com\/wp-content\/uploads\/2022\/07\/entsorgung-1.3.10-gasfeder-3070-480x299.png 480w, https:\/\/www.bansbach.com\/wp-content\/uploads\/2022\/07\/entsorgung-1.3.10-gasfeder-3070-500x311.png 500w, https:\/\/www.bansbach.com\/wp-content\/uploads\/2022\/07\/entsorgung-1.3.10-gasfeder-3070-500x311.png 500w, https:\/\/www.bansbach.com\/wp-content\/uploads\/2022\/07\/entsorgung-1.3.10-gasfeder-3070-500x311.png 500w, https:\/\/www.bansbach.com\/wp-content\/uploads\/2022\/07\/entsorgung-1.3.10-gasfeder-3070-500x311.png 500w, https:\/\/www.bansbach.com\/wp-content\/uploads\/2022\/07\/entsorgung-1.3.10-gasfeder-3070-500x311.png 500w\" sizes=\"95vw\" alt=\"Gasdruckfeder mit einer Schutzbrille und einer Tabelle.\" loading=\"lazy\"><\/div><div class=\"inline-block align-middle pt-[32px] md:pt-0 w-full \">\n<div class=\"wp-block-trk17-bansbach-theme-common-text\"><div class=\"container py-[10px] md:py-[15px] text-dark\"><div  class=\"headline headline font-bold text-h4 mb-[7px] value-headline\">1.3.10 Mola de g\u00e1s 30\/70<\/div><div class=\"text-block-content md:pb-[20px]\"><\/div><div class=\"flex flex-wrap\"><\/div><\/div><\/div>\n<\/div><\/div><\/div><\/div>\n<\/div><\/div>\n\n\n\n<div class=\"sm:w-[calc(25%-30px)]\"><div class=\"mx-[-15px] w-[calc(100%+30px)]\"><\/div><\/div>\n<\/div><\/div>\n","protected":false},"excerpt":{"rendered":"","protected":false},"author":1,"featured_media":0,"parent":0,"menu_order":150,"comment_status":"closed","ping_status":"closed","template":"","meta":{"_seopress_robots_primary_cat":"","_seopress_titles_title":"","_seopress_titles_desc":"","_seopress_robots_index":"","footnotes":""},"class_list":["post-20633","page","type-page","status-publish","hentry"],"_links":{"self":[{"href":"https:\/\/www.bansbach.com\/pt-pt\/wp-json\/wp\/v2\/pages\/20633","targetHints":{"allow":["GET"]}}],"collection":[{"href":"https:\/\/www.bansbach.com\/pt-pt\/wp-json\/wp\/v2\/pages"}],"about":[{"href":"https:\/\/www.bansbach.com\/pt-pt\/wp-json\/wp\/v2\/types\/page"}],"author":[{"embeddable":true,"href":"https:\/\/www.bansbach.com\/pt-pt\/wp-json\/wp\/v2\/users\/1"}],"replies":[{"embeddable":true,"href":"https:\/\/www.bansbach.com\/pt-pt\/wp-json\/wp\/v2\/comments?post=20633"}],"version-history":[{"count":3,"href":"https:\/\/www.bansbach.com\/pt-pt\/wp-json\/wp\/v2\/pages\/20633\/revisions"}],"predecessor-version":[{"id":24758,"href":"https:\/\/www.bansbach.com\/pt-pt\/wp-json\/wp\/v2\/pages\/20633\/revisions\/24758"}],"wp:attachment":[{"href":"https:\/\/www.bansbach.com\/pt-pt\/wp-json\/wp\/v2\/media?parent=20633"}],"curies":[{"name":"wp","href":"https:\/\/api.w.org\/{rel}","templated":true}]}}