{"id":20935,"date":"2022-10-19T15:14:56","date_gmt":"2022-10-19T13:14:56","guid":{"rendered":"https:\/\/b37i6suw.myrdbx.io\/silke-bansbach\/"},"modified":"2026-01-30T07:49:04","modified_gmt":"2026-01-30T06:49:04","slug":"silke-bansbach","status":"publish","type":"page","link":"https:\/\/www.bansbach.com\/pt-pt\/a-empresa\/retratos\/silke-bansbach\/","title":{"rendered":"Silke Bansbach"},"content":{"rendered":"\n<div class=\"wp-block-trk17-bansbach-theme-common-headline\"><div class=\"container mt-[50px] md:mt-[80px] mb-[50px] text-dark text-left\"><h2 class=\"pb-[10px] text-h5 small-headline uppercase text-blue\">1984 at\u00e9 agora<\/h2><div class=\"headline headline text-h2 md:text-h2-40 font-bold\">Silke Bansbach<\/div><\/div><\/div>\n\n<div class=\"wp-block-trk17-bansbach-theme-common-columns\"><div class=\"container sm:flex sm:justify-between relative\">\n<div class=\"sm:w-[calc(25%-30px)]\"><div class=\"mx-[-15px] w-[calc(100%+30px)]\">\n<div class=\"wp-block-trk17-bansbach-theme-common-image-text\"><div class=\"relative z-[1] overflow-hidden mb-[50px] md:mb-[100px]\"><div class=\"container text-dark \"><div class=\"inline-block align-middle w-full \"><img decoding=\"async\" src=\"https:\/\/www.bansbach.com\/wp-content\/uploads\/2022\/08\/portrait-silke-bansbach-60x80.jpg\" srcset=\"https:\/\/www.bansbach.com\/wp-content\/uploads\/2022\/08\/portrait-silke-bansbach-60x80.jpg 60w, https:\/\/www.bansbach.com\/wp-content\/uploads\/2022\/08\/portrait-silke-bansbach-135x180.jpg 135w, https:\/\/www.bansbach.com\/wp-content\/uploads\/2022\/08\/portrait-silke-bansbach-225x300.jpg 225w, https:\/\/www.bansbach.com\/wp-content\/uploads\/2022\/08\/portrait-silke-bansbach-225x300.jpg 225w, https:\/\/www.bansbach.com\/wp-content\/uploads\/2022\/08\/portrait-silke-bansbach-435x580.jpg 435w, https:\/\/www.bansbach.com\/wp-content\/uploads\/2022\/08\/portrait-silke-bansbach-480x640.jpg 480w, https:\/\/www.bansbach.com\/wp-content\/uploads\/2022\/08\/portrait-silke-bansbach-600x800.jpg 600w, https:\/\/www.bansbach.com\/wp-content\/uploads\/2022\/08\/portrait-silke-bansbach-600x800.jpg 600w, https:\/\/www.bansbach.com\/wp-content\/uploads\/2022\/08\/portrait-silke-bansbach-600x800.jpg 600w, https:\/\/www.bansbach.com\/wp-content\/uploads\/2022\/08\/portrait-silke-bansbach-600x800.jpg 600w\" sizes=\"95vw\" alt=\"Portrait von Silke Bansbach.\" loading=\"lazy\"><\/div><\/div><\/div><\/div>\n<\/div><\/div>\n\n\n\n<div class=\"sm:w-[calc(75%-30px)]\"><div class=\"mx-[-15px] w-[calc(100%+30px)]\">\n<div class=\"wp-block-trk17-bansbach-theme-common-text\"><div class=\"container py-[10px] md:py-[15px] text-dark\"><div class=\"text-block-content md:pb-[20px]\">\n<p>A hist\u00f3ria da Bansbach easylift est\u00e1 intimamente ligada a Silke Bansbach. Nascida em Estugarda, Silke Bansbach cresceu na empresa como filha de Annemarie e Hermann Bansbach (jun.) e esteve envolvida em muitas \u00e1reas desde o in\u00edcio: quer se tratasse de visitas conjuntas a feiras comerciais com os seus pais ou eventos de clientes, aos quais sempre assistiu. Assim, aprende desde muito cedo o que significa gerir uma empresa. Enquanto a empresa ainda era um &#8220;parque de divers\u00f5es&#8221; para Silke Bansbach nos primeiros anos, ela teve de assumir responsabilidades muito cedo. Inicialmente, foi respons\u00e1vel pela contabilidade e pelo processamento de sal\u00e1rios.    <\/p><p>Em 1994, juntamente com o seu marido Edgar Hahn-Bansbach, assumiu a empresa como s\u00f3cia e moldou-a de forma sustent\u00e1vel e com muito sucesso. Tal como a sua m\u00e3e Annemarie, teve de conciliar a fam\u00edlia e a empresa. Para ela, a fam\u00edlia e a empresa eram e s\u00e3o insepar\u00e1veis. A m\u00e3e carinhosa de tr\u00eas filhas, Anna, Franzisca e Caterina, tem sempre o apoio do marido, que, como diretor-geral, juntamente com a filha Anna Bansbach, dirige a empresa e est\u00e1 fortemente envolvido em todas as decis\u00f5es importantes da empresa.   <\/p>\n<\/div><div class=\"flex flex-wrap\"><a  class=\"w-full md:w-auto btn value-buttonTitle1\" href=\"\/unternehmen\/portraits\/\" title=\"Zur\u00fcck zur \u00dcbersicht\" rel=\"noopener\">Zur\u00fcck zur \u00dcbersicht<\/a><\/div><\/div><\/div>\n<\/div><\/div>\n<\/div><\/div>\n","protected":false},"excerpt":{"rendered":"","protected":false},"author":1,"featured_media":0,"parent":20949,"menu_order":50,"comment_status":"closed","ping_status":"closed","template":"","meta":{"_seopress_robots_primary_cat":"","_seopress_titles_title":"","_seopress_titles_desc":"","_seopress_robots_index":"","footnotes":""},"class_list":["post-20935","page","type-page","status-publish","hentry"],"_links":{"self":[{"href":"https:\/\/www.bansbach.com\/pt-pt\/wp-json\/wp\/v2\/pages\/20935","targetHints":{"allow":["GET"]}}],"collection":[{"href":"https:\/\/www.bansbach.com\/pt-pt\/wp-json\/wp\/v2\/pages"}],"about":[{"href":"https:\/\/www.bansbach.com\/pt-pt\/wp-json\/wp\/v2\/types\/page"}],"author":[{"embeddable":true,"href":"https:\/\/www.bansbach.com\/pt-pt\/wp-json\/wp\/v2\/users\/1"}],"replies":[{"embeddable":true,"href":"https:\/\/www.bansbach.com\/pt-pt\/wp-json\/wp\/v2\/comments?post=20935"}],"version-history":[{"count":3,"href":"https:\/\/www.bansbach.com\/pt-pt\/wp-json\/wp\/v2\/pages\/20935\/revisions"}],"predecessor-version":[{"id":24608,"href":"https:\/\/www.bansbach.com\/pt-pt\/wp-json\/wp\/v2\/pages\/20935\/revisions\/24608"}],"up":[{"embeddable":true,"href":"https:\/\/www.bansbach.com\/pt-pt\/wp-json\/wp\/v2\/pages\/20949"}],"wp:attachment":[{"href":"https:\/\/www.bansbach.com\/pt-pt\/wp-json\/wp\/v2\/media?parent=20935"}],"curies":[{"name":"wp","href":"https:\/\/api.w.org\/{rel}","templated":true}]}}