{"id":20941,"date":"2022-10-19T15:19:44","date_gmt":"2022-10-19T13:19:44","guid":{"rendered":"https:\/\/b37i6suw.myrdbx.io\/edgar-hahn-bansbach\/"},"modified":"2026-01-30T07:49:06","modified_gmt":"2026-01-30T06:49:06","slug":"edgar-hahn-bansbach","status":"publish","type":"page","link":"https:\/\/www.bansbach.com\/pt-pt\/a-empresa\/retratos\/edgar-hahn-bansbach\/","title":{"rendered":"Edgar Hahn-Bansbach"},"content":{"rendered":"\n<div class=\"wp-block-trk17-bansbach-theme-common-headline\"><div class=\"container mt-[50px] md:mt-[80px] mb-[50px] text-dark text-left\"><h2 class=\"pb-[10px] text-h5 small-headline uppercase text-blue\">1984 at\u00e9 agora<\/h2><div class=\"headline headline text-h2 md:text-h2-40 font-bold\">Edgar Hahn-Bansbach<\/div><\/div><\/div>\n\n<div class=\"wp-block-trk17-bansbach-theme-common-columns\"><div class=\"container sm:flex sm:justify-between relative\">\n<div class=\"sm:w-[calc(25%-30px)]\"><div class=\"mx-[-15px] w-[calc(100%+30px)]\">\n<div class=\"wp-block-trk17-bansbach-theme-common-image-text\"><div class=\"relative z-[1] overflow-hidden mb-[50px] md:mb-[100px]\"><div class=\"container text-dark \"><div class=\"inline-block align-middle w-full \"><img decoding=\"async\" src=\"https:\/\/www.bansbach.com\/wp-content\/uploads\/2022\/08\/portrait-hahn-bansbach-60x80.jpg\" srcset=\"https:\/\/www.bansbach.com\/wp-content\/uploads\/2022\/08\/portrait-hahn-bansbach-60x80.jpg 60w, https:\/\/www.bansbach.com\/wp-content\/uploads\/2022\/08\/portrait-hahn-bansbach-135x180.jpg 135w, https:\/\/www.bansbach.com\/wp-content\/uploads\/2022\/08\/portrait-hahn-bansbach-225x300.jpg 225w, https:\/\/www.bansbach.com\/wp-content\/uploads\/2022\/08\/portrait-hahn-bansbach-225x300.jpg 225w, https:\/\/www.bansbach.com\/wp-content\/uploads\/2022\/08\/portrait-hahn-bansbach-435x580.jpg 435w, https:\/\/www.bansbach.com\/wp-content\/uploads\/2022\/08\/portrait-hahn-bansbach-480x640.jpg 480w, https:\/\/www.bansbach.com\/wp-content\/uploads\/2022\/08\/portrait-hahn-bansbach-600x800.jpg 600w, https:\/\/www.bansbach.com\/wp-content\/uploads\/2022\/08\/portrait-hahn-bansbach-600x800.jpg 600w, https:\/\/www.bansbach.com\/wp-content\/uploads\/2022\/08\/portrait-hahn-bansbach-600x800.jpg 600w, https:\/\/www.bansbach.com\/wp-content\/uploads\/2022\/08\/portrait-hahn-bansbach-600x800.jpg 600w\" sizes=\"95vw\" alt=\"Portrait von Edgar Hahn-Bansbach.\" loading=\"lazy\"><\/div><\/div><\/div><\/div>\n<\/div><\/div>\n\n\n\n<div class=\"sm:w-[calc(75%-30px)]\"><div class=\"mx-[-15px] w-[calc(100%+30px)]\">\n<div class=\"wp-block-trk17-bansbach-theme-common-text\"><div class=\"container py-[10px] md:py-[15px] text-dark\"><div class=\"text-block-content md:pb-[20px]\">\n<p>Edgar Hahn-Bansbach entrou para a Bansbach easylift em 1984 como futuro genro do ent\u00e3o patr\u00e3o da empresa, at\u00e9 que em 1994 adquiriu a empresa juntamente com a sua esposa Silke Bansbach. O in\u00edcio foi tudo menos planeado. Depois de ter estudado engenharia industrial em Esslingen, a entrada numa empresa de consultoria de gest\u00e3o era, na verdade, um dado adquirido. No entanto, as coisas acabaram por ser diferentes: Edgar Hahn-Bansbach moldou a empresa nos anos e d\u00e9cadas que se seguiram e ajudou-a a crescer enormemente.   <\/p><p>O fator decisivo para este enorme crescimento foi a orienta\u00e7\u00e3o internacional consistente em conjunto com a concentra\u00e7\u00e3o e expans\u00e3o dos pontos fortes da empresa, como a orienta\u00e7\u00e3o para o cliente, a qualidade e a flexibilidade. Sob a dire\u00e7\u00e3o de Edgar Hahn-Bansbach, todos os mercados do mundo foram abertos. E em cada expans\u00e3o, o pr\u00f3prio chefe da empresa definiu o rumo no local. Entretanto, as molas a g\u00e1s Bansbach s\u00e3o conhecidas em todo o mundo e est\u00e3o dispon\u00edveis em todos os pa\u00edses.   <\/p><p>Outro aspeto importante do trabalho de Edgar Hahn-Bansbach \u00e9 e foi a gest\u00e3o independente da empresa: independente de mercados e sectores individuais, mas sobretudo independente de investidores e outros financiadores.<\/p><p>Por isso, a empresa de m\u00e9dia dimens\u00e3o gerida por Edgar Hahn-Bansbach sempre foi um empregador fi\u00e1vel para os seus colaboradores. A deslocaliza\u00e7\u00e3o da produ\u00e7\u00e3o para pa\u00edses estrangeiros baratos, o trabalho a tempo reduzido ou mesmo os despedimentos nunca foram um problema para Edgar Hahn-Bansbach. A principal prioridade da empresa era e \u00e9 oferecer aos seus empregados um emprego seguro.  <\/p><p>Sob a dire\u00e7\u00e3o de Edgar Hahn-Bansbach, a pequena e m\u00e9dia empresa transformou-se num ator global e l\u00edder de mercado mundial nos nichos de mercado das molas a g\u00e1s personalizadas. Durante este per\u00edodo, o n\u00famero de empregados aumentou de 39 (1984) para mais de 400 (atualmente). O volume de neg\u00f3cios aumentou mais de vinte vezes. Sob a dire\u00e7\u00e3o de Edgar Hahn-Bansbach, a empresa de refer\u00eancia da Su\u00e1bia tornou-se no fornecedor l\u00edder mundial de molas a g\u00e1s personalizadas.   <\/p>\n<\/div><div class=\"flex flex-wrap\"><a  class=\"w-full md:w-auto btn value-buttonTitle1\" href=\"\/unternehmen\/portraits\/\" title=\"Zur\u00fcck zur \u00dcbersicht\" rel=\"noopener\">Zur\u00fcck zur \u00dcbersicht<\/a><\/div><\/div><\/div>\n<\/div><\/div>\n<\/div><\/div>\n","protected":false},"excerpt":{"rendered":"","protected":false},"author":1,"featured_media":0,"parent":20949,"menu_order":40,"comment_status":"closed","ping_status":"closed","template":"","meta":{"_seopress_robots_primary_cat":"","_seopress_titles_title":"","_seopress_titles_desc":"","_seopress_robots_index":"","footnotes":""},"class_list":["post-20941","page","type-page","status-publish","hentry"],"_links":{"self":[{"href":"https:\/\/www.bansbach.com\/pt-pt\/wp-json\/wp\/v2\/pages\/20941","targetHints":{"allow":["GET"]}}],"collection":[{"href":"https:\/\/www.bansbach.com\/pt-pt\/wp-json\/wp\/v2\/pages"}],"about":[{"href":"https:\/\/www.bansbach.com\/pt-pt\/wp-json\/wp\/v2\/types\/page"}],"author":[{"embeddable":true,"href":"https:\/\/www.bansbach.com\/pt-pt\/wp-json\/wp\/v2\/users\/1"}],"replies":[{"embeddable":true,"href":"https:\/\/www.bansbach.com\/pt-pt\/wp-json\/wp\/v2\/comments?post=20941"}],"version-history":[{"count":3,"href":"https:\/\/www.bansbach.com\/pt-pt\/wp-json\/wp\/v2\/pages\/20941\/revisions"}],"predecessor-version":[{"id":24612,"href":"https:\/\/www.bansbach.com\/pt-pt\/wp-json\/wp\/v2\/pages\/20941\/revisions\/24612"}],"up":[{"embeddable":true,"href":"https:\/\/www.bansbach.com\/pt-pt\/wp-json\/wp\/v2\/pages\/20949"}],"wp:attachment":[{"href":"https:\/\/www.bansbach.com\/pt-pt\/wp-json\/wp\/v2\/media?parent=20941"}],"curies":[{"name":"wp","href":"https:\/\/api.w.org\/{rel}","templated":true}]}}