{"id":20942,"date":"2022-08-25T13:52:42","date_gmt":"2022-08-25T11:52:42","guid":{"rendered":"https:\/\/b37i6suw.myrdbx.io\/anna-bansbach\/"},"modified":"2026-01-29T12:04:17","modified_gmt":"2026-01-29T11:04:17","slug":"anna-bansbach","status":"publish","type":"page","link":"https:\/\/www.bansbach.com\/pt-pt\/a-empresa\/retratos\/anna-bansbach\/","title":{"rendered":"Anna Bansbach"},"content":{"rendered":"\n<div class=\"wp-block-trk17-bansbach-theme-common-headline\"><div class=\"container mt-[50px] md:mt-[80px] mb-[50px] text-dark text-left\"><h2 class=\"pb-[10px] text-h5 small-headline uppercase text-blue\">2002 at\u00e9 agora<\/h2><div class=\"headline headline text-h2 md:text-h2-40 font-bold\">Anna Bansbach<\/div><\/div><\/div>\n\n<div class=\"wp-block-trk17-bansbach-theme-common-columns\"><div class=\"container sm:flex sm:justify-between relative\">\n<div class=\"sm:w-[calc(25%-30px)]\"><div class=\"mx-[-15px] w-[calc(100%+30px)]\">\n<div class=\"wp-block-trk17-bansbach-theme-common-image-text\"><div class=\"relative z-[1] overflow-hidden mb-[50px] md:mb-[100px]\"><div class=\"container text-dark \"><div class=\"inline-block align-middle w-full \"><img decoding=\"async\" src=\"https:\/\/www.bansbach.com\/wp-content\/uploads\/2022\/08\/portrait-anna-bansbach-60x80.jpg\" srcset=\"https:\/\/www.bansbach.com\/wp-content\/uploads\/2022\/08\/portrait-anna-bansbach-60x80.jpg 60w, https:\/\/www.bansbach.com\/wp-content\/uploads\/2022\/08\/portrait-anna-bansbach-135x180.jpg 135w, https:\/\/www.bansbach.com\/wp-content\/uploads\/2022\/08\/portrait-anna-bansbach-225x300.jpg 225w, https:\/\/www.bansbach.com\/wp-content\/uploads\/2022\/08\/portrait-anna-bansbach-225x300.jpg 225w, https:\/\/www.bansbach.com\/wp-content\/uploads\/2022\/08\/portrait-anna-bansbach-435x580.jpg 435w, https:\/\/www.bansbach.com\/wp-content\/uploads\/2022\/08\/portrait-anna-bansbach-480x640.jpg 480w, https:\/\/www.bansbach.com\/wp-content\/uploads\/2022\/08\/portrait-anna-bansbach-600x800.jpg 600w, https:\/\/www.bansbach.com\/wp-content\/uploads\/2022\/08\/portrait-anna-bansbach-600x800.jpg 600w, https:\/\/www.bansbach.com\/wp-content\/uploads\/2022\/08\/portrait-anna-bansbach-600x800.jpg 600w, https:\/\/www.bansbach.com\/wp-content\/uploads\/2022\/08\/portrait-anna-bansbach-600x800.jpg 600w\" sizes=\"95vw\" alt=\"Portrait von Anna Bansbach.\" loading=\"lazy\"><\/div><\/div><\/div><\/div>\n<\/div><\/div>\n\n\n\n<div class=\"sm:w-[calc(75%-30px)]\"><div class=\"mx-[-15px] w-[calc(100%+30px)]\">\n<div class=\"wp-block-trk17-bansbach-theme-common-text\"><div class=\"container py-[10px] md:py-[15px] text-dark\"><div class=\"text-block-content md:pb-[20px]\">\n<p>Anna Bansbach cresceu na empresa como filha de Silke Bansbach e Edgar Hahn-Bansbach e, por isso, esteve envolvida desde muito cedo. Isto despertou o seu interesse pela tecnologia desde muito cedo. Rapidamente se tornou claro que iria seguir as pisadas dos pais, sendo a mais velha dos tr\u00eas filhos. A carreira de Anna Bansbach come\u00e7ou em 2002 na empresa dos seus pais, com uma aprendizagem como mec\u00e2nica industrial. Na altura, tomou a decis\u00e3o consciente de n\u00e3o continuar a sua educa\u00e7\u00e3o na escola prim\u00e1ria. O primeiro passo foi aprender do zero a complexa e altamente especializada produ\u00e7\u00e3o das molas a g\u00e1s Bansbach.     <\/p><p>Depois de completar a sua forma\u00e7\u00e3o profissional, conclui os n\u00edveis A. Isto abriu-lhe o caminho para a sua futura carreira. Anna Bansbach deixou a empresa novamente em 2005 para estudar engenharia em Aalen. Depois de concluir com \u00eaxito os seus estudos, regressa \u00e0 empresa em 2010. Assume a responsabilidade de assistente da dire\u00e7\u00e3o. Inicialmente, concentrou-se sobretudo nas \u00e1reas da produ\u00e7\u00e3o, tecnologia e desenvolvimento e, no final de 2011, Anna Bansbach juntou-se \u00e0 equipa de gest\u00e3o e recebeu uma procura\u00e7\u00e3o. Simultaneamente, conclui um Master of Business Administration (MBA) em Deggendorf, com especializa\u00e7\u00e3o em &#8220;Lideran\u00e7a de empresas de m\u00e9dia dimens\u00e3o&#8221;. Concluiu o programa com sucesso em 2014. Aprofundou ainda mais os seus fundamentos empresariais e complementou de forma ideal os seus conhecimentos t\u00e9cnicos existentes.        <\/p><p>As bases para o futuro foram lan\u00e7adas. As responsabilidades de Anna Bansbach continuam a aumentar. Em 1 de janeiro de 2015, foi nomeada Diretora-Geral da Bansbach easylift. Desde ent\u00e3o, juntamente com o seu pai, Edgar Hahn-Bansbach, gere a fortuna da empresa e conduz a mesma para um futuro de sucesso. O caminho das \u00faltimas d\u00e9cadas ser\u00e1 assim continuado e os valores da empresa familiar gerida pelo propriet\u00e1rio ser\u00e3o assegurados a longo prazo.    <\/p>\n<\/div><div class=\"flex flex-wrap\"><a class=\"w-full md:w-auto btn value-buttonTitle1\" href=\"\/unternehmen\/portraits\/\" title=\"Zur\u00fcck zur \u00dcbersicht\" rel=\"noopener\">Zur\u00fcck zur \u00dcbersicht<\/a><\/div><\/div><\/div>\n<\/div><\/div>\n<\/div><\/div>\n","protected":false},"excerpt":{"rendered":"","protected":false},"author":1,"featured_media":0,"parent":20949,"menu_order":60,"comment_status":"closed","ping_status":"closed","template":"","meta":{"_seopress_robots_primary_cat":"","_seopress_titles_title":"","_seopress_titles_desc":"","_seopress_robots_index":"","footnotes":""},"class_list":["post-20942","page","type-page","status-publish","hentry"],"_links":{"self":[{"href":"https:\/\/www.bansbach.com\/pt-pt\/wp-json\/wp\/v2\/pages\/20942","targetHints":{"allow":["GET"]}}],"collection":[{"href":"https:\/\/www.bansbach.com\/pt-pt\/wp-json\/wp\/v2\/pages"}],"about":[{"href":"https:\/\/www.bansbach.com\/pt-pt\/wp-json\/wp\/v2\/types\/page"}],"author":[{"embeddable":true,"href":"https:\/\/www.bansbach.com\/pt-pt\/wp-json\/wp\/v2\/users\/1"}],"replies":[{"embeddable":true,"href":"https:\/\/www.bansbach.com\/pt-pt\/wp-json\/wp\/v2\/comments?post=20942"}],"version-history":[{"count":2,"href":"https:\/\/www.bansbach.com\/pt-pt\/wp-json\/wp\/v2\/pages\/20942\/revisions"}],"predecessor-version":[{"id":24305,"href":"https:\/\/www.bansbach.com\/pt-pt\/wp-json\/wp\/v2\/pages\/20942\/revisions\/24305"}],"up":[{"embeddable":true,"href":"https:\/\/www.bansbach.com\/pt-pt\/wp-json\/wp\/v2\/pages\/20949"}],"wp:attachment":[{"href":"https:\/\/www.bansbach.com\/pt-pt\/wp-json\/wp\/v2\/media?parent=20942"}],"curies":[{"name":"wp","href":"https:\/\/api.w.org\/{rel}","templated":true}]}}