{"id":20950,"date":"2022-10-19T15:25:02","date_gmt":"2022-10-19T13:25:02","guid":{"rendered":"https:\/\/b37i6suw.myrdbx.io\/a-empresa\/retratos\/annamarie-bansbach\/"},"modified":"2026-01-30T07:49:07","modified_gmt":"2026-01-30T06:49:07","slug":"annamarie-bansbach","status":"publish","type":"page","link":"https:\/\/www.bansbach.com\/pt-pt\/a-empresa\/retratos\/annamarie-bansbach\/","title":{"rendered":"Annamarie Bansbach"},"content":{"rendered":"\n<div class=\"wp-block-trk17-bansbach-theme-common-headline\"><div class=\"container mt-[50px] md:mt-[80px] mb-[50px] text-dark text-left\"><h2 class=\"pb-[10px] text-h5 small-headline uppercase text-blue\">1954 &#8211; 1994<\/h2><div class=\"headline headline text-h2 md:text-h2-40 font-bold\">Annemarie Bansbach<\/div><\/div><\/div>\n\n<div class=\"wp-block-trk17-bansbach-theme-common-columns\"><div class=\"container sm:flex sm:justify-between relative\">\n<div class=\"sm:w-[calc(25%-30px)]\"><div class=\"mx-[-15px] w-[calc(100%+30px)]\">\n<div class=\"wp-block-trk17-bansbach-theme-common-image-text\"><div class=\"relative z-[1] overflow-hidden mb-[50px] md:mb-[100px]\"><div class=\"container text-dark \"><div class=\"inline-block align-middle w-full \"><img decoding=\"async\" src=\"https:\/\/www.bansbach.com\/wp-content\/uploads\/2022\/08\/portrait-annemarie-bansbach-60x80.jpg\" srcset=\"https:\/\/www.bansbach.com\/wp-content\/uploads\/2022\/08\/portrait-annemarie-bansbach-60x80.jpg 60w, https:\/\/www.bansbach.com\/wp-content\/uploads\/2022\/08\/portrait-annemarie-bansbach-135x180.jpg 135w, https:\/\/www.bansbach.com\/wp-content\/uploads\/2022\/08\/portrait-annemarie-bansbach-225x300.jpg 225w, https:\/\/www.bansbach.com\/wp-content\/uploads\/2022\/08\/portrait-annemarie-bansbach-225x300.jpg 225w, https:\/\/www.bansbach.com\/wp-content\/uploads\/2022\/08\/portrait-annemarie-bansbach-435x580.jpg 435w, https:\/\/www.bansbach.com\/wp-content\/uploads\/2022\/08\/portrait-annemarie-bansbach-480x640.jpg 480w, https:\/\/www.bansbach.com\/wp-content\/uploads\/2022\/08\/portrait-annemarie-bansbach-600x800.jpg 600w, https:\/\/www.bansbach.com\/wp-content\/uploads\/2022\/08\/portrait-annemarie-bansbach-600x800.jpg 600w, https:\/\/www.bansbach.com\/wp-content\/uploads\/2022\/08\/portrait-annemarie-bansbach-600x800.jpg 600w, https:\/\/www.bansbach.com\/wp-content\/uploads\/2022\/08\/portrait-annemarie-bansbach-600x800.jpg 600w\" sizes=\"95vw\" alt=\"Portrait von Annemarie Bansbach.\" loading=\"lazy\"><\/div><\/div><\/div><\/div>\n<\/div><\/div>\n\n\n\n<div class=\"sm:w-[calc(75%-30px)]\"><div class=\"mx-[-15px] w-[calc(100%+30px)]\">\n<div class=\"wp-block-trk17-bansbach-theme-common-text\"><div class=\"container py-[10px] md:py-[15px] text-dark\"><div class=\"text-block-content md:pb-[20px]\">\n<p>Annemarie Bansbach nasceu em Estugarda e cresceu como filha de um empres\u00e1rio. J\u00e1 em crian\u00e7a, esteve envolvida na empresa dos seus pais, a Drohmann, que \u00e9 agora uma empresa irm\u00e3 do Grupo Bansbach, gerido pela fam\u00edlia. Por isso, sabe o que significa gerir uma empresa e que esfor\u00e7os e sacrif\u00edcios s\u00e3o necess\u00e1rios. Foi precisamente por isso que sempre apoiou o seu marido Hermann Bansbach (j\u00fanior) da melhor forma poss\u00edvel. \u00c9 tamb\u00e9m gra\u00e7as a ela que a empresa tem agora a sua sede em Lorch.    <br\/><\/p><p>Era o bra\u00e7o direito do marido na empresa. Tratava da contabilidade, dos ordenados e sal\u00e1rios e era sempre um contacto de confian\u00e7a para os empregados. Mas, acima de tudo, apoiava sempre o marido e era uma m\u00e3e carinhosa para as suas tr\u00eas filhas. At\u00e9 hoje, Annemarie Bansbach continua a seguir com grande interesse a sorte da empresa e tem todo o gosto em transmitir a sua experi\u00eancia empresarial sempre que necess\u00e1rio. Para Anna Bansbach em particular, que \u00e9 agora a 4\u00aa gera\u00e7\u00e3o de diretores executivos da Bansbach, isto significa uma troca de experi\u00eancias muito importante.    <\/p>\n<\/div><div class=\"flex flex-wrap\"><a  class=\"w-full md:w-auto btn value-buttonTitle1\" href=\"\/unternehmen\/portraits\/\" title=\"Zur\u00fcck zur \u00fcbersicht\" rel=\"noopener\">Zur\u00fcck zur \u00fcbersicht<\/a><\/div><\/div><\/div>\n<\/div><\/div>\n<\/div><\/div>\n","protected":false},"excerpt":{"rendered":"","protected":false},"author":1,"featured_media":0,"parent":20949,"menu_order":30,"comment_status":"closed","ping_status":"closed","template":"","meta":{"_seopress_robots_primary_cat":"","_seopress_titles_title":"","_seopress_titles_desc":"","_seopress_robots_index":"","footnotes":""},"class_list":["post-20950","page","type-page","status-publish","hentry"],"_links":{"self":[{"href":"https:\/\/www.bansbach.com\/pt-pt\/wp-json\/wp\/v2\/pages\/20950","targetHints":{"allow":["GET"]}}],"collection":[{"href":"https:\/\/www.bansbach.com\/pt-pt\/wp-json\/wp\/v2\/pages"}],"about":[{"href":"https:\/\/www.bansbach.com\/pt-pt\/wp-json\/wp\/v2\/types\/page"}],"author":[{"embeddable":true,"href":"https:\/\/www.bansbach.com\/pt-pt\/wp-json\/wp\/v2\/users\/1"}],"replies":[{"embeddable":true,"href":"https:\/\/www.bansbach.com\/pt-pt\/wp-json\/wp\/v2\/comments?post=20950"}],"version-history":[{"count":3,"href":"https:\/\/www.bansbach.com\/pt-pt\/wp-json\/wp\/v2\/pages\/20950\/revisions"}],"predecessor-version":[{"id":24616,"href":"https:\/\/www.bansbach.com\/pt-pt\/wp-json\/wp\/v2\/pages\/20950\/revisions\/24616"}],"up":[{"embeddable":true,"href":"https:\/\/www.bansbach.com\/pt-pt\/wp-json\/wp\/v2\/pages\/20949"}],"wp:attachment":[{"href":"https:\/\/www.bansbach.com\/pt-pt\/wp-json\/wp\/v2\/media?parent=20950"}],"curies":[{"name":"wp","href":"https:\/\/api.w.org\/{rel}","templated":true}]}}