{"id":20956,"date":"2022-11-25T08:32:29","date_gmt":"2022-11-25T07:32:29","guid":{"rendered":"https:\/\/b37i6suw.myrdbx.io\/a-empresa\/aquisicao-da-concens\/"},"modified":"2026-01-30T07:49:13","modified_gmt":"2026-01-30T06:49:13","slug":"aquisicao-da-concens","status":"publish","type":"page","link":"https:\/\/www.bansbach.com\/pt-pt\/a-empresa\/aquisicao-da-concens\/","title":{"rendered":"Aquisi\u00e7\u00e3o da Concens"},"content":{"rendered":"\n<div class=\"wp-block-trk17-bansbach-theme-common-columns\"><div class=\"container sm:flex sm:justify-between relative\">\n<div class=\"sm:w-[calc(50%-30px)]\"><div class=\"mx-[-15px] w-[calc(100%+30px)]\">\n<div class=\"wp-block-trk17-bansbach-theme-common-page-headline\"><div class=\"container mb-[30px] text-dark text-left\"><h1 class=\"mt-[10px] md:mt-[30px] text-h1 headline font-bold\">Aquisi\u00e7\u00e3o<br\/>Concens A\/S<\/h1><div class=\"absolute top-[210px] left-[50%] ml-[-50vw] w-[100vw] z-[-1] opacity-[0.5] translate-y-[-50%] rotate-[-8deg] application-bg-lines\"><svg preserveAspectRatio=\"xMidYMid\" class=\"w-full\" xmlns=\"http:\/\/www.w3.org\/2000\/svg\" viewBox=\"0 0 2000 760\">\n    <path id=\"Pfad_73\" data-name=\"Pfad 73\" d=\"M-475.058-254.514C-333.6-230.351-207.807-156.387-93.527-73.984S127.719,100.962,250.8,170.819c96.312,54.663,211.515,95.429,320.692,65.175C661.264,211.117,730.653,143.07,799.9,81.807,857.082,31.221,917.821-16.9,987.357-49.616S1136.47-98.81,1211.089-83.58c101.327,20.674,178.873,94.72,257.008,159.317a1756.242,1756.242,0,0,0,383.339,240.755\" transform=\"translate(372.096 242.317)\" fill=\"none\" stroke=\"rgba(0,123,255,0.2)\" stroke-miterlimit=\"10\" stroke-width=\"1\"\/>\n    <path id=\"Pfad_74\" data-name=\"Pfad 74\" d=\"M-475.832-240.876c139.812,25.3,264.118,99.155,377.8,180.428s220.879,171.89,343.675,237.629c96.628,51.727,210.868,87.446,319.528,56.175,48.719-14.023,91.691-40.16,132.185-70.327,33.841-25.2,65.784-53.171,97.664-79.571C846.7,40.57,901.049.135,961.672-29.614q10.68-5.234,21.626-10.019c69.5-30.282,148.711-45.051,223.177-29.4C1307.6-47.769,1385.889,24.71,1464.708,88.2c117.043,94.263,246.666,174.493,384.5,238.721\" transform=\"translate(372.105 242.147)\" fill=\"none\" stroke=\"rgba(0,123,255,0.2)\" stroke-miterlimit=\"10\" stroke-width=\"1\"\/>\n    <path id=\"Pfad_75\" data-name=\"Pfad 75\" d=\"M-476.6-227.237C-338.438-200.806-215.622-127.056-102.532-46.91S118,121.918,240.5,183.545c96.958,48.775,210.219,79.46,318.364,47.183,48.516-14.5,91.594-40.389,132.49-69.612,34.2-24.413,66.545-51.079,98.8-76C842.337,44.609,897,7.031,957.619-20.41q10.682-4.829,21.626-9.223c69.454-27.842,148.307-40.912,222.624-24.826,100.914,21.842,179.956,92.761,259.455,155.129,118.079,92.614,248.131,171.95,385.655,236.692\" transform=\"translate(372.115 241.976)\" fill=\"none\" stroke=\"rgba(0,123,255,0.2)\" stroke-miterlimit=\"10\" stroke-width=\"1\"\/>\n    <path id=\"Pfad_76\" data-name=\"Pfad 76\" d=\"M-477.374-213.6c136.51,27.551,257.838,101.21,370.344,180.22S113.177,132.378,235.345,189.906c97.314,45.82,209.571,71.478,317.2,38.189,48.315-14.968,91.5-40.618,132.8-68.9,34.563-23.629,67.307-48.98,99.924-72.424,52.7-38.125,107.681-72.845,168.3-97.983q10.685-4.418,21.62-8.429c69.422-25.4,147.9-36.774,222.071-20.257,100.7,22.423,180.5,91.781,260.678,153.033,119.118,90.967,249.6,169.4,386.813,234.662\" transform=\"translate(372.125 241.806)\" fill=\"none\" stroke=\"rgba(0,123,255,0.2)\" stroke-miterlimit=\"10\" stroke-width=\"1\"\/>\n    <path id=\"Pfad_77\" data-name=\"Pfad 77\" d=\"M-478.147-199.96c134.86,28.691,254.7,102.239,366.616,180.121S108.387,142.824,230.191,196.269c97.692,42.866,208.925,63.5,316.042,29.195,48.112-15.438,91.4-40.851,133.105-68.185,34.925-22.844,68.115-46.821,101.053-68.848C833.679,52.8,888.906,20.823,949.514-2q10.69-4.015,21.621-7.647c69.382-22.958,147.5-32.636,221.519-15.689,100.488,23.011,181.03,90.809,261.9,150.945,120.157,89.318,251.067,166.852,387.968,232.633\" transform=\"translate(372.134 241.636)\" fill=\"none\" stroke=\"rgba(0,123,255,0.2)\" stroke-miterlimit=\"10\" stroke-width=\"1\"\/>\n    <path id=\"Pfad_78\" data-name=\"Pfad 78\" d=\"M-478.92-186.322C-345.705-156.5-227.358-83.054-116.036-6.3s219.65,159.55,341.077,208.933c98.089,39.9,208.275,55.509,314.876,20.2,47.911-15.908,91.307-41.08,133.412-67.469,35.285-22.06,68.885-44.706,102.18-65.274C829.319,56.86,884.847,27.719,945.459,7.194Q956.146,3.586,967.074.348c69.343-20.515,147.094-28.5,220.963-11.118,100.287,23.586,181.578,89.826,263.125,148.843,121.2,87.669,252.533,164.3,389.124,230.6\" transform=\"translate(372.144 241.465)\" fill=\"none\" stroke=\"rgba(0,123,255,0.2)\" stroke-miterlimit=\"10\" stroke-width=\"1\"\/>\n    <path id=\"Pfad_79\" data-name=\"Pfad 79\" d=\"M-479.691-172.685C-348.127-141.73-231.266-68.388-120.535,7.229S98.871,163.656,219.89,208.994c98.5,36.9,207.628,47.527,313.712,11.205,47.709-16.378,91.212-41.309,133.719-66.755,35.649-21.275,69.649-42.6,103.311-61.7C824.957,60.923,880.8,34.615,941.405,16.4q10.691-3.2,21.61-6.052c69.3-18.076,146.692-24.357,220.412-6.551,100.078,24.169,182.123,88.847,264.356,146.744,122.235,86.02,254,161.754,390.28,228.575\" transform=\"translate(372.154 241.295)\" fill=\"none\" stroke=\"rgba(0,123,255,0.2)\" stroke-miterlimit=\"10\" stroke-width=\"1\"\/>\n    <path id=\"Pfad_80\" data-name=\"Pfad 80\" d=\"M-480.464-159.047C-350.549-126.96-235.176-53.721-125.033,20.778S94.157,174.039,214.738,215.363c98.942,33.9,206.982,39.541,312.546,2.209,47.507-16.848,91.118-41.535,134.026-66.044,36.01-20.489,70.409-40.488,104.44-58.123,54.84-28.418,111-51.89,171.6-67.806q10.692-2.791,21.607-5.263C1028.219,4.7,1105.244.118,1178.81,18.355c99.872,24.753,182.667,87.87,265.576,144.653,123.272,84.371,255.473,159.207,391.436,226.545\" transform=\"translate(372.163 241.125)\" fill=\"none\" stroke=\"rgba(0,123,255,0.2)\" stroke-miterlimit=\"10\" stroke-width=\"1\"\/>\n    <path id=\"Pfad_81\" data-name=\"Pfad 81\" d=\"M-481.234-145.41c128.263,33.219,242.148,106.355,351.7,179.715s219,150.091,339.12,187.415c99.4,30.885,206.333,31.558,311.387-6.785,47.3-17.319,91.02-41.767,134.334-65.329,36.372-19.706,71.175-38.384,105.565-54.549C816.219,69.045,872.7,48.407,933.294,34.794q10.7-2.382,21.6-4.466c69.224-13.193,145.887-16.08,219.3,2.586C1273.866,58.249,1357.41,119.8,1441,175.473c124.307,82.722,256.944,156.659,392.592,224.514\" transform=\"translate(372.173 240.954)\" fill=\"none\" stroke=\"rgba(0,123,255,0.2)\" stroke-miterlimit=\"10\" stroke-width=\"1\"\/>\n    <path id=\"Pfad_82\" data-name=\"Pfad 82\" d=\"M-482.008-131.772C-355.393-97.421-243-24.388-134.038,47.843s218.832,146.88,338.472,180.24c99.875,27.848,205.687,23.575,310.224-15.778,47.1-17.789,90.925-41.993,134.641-64.616,36.735-18.922,71.935-36.278,106.7-50.972C811.855,73.1,868.649,55.305,929.241,44q10.7-1.975,21.6-3.676c69.187-10.752,145.48-11.938,218.748,7.155,99.454,25.918,183.749,85.913,268.022,140.465,125.35,81.074,258.413,154.108,393.747,222.485\" transform=\"translate(372.182 240.784)\" fill=\"none\" stroke=\"rgba(0,123,255,0.2)\" stroke-miterlimit=\"10\" stroke-width=\"1\"\/>\n    <path id=\"Pfad_83\" data-name=\"Pfad 83\" d=\"M-482.78-118.133C-357.814-82.649-246.906-9.72-138.542,61.38S80.143,205.026,199.284,234.448c100.364,24.786,205.036,15.589,309.061-24.776,46.9-18.263,90.829-42.226,134.949-63.9,37.1-18.137,72.692-34.168,107.824-47.4A838.882,838.882,0,0,1,925.188,53.2q10.705-1.572,21.6-2.886c69.149-8.312,145.08-7.8,218.194,11.725,99.245,26.5,184.293,84.933,269.249,138.369,126.385,79.425,259.878,151.56,394.9,220.451\" transform=\"translate(372.192 240.814)\" fill=\"none\" stroke=\"rgba(0,123,255,0.2)\" stroke-miterlimit=\"10\" stroke-width=\"1\"\/>\n    <path id=\"Pfad_84\" data-name=\"Pfad 84\" d=\"M-483.55-104.5C-360.235-67.88-250.816,4.947-143.038,74.914S75.511,215.294,194.127,240.809c100.868,21.7,204.39,7.6,307.9-33.773,46.7-18.73,90.736-42.452,135.257-63.188,37.457-17.354,73.448-32.071,108.954-43.826C803.1,81.2,860.546,69.09,921.122,62.4q10.706-1.162,21.595-2.091c69.111-5.871,144.67-3.663,217.64,16.294,99.036,27.081,184.835,83.955,270.472,136.276,127.427,77.779,261.349,149.015,396.059,218.427\" transform=\"translate(372.202 240.661)\" fill=\"none\" stroke=\"rgba(0,123,255,0.2)\" stroke-miterlimit=\"10\" stroke-width=\"1\"\/>\n    <path id=\"Pfad_85\" data-name=\"Pfad 85\" d=\"M-484.324-90.858c121.661,37.747,229.6,110.471,336.783,179.309S70.891,225.527,188.982,247.173c101.387,18.585,203.741-.378,306.734-42.759,46.5-19.206,90.639-42.687,135.561-62.478,37.822-16.569,74.2-29.972,110.083-40.25C798.726,85.252,856.5,75.994,917.08,71.6q10.711-.753,21.594-1.3c69.071-3.427,144.275.48,217.085,20.865,98.829,27.662,185.376,82.974,271.7,134.175,128.464,76.131,262.817,146.464,397.216,216.4\" transform=\"translate(372.211 240.509)\" fill=\"none\" stroke=\"rgba(0,123,255,0.2)\" stroke-miterlimit=\"10\" stroke-width=\"1\"\/>\n    <path id=\"Pfad_86\" data-name=\"Pfad 86\" d=\"M-485.094-77.221C-365.08-38.34-258.638,34.28-152.041,101.987S66.286,235.725,183.827,253.539c101.918,15.442,203.095-8.361,305.571-51.759,46.3-19.671,90.546-42.911,135.871-61.759a758.8,758.8,0,0,1,111.21-36.678C794.345,89.293,852.451,82.889,913.026,80.8q10.713-.347,21.59-.508c69.027-.988,143.865,4.619,216.532,25.432,98.618,28.243,185.917,82,272.919,132.083,129.5,74.481,264.287,143.914,398.369,214.365\" transform=\"translate(372.221 240.355)\" fill=\"none\" stroke=\"rgba(0,123,255,0.2)\" stroke-miterlimit=\"10\" stroke-width=\"1\"\/>\n    <path id=\"Pfad_87\" data-name=\"Pfad 87\" d=\"M-485.868-63.583C-367.5-23.569-262.549,48.948-156.548,115.524S61.691,245.889,178.674,259.9c102.453,12.268,202.446-16.346,304.408-60.754C529.178,179,573.531,156,619.26,138.1A670.786,670.786,0,0,1,731.6,105C789.96,93.332,848.4,89.782,908.969,90q10.713.062,21.585.286c69,1.452,143.463,8.756,215.98,30,98.411,28.829,186.46,81.019,274.147,129.988,130.543,72.829,265.756,141.362,399.529,212.336\" transform=\"translate(372.231 240.377)\" fill=\"none\" stroke=\"rgba(0,123,255,0.2)\" stroke-miterlimit=\"10\" stroke-width=\"1\"\/>\n    <path id=\"Pfad_88\" data-name=\"Pfad 88\" d=\"M-486.635-49.947c116.716,41.145,220.179,113.563,325.6,179S57.1,256.014,173.524,266.26c102.992,9.064,201.8-24.328,303.241-69.749,45.894-20.61,90.357-43.367,136.485-60.337a601.7,601.7,0,0,1,113.465-29.527c58.86-9.288,117.629-9.974,178.2-7.454q10.716.47,21.583,1.079c68.954,3.895,143.057,12.9,215.423,34.571,98.2,29.411,187,80.039,275.37,127.894,131.582,71.183,267.23,138.817,400.687,210.3\" transform=\"translate(372.24 240.207)\" fill=\"none\" stroke=\"rgba(0,123,255,0.2)\" stroke-miterlimit=\"10\" stroke-width=\"1\"\/>\n    <path id=\"Pfad_89\" data-name=\"Pfad 89\" d=\"M-487.41-36.307C-372.346,5.97-270.371,78.282-165.546,142.6S52.5,266.106,168.37,272.624C271.9,278.45,369.525,240.31,470.453,193.878c45.693-21.077,90.258-43.6,136.793-59.615a546.619,546.619,0,0,1,114.6-25.948c59.359-6.913,118.458-4.74,179.023.09q10.718.876,21.578,1.87c68.918,6.335,142.656,17.035,214.87,39.141,97.994,29.992,187.54,79.064,276.594,125.8,132.617,69.534,268.694,136.269,401.839,208.277\" transform=\"translate(372.25 240.037)\" fill=\"none\" stroke=\"rgba(0,123,255,0.2)\" stroke-miterlimit=\"10\" stroke-width=\"1\"\/>\n    <path id=\"Pfad_90\" data-name=\"Pfad 90\" d=\"M-488.184-22.669c113.416,43.41,213.9,115.62,318.136,178.8S47.918,276.158,163.218,278.984c104.074,2.551,200.5-40.3,300.92-87.741,45.489-21.548,90.159-43.827,137.1-58.9a502.154,502.154,0,0,1,115.726-22.375c59.856-4.542,119.284.5,179.85,7.635q10.718,1.284,21.572,2.666c68.878,8.777,142.249,21.174,214.313,43.71,97.787,30.572,188.087,78.082,277.819,123.7,133.657,67.887,270.161,133.721,403,206.245\" transform=\"translate(372.26 239.866)\" fill=\"none\" stroke=\"rgba(0,123,255,0.2)\" stroke-miterlimit=\"10\" stroke-width=\"1\"\/>\n    <path id=\"Pfad_91\" data-name=\"Pfad 91\" d=\"M-488.959-9.03c111.769,44.537,210.766,116.643,314.41,178.7S43.312,286.177,158.065,285.35c104.61-.754,199.856-48.281,299.757-96.735,45.287-22.021,90.066-44.057,137.409-58.189a465.9,465.9,0,0,1,116.854-18.8c60.356-2.177,120.113,5.74,180.671,15.179q10.723,1.692,21.574,3.456c68.838,11.217,141.845,25.314,213.756,48.281,97.576,31.157,188.628,77.106,279.044,121.606,134.7,66.238,271.628,131.171,404.146,204.217\" transform=\"translate(372.269 239.696)\" fill=\"none\" stroke=\"rgba(0,123,255,0.2)\" stroke-miterlimit=\"10\" stroke-width=\"1\"\/>\n    <path id=\"Pfad_92\" data-name=\"Pfad 92\" d=\"M-489.727,4.606C-379.611,50.279-282.1,122.282-179.051,183.2S38.7,296.16,152.916,291.712c105.135-4.1,199.207-56.266,298.594-105.731,45.086-22.489,89.971-44.284,137.714-57.473,40.352-11.08,79.483-15.342,117.983-15.226,60.861.188,120.943,10.981,181.5,22.725q10.727,2.1,21.569,4.246c68.8,13.662,141.444,29.454,213.2,52.847,97.368,31.739,189.17,76.127,280.268,119.511,135.735,64.59,273.1,128.621,405.311,202.186\" transform=\"translate(372.279 239.525)\" fill=\"none\" stroke=\"rgba(0,123,255,0.2)\" stroke-miterlimit=\"10\" stroke-width=\"1\"\/>\n    <path id=\"Pfad_93\" data-name=\"Pfad 93\" d=\"M-490.5,18.244c108.468,46.8,204.487,118.71,306.948,178.5S34.079,306.106,147.763,298.075c105.648-7.468,198.559-64.248,297.437-114.726,44.882-22.959,89.876-44.516,138.021-56.761,40.713-10.293,80.24-13.26,119.11-11.653C763.694,117.48,824.1,131.157,884.652,145.2l21.566,5.036c68.761,16.1,141.038,33.594,212.652,57.418,97.16,32.32,189.712,75.149,281.493,117.415,136.77,62.942,274.568,126.074,406.465,200.157\" transform=\"translate(372.288 239.355)\" fill=\"none\" stroke=\"rgba(0,123,255,0.2)\" stroke-miterlimit=\"10\" stroke-width=\"1\"\/>\n    <path id=\"Pfad_94\" data-name=\"Pfad 94\" d=\"M-491.273,31.882c106.822,47.938,201.347,119.733,303.218,178.4s217.49,105.751,330.665,94.16c106.148-10.87,197.914-72.233,296.269-123.72,44.678-23.428,89.779-44.743,138.329-56.049,41.08-9.508,81-11.181,120.239-8.074,61.867,4.9,122.6,21.461,183.147,37.814q10.734,2.913,21.56,5.826c68.723,18.54,140.636,37.732,212.1,61.989,96.952,32.9,190.254,74.169,282.717,115.319,137.813,61.293,276.038,123.524,407.622,198.128\" transform=\"translate(372.298 239.185)\" fill=\"none\" stroke=\"rgba(0,123,255,0.2)\" stroke-miterlimit=\"10\" stroke-width=\"1\"\/>\n    <path id=\"Pfad_95\" data-name=\"Pfad 95\" d=\"M-492.044,45.52c105.17,49.07,198.208,120.764,299.488,178.3S24.776,325.924,137.458,310.8c106.629-14.312,197.263-80.217,295.107-132.715,44.479-23.9,89.683-44.973,138.634-55.333,41.437-8.726,81.759-9.107,121.371-4.5,62.374,7.252,123.431,26.7,183.973,45.357q10.733,3.319,21.559,6.627c68.685,20.981,140.232,41.87,211.542,66.558,96.743,33.483,190.8,73.191,283.944,113.224,138.851,59.645,277.506,120.976,408.777,196.1\" transform=\"translate(372.308 239.014)\" fill=\"none\" stroke=\"rgba(0,123,255,0.2)\" stroke-miterlimit=\"10\" stroke-width=\"1\"\/>\n    <path id=\"Pfad_96\" data-name=\"Pfad 96\" d=\"M-492.817,59.155c103.518,50.21,195.069,121.8,295.757,178.191s217.153,98.444,329.365,79.813c107.087-17.775,196.621-88.2,293.942-141.707,44.277-24.37,89.589-45.2,138.942-54.62,41.8-7.94,82.531-7.094,122.5-.926,62.9,9.5,124.259,31.938,184.792,52.9q10.744,3.725,21.558,7.416c68.644,23.424,139.831,46.018,210.989,71.126,96.535,34.071,191.335,72.214,285.167,111.132,139.891,58,278.979,118.426,409.935,194.067\" transform=\"translate(372.317 238.844)\" fill=\"none\" stroke=\"rgba(0,123,255,0.2)\" stroke-miterlimit=\"10\" stroke-width=\"1\"\/>\n    <path id=\"Pfad_97\" data-name=\"Pfad 97\" d=\"M-493.587,72.795c101.866,51.336,191.926,122.822,292.028,178.093s216.944,94.747,328.714,72.64c107.524-21.269,195.972-96.183,292.782-150.705,44.075-24.84,89.493-45.431,139.25-53.905,42.16-7.156,83.291-5,123.626,2.649,63.416,11.884,125.087,37.178,185.618,60.444q10.742,4.137,21.554,8.212c68.607,25.863,139.422,50.148,210.438,75.69,96.323,34.649,191.88,71.233,286.393,109.034,140.927,56.345,280.445,115.877,411.09,192.036\" transform=\"translate(372.327 238.674)\" fill=\"none\" stroke=\"rgba(0,123,255,0.2)\" stroke-miterlimit=\"10\" stroke-width=\"1\"\/>\n    <path id=\"Pfad_98\" data-name=\"Pfad 98\" d=\"M-494.36,86.433c100.215,52.468,188.788,123.853,288.3,177.992S10.645,355.463,122,329.89C229.937,305.1,317.332,225.721,413.622,170.19c43.874-25.31,89.4-45.66,139.557-53.191,42.522-6.372,84.054-2.905,124.757,6.221,63.925,14.266,125.917,42.416,186.441,67.991q10.744,4.543,21.548,9.005c68.567,28.3,139.018,54.289,209.88,80.265,96.117,35.231,192.422,70.251,287.617,106.937,141.967,54.7,281.917,113.33,412.248,190.008\" transform=\"translate(372.337 238.503)\" fill=\"none\" stroke=\"rgba(0,123,255,0.2)\" stroke-miterlimit=\"10\" stroke-width=\"1\"\/>\n    <path id=\"Pfad_99\" data-name=\"Pfad 99\" d=\"M-495.133,100.071c98.567,53.6,185.651,124.883,284.57,177.89S5.883,365.27,116.853,336.253c157.7-41.24,268.862-200.138,430.319-221.171,110.165-14.352,214.055,39.687,313.151,85.333,305.789,140.854,644.908,216.326,933.118,387.449\" transform=\"translate(372.346 238.333)\" fill=\"none\" stroke=\"rgba(0,123,255,0.2)\" stroke-miterlimit=\"10\" stroke-width=\"1\"\/>\n<\/svg><\/div><div class=\"container absolute top-0 h-full left-1\/2 translate-x-[-50%] z-[-1]\"><div class=\"absolute top-0 right-1\/2 h-full w-1\/2 bg-gradient-to-l from-transparent to-gray-50 z-[-1]\"><\/div><div class=\"absolute top-0 right-full h-full w-[calc((100vw-100%)\/2)] bg-gray-50 z-[-1]\"><\/div><\/div><\/div><\/div>\n\n\n\n<div class=\"wp-block-trk17-bansbach-theme-common-text\"><div class=\"container py-[10px] md:py-[15px] text-dark\"><h2  class=\"md:pb-[10px] text-h5 small-headline uppercase text-blue value-smallHeadline\">Bansbach easylift \u00fcbernimmt D\u00e4nischen<br>Hersteller von Elektro Aktuatoren<\/h2><div class=\"text-block-content md:pb-[20px]\">\n<p>A Bansbach easylift GmbH adquire o fabricante dinamarqu\u00eas de actuadores el\u00e9ctricos Concens A\/S em Esbjerg com efeitos retroactivos a partir de 1 de janeiro de 2022, refor\u00e7ando assim o neg\u00f3cio de actuadores el\u00e9ctricos a longo prazo.<\/p>\n<\/div><div class=\"flex flex-wrap\"><\/div><\/div><\/div>\n<\/div><\/div>\n\n\n\n<div class=\"sm:w-[calc(50%-30px)]\"><div class=\"mx-[-15px] w-[calc(100%+30px)]\">\n<div class=\"wp-block-trk17-bansbach-theme-common-image-text\"><div class=\"relative z-[1] overflow-hidden mb-[50px] md:mb-[100px]\"><div class=\"container text-dark \"><div class=\"inline-block align-middle w-full \"><img decoding=\"async\" src=\"https:\/\/www.bansbach.com\/wp-content\/uploads\/2022\/11\/Concens-Bansbach-80x60.jpg\" srcset=\"https:\/\/www.bansbach.com\/wp-content\/uploads\/2022\/11\/Concens-Bansbach-80x60.jpg 80w, https:\/\/www.bansbach.com\/wp-content\/uploads\/2022\/11\/Concens-Bansbach-239x180.jpg 239w, https:\/\/www.bansbach.com\/wp-content\/uploads\/2022\/11\/Concens-Bansbach-398x300.jpg 398w, https:\/\/www.bansbach.com\/wp-content\/uploads\/2022\/11\/Concens-Bansbach-398x300.jpg 398w, https:\/\/www.bansbach.com\/wp-content\/uploads\/2022\/11\/Concens-Bansbach-480x361.jpg 480w, https:\/\/www.bansbach.com\/wp-content\/uploads\/2022\/11\/Concens-Bansbach-720x542.jpg 720w, https:\/\/www.bansbach.com\/wp-content\/uploads\/2022\/11\/Concens-Bansbach-770x580.jpg 770w, https:\/\/www.bansbach.com\/wp-content\/uploads\/2022\/11\/Concens-Bansbach-959x722.jpg 959w, https:\/\/www.bansbach.com\/wp-content\/uploads\/2022\/11\/Concens-Bansbach-1280x964.jpg 1280w, https:\/\/www.bansbach.com\/wp-content\/uploads\/2022\/11\/Concens-Bansbach-1700x1280.jpg 1700w\" sizes=\"95vw\" alt=\"\" loading=\"lazy\"><\/div><\/div><\/div><\/div>\n<\/div><\/div>\n<\/div><\/div>\n\n<div class=\"wp-block-trk17-bansbach-theme-common-text\"><div class=\"container py-[10px] md:py-[15px] text-dark\"><h2  class=\"md:pb-[10px] text-h5 small-headline uppercase text-blue value-smallHeadline\">Langfristige Investition<\/h2><div class=\"text-block-content md:pb-[20px]\">\n<p>A Concens A\/S tem vindo a desenvolver e a produzir actuadores el\u00e9ctricos personalizados desde 2003. A Bansbach j\u00e1 trabalha com muito sucesso com a Concens h\u00e1 mais de 5 anos como copropriet\u00e1ria e est\u00e1 agora a expandir estrategicamente esta coopera\u00e7\u00e3o atrav\u00e9s da aquisi\u00e7\u00e3o completa. <\/p>\n<\/div><div class=\"flex flex-wrap\"><\/div><\/div><\/div>\n\n<div class=\"wp-block-trk17-bansbach-theme-common-columns\"><div class=\"container sm:flex sm:justify-between relative\">\n<div class=\"sm:w-[calc(50%-30px)]\"><div class=\"mx-[-15px] w-[calc(100%+30px)]\">\n<div class=\"wp-block-trk17-bansbach-theme-common-image-text\"><div class=\"relative z-[1] overflow-hidden mb-[50px] md:mb-[100px]\"><div class=\"container text-dark \"><div class=\"inline-block align-middle w-full \"><img decoding=\"async\" src=\"https:\/\/www.bansbach.com\/wp-content\/uploads\/2022\/11\/Bild3-80x60.jpg\" srcset=\"https:\/\/www.bansbach.com\/wp-content\/uploads\/2022\/11\/Bild3-80x60.jpg 80w, https:\/\/www.bansbach.com\/wp-content\/uploads\/2022\/11\/Bild3-240x180.jpg 240w, https:\/\/www.bansbach.com\/wp-content\/uploads\/2022\/11\/Bild3-400x300.jpg 400w, https:\/\/www.bansbach.com\/wp-content\/uploads\/2022\/11\/Bild3-400x300.jpg 400w, https:\/\/www.bansbach.com\/wp-content\/uploads\/2022\/11\/Bild3-480x360.jpg 480w, https:\/\/www.bansbach.com\/wp-content\/uploads\/2022\/11\/Bild3-720x540.jpg 720w, https:\/\/www.bansbach.com\/wp-content\/uploads\/2022\/11\/Bild3-773x580.jpg 773w, https:\/\/www.bansbach.com\/wp-content\/uploads\/2022\/11\/Bild3-959x719.jpg 959w, https:\/\/www.bansbach.com\/wp-content\/uploads\/2022\/11\/Bild3-1280x960.jpg 1280w, https:\/\/www.bansbach.com\/wp-content\/uploads\/2022\/11\/Bild3-1707x1280.jpg 1707w\" sizes=\"95vw\" alt=\"\" loading=\"lazy\"><\/div><\/div><\/div><\/div>\n<\/div><\/div>\n\n\n\n<div class=\"sm:w-[calc(50%-30px)]\"><div class=\"mx-[-15px] w-[calc(100%+30px)]\">\n<div class=\"wp-block-trk17-bansbach-theme-common-text\"><div class=\"container py-[10px] md:py-[15px] text-dark\"><div class=\"text-block-content md:pb-[20px]\">\n<p>Anna Bansbach, Diretora-Geral da quarta gera\u00e7\u00e3o da empresa familiar, acrescenta: &#8220;O objetivo agora \u00e9 utilizar ainda melhor a experi\u00eancia e as sinergias m\u00fatuas para continuar a crescer em conjunto e continuar a escrever as hist\u00f3rias de sucesso de longa data de ambas as empresas. Estamos ansiosos por trabalhar ainda mais de perto com os nossos colegas na Dinamarca, com os quais os nossos empregados em Lorch tamb\u00e9m ir\u00e3o beneficiar a longo prazo.&#8221;<\/p><p><\/p><p><\/p><p>&#8220;Como tudo na empresa familiar Bansbach, esta aquisi\u00e7\u00e3o \u00e9 um investimento a longo prazo que ir\u00e1 beneficiar tanto a unidade de produ\u00e7\u00e3o de Lorch como Esbjerg.&#8221; Diz Edgar Hahn-Bansbach, propriet\u00e1rio e diretor-geral da Bansbach easylift. A diversifica\u00e7\u00e3o de produtos da Bansbach easylift continuar\u00e1 a ser impulsionada para complementar a bem sucedida produ\u00e7\u00e3o de molas a g\u00e1s de uma forma significativa e sustent\u00e1vel e para refor\u00e7ar e expandir ainda mais as instala\u00e7\u00f5es na Dinamarca e em Lorch, na Su\u00e1bia, com mais de 300 empregados, a longo prazo.  <\/p>\n<\/div><div class=\"flex flex-wrap\"><\/div><\/div><\/div>\n<\/div><\/div>\n<\/div><\/div>\n","protected":false},"excerpt":{"rendered":"","protected":false},"author":3,"featured_media":0,"parent":20460,"menu_order":10,"comment_status":"closed","ping_status":"closed","template":"","meta":{"_seopress_robots_primary_cat":"","_seopress_titles_title":"","_seopress_titles_desc":"","_seopress_robots_index":"","footnotes":""},"class_list":["post-20956","page","type-page","status-publish","hentry"],"_links":{"self":[{"href":"https:\/\/www.bansbach.com\/pt-pt\/wp-json\/wp\/v2\/pages\/20956","targetHints":{"allow":["GET"]}}],"collection":[{"href":"https:\/\/www.bansbach.com\/pt-pt\/wp-json\/wp\/v2\/pages"}],"about":[{"href":"https:\/\/www.bansbach.com\/pt-pt\/wp-json\/wp\/v2\/types\/page"}],"author":[{"embeddable":true,"href":"https:\/\/www.bansbach.com\/pt-pt\/wp-json\/wp\/v2\/users\/3"}],"replies":[{"embeddable":true,"href":"https:\/\/www.bansbach.com\/pt-pt\/wp-json\/wp\/v2\/comments?post=20956"}],"version-history":[{"count":3,"href":"https:\/\/www.bansbach.com\/pt-pt\/wp-json\/wp\/v2\/pages\/20956\/revisions"}],"predecessor-version":[{"id":24627,"href":"https:\/\/www.bansbach.com\/pt-pt\/wp-json\/wp\/v2\/pages\/20956\/revisions\/24627"}],"up":[{"embeddable":true,"href":"https:\/\/www.bansbach.com\/pt-pt\/wp-json\/wp\/v2\/pages\/20460"}],"wp:attachment":[{"href":"https:\/\/www.bansbach.com\/pt-pt\/wp-json\/wp\/v2\/media?parent=20956"}],"curies":[{"name":"wp","href":"https:\/\/api.w.org\/{rel}","templated":true}]}}