{"id":20960,"date":"2022-10-19T15:27:50","date_gmt":"2022-10-19T13:27:50","guid":{"rendered":"https:\/\/b37i6suw.myrdbx.io\/a-empresa\/retratos\/hermann-bansbach-junior\/"},"modified":"2026-01-30T07:49:09","modified_gmt":"2026-01-30T06:49:09","slug":"hermann-bansbach-junior","status":"publish","type":"page","link":"https:\/\/www.bansbach.com\/pt-pt\/a-empresa\/retratos\/hermann-bansbach-junior\/","title":{"rendered":"Hermann Bansbach (J\u00fanior)"},"content":{"rendered":"\n<div class=\"wp-block-trk17-bansbach-theme-common-headline\"><div class=\"container mt-[50px] md:mt-[80px] mb-[50px] text-dark text-left\"><h2 class=\"pb-[10px] text-h5 small-headline uppercase text-blue\">1954 &#8211; 1994<\/h2><div class=\"headline headline text-h2 md:text-h2-40 font-bold\">Hermann Bansbach (J\u00fanior)<\/div><\/div><\/div>\n\n<div class=\"wp-block-trk17-bansbach-theme-common-columns\"><div class=\"container sm:flex sm:justify-between relative\">\n<div class=\"sm:w-[calc(25%-30px)]\"><div class=\"mx-[-15px] w-[calc(100%+30px)]\">\n<div class=\"wp-block-trk17-bansbach-theme-common-image-text\"><div class=\"relative z-[1] overflow-hidden mb-[50px] md:mb-[100px]\"><div class=\"container text-dark \"><div class=\"inline-block align-middle w-full \"><img decoding=\"async\" src=\"https:\/\/www.bansbach.com\/wp-content\/uploads\/2022\/08\/portrait-hermann-bansbach-jr-60x80.jpg\" srcset=\"https:\/\/www.bansbach.com\/wp-content\/uploads\/2022\/08\/portrait-hermann-bansbach-jr-60x80.jpg 60w, https:\/\/www.bansbach.com\/wp-content\/uploads\/2022\/08\/portrait-hermann-bansbach-jr-135x180.jpg 135w, https:\/\/www.bansbach.com\/wp-content\/uploads\/2022\/08\/portrait-hermann-bansbach-jr-225x300.jpg 225w, https:\/\/www.bansbach.com\/wp-content\/uploads\/2022\/08\/portrait-hermann-bansbach-jr-225x300.jpg 225w, https:\/\/www.bansbach.com\/wp-content\/uploads\/2022\/08\/portrait-hermann-bansbach-jr-435x580.jpg 435w, https:\/\/www.bansbach.com\/wp-content\/uploads\/2022\/08\/portrait-hermann-bansbach-jr-480x640.jpg 480w, https:\/\/www.bansbach.com\/wp-content\/uploads\/2022\/08\/portrait-hermann-bansbach-jr-600x800.jpg 600w, https:\/\/www.bansbach.com\/wp-content\/uploads\/2022\/08\/portrait-hermann-bansbach-jr-600x800.jpg 600w, https:\/\/www.bansbach.com\/wp-content\/uploads\/2022\/08\/portrait-hermann-bansbach-jr-600x800.jpg 600w, https:\/\/www.bansbach.com\/wp-content\/uploads\/2022\/08\/portrait-hermann-bansbach-jr-600x800.jpg 600w\" sizes=\"95vw\" alt=\"Portrait von Hermann Bansbach.\" loading=\"lazy\"><\/div><\/div><\/div><\/div>\n<\/div><\/div>\n\n\n\n<div class=\"sm:w-[calc(75%-30px)]\"><div class=\"mx-[-15px] w-[calc(100%+30px)]\">\n<div class=\"wp-block-trk17-bansbach-theme-common-text\"><div class=\"container py-[10px] md:py-[15px] text-dark\"><div class=\"text-block-content md:pb-[20px]\">\n<p>Hermann Bansbach (j\u00fanior), filho do fundador Hermann Bansbach (s\u00e9nior), nasceu a 30 de outubro de 1930 em Bad Cannstatt. Desde muito cedo, ficou claro que ele iria liderar a empresa dos seus pais no futuro. Depois de ter conclu\u00eddo com \u00eaxito os seus estudos de engenharia mec\u00e2nica em Esslingen, em 1953, Hermann Bansbach (j\u00fanior) adquiriu a sua primeira experi\u00eancia profissional como engenheiro graduado na Carl Zeiss. Entra na empresa dos seus pais em 1954. Durante os 40 anos em que esteve \u00e0 frente da sua empresa, Hermann Bansbach (jun.) tomou duas decis\u00f5es muito importantes e inovadoras: Mudou a empresa para Lorch, o que permitiu um crescimento a longo prazo.    <\/p><p>A mola a g\u00e1s introduzida por Hermann Bansbach (jun.) em 1966 teve uma influ\u00eancia decisiva na empresa e foi um dos primeiros fabricantes de molas a g\u00e1s. A empresa evoluiu rapidamente de um fabricante contratado de pe\u00e7as torneadas produzidas em s\u00e9rie para um fornecedor completo de molas a g\u00e1s personalizadas. O engenheiro Hermann Bansbach (j\u00fanior) esteve \u00e0 frente da empresa como propriet\u00e1rio e diretor-geral de 1954 a 1994 e teve uma influ\u00eancia duradoura na empresa. Ao longo dos anos, a empresa cresceu de uma pequena oficina para uma empresa de m\u00e9dia dimens\u00e3o com um enorme potencial de desenvolvimento.   <\/p>\n<\/div><div class=\"flex flex-wrap\"><a  class=\"w-full md:w-auto btn value-buttonTitle1\" href=\"\/unternehmen\/portraits\/\" title=\"Zur\u00fcck zur \u00dcbersicht\" rel=\"noopener\">Zur\u00fcck zur \u00dcbersicht<\/a><\/div><\/div><\/div>\n<\/div><\/div>\n<\/div><\/div>\n","protected":false},"excerpt":{"rendered":"","protected":false},"author":1,"featured_media":0,"parent":20949,"menu_order":20,"comment_status":"closed","ping_status":"closed","template":"","meta":{"_seopress_robots_primary_cat":"","_seopress_titles_title":"","_seopress_titles_desc":"","_seopress_robots_index":"","footnotes":""},"class_list":["post-20960","page","type-page","status-publish","hentry"],"_links":{"self":[{"href":"https:\/\/www.bansbach.com\/pt-pt\/wp-json\/wp\/v2\/pages\/20960","targetHints":{"allow":["GET"]}}],"collection":[{"href":"https:\/\/www.bansbach.com\/pt-pt\/wp-json\/wp\/v2\/pages"}],"about":[{"href":"https:\/\/www.bansbach.com\/pt-pt\/wp-json\/wp\/v2\/types\/page"}],"author":[{"embeddable":true,"href":"https:\/\/www.bansbach.com\/pt-pt\/wp-json\/wp\/v2\/users\/1"}],"replies":[{"embeddable":true,"href":"https:\/\/www.bansbach.com\/pt-pt\/wp-json\/wp\/v2\/comments?post=20960"}],"version-history":[{"count":3,"href":"https:\/\/www.bansbach.com\/pt-pt\/wp-json\/wp\/v2\/pages\/20960\/revisions"}],"predecessor-version":[{"id":24620,"href":"https:\/\/www.bansbach.com\/pt-pt\/wp-json\/wp\/v2\/pages\/20960\/revisions\/24620"}],"up":[{"embeddable":true,"href":"https:\/\/www.bansbach.com\/pt-pt\/wp-json\/wp\/v2\/pages\/20949"}],"wp:attachment":[{"href":"https:\/\/www.bansbach.com\/pt-pt\/wp-json\/wp\/v2\/media?parent=20960"}],"curies":[{"name":"wp","href":"https:\/\/api.w.org\/{rel}","templated":true}]}}