{"id":20969,"date":"2022-10-19T15:29:39","date_gmt":"2022-10-19T13:29:39","guid":{"rendered":"https:\/\/b37i6suw.myrdbx.io\/a-empresa\/retratos\/gottlieb-schramm-hermann-bansbach-senior\/"},"modified":"2026-01-30T07:49:10","modified_gmt":"2026-01-30T06:49:10","slug":"gottlieb-schramm-hermann-bansbach-senior","status":"publish","type":"page","link":"https:\/\/www.bansbach.com\/pt-pt\/a-empresa\/retratos\/gottlieb-schramm-hermann-bansbach-senior\/","title":{"rendered":"Gottlieb Schramm &amp; Hermann Bansbach (S\u00e9nior)"},"content":{"rendered":"\n<div class=\"wp-block-trk17-bansbach-theme-common-headline\"><div class=\"container mt-[50px] md:mt-[80px] mb-[50px] text-dark text-left\"><h2 class=\"pb-[10px] text-h5 small-headline uppercase text-blue\">1919 &#8211; 1954<\/h2><div class=\"headline headline text-h2 md:text-h2-40 font-bold\">Gottlieb Schramm &amp; Hermann Bansbach (S\u00e9nior)<\/div><\/div><\/div>\n\n<div class=\"wp-block-trk17-bansbach-theme-common-columns\"><div class=\"container sm:flex sm:justify-between relative\">\n<div class=\"sm:w-[calc(25%-30px)]\"><div class=\"mx-[-15px] w-[calc(100%+30px)]\">\n<div class=\"wp-block-trk17-bansbach-theme-common-image-text\"><div class=\"relative z-[1] overflow-hidden mb-[50px] md:mb-[100px]\"><div class=\"container text-dark \"><div class=\"inline-block align-middle w-full \"><img decoding=\"async\" src=\"https:\/\/www.bansbach.com\/wp-content\/uploads\/2022\/08\/portrait-hermann-bansbach-senior-junior-60x80.jpg\" srcset=\"https:\/\/www.bansbach.com\/wp-content\/uploads\/2022\/08\/portrait-hermann-bansbach-senior-junior-60x80.jpg 60w, https:\/\/www.bansbach.com\/wp-content\/uploads\/2022\/08\/portrait-hermann-bansbach-senior-junior-135x180.jpg 135w, https:\/\/www.bansbach.com\/wp-content\/uploads\/2022\/08\/portrait-hermann-bansbach-senior-junior-225x300.jpg 225w, https:\/\/www.bansbach.com\/wp-content\/uploads\/2022\/08\/portrait-hermann-bansbach-senior-junior-225x300.jpg 225w, https:\/\/www.bansbach.com\/wp-content\/uploads\/2022\/08\/portrait-hermann-bansbach-senior-junior-435x580.jpg 435w, https:\/\/www.bansbach.com\/wp-content\/uploads\/2022\/08\/portrait-hermann-bansbach-senior-junior-480x640.jpg 480w, https:\/\/www.bansbach.com\/wp-content\/uploads\/2022\/08\/portrait-hermann-bansbach-senior-junior-600x800.jpg 600w, https:\/\/www.bansbach.com\/wp-content\/uploads\/2022\/08\/portrait-hermann-bansbach-senior-junior-600x800.jpg 600w, https:\/\/www.bansbach.com\/wp-content\/uploads\/2022\/08\/portrait-hermann-bansbach-senior-junior-600x800.jpg 600w, https:\/\/www.bansbach.com\/wp-content\/uploads\/2022\/08\/portrait-hermann-bansbach-senior-junior-600x800.jpg 600w\" sizes=\"95vw\" alt=\"Portrait von Hermann Bansbach Senior und Junior.\" loading=\"lazy\"><\/div><\/div><\/div><\/div>\n<\/div><\/div>\n\n\n\n<div class=\"sm:w-[calc(75%-30px)]\"><div class=\"mx-[-15px] w-[calc(100%+30px)]\">\n<div class=\"wp-block-trk17-bansbach-theme-common-text\"><div class=\"container py-[10px] md:py-[15px] text-dark\"><div class=\"text-block-content md:pb-[20px]\">\n<p>Hermann Bansbach (mais velho) e o seu sogro Gottlieb Schramm fundaram a &#8220;Schramm und Bansbach Apparatebau&#8221;, uma verdadeira empresa familiar, em Bad Cannstatt, em 1919: Naquela \u00e9poca dif\u00edcil, foi certamente uma grande aventura e um grande risco. Para a gera\u00e7\u00e3o fundadora, a principal prioridade nos primeiros anos era sobreviver e assegurar a continuidade da empresa incipiente. Gra\u00e7as \u00e0 inventividade e flexibilidade dos dois fundadores, a empresa conseguiu sobreviver \u00e0s crises econ\u00f3micas globais durante a Rep\u00fablica de Weimar e \u00e0 Segunda Guerra Mundial.  <\/p><p>Gottlieb Schramm e Hermann Bansbach (s\u00e9nior) adaptaram sempre a gama de produtos \u00e0s exig\u00eancias do mercado. Produziam o que era procurado. A entrada na produ\u00e7\u00e3o de pe\u00e7as torneadas em s\u00e9rie foi j\u00e1 a base para a produ\u00e7\u00e3o posterior da mola a g\u00e1s Bansbach, embora os fundadores n\u00e3o se tivessem apercebido disso na altura. Em 1954, quando Hermann Bansbach (Sr.) j\u00e1 n\u00e3o podia continuar a gerir a empresa devido a problemas de sa\u00fade, entregou ao seu filho Hermann Bansbach (Jr.) uma base est\u00e1vel, sobre a qual este viria a construir com sucesso.   <\/p>\n<\/div><div class=\"flex flex-wrap\"><a  class=\"w-full md:w-auto btn value-buttonTitle1\" href=\"\/unternehmen\/portraits\/\" title=\"Zur\u00fcck zur \u00dcbersicht\" rel=\"noopener\">Zur\u00fcck zur \u00dcbersicht<\/a><\/div><\/div><\/div>\n<\/div><\/div>\n<\/div><\/div>\n","protected":false},"excerpt":{"rendered":"","protected":false},"author":1,"featured_media":0,"parent":20949,"menu_order":10,"comment_status":"closed","ping_status":"closed","template":"","meta":{"_seopress_robots_primary_cat":"","_seopress_titles_title":"","_seopress_titles_desc":"","_seopress_robots_index":"","footnotes":""},"class_list":["post-20969","page","type-page","status-publish","hentry"],"_links":{"self":[{"href":"https:\/\/www.bansbach.com\/pt-pt\/wp-json\/wp\/v2\/pages\/20969","targetHints":{"allow":["GET"]}}],"collection":[{"href":"https:\/\/www.bansbach.com\/pt-pt\/wp-json\/wp\/v2\/pages"}],"about":[{"href":"https:\/\/www.bansbach.com\/pt-pt\/wp-json\/wp\/v2\/types\/page"}],"author":[{"embeddable":true,"href":"https:\/\/www.bansbach.com\/pt-pt\/wp-json\/wp\/v2\/users\/1"}],"replies":[{"embeddable":true,"href":"https:\/\/www.bansbach.com\/pt-pt\/wp-json\/wp\/v2\/comments?post=20969"}],"version-history":[{"count":3,"href":"https:\/\/www.bansbach.com\/pt-pt\/wp-json\/wp\/v2\/pages\/20969\/revisions"}],"predecessor-version":[{"id":24624,"href":"https:\/\/www.bansbach.com\/pt-pt\/wp-json\/wp\/v2\/pages\/20969\/revisions\/24624"}],"up":[{"embeddable":true,"href":"https:\/\/www.bansbach.com\/pt-pt\/wp-json\/wp\/v2\/pages\/20949"}],"wp:attachment":[{"href":"https:\/\/www.bansbach.com\/pt-pt\/wp-json\/wp\/v2\/media?parent=20969"}],"curies":[{"name":"wp","href":"https:\/\/api.w.org\/{rel}","templated":true}]}}