{"id":21124,"date":"2023-12-08T11:16:30","date_gmt":"2023-12-08T10:16:30","guid":{"rendered":"https:\/\/b37i6suw.myrdbx.io\/codigo-de-conduta-bansbach-easylift-gmbh\/"},"modified":"2026-02-02T14:12:05","modified_gmt":"2026-02-02T13:12:05","slug":"codigo-de-conduta-bansbach-easylift-gmbh","status":"publish","type":"page","link":"https:\/\/www.bansbach.com\/pt-pt\/a-empresa\/ambiente-e-sustentabilidade\/codigo-de-conduta-bansbach-easylift-gmbh\/","title":{"rendered":"C\u00f3digo de Conduta Bansbach easylift GmbH"},"content":{"rendered":"\n<div class=\"wp-block-trk17-bansbach-theme-common-columns\"><div class=\"container sm:flex sm:justify-between relative\">\n<div class=\"sm:w-[calc(25%-30px)]\"><div class=\"mx-[-15px] w-[calc(100%+30px)]\"><\/div><\/div>\n\n\n\n<div class=\"sm:w-[calc(50%-30px)]\"><div class=\"mx-[-15px] w-[calc(100%+30px)]\">\n<div class=\"wp-block-trk17-bansbach-theme-common-text\"><div class=\"container py-[10px] md:py-[15px] text-dark\"><h2  class=\"md:pb-[10px] text-h5 small-headline uppercase text-blue value-smallHeadline\">C\u00f3digo de Conduta<\/h2><div  class=\"headline headline font-bold text-h2 mb-[30px] value-headline\">Bansbach easylift GmbH<\/div><div class=\"text-block-content md:pb-[20px]\"><\/div><div class=\"flex flex-wrap\"><\/div><\/div><\/div>\n\n\n\n<div class=\"wp-block-trk17-bansbach-theme-common-text\"><div class=\"container py-[10px] md:py-[15px] text-dark\"><div  class=\"headline headline font-bold text-h4 mb-[7px] value-headline\"><strong>Pre\u00e2mbulo<\/strong> <\/div><div class=\"text-block-content md:pb-[20px]\">\n<p>H\u00e1 mais de 50 anos que a Bansbach easylift desenvolve e produz uma vasta gama de molas a g\u00e1s. Como empresa familiar com atividade internacional, gozamos de uma excelente reputa\u00e7\u00e3o em todo o mundo, que n\u00e3o se deve apenas \u00e0 elevada qualidade dos nossos produtos ou \u00e0 nossa for\u00e7a inovadora, mas tamb\u00e9m \u00e0 forma como tratamos os nossos clientes, parceiros comerciais e colaboradores. Damos o maior valor \u00e0 integridade, honestidade, comportamento \u00e9tico e justo e ao cumprimento das leis aplic\u00e1veis. <\/p><p><\/p>\n<\/div><div class=\"flex flex-wrap\"><\/div><\/div><\/div>\n\n\n\n<div class=\"wp-block-trk17-bansbach-theme-common-text\"><div class=\"container py-[10px] md:py-[15px] text-dark\"><div  class=\"headline headline font-bold text-h4 mb-[7px] value-headline\"><strong>1. \u00e9tica empresarial<\/strong><br><strong>1.1 Informa\u00e7\u00f5es de car\u00e1cter geral<\/strong><\/div><div class=\"text-block-content md:pb-[20px]\">\n<p>Respeitamos as leis e os regulamentos dos pa\u00edses em que operamos e esperamos o mesmo dos nossos parceiros comerciais. A Bansbach easylift GmbH n\u00e3o tolera qualquer forma de corrup\u00e7\u00e3o. Isto aplica-se especialmente a subornos, conflitos de interesse, fraude, extors\u00e3o, desvio de fundos e comiss\u00f5es ilegais.  <\/p><p><\/p>\n<\/div><div class=\"flex flex-wrap\"><\/div><\/div><\/div>\n\n\n\n<div class=\"wp-block-trk17-bansbach-theme-common-text\"><div class=\"container py-[10px] md:py-[15px] text-dark\"><div  class=\"headline headline font-bold text-h4 mb-[7px] value-headline\"><strong>1.2 Direito antitrust e da concorr\u00eancia<\/strong><\/div><div class=\"text-block-content md:pb-[20px]\">\n<p>Cumpre as leis e regulamentos aplic\u00e1veis em mat\u00e9ria de concorr\u00eancia e antitrust.<\/p><p><\/p>\n<\/div><div class=\"flex flex-wrap\"><\/div><\/div><\/div>\n\n\n\n<div class=\"wp-block-trk17-bansbach-theme-common-text\"><div class=\"container py-[10px] md:py-[15px] text-dark\"><div  class=\"headline headline font-bold text-h4 mb-[7px] value-headline\"><strong>2 Direitos humanos e responsabilidade social<\/strong><br><strong>2.1 Trabalho infantil e trabalho for\u00e7ado<\/strong><\/div><div class=\"text-block-content md:pb-[20px]\">\n<p>A Bansbach easylift GmbH reconhece o direito de todas as crian\u00e7as a serem protegidas contra a explora\u00e7\u00e3o econ\u00f3mica e contra actividades que possam p\u00f4r em perigo a sua sa\u00fade f\u00edsica, mental ou ps\u00edquica, prejudicar o seu desenvolvimento moral ou social ou dificultar a sua educa\u00e7\u00e3o ou forma\u00e7\u00e3o. A Bansbach easylift GmbH n\u00e3o tolera o trabalho infantil ou qualquer forma de trabalho for\u00e7ado e exige o mesmo dos seus parceiros comerciais. <\/p><p><\/p>\n<\/div><div class=\"flex flex-wrap\"><\/div><\/div><\/div>\n\n\n\n<div class=\"wp-block-trk17-bansbach-theme-common-text\"><div class=\"container py-[10px] md:py-[15px] text-dark\"><div  class=\"headline headline font-bold text-h4 mb-[7px] value-headline\"><strong>2.3 Contratos de trabalho, hor\u00e1rio de trabalho e remunera\u00e7\u00e3o<\/strong><\/div><div class=\"text-block-content md:pb-[20px]\">\n<p>Cumprimos as leis e regulamentos locais no que respeita a contratos de trabalho e horas de trabalho, incluindo horas extraordin\u00e1rias e pagamento de horas extraordin\u00e1rias. Os sal\u00e1rios e vencimentos s\u00e3o pagos regularmente e cumprem as leis aplic\u00e1veis e as condi\u00e7\u00f5es de mercado. Os funcion\u00e1rios t\u00eam direito a pelo menos um dia de folga a cada sete dias e a feriados nacionais e locais, desde que estes sejam geralmente reconhecidos.  <\/p><p><\/p>\n<\/div><div class=\"flex flex-wrap\"><\/div><\/div><\/div>\n\n\n\n<div class=\"wp-block-trk17-bansbach-theme-common-text\"><div class=\"container py-[10px] md:py-[15px] text-dark\"><div  class=\"headline headline font-bold text-h4 mb-[7px] value-headline\"><strong>2.4 Discrimina\u00e7\u00e3o, ass\u00e9dio e diversidade<\/strong><\/div><div class=\"text-block-content md:pb-[20px]\">\n<p>Oferecemos um ambiente de trabalho em que todos os funcion\u00e1rios s\u00e3o tratados com respeito e dignidade e t\u00eam as mesmas oportunidades de desenvolvimento justo. A Bansbach easylift n\u00e3o tolera a discrimina\u00e7\u00e3o ou o ass\u00e9dio com base na ra\u00e7a, orienta\u00e7\u00e3o sexual, sexo, religi\u00e3o, idade, defici\u00eancia, convic\u00e7\u00f5es pol\u00edticas, nacionalidade ou qualquer outro fator potencialmente discriminat\u00f3rio. <\/p><p><\/p>\n<\/div><div class=\"flex flex-wrap\"><\/div><\/div><\/div>\n\n\n\n<div class=\"wp-block-trk17-bansbach-theme-common-text\"><div class=\"container py-[10px] md:py-[15px] text-dark\"><div  class=\"headline headline font-bold text-h4 mb-[7px] value-headline\"><strong>2.5 Interesses dos consumidores<\/strong><\/div><div class=\"text-block-content md:pb-[20px]\">\n<p>Cumpre os regulamentos aplic\u00e1veis em mat\u00e9ria de sa\u00fade e seguran\u00e7a.<\/p><p><\/p>\n<\/div><div class=\"flex flex-wrap\"><\/div><\/div><\/div>\n\n\n\n<div class=\"wp-block-trk17-bansbach-theme-common-text\"><div class=\"container py-[10px] md:py-[15px] text-dark\"><div  class=\"headline headline font-bold text-h4 mb-[7px] value-headline\"><strong>2.6 Aquisi\u00e7\u00e3o respons\u00e1vel de minerais<\/strong><\/div><div class=\"text-block-content md:pb-[20px]\">\n<p>Cumpre as leis e os regulamentos aplic\u00e1veis sobre a divulga\u00e7\u00e3o da utiliza\u00e7\u00e3o de minerais de conflito. As entregas \u00e0 Bansbach easylift GmbH s\u00e3o efectuadas em conformidade com as leis e regulamentos aplic\u00e1veis que regem o manuseamento de minerais de conflito. <\/p><p><\/p>\n<\/div><div class=\"flex flex-wrap\"><\/div><\/div><\/div>\n\n\n\n<div class=\"wp-block-trk17-bansbach-theme-common-text\"><div class=\"container py-[10px] md:py-[15px] text-dark\"><div  class=\"headline headline font-bold text-h4 mb-[7px] value-headline\"><strong>3 Prote\u00e7\u00e3o do ambiente<\/strong><br><strong>3.1 Prote\u00e7\u00e3o ambiental e sustentabilidade<\/strong><\/div><div class=\"text-block-content md:pb-[20px]\">\n<p>A Bansbach easylift GmbH cumpre todos os requisitos legais de prote\u00e7\u00e3o ambiental e espera o mesmo dos seus parceiros comerciais. Al\u00e9m disso, os parceiros comerciais devem possuir todas as licen\u00e7as de funcionamento necess\u00e1rias e mant\u00ea-las actualizadas. A Bansbach easylift GmbH promove o desenvolvimento e a divulga\u00e7\u00e3o de tecnologias amigas do ambiente.  <\/p><p><\/p><p><\/p>\n<\/div><div class=\"flex flex-wrap\"><\/div><\/div><\/div>\n\n\n\n<div class=\"wp-block-trk17-bansbach-theme-common-text\"><div class=\"container py-[10px] md:py-[15px] text-dark\"><div  class=\"headline headline font-bold text-h4 mb-[7px] value-headline\"><strong>4 Seguran\u00e7a no trabalho<\/strong><br><strong>4.1 Local de trabalho<\/strong><\/div><div class=\"text-block-content md:pb-[20px]\">\n<p>A Bansbach easylift GmbH compromete-se sistematicamente com condi\u00e7\u00f5es de trabalho seguras e espera o mesmo dos seus parceiros comerciais. As normas aplic\u00e1veis em mat\u00e9ria de seguran\u00e7a no trabalho, seguran\u00e7a dos edif\u00edcios, prote\u00e7\u00e3o contra inc\u00eandios e primeiros socorros s\u00e3o cumpridas. <\/p><p><\/p>\n<\/div><div class=\"flex flex-wrap\"><\/div><\/div><\/div>\n\n\n\n<div class=\"wp-block-trk17-bansbach-theme-common-text\"><div class=\"container py-[10px] md:py-[15px] text-dark\"><div class=\"text-block-content md:pb-[20px]\"><\/div><div class=\"flex flex-wrap\"><\/div><\/div><\/div>\n<\/div><\/div>\n\n\n\n<div class=\"sm:w-[calc(25%-30px)]\"><div class=\"mx-[-15px] w-[calc(100%+30px)]\"><\/div><\/div>\n<\/div><\/div>\n\n<div class=\"wp-block-trk17-bansbach-theme-common-columns\"><div class=\"container sm:flex sm:justify-between relative\">\n<div class=\"wp-block-trk17-bansbach-theme-common-download\"><div class=\"container mb-[50px] text-dark\"><\/div><\/div>\n\n\n\n<div class=\"wp-block-trk17-bansbach-theme-common-download\"><div class=\"container mb-[50px] text-dark\"><div class=\"md:flex\">\n\t\t\t\t\t<div class=\"w-full md:w-auto mb-[25px] md:mb-0 md:basis-2\/5 aspect-[3\/4]\">\n\t\t\t\t\t\t<img decoding=\"async\" src=\"https:\/\/www.bansbach.com\/wp-content\/uploads\/2023\/12\/Titelbild-1-57x80.jpg\" srcset=\"https:\/\/www.bansbach.com\/wp-content\/uploads\/2023\/12\/Titelbild-1-57x80.jpg 57w, https:\/\/www.bansbach.com\/wp-content\/uploads\/2023\/12\/Titelbild-1-129x180.jpg 129w, https:\/\/www.bansbach.com\/wp-content\/uploads\/2023\/12\/Titelbild-1-215x300.jpg 215w, https:\/\/www.bansbach.com\/wp-content\/uploads\/2023\/12\/Titelbild-1-215x300.jpg 215w, https:\/\/www.bansbach.com\/wp-content\/uploads\/2023\/12\/Titelbild-1-416x580.jpg 416w, https:\/\/www.bansbach.com\/wp-content\/uploads\/2023\/12\/Titelbild-1-480x670.jpg 480w, https:\/\/www.bansbach.com\/wp-content\/uploads\/2023\/12\/Titelbild-1-720x1005.jpg 720w, https:\/\/www.bansbach.com\/wp-content\/uploads\/2023\/12\/Titelbild-1-917x1280.jpg 917w, https:\/\/www.bansbach.com\/wp-content\/uploads\/2023\/12\/Titelbild-1-917x1280.jpg 917w, https:\/\/www.bansbach.com\/wp-content\/uploads\/2023\/12\/Titelbild-1-959x1338.jpg 959w\" sizes=\"(min-width: 1240px) 10vw, (min-width: 1024px) 20vw, 40vw\" alt=\"Titelbild f\u00fcr den Verhaltenskodex\" loading=\"lazy\" class=\"!h-full object-contain object-top\">\n\t\t\t\t\t<\/div>\n\t\t\t\t\t<div class=\"w-full md:w-auto md:basis-3\/5 pl-4 flex flex-col justify-between\">\n\t\t\t\t\t\t<div>\n\t\t\t\t\t\t\t<div class=\"font-bold mb-1\">C\u00f3digo de conduta Bansbach easylift<\/div>\n\t\t\t\t\t\t\t<div><\/div>\n\t\t\t\t\t\t<\/div>\n\t\t\t\t\t\t<div class=\"mt-[20px]\">\n\t\t\t\t\t\t\t<a class=\"btn\" data-download=\"653015189\" href=\"#\" title=\"Download\" target=\"_blank\">\n\t\t\t\t\t\t\t\tDownload\n\t\t\t\t\t\t\t<\/a>\n\t\t\t\t\t\t<\/div>\n\t\t\t\t\t<\/div>\n\t\t\t\t<\/div><\/div><\/div>\n\n\n\n<div class=\"sm:w-[calc(25%-30px)]\"><div class=\"mx-[-15px] w-[calc(100%+30px)]\"><\/div><\/div>\n<\/div><\/div>\n","protected":false},"excerpt":{"rendered":"","protected":false},"author":4,"featured_media":0,"parent":21136,"menu_order":140,"comment_status":"closed","ping_status":"closed","template":"","meta":{"_seopress_robots_primary_cat":"","_seopress_titles_title":"","_seopress_titles_desc":"","_seopress_robots_index":"","footnotes":""},"class_list":["post-21124","page","type-page","status-publish","hentry"],"_links":{"self":[{"href":"https:\/\/www.bansbach.com\/pt-pt\/wp-json\/wp\/v2\/pages\/21124","targetHints":{"allow":["GET"]}}],"collection":[{"href":"https:\/\/www.bansbach.com\/pt-pt\/wp-json\/wp\/v2\/pages"}],"about":[{"href":"https:\/\/www.bansbach.com\/pt-pt\/wp-json\/wp\/v2\/types\/page"}],"author":[{"embeddable":true,"href":"https:\/\/www.bansbach.com\/pt-pt\/wp-json\/wp\/v2\/users\/4"}],"replies":[{"embeddable":true,"href":"https:\/\/www.bansbach.com\/pt-pt\/wp-json\/wp\/v2\/comments?post=21124"}],"version-history":[{"count":4,"href":"https:\/\/www.bansbach.com\/pt-pt\/wp-json\/wp\/v2\/pages\/21124\/revisions"}],"predecessor-version":[{"id":24459,"href":"https:\/\/www.bansbach.com\/pt-pt\/wp-json\/wp\/v2\/pages\/21124\/revisions\/24459"}],"up":[{"embeddable":true,"href":"https:\/\/www.bansbach.com\/pt-pt\/wp-json\/wp\/v2\/pages\/21136"}],"wp:attachment":[{"href":"https:\/\/www.bansbach.com\/pt-pt\/wp-json\/wp\/v2\/media?parent=21124"}],"curies":[{"name":"wp","href":"https:\/\/api.w.org\/{rel}","templated":true}]}}