{"id":21131,"date":"2023-12-11T10:35:03","date_gmt":"2023-12-11T09:35:03","guid":{"rendered":"https:\/\/b37i6suw.myrdbx.io\/codigo-de-conduta-para-parceiros-de-negocios\/"},"modified":"2026-02-02T14:18:33","modified_gmt":"2026-02-02T13:18:33","slug":"codigo-de-conduta-para-parceiros-de-negocios","status":"publish","type":"page","link":"https:\/\/www.bansbach.com\/pt-pt\/a-empresa\/ambiente-e-sustentabilidade\/codigo-de-conduta-para-parceiros-de-negocios\/","title":{"rendered":"C\u00f3digo de Conduta para Parceiros de Neg\u00f3cios"},"content":{"rendered":"\n<div class=\"wp-block-trk17-bansbach-theme-common-columns\"><div class=\"container sm:flex sm:justify-between relative\">\n<div class=\"wp-block-trk17-bansbach-theme-common-download\"><div class=\"container mb-[50px] text-dark\"><\/div><\/div>\n\n\n\n<div class=\"sm:w-[calc(25%-30px)]\"><div class=\"mx-[-15px] w-[calc(100%+30px)]\"><\/div><\/div>\n\n\n\n<div class=\"sm:w-[calc(50%-30px)]\"><div class=\"mx-[-15px] w-[calc(100%+30px)]\">\n<div class=\"wp-block-trk17-bansbach-theme-common-text\"><div class=\"container py-[10px] md:py-[15px] text-dark\"><h2  class=\"md:pb-[10px] text-h5 small-headline uppercase text-blue value-smallHeadline\">C\u00f3digo de Conduta<\/h2><div  class=\"headline headline font-bold text-h2 mb-[30px] value-headline\">Bansbach easylift GmbH<\/div><div class=\"text-block-content md:pb-[20px]\"><\/div><div class=\"flex flex-wrap\"><\/div><\/div><\/div>\n\n\n\n<div class=\"wp-block-trk17-bansbach-theme-common-text\"><div class=\"container py-[10px] md:py-[15px] text-dark\"><div  class=\"headline headline font-bold text-h4 mb-[7px] value-headline\"><strong>Pre\u00e2mbulo<\/strong><\/div><div class=\"text-block-content md:pb-[20px]\">\n<p>H\u00e1 mais de 50 anos que a Bansbach easylift desenvolve e produz uma vasta gama de molas a g\u00e1s. Como empresa familiar com atividade internacional, gozamos de uma excelente reputa\u00e7\u00e3o em todo o mundo, que n\u00e3o se deve apenas \u00e0 elevada qualidade dos nossos produtos ou \u00e0 nossa for\u00e7a inovadora, mas tamb\u00e9m \u00e0 forma como tratamos os nossos clientes, parceiros comerciais e colaboradores. Damos o maior valor \u00e0 integridade, honestidade, comportamento \u00e9tico e justo e ao cumprimento das leis aplic\u00e1veis.  Temos as mesmas expectativas em rela\u00e7\u00e3o aos nossos parceiros comerciais e esperamos que eles reconhe\u00e7am a sua responsabilidade em rela\u00e7\u00e3o a este C\u00f3digo de Conduta.<\/p><p><\/p>\n<\/div><div class=\"flex flex-wrap\"><\/div><\/div><\/div>\n\n\n\n<div class=\"wp-block-trk17-bansbach-theme-common-text\"><div class=\"container py-[10px] md:py-[15px] text-dark\"><div  class=\"headline headline font-bold text-h4 mb-[7px] value-headline\"><strong>1. \u00e9tica empresarial<\/strong><br><strong>1.1 Informa\u00e7\u00f5es de car\u00e1cter geral<\/strong><\/div><div class=\"text-block-content md:pb-[20px]\">\n<p>Respeitamos as leis e os regulamentos dos pa\u00edses em que operamos e esperamos o mesmo dos nossos parceiros comerciais. A Bansbach easylift GmbH n\u00e3o tolera qualquer forma de corrup\u00e7\u00e3o. Isto aplica-se especialmente a subornos, conflitos de interesse, fraude, extors\u00e3o, desvio de fundos e comiss\u00f5es ilegais.  <\/p><p><\/p>\n<\/div><div class=\"flex flex-wrap\"><\/div><\/div><\/div>\n\n\n\n<div class=\"wp-block-trk17-bansbach-theme-common-text\"><div class=\"container py-[10px] md:py-[15px] text-dark\"><div  class=\"headline headline font-bold text-h4 mb-[7px] value-headline\"><strong>1.2 Direito antitrust e da concorr\u00eancia<\/strong><\/div><div class=\"text-block-content md:pb-[20px]\">\n<p>Cumprimos a legisla\u00e7\u00e3o e os regulamentos aplic\u00e1veis em mat\u00e9ria de concorr\u00eancia e antitrust. Em particular, n\u00e3o participamos em acordos de pre\u00e7os e de fornecimento ou em medidas de divis\u00e3o de mercados e clientes. <\/p>\n<\/div><div class=\"flex flex-wrap\"><\/div><\/div><\/div>\n\n\n\n<div class=\"wp-block-trk17-bansbach-theme-common-text\"><div class=\"container py-[10px] md:py-[15px] text-dark\"><div  class=\"headline headline font-bold text-h4 mb-[7px] value-headline\"><strong>2 Direitos humanos e responsabilidade social<\/strong><br><strong>2.1 Trabalho infantil e trabalho for\u00e7ado<\/strong><\/div><div class=\"text-block-content md:pb-[20px]\">\n<p>A Bansbach easylift GmbH reconhece o direito de todas as crian\u00e7as a serem protegidas contra a explora\u00e7\u00e3o econ\u00f3mica e contra actividades que possam p\u00f4r em perigo a sua sa\u00fade f\u00edsica, mental ou ps\u00edquica, prejudicar o seu desenvolvimento moral ou social ou dificultar a sua educa\u00e7\u00e3o ou forma\u00e7\u00e3o. A Bansbach easylift GmbH n\u00e3o tolera o trabalho infantil ou qualquer forma de trabalho for\u00e7ado e exige o mesmo dos seus parceiros comerciais. <\/p><p><\/p>\n<\/div><div class=\"flex flex-wrap\"><\/div><\/div><\/div>\n\n\n\n<div class=\"wp-block-trk17-bansbach-theme-common-text\"><div class=\"container py-[10px] md:py-[15px] text-dark\"><div  class=\"headline headline font-bold text-h4 mb-[7px] value-headline\"><strong>2.3 Contratos de trabalho, hor\u00e1rio de trabalho e remunera\u00e7\u00e3o<\/strong><\/div><div class=\"text-block-content md:pb-[20px]\">\n<p>Cumprimos as leis e regulamentos locais no que respeita a contratos de trabalho e horas de trabalho, incluindo horas extraordin\u00e1rias e pagamento de horas extraordin\u00e1rias. Os sal\u00e1rios e vencimentos s\u00e3o pagos regularmente e cumprem as leis aplic\u00e1veis e as condi\u00e7\u00f5es de mercado. Os funcion\u00e1rios t\u00eam direito a pelo menos um dia de folga a cada sete dias e a feriados nacionais e locais, desde que estes sejam geralmente reconhecidos.  <\/p><p><\/p>\n<\/div><div class=\"flex flex-wrap\"><\/div><\/div><\/div>\n\n\n\n<div class=\"wp-block-trk17-bansbach-theme-common-text\"><div class=\"container py-[10px] md:py-[15px] text-dark\"><div  class=\"headline headline font-bold text-h4 mb-[7px] value-headline\"><strong>2.4 Discrimina\u00e7\u00e3o, ass\u00e9dio e diversidade<\/strong><\/div><div class=\"text-block-content md:pb-[20px]\">\n<p>Esperamos que os nossos parceiros comerciais proporcionem um ambiente de trabalho no qual todos os colaboradores sejam tratados com respeito e dignidade e tenham as mesmas oportunidades de desenvolvimento justo. A Bansbach easylift GmbH n\u00e3o tolera qualquer tipo de discrimina\u00e7\u00e3o ou ass\u00e9dio por parte dos seus parceiros comerciais com base na ra\u00e7a, orienta\u00e7\u00e3o sexual, sexo, religi\u00e3o, idade, defici\u00eancia, convic\u00e7\u00f5es pol\u00edticas, nacionalidade ou outros factores potencialmente discriminat\u00f3rios. <\/p><p><\/p>\n<\/div><div class=\"flex flex-wrap\"><\/div><\/div><\/div>\n\n\n\n<div class=\"wp-block-trk17-bansbach-theme-common-text\"><div class=\"container py-[10px] md:py-[15px] text-dark\"><div  class=\"headline headline font-bold text-h4 mb-[7px] value-headline\"><strong>2.5 Interesses dos consumidores<\/strong><\/div><div class=\"text-block-content md:pb-[20px]\">\n<p>Exigimos que os nossos produtos e servi\u00e7os cumpram os regulamentos de sa\u00fade e seguran\u00e7a aplic\u00e1veis. Esta expetativa deve ser tida em conta pelos nossos parceiros comerciais quando fabricam bens ou prestam servi\u00e7os para n\u00f3s. <\/p><p><\/p>\n<\/div><div class=\"flex flex-wrap\"><\/div><\/div><\/div>\n\n\n\n<div class=\"wp-block-trk17-bansbach-theme-common-text\"><div class=\"container py-[10px] md:py-[15px] text-dark\"><div  class=\"headline headline font-bold text-h4 mb-[7px] value-headline\"><strong>2.6 Aquisi\u00e7\u00e3o respons\u00e1vel de minerais<\/strong><\/div><div class=\"text-block-content md:pb-[20px]\">\n<p>As leis e os regulamentos aplic\u00e1veis sobre a divulga\u00e7\u00e3o da utiliza\u00e7\u00e3o de minerais de conflito s\u00e3o cumpridos. Os minerais de conflito s\u00e3o minerais provenientes de \u00e1reas de alto risco que contribuem direta ou indiretamente para o financiamento de grupos armados que s\u00e3o considerados, pelo menos parcialmente, respons\u00e1veis por graves viola\u00e7\u00f5es dos direitos humanos. As entregas \u00e0 Bansbach easylift GmbH s\u00e3o efectuadas em conformidade com as leis e regulamentos aplic\u00e1veis ao manuseamento de minerais de conflito.  <\/p><p><\/p>\n<\/div><div class=\"flex flex-wrap\"><\/div><\/div><\/div>\n\n\n\n<div class=\"wp-block-trk17-bansbach-theme-common-text\"><div class=\"container py-[10px] md:py-[15px] text-dark\"><div  class=\"headline headline font-bold text-h4 mb-[7px] value-headline\"><strong>3 Prote\u00e7\u00e3o do ambiente<\/strong><br><strong>3.1 Prote\u00e7\u00e3o ambiental e sustentabilidade<\/strong><\/div><div class=\"text-block-content md:pb-[20px]\">\n<p>A Bansbach easylift GmbH cumpre todos os requisitos legais de prote\u00e7\u00e3o ambiental e espera o mesmo dos seus parceiros comerciais. Al\u00e9m disso, os parceiros comerciais devem possuir todas as licen\u00e7as de funcionamento necess\u00e1rias e mant\u00ea-las actualizadas. A Bansbach easylift GmbH promove o desenvolvimento e a divulga\u00e7\u00e3o de tecnologias amigas do ambiente.   A Bansbach easylift GmbH est\u00e1 empenhada na redu\u00e7\u00e3o cont\u00ednua das necessidades de recursos e espera o mesmo dos seus parceiros comerciais. Esperamos tamb\u00e9m a preven\u00e7\u00e3o da polui\u00e7\u00e3o ambiental, a polui\u00e7\u00e3o sonora dentro de limites aceit\u00e1veis e a melhoria da compatibilidade ambiental relacionada com produtos e processos ao longo de toda a cadeia de valor. Os produtos qu\u00edmicos e materiais perigosos devem ser devidamente rotulados e armazenados, reciclados, reutilizados ou eliminados de forma segura.<\/p><p><\/p>\n<\/div><div class=\"flex flex-wrap\"><\/div><\/div><\/div>\n\n\n\n<div class=\"wp-block-trk17-bansbach-theme-common-text\"><div class=\"container py-[10px] md:py-[15px] text-dark\"><div  class=\"headline headline font-bold text-h4 mb-[7px] value-headline\"><strong>4 Seguran\u00e7a no trabalho<\/strong><br><strong>4.1 Local de trabalho<\/strong><\/div><div class=\"text-block-content md:pb-[20px]\">\n<p>A Bansbach easylift GmbH compromete-se sistematicamente com condi\u00e7\u00f5es de trabalho seguras e espera o mesmo dos seus parceiros comerciais. Os riscos que podem levar a acidentes ou prejudicar o bem-estar e a sa\u00fade das pessoas que trabalham para a Bansbach easylift GmbH devem ser minimizados. A Bansbach easylift GmbH espera que os seus parceiros comerciais cumpram os regulamentos de seguran\u00e7a no trabalho, seguran\u00e7a de edif\u00edcios, prote\u00e7\u00e3o contra inc\u00eandios e primeiros socorros em vigor no local de trabalho do parceiro comercial.  <\/p><p><\/p>\n<\/div><div class=\"flex flex-wrap\"><\/div><\/div><\/div>\n\n\n\n<div class=\"wp-block-trk17-bansbach-theme-common-text\"><div class=\"container py-[10px] md:py-[15px] text-dark\"><div  class=\"headline headline font-bold text-h4 mb-[7px] value-headline\">4.2 Seguran\u00e7a dos edif\u00edcios e prote\u00e7\u00e3o contra inc\u00eandios<br><\/div><div class=\"text-block-content md:pb-[20px]\">\n<p>As mercadorias perigosas devem ser armazenadas de acordo com os regulamentos. As sa\u00eddas de emerg\u00eancia devem estar claramente identificadas. As sa\u00eddas devem estar desobstru\u00eddas e bem iluminadas. Todos os empregados devem ser informados sobre as precau\u00e7\u00f5es de seguran\u00e7a, tais como sa\u00eddas de emerg\u00eancia, extintores de inc\u00eandio, kits de primeiros socorros, etc. Deve ser afixado um plano de evacua\u00e7\u00e3o em cada andar.    <\/p>\n<\/div><div class=\"flex flex-wrap\"><\/div><\/div><\/div>\n\n\n\n<div class=\"wp-block-trk17-bansbach-theme-common-text\"><div class=\"container py-[10px] md:py-[15px] text-dark\"><div  class=\"headline headline font-bold text-h4 mb-[7px] value-headline\">4.3 Disposi\u00e7\u00f5es especiais para empresas externas e visitantes nas instala\u00e7\u00f5es da Bansbach easylift<br><\/div><div class=\"text-block-content md:pb-[20px]\">\n<p>Por raz\u00f5es de seguran\u00e7a, durante a sua perman\u00eancia nas instala\u00e7\u00f5es da Bansbach, devem ser observados os regulamentos actuais do Bansbach easylift para empresas externas e visitantes. Assim, o visitante compromete-se, entre outras coisas, a permanecer nas instala\u00e7\u00f5es da empresa apenas com o respetivo crach\u00e1 de visitante e a cumprir todas as normas de seguran\u00e7a no trabalho aplic\u00e1veis. O equipamento de trabalho utilizado pelo visitante (ferramentas el\u00e9ctricas, escadas, etc.) deve estar em conformidade com as normas de seguran\u00e7a aplic\u00e1veis \u00e0 sua \u00e1rea de atividade e ser devidamente mantido e inspeccionado. O equipamento de prote\u00e7\u00e3o individual necess\u00e1rio (cal\u00e7ado de seguran\u00e7a, prote\u00e7\u00e3o contra quedas, prote\u00e7\u00e3o auditiva, \u00f3culos de seguran\u00e7a, luvas de prote\u00e7\u00e3o, m\u00e1scara respirat\u00f3ria, etc.) deve ser trazido pelo visitante. Durante todos os trabalhos, a produ\u00e7\u00e3o em Bansbach continuar\u00e1 na medida do poss\u00edvel. Por isso, podem ser necess\u00e1rias medidas de seguran\u00e7a, avisos, etc. para os nossos trabalhadores. Estas medidas, ou uma poss\u00edvel paragem da produ\u00e7\u00e3o, devem ser coordenadas com o nosso funcion\u00e1rio respons\u00e1vel. Os diretores e os especialistas em seguran\u00e7a no trabalho da Bansbach est\u00e3o autorizados a emitir instru\u00e7\u00f5es relacionadas com o ambiente e a seguran\u00e7a no trabalho. A Bansbach easylift est\u00e1 autorizada a interromper o trabalho na medida adequada em caso de infra\u00e7\u00e3o a estas normas. Os custos e os atrasos da\u00ed resultantes ser\u00e3o suportados pelo empreiteiro\/visitante.<\/p>\n<\/div><div class=\"flex flex-wrap\"><\/div><\/div><\/div>\n\n\n\n<div class=\"wp-block-trk17-bansbach-theme-common-text\"><div class=\"container py-[10px] md:py-[15px] text-dark\"><div  class=\"headline headline font-bold text-h4 mb-[7px] value-headline\">Confirma\u00e7\u00e3o<br><\/div><div class=\"text-block-content md:pb-[20px]\">\n<p>A Bansbach easylift espera que o representante autorizado da tua empresa tome conhecimento do C\u00f3digo de Conduta para Parceiros Comerciais da Bansbach easylift e confirme, atrav\u00e9s da assinatura e do carimbo da empresa (se dispon\u00edvel), que compreendeu e cumprir\u00e1 o C\u00f3digo de Conduta para Parceiros Comerciais da Bansbach easylift. Na qualidade de representante autorizado da empresa, confirmo que a empresa tomou conhecimento do C\u00f3digo de Conduta para Parceiros Comerciais da Bansbach easylift GmbH e que o cumprir\u00e1. <\/p>\n<\/div><div class=\"flex flex-wrap\"><\/div><\/div><\/div>\n<\/div><\/div>\n\n\n\n<div class=\"sm:w-[calc(25%-30px)]\"><div class=\"mx-[-15px] w-[calc(100%+30px)]\"><\/div><\/div>\n<\/div><\/div>\n\n<div class=\"wp-block-trk17-bansbach-theme-common-columns\"><div class=\"container sm:flex sm:justify-between relative\">\n<div class=\"wp-block-trk17-bansbach-theme-common-download\"><div class=\"container mb-[50px] text-dark\"><\/div><\/div>\n\n\n\n<div class=\"sm:w-[calc(33.3333%-30px)]\"><div class=\"mx-[-15px] w-[calc(100%+30px)]\">\n<div class=\"wp-block-trk17-bansbach-theme-common-download\"><div class=\"container mb-[50px] text-dark\"><div class=\"md:flex\">\n\t\t\t\t\t<div class=\"w-full md:w-auto mb-[25px] md:mb-0 md:basis-2\/5 aspect-[3\/4]\">\n\t\t\t\t\t\t<img decoding=\"async\" src=\"https:\/\/www.bansbach.com\/wp-content\/uploads\/2023\/12\/hintergrund-inkl-welle-65x80.jpg\" srcset=\"https:\/\/www.bansbach.com\/wp-content\/uploads\/2023\/12\/hintergrund-inkl-welle-65x80.jpg 65w, https:\/\/www.bansbach.com\/wp-content\/uploads\/2023\/12\/hintergrund-inkl-welle-147x180.jpg 147w, https:\/\/www.bansbach.com\/wp-content\/uploads\/2023\/12\/hintergrund-inkl-welle-245x300.jpg 245w, https:\/\/www.bansbach.com\/wp-content\/uploads\/2023\/12\/hintergrund-inkl-welle-245x300.jpg 245w, https:\/\/www.bansbach.com\/wp-content\/uploads\/2023\/12\/hintergrund-inkl-welle-473x580.jpg 473w, https:\/\/www.bansbach.com\/wp-content\/uploads\/2023\/12\/hintergrund-inkl-welle-480x589.jpg 480w, https:\/\/www.bansbach.com\/wp-content\/uploads\/2023\/12\/hintergrund-inkl-welle-720x883.jpg 720w, https:\/\/www.bansbach.com\/wp-content\/uploads\/2023\/12\/hintergrund-inkl-welle-959x1177.jpg 959w, https:\/\/www.bansbach.com\/wp-content\/uploads\/2023\/12\/hintergrund-inkl-welle-1043x1280.jpg 1043w, https:\/\/www.bansbach.com\/wp-content\/uploads\/2023\/12\/hintergrund-inkl-welle-1043x1280.jpg 1043w\" sizes=\"(min-width: 1240px) 10vw, (min-width: 1024px) 20vw, 40vw\" alt=\"Titelbild\" loading=\"lazy\" class=\"!h-full object-contain object-top\">\n\t\t\t\t\t<\/div>\n\t\t\t\t\t<div class=\"w-full md:w-auto md:basis-3\/5 pl-4 flex flex-col justify-between\">\n\t\t\t\t\t\t<div>\n\t\t\t\t\t\t\t<div class=\"font-bold mb-1\">C\u00f3digo de Conduta\/Parceiros de neg\u00f3cios<\/div>\n\t\t\t\t\t\t\t<div><\/div>\n\t\t\t\t\t\t<\/div>\n\t\t\t\t\t\t<div class=\"mt-[20px]\">\n\t\t\t\t\t\t\t<a class=\"btn\" data-download=\"194615201\" href=\"#\" title=\"Download\" target=\"_blank\">\n\t\t\t\t\t\t\t\tDownload\n\t\t\t\t\t\t\t<\/a>\n\t\t\t\t\t\t<\/div>\n\t\t\t\t\t<\/div>\n\t\t\t\t<\/div><\/div><\/div>\n<\/div><\/div>\n\n\n\n<div class=\"sm:w-[calc(33.3333%-30px)]\"><div class=\"mx-[-15px] w-[calc(100%+30px)]\">\n<div class=\"wp-block-trk17-bansbach-theme-common-download\"><div class=\"container mb-[50px] text-dark\"><\/div><\/div>\n<\/div><\/div>\n<\/div><\/div>\n","protected":false},"excerpt":{"rendered":"","protected":false},"author":4,"featured_media":0,"parent":21136,"menu_order":140,"comment_status":"closed","ping_status":"closed","template":"","meta":{"_seopress_robots_primary_cat":"","_seopress_titles_title":"","_seopress_titles_desc":"","_seopress_robots_index":"","footnotes":""},"class_list":["post-21131","page","type-page","status-publish","hentry"],"_links":{"self":[{"href":"https:\/\/www.bansbach.com\/pt-pt\/wp-json\/wp\/v2\/pages\/21131","targetHints":{"allow":["GET"]}}],"collection":[{"href":"https:\/\/www.bansbach.com\/pt-pt\/wp-json\/wp\/v2\/pages"}],"about":[{"href":"https:\/\/www.bansbach.com\/pt-pt\/wp-json\/wp\/v2\/types\/page"}],"author":[{"embeddable":true,"href":"https:\/\/www.bansbach.com\/pt-pt\/wp-json\/wp\/v2\/users\/4"}],"replies":[{"embeddable":true,"href":"https:\/\/www.bansbach.com\/pt-pt\/wp-json\/wp\/v2\/comments?post=21131"}],"version-history":[{"count":3,"href":"https:\/\/www.bansbach.com\/pt-pt\/wp-json\/wp\/v2\/pages\/21131\/revisions"}],"predecessor-version":[{"id":24817,"href":"https:\/\/www.bansbach.com\/pt-pt\/wp-json\/wp\/v2\/pages\/21131\/revisions\/24817"}],"up":[{"embeddable":true,"href":"https:\/\/www.bansbach.com\/pt-pt\/wp-json\/wp\/v2\/pages\/21136"}],"wp:attachment":[{"href":"https:\/\/www.bansbach.com\/pt-pt\/wp-json\/wp\/v2\/media?parent=21131"}],"curies":[{"name":"wp","href":"https:\/\/api.w.org\/{rel}","templated":true}]}}