{"id":13830,"date":"2022-10-19T15:29:39","date_gmt":"2022-10-19T13:29:39","guid":{"rendered":"https:\/\/b37i6suw.myrdbx.io\/?page_id=13830"},"modified":"2026-02-09T12:47:52","modified_gmt":"2026-02-09T11:47:52","slug":"gottlieb-schramm-hermann-bansbach-senior","status":"publish","type":"page","link":"https:\/\/www.bansbach.com\/zh-hans\/company\/portraits\/gottlieb-schramm-hermann-bansbach-senior\/","title":{"rendered":"Gottlieb Schramm &amp; Hermann Bansbach (Senior)"},"content":{"rendered":"\n<div class=\"wp-block-trk17-bansbach-theme-common-headline\"><div class=\"container mt-[50px] md:mt-[80px] mb-[50px] text-dark text-left\"><h2 class=\"pb-[10px] text-h5 small-headline uppercase text-blue\">1919 \u2013 1954<\/h2><div class=\"headline headline text-h2 md:text-h2-40 font-bold\">Gottlieb Schramm &amp; Hermann Bansbach (Senior)<\/div><\/div><\/div>\n\n<div class=\"wp-block-trk17-bansbach-theme-common-columns\"><div class=\"container sm:flex sm:justify-between relative\">\n<div class=\"sm:w-[calc(25%-30px)]\"><div class=\"mx-[-15px] w-[calc(100%+30px)]\">\n<div class=\"wp-block-trk17-bansbach-theme-common-image-text\"><div class=\"relative z-[1] overflow-hidden mb-[50px] md:mb-[100px]\"><div class=\"container text-dark \"><div class=\"inline-block align-middle w-full \"><img decoding=\"async\" src=\"https:\/\/www.bansbach.com\/wp-content\/uploads\/2022\/08\/portrait-hermann-bansbach-senior-junior-60x80.jpg\" srcset=\"https:\/\/www.bansbach.com\/wp-content\/uploads\/2022\/08\/portrait-hermann-bansbach-senior-junior-60x80.jpg 60w, https:\/\/www.bansbach.com\/wp-content\/uploads\/2022\/08\/portrait-hermann-bansbach-senior-junior-135x180.jpg 135w, https:\/\/www.bansbach.com\/wp-content\/uploads\/2022\/08\/portrait-hermann-bansbach-senior-junior-225x300.jpg 225w, https:\/\/www.bansbach.com\/wp-content\/uploads\/2022\/08\/portrait-hermann-bansbach-senior-junior-225x300.jpg 225w, https:\/\/www.bansbach.com\/wp-content\/uploads\/2022\/08\/portrait-hermann-bansbach-senior-junior-435x580.jpg 435w, https:\/\/www.bansbach.com\/wp-content\/uploads\/2022\/08\/portrait-hermann-bansbach-senior-junior-480x640.jpg 480w, https:\/\/www.bansbach.com\/wp-content\/uploads\/2022\/08\/portrait-hermann-bansbach-senior-junior-600x800.jpg 600w, https:\/\/www.bansbach.com\/wp-content\/uploads\/2022\/08\/portrait-hermann-bansbach-senior-junior-600x800.jpg 600w, https:\/\/www.bansbach.com\/wp-content\/uploads\/2022\/08\/portrait-hermann-bansbach-senior-junior-600x800.jpg 600w, https:\/\/www.bansbach.com\/wp-content\/uploads\/2022\/08\/portrait-hermann-bansbach-senior-junior-600x800.jpg 600w\" sizes=\"95vw\" alt=\"Portrait von Hermann Bansbach Senior und Junior.\" loading=\"lazy\"><\/div><\/div><\/div><\/div>\n<\/div><\/div>\n\n\n\n<div class=\"sm:w-[calc(75%-30px)]\"><div class=\"mx-[-15px] w-[calc(100%+30px)]\">\n<div class=\"wp-block-trk17-bansbach-theme-common-text\"><div class=\"container py-[10px] md:py-[15px] text-dark\"><div class=\"text-block-content md:pb-[20px]\">\n<p>Hermann Bansbach (sen.) und sein Schwiegervater Gottlieb Schramm gr\u00fcndeten 1919 in Bad Cannstatt mit \u201eSchramm und Bansbach Apparatebau\u201c ein echtes Familienunternehmen: Zu dieser schwierigen Zeit sicherlich ein gro\u00dfes Abenteuer und Wagnis. F\u00fcr die Gr\u00fcndergeneration galt es in den Anfangsjahren, vor allem zu \u00fcberleben und das Fortbestehen der noch jungen Firma zu sichern. Durch Erfindergeist und Flexibilit\u00e4t der beiden Gr\u00fcnder konnten sowohl die Weltwirtschaftskrisen w\u00e4hrend der Weimarer Republik als auch der Zweite Weltkrieg \u00fcberstanden werden.<\/p><p>Das Produktspektrum wurde dabei von Gottlieb Schramm und Hermann Bansbach (sen.) immer den Anforderungen des Marktes angepasst. Man produzierte, was gefragt war. Der Einstieg in die Produktion der Mengendrehteile war dabei schon die Grundlage f\u00fcr die sp\u00e4tere Produktion der Bansbach-Gasfeder, auch wenn das zu jenem Zeitpunkt die Gr\u00fcnder nat\u00fcrlich noch nicht ahnen konnten. So \u00fcbergab Hermann Bansbach (sen.) 1954, als es gesundheitlich f\u00fcr ihn nicht mehr m\u00f6glich war, das Unternehmen weiterzuf\u00fchren, seinem Sohn Hermann Bansbach (jun.) eine stabile Basis, auf die dieser erfolgreich aufbauen sollte.<\/p>\n<\/div><div class=\"flex flex-wrap\"><a  class=\"w-full md:w-auto btn value-buttonTitle1\" href=\"\/unternehmen\/portraits\/\" title=\"Zur\u00fcck zur \u00dcbersicht\" rel=\"noopener\">Zur\u00fcck zur \u00dcbersicht<\/a><\/div><\/div><\/div>\n<\/div><\/div>\n<\/div><\/div>\n","protected":false},"excerpt":{"rendered":"","protected":false},"author":4,"featured_media":0,"parent":13828,"menu_order":10,"comment_status":"closed","ping_status":"closed","template":"","meta":{"_seopress_robots_primary_cat":"","_seopress_titles_title":"","_seopress_titles_desc":"","_seopress_robots_index":"","footnotes":""},"class_list":["post-13830","page","type-page","status-publish","hentry"],"_links":{"self":[{"href":"https:\/\/www.bansbach.com\/zh-hans\/wp-json\/wp\/v2\/pages\/13830","targetHints":{"allow":["GET"]}}],"collection":[{"href":"https:\/\/www.bansbach.com\/zh-hans\/wp-json\/wp\/v2\/pages"}],"about":[{"href":"https:\/\/www.bansbach.com\/zh-hans\/wp-json\/wp\/v2\/types\/page"}],"author":[{"embeddable":true,"href":"https:\/\/www.bansbach.com\/zh-hans\/wp-json\/wp\/v2\/users\/4"}],"replies":[{"embeddable":true,"href":"https:\/\/www.bansbach.com\/zh-hans\/wp-json\/wp\/v2\/comments?post=13830"}],"version-history":[{"count":6,"href":"https:\/\/www.bansbach.com\/zh-hans\/wp-json\/wp\/v2\/pages\/13830\/revisions"}],"predecessor-version":[{"id":25282,"href":"https:\/\/www.bansbach.com\/zh-hans\/wp-json\/wp\/v2\/pages\/13830\/revisions\/25282"}],"up":[{"embeddable":true,"href":"https:\/\/www.bansbach.com\/zh-hans\/wp-json\/wp\/v2\/pages\/13828"}],"wp:attachment":[{"href":"https:\/\/www.bansbach.com\/zh-hans\/wp-json\/wp\/v2\/media?parent=13830"}],"curies":[{"name":"wp","href":"https:\/\/api.w.org\/{rel}","templated":true}]}}