{"id":13834,"date":"2022-10-19T15:25:02","date_gmt":"2022-10-19T13:25:02","guid":{"rendered":"https:\/\/b37i6suw.myrdbx.io\/?page_id=13834"},"modified":"2026-02-09T12:47:52","modified_gmt":"2026-02-09T11:47:52","slug":"annamarie-bansbach","status":"publish","type":"page","link":"https:\/\/www.bansbach.com\/zh-hans\/company\/portraits\/annamarie-bansbach\/","title":{"rendered":"Annamarie Bansbach"},"content":{"rendered":"\n<div class=\"wp-block-trk17-bansbach-theme-common-headline\"><div class=\"container mt-[50px] md:mt-[80px] mb-[50px] text-dark text-left\"><h2 class=\"pb-[10px] text-h5 small-headline uppercase text-blue\">1954 \u2013 1994<\/h2><div class=\"headline headline text-h2 md:text-h2-40 font-bold\">Annemarie Bansbach<\/div><\/div><\/div>\n\n<div class=\"wp-block-trk17-bansbach-theme-common-columns\"><div class=\"container sm:flex sm:justify-between relative\">\n<div class=\"sm:w-[calc(25%-30px)]\"><div class=\"mx-[-15px] w-[calc(100%+30px)]\">\n<div class=\"wp-block-trk17-bansbach-theme-common-image-text\"><div class=\"relative z-[1] overflow-hidden mb-[50px] md:mb-[100px]\"><div class=\"container text-dark \"><div class=\"inline-block align-middle w-full \"><img decoding=\"async\" src=\"https:\/\/www.bansbach.com\/wp-content\/uploads\/2022\/08\/portrait-annemarie-bansbach-60x80.jpg\" srcset=\"https:\/\/www.bansbach.com\/wp-content\/uploads\/2022\/08\/portrait-annemarie-bansbach-60x80.jpg 60w, https:\/\/www.bansbach.com\/wp-content\/uploads\/2022\/08\/portrait-annemarie-bansbach-135x180.jpg 135w, https:\/\/www.bansbach.com\/wp-content\/uploads\/2022\/08\/portrait-annemarie-bansbach-225x300.jpg 225w, https:\/\/www.bansbach.com\/wp-content\/uploads\/2022\/08\/portrait-annemarie-bansbach-225x300.jpg 225w, https:\/\/www.bansbach.com\/wp-content\/uploads\/2022\/08\/portrait-annemarie-bansbach-435x580.jpg 435w, https:\/\/www.bansbach.com\/wp-content\/uploads\/2022\/08\/portrait-annemarie-bansbach-480x640.jpg 480w, https:\/\/www.bansbach.com\/wp-content\/uploads\/2022\/08\/portrait-annemarie-bansbach-600x800.jpg 600w, https:\/\/www.bansbach.com\/wp-content\/uploads\/2022\/08\/portrait-annemarie-bansbach-600x800.jpg 600w, https:\/\/www.bansbach.com\/wp-content\/uploads\/2022\/08\/portrait-annemarie-bansbach-600x800.jpg 600w, https:\/\/www.bansbach.com\/wp-content\/uploads\/2022\/08\/portrait-annemarie-bansbach-600x800.jpg 600w\" sizes=\"95vw\" alt=\"Portrait von Annemarie Bansbach.\" loading=\"lazy\"><\/div><\/div><\/div><\/div>\n<\/div><\/div>\n\n\n\n<div class=\"sm:w-[calc(75%-30px)]\"><div class=\"mx-[-15px] w-[calc(100%+30px)]\">\n<div class=\"wp-block-trk17-bansbach-theme-common-text\"><div class=\"container py-[10px] md:py-[15px] text-dark\"><div class=\"text-block-content md:pb-[20px]\">\n<p>Annemarie Bansbach wurde in Stuttgart geboren und wuchs als Unternehmerstochter auf. Schon als Kind war Sie in das elterliche Unternehmen Drohmann involviert, welches heute als Schwesterunternehmen zur familiengef\u00fchrten Bansbach-Gruppe geh\u00f6rt. Sie wusste also, was es hei\u00dft, ein Unternehmen zu f\u00fchren und welcher Anstrengungen und Entbehrungen es bedarf. Gerade auch deshalb unterst\u00fctze sie ihren Mann Hermann Bansbach (jun.) immer nach Kr\u00e4ften. Dar\u00fcber hinaus ist es ihr zu verdanken, dass der Betrieb heute seinen Stammsitz in Lorch hat.<br\/><\/p><p>Im Betrieb war sie die rechte Hand ihres Mannes. Sie k\u00fcmmerte sich um Buchhaltung, L\u00f6hne und Geh\u00e4lter und war auch sonst immer ein verl\u00e4sslicher Ansprechpartner f\u00fcr die Mitarbeiter. Vor allem aber hielt sie ihrem Mann stets den R\u00fccken frei und war f\u00fcr ihre drei T\u00f6chter eine f\u00fcrsorgliche Mutter. Bis zum heutigen Tage verfolgt Annemarie Bansbach die Geschicke des Unternehmens noch mit gro\u00dfem Interesse und gibt ihren unternehmerischen Erfahrungsschatz bei Bedarf gerne weiter. Vor allem f\u00fcr Anna Bansbach, heute Gesch\u00e4ftsf\u00fchrerin in 4. Generation bei Bansbach, bedeutet dies einen sehr wichtigen Erfahrungsaustausch.<\/p>\n<\/div><div class=\"flex flex-wrap\"><a  class=\"w-full md:w-auto btn value-buttonTitle1\" href=\"\/unternehmen\/portraits\/\" title=\"Zur\u00fcck zur \u00fcbersicht\" rel=\"noopener\">Zur\u00fcck zur \u00fcbersicht<\/a><\/div><\/div><\/div>\n<\/div><\/div>\n<\/div><\/div>\n","protected":false},"excerpt":{"rendered":"","protected":false},"author":4,"featured_media":0,"parent":13828,"menu_order":30,"comment_status":"closed","ping_status":"closed","template":"","meta":{"_seopress_robots_primary_cat":"","_seopress_titles_title":"","_seopress_titles_desc":"","_seopress_robots_index":"","footnotes":""},"class_list":["post-13834","page","type-page","status-publish","hentry"],"_links":{"self":[{"href":"https:\/\/www.bansbach.com\/zh-hans\/wp-json\/wp\/v2\/pages\/13834","targetHints":{"allow":["GET"]}}],"collection":[{"href":"https:\/\/www.bansbach.com\/zh-hans\/wp-json\/wp\/v2\/pages"}],"about":[{"href":"https:\/\/www.bansbach.com\/zh-hans\/wp-json\/wp\/v2\/types\/page"}],"author":[{"embeddable":true,"href":"https:\/\/www.bansbach.com\/zh-hans\/wp-json\/wp\/v2\/users\/4"}],"replies":[{"embeddable":true,"href":"https:\/\/www.bansbach.com\/zh-hans\/wp-json\/wp\/v2\/comments?post=13834"}],"version-history":[{"count":6,"href":"https:\/\/www.bansbach.com\/zh-hans\/wp-json\/wp\/v2\/pages\/13834\/revisions"}],"predecessor-version":[{"id":25284,"href":"https:\/\/www.bansbach.com\/zh-hans\/wp-json\/wp\/v2\/pages\/13834\/revisions\/25284"}],"up":[{"embeddable":true,"href":"https:\/\/www.bansbach.com\/zh-hans\/wp-json\/wp\/v2\/pages\/13828"}],"wp:attachment":[{"href":"https:\/\/www.bansbach.com\/zh-hans\/wp-json\/wp\/v2\/media?parent=13834"}],"curies":[{"name":"wp","href":"https:\/\/api.w.org\/{rel}","templated":true}]}}