{"id":13838,"date":"2022-10-19T15:14:56","date_gmt":"2022-10-19T13:14:56","guid":{"rendered":"https:\/\/b37i6suw.myrdbx.io\/?page_id=13838"},"modified":"2026-02-09T12:47:53","modified_gmt":"2026-02-09T11:47:53","slug":"silke-bansbach","status":"publish","type":"page","link":"https:\/\/www.bansbach.com\/zh-hans\/company\/portraits\/silke-bansbach\/","title":{"rendered":"Silke Bansbach"},"content":{"rendered":"\n<div class=\"wp-block-trk17-bansbach-theme-common-headline\"><div class=\"container mt-[50px] md:mt-[80px] mb-[50px] text-dark text-left\"><h2 class=\"pb-[10px] text-h5 small-headline uppercase text-blue\">1984 bis jetzt<\/h2><div class=\"headline headline text-h2 md:text-h2-40 font-bold\">Silke Bansbach<\/div><\/div><\/div>\n\n<div class=\"wp-block-trk17-bansbach-theme-common-columns\"><div class=\"container sm:flex sm:justify-between relative\">\n<div class=\"sm:w-[calc(25%-30px)]\"><div class=\"mx-[-15px] w-[calc(100%+30px)]\">\n<div class=\"wp-block-trk17-bansbach-theme-common-image-text\"><div class=\"relative z-[1] overflow-hidden mb-[50px] md:mb-[100px]\"><div class=\"container text-dark \"><div class=\"inline-block align-middle w-full \"><img decoding=\"async\" src=\"https:\/\/www.bansbach.com\/wp-content\/uploads\/2022\/08\/portrait-silke-bansbach-60x80.jpg\" srcset=\"https:\/\/www.bansbach.com\/wp-content\/uploads\/2022\/08\/portrait-silke-bansbach-60x80.jpg 60w, https:\/\/www.bansbach.com\/wp-content\/uploads\/2022\/08\/portrait-silke-bansbach-135x180.jpg 135w, https:\/\/www.bansbach.com\/wp-content\/uploads\/2022\/08\/portrait-silke-bansbach-225x300.jpg 225w, https:\/\/www.bansbach.com\/wp-content\/uploads\/2022\/08\/portrait-silke-bansbach-225x300.jpg 225w, https:\/\/www.bansbach.com\/wp-content\/uploads\/2022\/08\/portrait-silke-bansbach-435x580.jpg 435w, https:\/\/www.bansbach.com\/wp-content\/uploads\/2022\/08\/portrait-silke-bansbach-480x640.jpg 480w, https:\/\/www.bansbach.com\/wp-content\/uploads\/2022\/08\/portrait-silke-bansbach-600x800.jpg 600w, https:\/\/www.bansbach.com\/wp-content\/uploads\/2022\/08\/portrait-silke-bansbach-600x800.jpg 600w, https:\/\/www.bansbach.com\/wp-content\/uploads\/2022\/08\/portrait-silke-bansbach-600x800.jpg 600w, https:\/\/www.bansbach.com\/wp-content\/uploads\/2022\/08\/portrait-silke-bansbach-600x800.jpg 600w\" sizes=\"95vw\" alt=\"Portrait von Silke Bansbach.\" loading=\"lazy\"><\/div><\/div><\/div><\/div>\n<\/div><\/div>\n\n\n\n<div class=\"sm:w-[calc(75%-30px)]\"><div class=\"mx-[-15px] w-[calc(100%+30px)]\">\n<div class=\"wp-block-trk17-bansbach-theme-common-text\"><div class=\"container py-[10px] md:py-[15px] text-dark\"><div class=\"text-block-content md:pb-[20px]\">\n<p>Die Geschichte von Bansbach easylift ist untrennbar mit Silke Bansbach verbunden. In Stuttgart geboren, wuchs Silke Bansbach als Tochter von Annemarie und Hermann Bansbach (jun.) quasi im Unternehmen auf und war von Anfang an in vielen Bereichen mit dabei: seien es gemeinsame Messebesuche mit Ihren Eltern oder Kundenveranstaltungen, denen sie schon immer beiwohnte. Sie erfuhr also schon von Kindesbeinen an, was es bedeutet, ein Unternehmen zu f\u00fchren. War das Unternehmen in den Anfangsjahren noch \u201eSpielplatz\u201c f\u00fcr Silke Bansbach, so sollte sie sehr fr\u00fch Verantwortung \u00fcbernehmen. Anfangs unterstanden ihr die Bereiche Buchhaltung und Lohnabrechnung.<\/p><p>1994 \u00fcbernahm sie, zusammen mit ihrem Ehemann Edgar Hahn-Bansbach, das Unternehmen als Gesellschafterin und pr\u00e4gte es nachhaltig und sehr erfolgreich. So galt es f\u00fcr sie, wie einst bei ihrer Mutter Annemarie, Familie und Unternehmen unter einen Hut zu bekommen. Familie und Unternehmen waren und sind f\u00fcr sie untrennbar. Die f\u00fcrsorgliche Mutter der drei T\u00f6chter Anna, Franzisca und Caterina, h\u00e4lt Ihrem Mann, der als Gesch\u00e4ftsf\u00fchrer, zusammen mit Tochter Anna Bansbach, das Unternehmen steuert, stets den R\u00fccken frei und ist an allen wichtigen Entscheidungen des Unternehmens ma\u00dfgeblich beteiligt.<\/p>\n<\/div><div class=\"flex flex-wrap\"><a  class=\"w-full md:w-auto btn value-buttonTitle1\" href=\"\/unternehmen\/portraits\/\" title=\"Zur\u00fcck zur \u00dcbersicht\" rel=\"noopener\">Zur\u00fcck zur \u00dcbersicht<\/a><\/div><\/div><\/div>\n<\/div><\/div>\n<\/div><\/div>\n","protected":false},"excerpt":{"rendered":"","protected":false},"author":4,"featured_media":0,"parent":13828,"menu_order":50,"comment_status":"closed","ping_status":"closed","template":"","meta":{"_seopress_robots_primary_cat":"","_seopress_titles_title":"","_seopress_titles_desc":"","_seopress_robots_index":"","footnotes":""},"class_list":["post-13838","page","type-page","status-publish","hentry"],"_links":{"self":[{"href":"https:\/\/www.bansbach.com\/zh-hans\/wp-json\/wp\/v2\/pages\/13838","targetHints":{"allow":["GET"]}}],"collection":[{"href":"https:\/\/www.bansbach.com\/zh-hans\/wp-json\/wp\/v2\/pages"}],"about":[{"href":"https:\/\/www.bansbach.com\/zh-hans\/wp-json\/wp\/v2\/types\/page"}],"author":[{"embeddable":true,"href":"https:\/\/www.bansbach.com\/zh-hans\/wp-json\/wp\/v2\/users\/4"}],"replies":[{"embeddable":true,"href":"https:\/\/www.bansbach.com\/zh-hans\/wp-json\/wp\/v2\/comments?post=13838"}],"version-history":[{"count":7,"href":"https:\/\/www.bansbach.com\/zh-hans\/wp-json\/wp\/v2\/pages\/13838\/revisions"}],"predecessor-version":[{"id":25286,"href":"https:\/\/www.bansbach.com\/zh-hans\/wp-json\/wp\/v2\/pages\/13838\/revisions\/25286"}],"up":[{"embeddable":true,"href":"https:\/\/www.bansbach.com\/zh-hans\/wp-json\/wp\/v2\/pages\/13828"}],"wp:attachment":[{"href":"https:\/\/www.bansbach.com\/zh-hans\/wp-json\/wp\/v2\/media?parent=13838"}],"curies":[{"name":"wp","href":"https:\/\/api.w.org\/{rel}","templated":true}]}}